{"id":10864,"date":"2022-03-23T12:14:58","date_gmt":"2022-03-23T10:14:58","guid":{"rendered":"https:\/\/www.altum.lv\/documents\/"},"modified":"2025-12-29T14:10:52","modified_gmt":"2025-12-29T12:10:52","slug":"documents","status":"publish","type":"page","link":"https:\/\/www.altum.lv\/en\/documents\/","title":{"rendered":"Documents"},"content":{"rendered":"\t\t<div data-elementor-type=\"wp-page\" data-elementor-id=\"10864\" class=\"elementor elementor-10864 elementor-503\">\n\t\t\t\t\t\t<section class=\"elementor-section elementor-top-section altum__default elementor-element elementor-element-9be32db elementor-section-full_width elementor-section-height-default elementor-section-height-default\" data-id=\"9be32db\" data-element_type=\"section\" data-e-type=\"section\">\n\t\t\t\t\t\t<div class=\"elementor-container elementor-column-gap-default\">\n\t\t\t\t\t<div class=\"elementor-column elementor-col-100 elementor-top-column elementor-element elementor-element-6159a08\" data-id=\"6159a08\" data-element_type=\"column\" data-e-type=\"column\">\n\t\t\t<div class=\"elementor-widget-wrap elementor-element-populated\">\n\t\t\t\t\t\t<div class=\"elementor-element elementor-element-e4d1cfa elementor-widget elementor-widget-altum-documents-header\" data-id=\"e4d1cfa\" data-element_type=\"widget\" data-e-type=\"widget\" data-widget_type=\"altum-documents-header.default\">\n\t\t\t\t<div class=\"elementor-widget-container\">\n\t\t\t\t\t\n            <section class=\"topBanner altum__documentsHeader topBanner-pb-0\" style=\"background-image: url(https:\/\/www.altum.lv\/wp-content\/uploads\/2025\/05\/Dokumenti-2.png);\">\n                <div class=\"container\">\n                    <div class=\"topBanner__breadcrumbs\"><a href=\"https:\/\/www.altum.lv\" class=\"topBannerBreadcrumb__link\">Altum<\/a><span class=\"topBannerBreadcrumb__indent\">-<\/span><\/div>\n                    <h1 class=\"topBanner__title mt-130\">Documents<\/h1>\n                    <div class=\"mainSearch__wrap topBanner__search\">\n                        <form action=\"\/en\/\" method=\"GET\">\n                            <div class=\"searchBlock\">\n                                <button type=\"submit\" class=\"searchBlock__btn\">\n                                    <svg xmlns=\"http:\/\/www.w3.org\/2000\/svg\" width=\"26\" height=\"26\" viewBox=\"0 0 26 26\" fill=\"none\" class=\"searchBlock__btn-img replaced-svg\">\n                                        <path d=\"M25.3606 22.3049L18.618 15.5607C19.9618 13.4616 20.483 10.9399 20.0814 8.4799C19.6798 6.0199 18.3837 3.79503 16.442 2.23259C14.5004 0.670152 12.0501 -0.119703 9.5617 0.0147216C7.07332 0.149146 4.72232 1.19837 2.96021 2.96089C1.19809 4.72342 0.149111 7.07496 0.0147182 9.56392C-0.119675 12.0529 0.669996 14.5037 2.23207 16.4458C3.79415 18.3879 6.0185 19.6843 8.47793 20.086C10.9374 20.4878 13.4585 19.9665 15.5571 18.6223L22.2997 25.3665C22.7058 25.7721 23.2562 26 23.8301 26C24.4041 26 24.9545 25.7721 25.3606 25.3665C25.5631 25.1663 25.724 24.928 25.8337 24.6652C25.9435 24.4024 26 24.1205 26 23.8357C26 23.5509 25.9435 23.2689 25.8337 23.0062C25.724 22.7434 25.5631 22.505 25.3606 22.3049ZM2.89475 10.1162C2.89475 8.68806 3.31814 7.292 4.11138 6.10455C4.90463 4.9171 6.0321 3.99159 7.35122 3.44507C8.67034 2.89854 10.1219 2.75555 11.5222 3.03416C12.9226 3.31278 14.2089 4.00049 15.2185 5.01034C16.2281 6.02018 16.9157 7.3068 17.1942 8.70749C17.4728 10.1082 17.3298 11.56 16.7834 12.8795C16.237 14.1989 15.3117 15.3266 14.1246 16.1201C12.9374 16.9135 11.5417 17.337 10.1138 17.337C8.19922 17.337 6.36302 16.5762 5.00917 15.2221C3.65533 13.8679 2.89475 12.0313 2.89475 10.1162Z\" fill=\"#00B3C9\"><\/path>\n                                    <\/svg>\n                                <\/button>\n                                <input type=\"text\" class=\"searchBlock__input\" name=\"s\" placeholder=\"The name of the document\">\n\t\t\t\t\t\t\t\t<input type=\"hidden\" name=\"type\" value=\"documents\">\n                            <\/div>\n                        <\/form>\n                    <\/div>\n                    <div class=\"mobileScroll\">\n                        <div class=\"famWithChildTop__btnWrap famWithChildTop__topBanner\">\n                            <a href=\"javascript:;\" class=\"famWithChildTop__btn famWithChildTop__btn-active\" data-id=\"0\">All<\/a>\n                            <a href=\"javascript:;\" data-id=\"40\" class=\"famWithChildTop__btn\">Enterprises<\/a><a href=\"javascript:;\" data-id=\"41\" class=\"famWithChildTop__btn\">Individuals<\/a><a href=\"javascript:;\" data-id=\"42\" class=\"famWithChildTop__btn\">Rural Enterprises<\/a>\n                        <\/div>\n                    <\/div>\n                <\/div>\n            <\/section>\n        \t\t\t\t<\/div>\n\t\t\t\t<\/div>\n\t\t\t\t\t<\/div>\n\t\t<\/div>\n\t\t\t\t\t<\/div>\n\t\t<\/section>\n\t\t\t\t<section class=\"elementor-section elementor-top-section altum__default elementor-element elementor-element-4155da6 elementor-section-boxed elementor-section-height-default elementor-section-height-default\" data-id=\"4155da6\" data-element_type=\"section\" data-e-type=\"section\">\n\t\t\t\t\t\t<div class=\"elementor-container elementor-column-gap-default\">\n\t\t\t\t\t<div class=\"elementor-column elementor-col-100 elementor-top-column elementor-element elementor-element-73daaef\" data-id=\"73daaef\" data-element_type=\"column\" data-e-type=\"column\">\n\t\t\t<div class=\"elementor-widget-wrap elementor-element-populated\">\n\t\t\t\t\t\t<div class=\"elementor-element elementor-element-a818944 elementor-widget elementor-widget-altum-documents\" data-id=\"a818944\" data-element_type=\"widget\" data-e-type=\"widget\" data-widget_type=\"altum-documents.default\">\n\t\t\t\t<div class=\"elementor-widget-container\">\n\t\t\t\t\t\n            <section class=\"dokumenti\">\n                <div class=\"container\">\n                    <div class=\"dokumenti__wrap\">\n                        <div class=\"news__categories\">\n                            <a href=\"javascript:;\" data-id=\"261\" class=\"newsCategories__link\">#AtbalstsBiznesam<\/a><a href=\"javascript:;\" data-id=\"234\" class=\"newsCategories__link\">Enterprises<\/a>\n                        <\/div>\n                        <div class=\"dokumenti__content\">\n                            <div class=\"dokumenti__blue\">\n                                <p class=\"dokumentiBlue__p\">\n                                    You must use Adobe Reader (install) to fill out PDF forms. Other PDF viewing applications will not work. Additional explanations for opening .pdf are available <a href=\"https:\/\/www.altum.lv\/par-altum\/paligmaterials-pdf-atversanai\/\" target=\"_blank\">here<\/a>\n                                <\/p>\n                            <\/div>\n                            <h3 class=\"dokumenti__h3\">\n                                The application for receiving the guarantee is prepared and submitted to ALTUM by the bank. Annex documents prepared by the borrower must be attached to the application.\n                            <\/h3>\n\t\t\t\t\t\t\t<div class=\"dokumenti__textLower\">\n\t\t\t\t\t\t\t\t\n\t\t\t\t\t\t\t<\/div>\n                            <div class=\"altum__dokumenti\">\n                                <div class=\"dokumenti__pdfWrap\">\n                                    \n                    <a href=\"https:\/\/www.altum.lv\/wp-content\/uploads\/2025\/04\/2024_ar_lv_eur_00_ias_esef.zip\" target=\"_blank\" class=\"dokumentiPdf__link\">\n                        <div class=\"dokumentiPdf__icon\">\n                            PDF\n                        <\/div>\n                        <p class=\"dokumentiPdf__p\"><\/p>\n                        <div class=\"dokumentiPdf__iconWrap\">\n                            <svg width=\"20\" height=\"23\" fill=\"none\" xmlns=\"http:\/\/www.w3.org\/2000\/svg\"><path d=\"M10 1v16M1 22h18M6 13.5l4 4 4-4\" stroke=\"#000\" stroke-width=\"2\" stroke-linecap=\"round\" stroke-linejoin=\"round\"\/><\/svg>\n                        <\/div>\n                    <\/a>\n                \n                    <a href=\"https:\/\/www.altum.lv\/wp-content\/uploads\/2022\/05\/altum_annual_report_2015_eng_7e5a8.pdf\" target=\"_blank\" class=\"dokumentiPdf__link\">\n                        <div class=\"dokumentiPdf__icon\">\n                            PDF\n                        <\/div>\n                        <p class=\"dokumentiPdf__p\">2015 Annual Report<\/p>\n                        <div class=\"dokumentiPdf__iconWrap\">\n                            <svg width=\"20\" height=\"23\" fill=\"none\" xmlns=\"http:\/\/www.w3.org\/2000\/svg\"><path d=\"M10 1v16M1 22h18M6 13.5l4 4 4-4\" stroke=\"#000\" stroke-width=\"2\" stroke-linecap=\"round\" stroke-linejoin=\"round\"\/><\/svg>\n                        <\/div>\n                    <\/a>\n                \n                    <a href=\"https:\/\/www.altum.lv\/wp-content\/uploads\/2025\/04\/Altum_CorporateGovernanceReport_2024_ENG.pdf\" target=\"_blank\" class=\"dokumentiPdf__link\">\n                        <div class=\"dokumentiPdf__icon\">\n                            PDF\n                        <\/div>\n                        <p class=\"dokumentiPdf__p\">ALTUM Corporate Governance Report 2024<\/p>\n                        <div class=\"dokumentiPdf__iconWrap\">\n                            <svg width=\"20\" height=\"23\" fill=\"none\" xmlns=\"http:\/\/www.w3.org\/2000\/svg\"><path d=\"M10 1v16M1 22h18M6 13.5l4 4 4-4\" stroke=\"#000\" stroke-width=\"2\" stroke-linecap=\"round\" stroke-linejoin=\"round\"\/><\/svg>\n                        <\/div>\n                    <\/a>\n                \n                    <a href=\"https:\/\/www.altum.lv\/wp-content\/uploads\/2025\/04\/financial_non-financial_targets_2024.pdf\" target=\"_blank\" class=\"dokumentiPdf__link\">\n                        <div class=\"dokumentiPdf__icon\">\n                            PDF\n                        <\/div>\n                        <p class=\"dokumentiPdf__p\">ALTUM Financial and Non-Financial Targets 2024<\/p>\n                        <div class=\"dokumentiPdf__iconWrap\">\n                            <svg width=\"20\" height=\"23\" fill=\"none\" xmlns=\"http:\/\/www.w3.org\/2000\/svg\"><path d=\"M10 1v16M1 22h18M6 13.5l4 4 4-4\" stroke=\"#000\" stroke-width=\"2\" stroke-linecap=\"round\" stroke-linejoin=\"round\"\/><\/svg>\n                        <\/div>\n                    <\/a>\n                \n                    <a href=\"https:\/\/www.altum.lv\/wp-content\/uploads\/2022\/06\/eng-2020-04-15_14-19-031.pdf\" target=\"_blank\" class=\"dokumentiPdf__link\">\n                        <div class=\"dokumentiPdf__icon\">\n                            PDF\n                        <\/div>\n                        <p class=\"dokumentiPdf__p\">Auditor\u2019s opinion on compliance with the Green Bonds financing framework (April 2020)<\/p>\n                        <div class=\"dokumentiPdf__iconWrap\">\n                            <svg width=\"20\" height=\"23\" fill=\"none\" xmlns=\"http:\/\/www.w3.org\/2000\/svg\"><path d=\"M10 1v16M1 22h18M6 13.5l4 4 4-4\" stroke=\"#000\" stroke-width=\"2\" stroke-linecap=\"round\" stroke-linejoin=\"round\"\/><\/svg>\n                        <\/div>\n                    <\/a>\n                \n                    <a href=\"https:\/\/www.altum.lv\/wp-content\/uploads\/2022\/06\/audit_opinion_on_green_bonds_49e301.pdf\" target=\"_blank\" class=\"dokumentiPdf__link\">\n                        <div class=\"dokumentiPdf__icon\">\n                            PDF\n                        <\/div>\n                        <p class=\"dokumentiPdf__p\">Auditor\u2019s opinion on compliance with the Green Bonds financing framework (April 2021)<\/p>\n                        <div class=\"dokumentiPdf__iconWrap\">\n                            <svg width=\"20\" height=\"23\" fill=\"none\" xmlns=\"http:\/\/www.w3.org\/2000\/svg\"><path d=\"M10 1v16M1 22h18M6 13.5l4 4 4-4\" stroke=\"#000\" stroke-width=\"2\" stroke-linecap=\"round\" stroke-linejoin=\"round\"\/><\/svg>\n                        <\/div>\n                    <\/a>\n                \n                    <a href=\"https:\/\/www.altum.lv\/wp-content\/uploads\/2022\/06\/auditors-opinion-on-compliance-with-the-green-bonds-financing-framework-25_03_20191.pdf\" target=\"_blank\" class=\"dokumentiPdf__link\">\n                        <div class=\"dokumentiPdf__icon\">\n                            PDF\n                        <\/div>\n                        <p class=\"dokumentiPdf__p\">Auditor\u2019s opinion on compliance with the Green Bonds financing framework (March 2019)<\/p>\n                        <div class=\"dokumentiPdf__iconWrap\">\n                            <svg width=\"20\" height=\"23\" fill=\"none\" xmlns=\"http:\/\/www.w3.org\/2000\/svg\"><path d=\"M10 1v16M1 22h18M6 13.5l4 4 4-4\" stroke=\"#000\" stroke-width=\"2\" stroke-linecap=\"round\" stroke-linejoin=\"round\"\/><\/svg>\n                        <\/div>\n                    <\/a>\n                \n                    <a href=\"https:\/\/www.altum.lv\/wp-content\/uploads\/2022\/06\/audita_atzinums_gb_eng1.pdf\" target=\"_blank\" class=\"dokumentiPdf__link\">\n                        <div class=\"dokumentiPdf__icon\">\n                            PDF\n                        <\/div>\n                        <p class=\"dokumentiPdf__p\">Auditor\u2019s opinion on compliance with the Green Bonds financing framework (March 2022)<\/p>\n                        <div class=\"dokumentiPdf__iconWrap\">\n                            <svg width=\"20\" height=\"23\" fill=\"none\" xmlns=\"http:\/\/www.w3.org\/2000\/svg\"><path d=\"M10 1v16M1 22h18M6 13.5l4 4 4-4\" stroke=\"#000\" stroke-width=\"2\" stroke-linecap=\"round\" stroke-linejoin=\"round\"\/><\/svg>\n                        <\/div>\n                    <\/a>\n                \n                    <a href=\"https:\/\/www.altum.lv\/wp-content\/uploads\/2022\/06\/doc_altum_base_prospectus_fin_6f5a41.pdf\" target=\"_blank\" class=\"dokumentiPdf__link\">\n                        <div class=\"dokumentiPdf__icon\">\n                            PDF\n                        <\/div>\n                        <p class=\"dokumentiPdf__p\">Base prospectus<\/p>\n                        <div class=\"dokumentiPdf__iconWrap\">\n                            <svg width=\"20\" height=\"23\" fill=\"none\" xmlns=\"http:\/\/www.w3.org\/2000\/svg\"><path d=\"M10 1v16M1 22h18M6 13.5l4 4 4-4\" stroke=\"#000\" stroke-width=\"2\" stroke-linecap=\"round\" stroke-linejoin=\"round\"\/><\/svg>\n                        <\/div>\n                    <\/a>\n                \n                    <a href=\"https:\/\/www.altum.lv\/wp-content\/uploads\/2022\/05\/doc_altum_base_prospectus_fin_6f5a4.pdf\" target=\"_blank\" class=\"dokumentiPdf__link\">\n                        <div class=\"dokumentiPdf__icon\">\n                            PDF\n                        <\/div>\n                        <p class=\"dokumentiPdf__p\">Base prospectus<\/p>\n                        <div class=\"dokumentiPdf__iconWrap\">\n                            <svg width=\"20\" height=\"23\" fill=\"none\" xmlns=\"http:\/\/www.w3.org\/2000\/svg\"><path d=\"M10 1v16M1 22h18M6 13.5l4 4 4-4\" stroke=\"#000\" stroke-width=\"2\" stroke-linecap=\"round\" stroke-linejoin=\"round\"\/><\/svg>\n                        <\/div>\n                    <\/a>\n                \n                                    <div class=\"altum__newsLoader\">\n                                        <div class=\"lds-hourglass\"><\/div>\n                                    <\/div>\n                                <\/div>\n                                <div class=\"pagination\" style=\"position: relative; display: block;\"><ul class=\"pagination__ul\"><li class=\"pagination__li pagination__li-active\"><a href=\"javascript:;\" class=\"pagination__link\" data-page=\"1\">1<\/a><\/li> <li class=\"pagination__li\"><a href=\"javascript:;\" class=\"pagination__link\" data-page=\"2\" >2<\/a><\/li> <li class=\"pagination__li\"><a href=\"javascript:;\" class=\"pagination__link \" data-page=\"3\" >3<\/a><\/li><\/ul><a href=\"javascript:;\" class=\"pagination__btn pagination__btn-next\" data-page=\"2\" ><span class=\"pagination__btn-arrow\"><\/span><\/a><\/div>\n                            <\/div>\n                        <\/div>\n                    <\/div>\n                <\/div>\n            <\/section>\n        \t\t\t\t<\/div>\n\t\t\t\t<\/div>\n\t\t\t\t\t<\/div>\n\t\t<\/div>\n\t\t\t\t\t<\/div>\n\t\t<\/section>\n\t\t\t\t<\/div>\n\t\t","protected":false},"excerpt":{"rendered":"<p>Altum&#8211; Documents Visi BiznesamIedz\u012bvot\u0101jiemLauksaimniekiemZemes fonds #AtbalstsBiznesam#AtbalstsDaudzdz\u012bvok\u013cuM\u0101juIedz\u012bvot\u0101jiem#AtbalstsLauksaimniekiem#AtbalstsM\u0101jok\u013cuIeg\u0101dei#Biznesam#Garantijas#Iedz\u012bvot\u0101jiem#LatvijasZemesFonds#Lauksaimniekiem#Soci\u0101l\u0101Uz\u0146\u0113m\u0113jdarb\u012bba PDF veidlapu aizpild\u012b\u0161anai j\u0101izmanto Adobe Reader (instal\u0113t). Citas PDF apskates aplik\u0101cijas nedarbosies. Papildu skaidrojumi .pdf atv\u0113r\u0161anai ir pieejami \u0161eit. Pieteikumu garantijas sa\u0146em\u0161anai sagatavo un [&hellip;]<\/p>\n","protected":false},"author":1,"featured_media":0,"parent":0,"menu_order":0,"comment_status":"closed","ping_status":"closed","template":"","meta":{"_acf_changed":false,"inline_featured_image":false,"footnotes":""},"class_list":["post-10864","page","type-page","status-publish","hentry"],"acf":[],"yoast_head":"<!-- This site is optimized with the Yoast SEO plugin v22.3 - https:\/\/yoast.com\/wordpress\/plugins\/seo\/ -->\n<title>Documents - Altum<\/title>\n<meta name=\"robots\" content=\"index, follow, max-snippet:-1, max-image-preview:large, max-video-preview:-1\" \/>\n<link rel=\"canonical\" href=\"https:\/\/www.altum.lv\/en\/documents\/\" \/>\n<meta property=\"og:locale\" content=\"en_US\" \/>\n<meta property=\"og:type\" content=\"article\" \/>\n<meta property=\"og:title\" content=\"Documents - Altum\" \/>\n<meta property=\"og:description\" content=\"Altum&#8211; Documents Visi BiznesamIedz\u012bvot\u0101jiemLauksaimniekiemZemes fonds #AtbalstsBiznesam#AtbalstsDaudzdz\u012bvok\u013cuM\u0101juIedz\u012bvot\u0101jiem#AtbalstsLauksaimniekiem#AtbalstsM\u0101jok\u013cuIeg\u0101dei#Biznesam#Garantijas#Iedz\u012bvot\u0101jiem#LatvijasZemesFonds#Lauksaimniekiem#Soci\u0101l\u0101Uz\u0146\u0113m\u0113jdarb\u012bba PDF veidlapu aizpild\u012b\u0161anai j\u0101izmanto Adobe Reader (instal\u0113t). Citas PDF apskates aplik\u0101cijas nedarbosies. Papildu skaidrojumi .pdf atv\u0113r\u0161anai ir pieejami \u0161eit. Pieteikumu garantijas sa\u0146em\u0161anai sagatavo un [&hellip;]\" \/>\n<meta property=\"og:url\" content=\"https:\/\/www.altum.lv\/en\/documents\/\" \/>\n<meta property=\"og:site_name\" content=\"Altum\" \/>\n<meta property=\"article:publisher\" content=\"https:\/\/www.facebook.com\/AltumLV\" \/>\n<meta property=\"article:modified_time\" content=\"2025-12-29T12:10:52+00:00\" \/>\n<meta name=\"twitter:card\" content=\"summary_large_image\" \/>\n<meta name=\"twitter:site\" content=\"@altumlv\" \/>\n<meta name=\"twitter:label1\" content=\"Est. reading time\" \/>\n\t<meta name=\"twitter:data1\" content=\"1 minute\" \/>\n<script type=\"application\/ld+json\" class=\"yoast-schema-graph\">{\"@context\":\"https:\/\/schema.org\",\"@graph\":[{\"@type\":\"WebPage\",\"@id\":\"https:\/\/www.altum.lv\/en\/documents\/\",\"url\":\"https:\/\/www.altum.lv\/en\/documents\/\",\"name\":\"Documents - Altum\",\"isPartOf\":{\"@id\":\"https:\/\/www.altum.lv\/en\/#website\"},\"datePublished\":\"2022-03-23T10:14:58+00:00\",\"dateModified\":\"2025-12-29T12:10:52+00:00\",\"breadcrumb\":{\"@id\":\"https:\/\/www.altum.lv\/en\/documents\/#breadcrumb\"},\"inLanguage\":\"en-US\",\"potentialAction\":[{\"@type\":\"ReadAction\",\"target\":[\"https:\/\/www.altum.lv\/en\/documents\/\"]}]},{\"@type\":\"BreadcrumbList\",\"@id\":\"https:\/\/www.altum.lv\/en\/documents\/#breadcrumb\",\"itemListElement\":[{\"@type\":\"ListItem\",\"position\":1,\"name\":\"S\u0101kums\",\"item\":\"https:\/\/www.altum.lv\/en\/\"},{\"@type\":\"ListItem\",\"position\":2,\"name\":\"Documents\"}]},{\"@type\":\"WebSite\",\"@id\":\"https:\/\/www.altum.lv\/en\/#website\",\"url\":\"https:\/\/www.altum.lv\/en\/\",\"name\":\"Altum\",\"description\":\"Finan\u0161u instit\u016bcija ALTUM\",\"potentialAction\":[{\"@type\":\"SearchAction\",\"target\":{\"@type\":\"EntryPoint\",\"urlTemplate\":\"https:\/\/www.altum.lv\/en\/?s={search_term_string}\"},\"query-input\":\"required name=search_term_string\"}],\"inLanguage\":\"en-US\"}]}<\/script>\n<!-- \/ Yoast SEO plugin. -->","yoast_head_json":{"title":"Documents - Altum","robots":{"index":"index","follow":"follow","max-snippet":"max-snippet:-1","max-image-preview":"max-image-preview:large","max-video-preview":"max-video-preview:-1"},"canonical":"https:\/\/www.altum.lv\/en\/documents\/","og_locale":"en_US","og_type":"article","og_title":"Documents - Altum","og_description":"Altum&#8211; Documents Visi BiznesamIedz\u012bvot\u0101jiemLauksaimniekiemZemes fonds #AtbalstsBiznesam#AtbalstsDaudzdz\u012bvok\u013cuM\u0101juIedz\u012bvot\u0101jiem#AtbalstsLauksaimniekiem#AtbalstsM\u0101jok\u013cuIeg\u0101dei#Biznesam#Garantijas#Iedz\u012bvot\u0101jiem#LatvijasZemesFonds#Lauksaimniekiem#Soci\u0101l\u0101Uz\u0146\u0113m\u0113jdarb\u012bba PDF veidlapu aizpild\u012b\u0161anai j\u0101izmanto Adobe Reader (instal\u0113t). Citas PDF apskates aplik\u0101cijas nedarbosies. Papildu skaidrojumi .pdf atv\u0113r\u0161anai ir pieejami \u0161eit. Pieteikumu garantijas sa\u0146em\u0161anai sagatavo un [&hellip;]","og_url":"https:\/\/www.altum.lv\/en\/documents\/","og_site_name":"Altum","article_publisher":"https:\/\/www.facebook.com\/AltumLV","article_modified_time":"2025-12-29T12:10:52+00:00","twitter_card":"summary_large_image","twitter_site":"@altumlv","twitter_misc":{"Est. reading time":"1 minute"},"schema":{"@context":"https:\/\/schema.org","@graph":[{"@type":"WebPage","@id":"https:\/\/www.altum.lv\/en\/documents\/","url":"https:\/\/www.altum.lv\/en\/documents\/","name":"Documents - Altum","isPartOf":{"@id":"https:\/\/www.altum.lv\/en\/#website"},"datePublished":"2022-03-23T10:14:58+00:00","dateModified":"2025-12-29T12:10:52+00:00","breadcrumb":{"@id":"https:\/\/www.altum.lv\/en\/documents\/#breadcrumb"},"inLanguage":"en-US","potentialAction":[{"@type":"ReadAction","target":["https:\/\/www.altum.lv\/en\/documents\/"]}]},{"@type":"BreadcrumbList","@id":"https:\/\/www.altum.lv\/en\/documents\/#breadcrumb","itemListElement":[{"@type":"ListItem","position":1,"name":"S\u0101kums","item":"https:\/\/www.altum.lv\/en\/"},{"@type":"ListItem","position":2,"name":"Documents"}]},{"@type":"WebSite","@id":"https:\/\/www.altum.lv\/en\/#website","url":"https:\/\/www.altum.lv\/en\/","name":"Altum","description":"Finan\u0161u instit\u016bcija ALTUM","potentialAction":[{"@type":"SearchAction","target":{"@type":"EntryPoint","urlTemplate":"https:\/\/www.altum.lv\/en\/?s={search_term_string}"},"query-input":"required name=search_term_string"}],"inLanguage":"en-US"}]}},"_links":{"self":[{"href":"https:\/\/www.altum.lv\/en\/wp-json\/wp\/v2\/pages\/10864"}],"collection":[{"href":"https:\/\/www.altum.lv\/en\/wp-json\/wp\/v2\/pages"}],"about":[{"href":"https:\/\/www.altum.lv\/en\/wp-json\/wp\/v2\/types\/page"}],"author":[{"embeddable":true,"href":"https:\/\/www.altum.lv\/en\/wp-json\/wp\/v2\/users\/1"}],"replies":[{"embeddable":true,"href":"https:\/\/www.altum.lv\/en\/wp-json\/wp\/v2\/comments?post=10864"}],"version-history":[{"count":10,"href":"https:\/\/www.altum.lv\/en\/wp-json\/wp\/v2\/pages\/10864\/revisions"}],"predecessor-version":[{"id":62529,"href":"https:\/\/www.altum.lv\/en\/wp-json\/wp\/v2\/pages\/10864\/revisions\/62529"}],"wp:attachment":[{"href":"https:\/\/www.altum.lv\/en\/wp-json\/wp\/v2\/media?parent=10864"}],"curies":[{"name":"wp","href":"https:\/\/api.w.org\/{rel}","templated":true}]}}