{"id":10884,"date":"2022-03-16T13:06:35","date_gmt":"2022-03-16T11:06:35","guid":{"rendered":"https:\/\/www.altum.lv\/about-altum\/news\/"},"modified":"2022-06-03T12:16:25","modified_gmt":"2022-06-03T10:16:25","slug":"news","status":"publish","type":"page","link":"https:\/\/www.altum.lv\/en\/about-altum\/news\/","title":{"rendered":"News"},"content":{"rendered":"\t\t<div data-elementor-type=\"wp-page\" data-elementor-id=\"10884\" class=\"elementor elementor-10884 elementor-384\">\n\t\t\t\t\t\t<section class=\"elementor-section elementor-top-section altum__default elementor-element elementor-element-0ab9416 elementor-section-full_width elementor-section-height-default elementor-section-height-default\" data-id=\"0ab9416\" data-element_type=\"section\" data-e-type=\"section\">\n\t\t\t\t\t\t<div class=\"elementor-container elementor-column-gap-no\">\n\t\t\t\t\t<div class=\"elementor-column elementor-col-100 elementor-top-column elementor-element elementor-element-97d16b4\" data-id=\"97d16b4\" data-element_type=\"column\" data-e-type=\"column\">\n\t\t\t<div class=\"elementor-widget-wrap elementor-element-populated\">\n\t\t\t\t\t\t<div class=\"elementor-element elementor-element-183096b elementor-widget elementor-widget-altum-news-archive\" data-id=\"183096b\" data-element_type=\"widget\" data-e-type=\"widget\" data-widget_type=\"altum-news-archive.default\">\n\t\t\t\t<div class=\"elementor-widget-container\">\n\t\t\t\t\t\n            <section class=\"topBanner\" style=\"background: #fff;\">\n                <div class=\"container\">\n\t\t\t\t\t<div class=\"topBanner__breadcrumbs\"><a href=\"https:\/\/www.altum.lv\" class=\"topBannerBreadcrumb__link\">Altum<\/a><span class=\"topBannerBreadcrumb__indent\">-<\/span><\/div>\n                    <h1 class=\"topBanner__title\">News<\/h1>\n                <\/div>\n            <\/section>\n        \n            <section class=\"news\">\n                <div class=\"container\">\n                    <div class=\"news__categories\">\n                        <a href=\"javascript:;\" class=\"newsCategories__link newsCategories__link-active\" data-category_id=\"0\">All<\/a>\n                        \n\t\t\t\t\t<h4><a href=\"javascript:;\" class=\"newsCategories__link\" data-category_id=\"43\">Enterprises<\/a><\/h4>\n\t\t\t\t\n\t\t\t\t\t<h4><a href=\"javascript:;\" class=\"newsCategories__link\" data-category_id=\"45\">Individuals<\/a><\/h4>\n\t\t\t\t\n\t\t\t\t\t<h4><a href=\"javascript:;\" class=\"newsCategories__link\" data-category_id=\"44\">Rural Enterprises<\/a><\/h4>\n\t\t\t\t\n                    <\/div>\n                    <div class=\"news__content\">\n                        <div class=\"news__wrap\">\n                           \n                            \n                    <div class=\"mainNewsSwiper__content\">\n                        <p class=\"mainNewsSwiper__date\">22. Dec, 2025<\/p>\n                        <a href=\"https:\/\/www.altum.lv\/en\/altum-working-hours-during-the-holidays\/\" class=\"mainNewsSwiper__link\">\n                            <div class=\"mainNewsSwiperLink__imgWrap\">\n                                <img decoding=\"async\" src=\"https:\/\/www.altum.lv\/wp-content\/uploads\/2025\/12\/sludinajums-3-300x251.png\" class=\"mainNewsSwiperLink__img\" alt=\"Raksta bilde: ALTUM working hours during the holidays\">\n                            <\/div>\n                            <p class=\"mainNewsSwiperLink__text\">\n                                ALTUM working hours during the holidays\n                            <\/p>\n                        <\/a>\n                        <p class=\"mainNewsSwiper__info\"><\/p>\n                    <\/div>\n                \n                    <div class=\"mainNewsSwiper__content\">\n                        <p class=\"mainNewsSwiper__date\">29. Oct, 2025<\/p>\n                        <a href=\"https:\/\/www.altum.lv\/en\/altum-begins-to-lend-for-housing-in-regions\/\" class=\"mainNewsSwiper__link\">\n                            <div class=\"mainNewsSwiperLink__imgWrap\">\n                                <img decoding=\"async\" src=\"https:\/\/www.altum.lv\/wp-content\/uploads\/2025\/10\/DSC07911-300x212.jpg\" class=\"mainNewsSwiperLink__img\" alt=\"Raksta bilde: ALTUM begins to lend for housing in regions\">\n                            <\/div>\n                            <p class=\"mainNewsSwiperLink__text\">\n                                ALTUM begins to lend for housing in regions\n                            <\/p>\n                        <\/a>\n                        <p class=\"mainNewsSwiper__info\"><\/p>\n                    <\/div>\n                \n                    <div class=\"mainNewsSwiper__content\">\n                        <p class=\"mainNewsSwiper__date\">11. Jul, 2025<\/p>\n                        <a href=\"https:\/\/www.altum.lv\/en\/latvia-joins-eu-initiative-to-bolster-trade-with-ukraine-by-offering-export-guarantees\/\" class=\"mainNewsSwiper__link\">\n                            <div class=\"mainNewsSwiperLink__imgWrap\">\n                                <img decoding=\"async\" src=\"https:\/\/www.altum.lv\/wp-content\/uploads\/2025\/07\/EIT-Altum_2-300x221.jpg\" class=\"mainNewsSwiperLink__img\" alt=\"Raksta bilde: Latvia joins EU initiative to bolster trade with Ukraine by offering export guarantees\">\n                            <\/div>\n                            <p class=\"mainNewsSwiperLink__text\">\n                                Latvia joins EU initiative to bolster trade with Ukraine by offering export guarantees\n                            <\/p>\n                        <\/a>\n                        <p class=\"mainNewsSwiper__info\"><\/p>\n                    <\/div>\n                \n                    <div class=\"mainNewsSwiper__content\">\n                        <p class=\"mainNewsSwiper__date\">26. May, 2025<\/p>\n                        <a href=\"https:\/\/www.altum.lv\/en\/altum-achieves-its-largest-bond-issuance-to-date\/\" class=\"mainNewsSwiper__link\">\n                            <div class=\"mainNewsSwiperLink__imgWrap\">\n                                <img decoding=\"async\" src=\"https:\/\/www.altum.lv\/wp-content\/uploads\/2025\/05\/Obligacijas-70-mil-2-300x251.jpg\" class=\"mainNewsSwiperLink__img\" alt=\"Raksta bilde: ALTUM achieves its largest bond issuance to date\">\n                            <\/div>\n                            <p class=\"mainNewsSwiperLink__text\">\n                                ALTUM achieves its largest bond issuance to date\n                            <\/p>\n                        <\/a>\n                        <p class=\"mainNewsSwiper__info\"><\/p>\n                    <\/div>\n                \n                    <div class=\"mainNewsSwiper__content\">\n                        <p class=\"mainNewsSwiper__date\">07. Jun, 2024<\/p>\n                        <a href=\"https:\/\/www.altum.lv\/en\/selection-of-ipo-fund-manager-announced\/\" class=\"mainNewsSwiper__link\">\n                            <div class=\"mainNewsSwiperLink__imgWrap\">\n                                <img decoding=\"async\" src=\"https:\/\/www.altum.lv\/wp-content\/uploads\/2024\/06\/Youtube-3-300x169.webp\" class=\"mainNewsSwiperLink__img\" alt=\"Raksta bilde: Selection of IPO Fund Manager Announced\">\n                            <\/div>\n                            <p class=\"mainNewsSwiperLink__text\">\n                                Selection of IPO Fund Manager Announced\n                            <\/p>\n                        <\/a>\n                        <p class=\"mainNewsSwiper__info\"><\/p>\n                    <\/div>\n                \n                    <div class=\"mainNewsSwiper__content\">\n                        <p class=\"mainNewsSwiper__date\">25. Jan, 2024<\/p>\n                        <a href=\"https:\/\/www.altum.lv\/en\/elementor-37520\/\" class=\"mainNewsSwiper__link\">\n                            <div class=\"mainNewsSwiperLink__imgWrap\">\n                                <img decoding=\"async\" src=\"\" class=\"mainNewsSwiperLink__img\" alt=\"Raksta bilde: An Invitation to provide commentry on the Open Call for Expression of Interest selection criteria for the \u201cBaltic Capital Markets Acceleration Fund\u201d\">\n                            <\/div>\n                            <p class=\"mainNewsSwiperLink__text\">\n                                An Invitation to provide commentry on the Open Call for Expression of Interest selection criteria for the \u201cBaltic Capital Markets Acceleration Fund\u201d\n                            <\/p>\n                        <\/a>\n                        <p class=\"mainNewsSwiper__info\"><\/p>\n                    <\/div>\n                \n                    <div class=\"mainNewsSwiper__content\">\n                        <p class=\"mainNewsSwiper__date\">16. May, 2022<\/p>\n                        <a href=\"https:\/\/www.altum.lv\/en\/fund-zgi-4-and-altum-invest-in-innovative-agriculture-technology-start-up-eagronom\/\" class=\"mainNewsSwiper__link\">\n                            <div class=\"mainNewsSwiperLink__imgWrap\">\n                                <img decoding=\"async\" src=\"https:\/\/www.altum.lv\/wp-content\/uploads\/2022\/05\/opening-4125cc11fe39-300x200.png\" class=\"mainNewsSwiperLink__img\" alt=\"Raksta bilde: Fund ZGI-4 and ALTUM invest in innovative agriculture technology start-up eAgronom\">\n                            <\/div>\n                            <p class=\"mainNewsSwiperLink__text\">\n                                Fund ZGI-4 and ALTUM invest in innovative agriculture technology start-up eAgronom\n                            <\/p>\n                        <\/a>\n                        <p class=\"mainNewsSwiper__info\"><\/p>\n                    <\/div>\n                \n                    <div class=\"mainNewsSwiper__content\">\n                        <p class=\"mainNewsSwiper__date\">31. Mar, 2022<\/p>\n                        <a href=\"https:\/\/www.altum.lv\/en\/audited-jsc-development-finance-institution-altum-consolidated-and-separate-annual-report-for-the-year-ended-31-december-2021\/\" class=\"mainNewsSwiper__link\">\n                            <div class=\"mainNewsSwiperLink__imgWrap\">\n                                <img decoding=\"async\" src=\"https:\/\/www.altum.lv\/wp-content\/uploads\/2022\/03\/opening-4105cc11fe39-300x199.png\" class=\"mainNewsSwiperLink__img\" alt=\"Raksta bilde: Audited JSC Development Finance Institution Altum Consolidated and Separate Annual Report for the Year Ended 31 December 2021\">\n                            <\/div>\n                            <p class=\"mainNewsSwiperLink__text\">\n                                Audited JSC Development Finance Institution Altum Consolidated and Separate Annual Report for the Year Ended 31 December 2021\n                            <\/p>\n                        <\/a>\n                        <p class=\"mainNewsSwiper__info\"><\/p>\n                    <\/div>\n                \n                    <div class=\"mainNewsSwiper__content\">\n                        <p class=\"mainNewsSwiper__date\">17. Jan, 2022<\/p>\n                        <a href=\"https:\/\/www.altum.lv\/en\/entrepreneurs-will-have-a-loan-available-with-a-capital-discount-of-up-to-10-million-euros\/\" class=\"mainNewsSwiper__link\">\n                            <div class=\"mainNewsSwiperLink__imgWrap\">\n                                <img decoding=\"async\" src=\"https:\/\/www.altum.lv\/wp-content\/uploads\/2022\/04\/opening-4082cc11fe39-300x157.png\" class=\"mainNewsSwiperLink__img\" alt=\"Raksta bilde: Entrepreneurs will have a loan available with a capital discount of up to 10 million euros\">\n                            <\/div>\n                            <p class=\"mainNewsSwiperLink__text\">\n                                Entrepreneurs will have a loan available with a capital discount of up to 10 million euros\n                            <\/p>\n                        <\/a>\n                        <p class=\"mainNewsSwiper__info\"><\/p>\n                    <\/div>\n                \n                    <div class=\"mainNewsSwiper__content\">\n                        <p class=\"mainNewsSwiper__date\">04. Oct, 2021<\/p>\n                        <a href=\"https:\/\/www.altum.lv\/en\/altum-issues-eur-20-million-bonds-with-a-yield-of-0-443\/\" class=\"mainNewsSwiper__link\">\n                            <div class=\"mainNewsSwiperLink__imgWrap\">\n                                <img decoding=\"async\" src=\"https:\/\/www.altum.lv\/wp-content\/uploads\/2022\/04\/opening-4031cc11fe39-300x184.png\" class=\"mainNewsSwiperLink__img\" alt=\"Raksta bilde: ALTUM issues EUR 20 million bonds with a yield of 0.443%\">\n                            <\/div>\n                            <p class=\"mainNewsSwiperLink__text\">\n                                ALTUM issues EUR 20 million bonds with a yield of 0.443%\n                            <\/p>\n                        <\/a>\n                        <p class=\"mainNewsSwiper__info\"><\/p>\n                    <\/div>\n                \n                    <div class=\"mainNewsSwiper__content\">\n                        <p class=\"mainNewsSwiper__date\">27. Apr, 2021<\/p>\n                        <a href=\"https:\/\/www.altum.lv\/en\/a-new-fund-helps-baltic-companies-expand-their-activities-to-eastern-and-central-europe\/\" class=\"mainNewsSwiper__link\">\n                            <div class=\"mainNewsSwiperLink__imgWrap\">\n                                <img decoding=\"async\" src=\"https:\/\/www.altum.lv\/wp-content\/uploads\/2022\/04\/opening-3986cc11fe39-300x189.png\" class=\"mainNewsSwiperLink__img\" alt=\"Raksta bilde: A new fund helps Baltic companies expand their activities to Eastern and Central Europe\">\n                            <\/div>\n                            <p class=\"mainNewsSwiperLink__text\">\n                                A new fund helps Baltic companies expand their activities to Eastern and Central Europe\n                            <\/p>\n                        <\/a>\n                        <p class=\"mainNewsSwiper__info\"><\/p>\n                    <\/div>\n                \n                    <div class=\"mainNewsSwiper__content\">\n                        <p class=\"mainNewsSwiper__date\">18. Mar, 2021<\/p>\n                        <a href=\"https:\/\/www.altum.lv\/en\/the-supervisory-board-of-altum-has-approved-ieva-jansone-buka-as-a-member-of-the-management-board\/\" class=\"mainNewsSwiper__link\">\n                            <div class=\"mainNewsSwiperLink__imgWrap\">\n                                <img decoding=\"async\" src=\"\" class=\"mainNewsSwiperLink__img\" alt=\"Raksta bilde: The Supervisory Board of ALTUM has approved Ieva Jansone &#8211; Buka as a Member of the Management Board\">\n                            <\/div>\n                            <p class=\"mainNewsSwiperLink__text\">\n                                The Supervisory Board of ALTUM has approved Ieva Jansone &#8211; Buka as a Member of the Management Board\n                            <\/p>\n                        <\/a>\n                        <p class=\"mainNewsSwiper__info\"><\/p>\n                    <\/div>\n                \n                            \n                            <div class=\"altum__newsLoader\">\n                                <div class=\"lds-hourglass\"><\/div>\n                            <\/div>\n                        <\/div>\n                        \n                        <div class=\"pagination\" style=\"position: relative; display: block;\"><ul class=\"pagination__ul\"><li class=\"pagination__li pagination__li-active\"><a href=\"javascript:;\" class=\"pagination__link\" data-page=\"1\">1<\/a><\/li> <li class=\"pagination__li\"><a href=\"javascript:;\" class=\"pagination__link\" data-page=\"2\" >2<\/a><\/li> <li class=\"pagination__li\"><a href=\"javascript:;\" class=\"pagination__link\" data-page=\"3\" >3<\/a><\/li> <li class=\"pagination__li\"><span class=\"pagination__link\">...<\/span><\/li> <li class=\"pagination__li\"><a href=\"javascript:;\" class=\"pagination__link \" data-page=\"5\" >5<\/a><\/li><\/ul><a href=\"javascript:;\" class=\"pagination__btn pagination__btn-next\" data-page=\"2\" ><span class=\"pagination__btn-arrow\"><\/span><\/a><\/div>\n\n                    <\/div>\n                    <div class=\"otherTopic\">\n                        <h3 class=\"otherTopic__h3\">Other tags<\/h3>\n                        <div class=\"mainNews__top otherTopic__top\">\n                            \n                <a href=\"https:\/\/www.altum.lv\/en\/tag\/altum-en\/\" class=\"mainNewsTop__link otherTopic__link\" data-tag_id=\"242\">#Altum<\/a>\n            \n                <a href=\"https:\/\/www.altum.lv\/en\/tag\/business\/\" class=\"mainNewsTop__link otherTopic__link\" data-tag_id=\"240\">#Business<\/a>\n            \n                <a href=\"https:\/\/www.altum.lv\/en\/tag\/esfund\/\" class=\"mainNewsTop__link otherTopic__link\" data-tag_id=\"248\">#ESfund<\/a>\n            \n                <a href=\"https:\/\/www.altum.lv\/en\/tag\/credit-guarantees\/\" class=\"mainNewsTop__link otherTopic__link\" data-tag_id=\"249\">#Guarantees<\/a>\n            \n                <a href=\"https:\/\/www.altum.lv\/en\/tag\/guaranteesforruralenterprises\/\" class=\"mainNewsTop__link otherTopic__link\" data-tag_id=\"250\">#GuaranteesForRuralEnterprises<\/a>\n            \n                <a href=\"https:\/\/www.altum.lv\/en\/tag\/investment-funds\/\" class=\"mainNewsTop__link otherTopic__link\" data-tag_id=\"251\">#InvestmentFunds<\/a>\n            \n                <a href=\"https:\/\/www.altum.lv\/en\/tag\/investors\/\" class=\"mainNewsTop__link otherTopic__link\" data-tag_id=\"154\">#Investors<\/a>\n            \n                <a href=\"https:\/\/www.altum.lv\/en\/tag\/land-fund-of-latvia\/\" class=\"mainNewsTop__link otherTopic__link\" data-tag_id=\"252\">#LandFundOfLatvia<\/a>\n            \n                <a href=\"https:\/\/www.altum.lv\/en\/tag\/loans-for-the-purchase-of-housing\/\" class=\"mainNewsTop__link otherTopic__link\" data-tag_id=\"247\">#LoansForThePurchaseOfHousing<\/a>\n            \n                <a href=\"https:\/\/www.altum.lv\/en\/tag\/loansforthepurchaseofhousing-en\/\" class=\"mainNewsTop__link otherTopic__link\" data-tag_id=\"257\">#LoansForThePurchaseOfHousing<\/a>\n            \n                <a href=\"https:\/\/www.altum.lv\/en\/tag\/nextgenerationeu-en\/\" class=\"mainNewsTop__link otherTopic__link\" data-tag_id=\"253\">#NextGenerationEU<\/a>\n            \n                <a href=\"https:\/\/www.altum.lv\/en\/tag\/residents\/\" class=\"mainNewsTop__link otherTopic__link\" data-tag_id=\"243\">#Residents<\/a>\n            \n                <a href=\"https:\/\/www.altum.lv\/en\/tag\/ruralenterprises\/\" class=\"mainNewsTop__link otherTopic__link\" data-tag_id=\"241\">#RuralEnterprises<\/a>\n            \n                <a href=\"https:\/\/www.altum.lv\/en\/tag\/socialentrepreneurship\/\" class=\"mainNewsTop__link otherTopic__link\" data-tag_id=\"254\">#SocialEntrepreneurship<\/a>\n            \n                <a href=\"https:\/\/www.altum.lv\/en\/tag\/stateaid\/\" class=\"mainNewsTop__link otherTopic__link\" data-tag_id=\"153\">#StateAid<\/a>\n            \n                <a href=\"https:\/\/www.altum.lv\/en\/tag\/students\/\" class=\"mainNewsTop__link otherTopic__link\" data-tag_id=\"255\">#Students<\/a>\n            \n                <a href=\"https:\/\/www.altum.lv\/en\/tag\/support-for-farmers\/\" class=\"mainNewsTop__link otherTopic__link\" data-tag_id=\"246\">#Support For Farmers<\/a>\n            \n                <a href=\"https:\/\/www.altum.lv\/en\/tag\/support-for-enterprises\/\" class=\"mainNewsTop__link otherTopic__link\" data-tag_id=\"244\">#SupportForEnterprises<\/a>\n            \n                <a href=\"https:\/\/www.altum.lv\/en\/tag\/support-for-residents-of-apartment-buildings\/\" class=\"mainNewsTop__link otherTopic__link\" data-tag_id=\"245\">#SupportforResidentsofApartmentBuildings<\/a>\n            \n                        <\/div>\n                    <\/div>\n                <\/div>\n            <\/section>\n        \t\t\t\t<\/div>\n\t\t\t\t<\/div>\n\t\t\t\t\t<\/div>\n\t\t<\/div>\n\t\t\t\t\t<\/div>\n\t\t<\/section>\n\t\t\t\t<\/div>\n\t\t","protected":false},"excerpt":{"rendered":"<p>Altum &#8211; Aktualit\u0101tes Aktualit\u0101tes Visi Iedz\u012bvot\u0101jiem Biznesam Lauksaimniekiem NEWS GO HERE 1 &#8230; 5 6 7 8 9 &#8230; 50 Citas t\u0113mas #Aizdevums #M\u0101jok\u013cuAtbalsts #Priv\u0101tpersonas #Priv\u0101tpersonas #Granti #ZemesFonds #Energoefektivit\u0101te #Aizdevums\u0122imenei [&hellip;]<\/p>\n","protected":false},"author":1,"featured_media":0,"parent":10862,"menu_order":0,"comment_status":"closed","ping_status":"closed","template":"","meta":{"_acf_changed":false,"inline_featured_image":false,"footnotes":""},"class_list":["post-10884","page","type-page","status-publish","hentry"],"acf":[],"yoast_head":"<!-- This site is optimized with the Yoast SEO plugin v22.3 - https:\/\/yoast.com\/wordpress\/plugins\/seo\/ -->\n<title>News - Altum<\/title>\n<meta name=\"robots\" content=\"index, follow, max-snippet:-1, max-image-preview:large, max-video-preview:-1\" \/>\n<link rel=\"canonical\" href=\"https:\/\/www.altum.lv\/en\/about-altum\/news\/\" \/>\n<meta property=\"og:locale\" content=\"en_US\" \/>\n<meta property=\"og:type\" content=\"article\" \/>\n<meta property=\"og:title\" content=\"News - Altum\" \/>\n<meta property=\"og:description\" content=\"Altum &#8211; Aktualit\u0101tes Aktualit\u0101tes Visi Iedz\u012bvot\u0101jiem Biznesam Lauksaimniekiem NEWS GO HERE 1 &#8230; 5 6 7 8 9 &#8230; 50 Citas t\u0113mas #Aizdevums #M\u0101jok\u013cuAtbalsts #Priv\u0101tpersonas #Priv\u0101tpersonas #Granti #ZemesFonds #Energoefektivit\u0101te #Aizdevums\u0122imenei [&hellip;]\" \/>\n<meta property=\"og:url\" content=\"https:\/\/www.altum.lv\/en\/about-altum\/news\/\" \/>\n<meta property=\"og:site_name\" content=\"Altum\" \/>\n<meta property=\"article:publisher\" content=\"https:\/\/www.facebook.com\/AltumLV\" \/>\n<meta property=\"article:modified_time\" content=\"2022-06-03T10:16:25+00:00\" \/>\n<meta name=\"twitter:card\" content=\"summary_large_image\" \/>\n<meta name=\"twitter:site\" content=\"@altumlv\" \/>\n<script type=\"application\/ld+json\" class=\"yoast-schema-graph\">{\"@context\":\"https:\/\/schema.org\",\"@graph\":[{\"@type\":\"WebPage\",\"@id\":\"https:\/\/www.altum.lv\/en\/about-altum\/news\/\",\"url\":\"https:\/\/www.altum.lv\/en\/about-altum\/news\/\",\"name\":\"News - Altum\",\"isPartOf\":{\"@id\":\"https:\/\/www.altum.lv\/en\/#website\"},\"datePublished\":\"2022-03-16T11:06:35+00:00\",\"dateModified\":\"2022-06-03T10:16:25+00:00\",\"breadcrumb\":{\"@id\":\"https:\/\/www.altum.lv\/en\/about-altum\/news\/#breadcrumb\"},\"inLanguage\":\"en-US\",\"potentialAction\":[{\"@type\":\"ReadAction\",\"target\":[\"https:\/\/www.altum.lv\/en\/about-altum\/news\/\"]}]},{\"@type\":\"BreadcrumbList\",\"@id\":\"https:\/\/www.altum.lv\/en\/about-altum\/news\/#breadcrumb\",\"itemListElement\":[{\"@type\":\"ListItem\",\"position\":1,\"name\":\"S\u0101kums\",\"item\":\"https:\/\/www.altum.lv\/en\/\"},{\"@type\":\"ListItem\",\"position\":2,\"name\":\"About Altum\",\"item\":\"https:\/\/www.altum.lv\/en\/about-altum\/\"},{\"@type\":\"ListItem\",\"position\":3,\"name\":\"News\"}]},{\"@type\":\"WebSite\",\"@id\":\"https:\/\/www.altum.lv\/en\/#website\",\"url\":\"https:\/\/www.altum.lv\/en\/\",\"name\":\"Altum\",\"description\":\"Finan\u0161u instit\u016bcija ALTUM\",\"potentialAction\":[{\"@type\":\"SearchAction\",\"target\":{\"@type\":\"EntryPoint\",\"urlTemplate\":\"https:\/\/www.altum.lv\/en\/?s={search_term_string}\"},\"query-input\":\"required name=search_term_string\"}],\"inLanguage\":\"en-US\"}]}<\/script>\n<!-- \/ Yoast SEO plugin. -->","yoast_head_json":{"title":"News - Altum","robots":{"index":"index","follow":"follow","max-snippet":"max-snippet:-1","max-image-preview":"max-image-preview:large","max-video-preview":"max-video-preview:-1"},"canonical":"https:\/\/www.altum.lv\/en\/about-altum\/news\/","og_locale":"en_US","og_type":"article","og_title":"News - Altum","og_description":"Altum &#8211; Aktualit\u0101tes Aktualit\u0101tes Visi Iedz\u012bvot\u0101jiem Biznesam Lauksaimniekiem NEWS GO HERE 1 &#8230; 5 6 7 8 9 &#8230; 50 Citas t\u0113mas #Aizdevums #M\u0101jok\u013cuAtbalsts #Priv\u0101tpersonas #Priv\u0101tpersonas #Granti #ZemesFonds #Energoefektivit\u0101te #Aizdevums\u0122imenei [&hellip;]","og_url":"https:\/\/www.altum.lv\/en\/about-altum\/news\/","og_site_name":"Altum","article_publisher":"https:\/\/www.facebook.com\/AltumLV","article_modified_time":"2022-06-03T10:16:25+00:00","twitter_card":"summary_large_image","twitter_site":"@altumlv","schema":{"@context":"https:\/\/schema.org","@graph":[{"@type":"WebPage","@id":"https:\/\/www.altum.lv\/en\/about-altum\/news\/","url":"https:\/\/www.altum.lv\/en\/about-altum\/news\/","name":"News - Altum","isPartOf":{"@id":"https:\/\/www.altum.lv\/en\/#website"},"datePublished":"2022-03-16T11:06:35+00:00","dateModified":"2022-06-03T10:16:25+00:00","breadcrumb":{"@id":"https:\/\/www.altum.lv\/en\/about-altum\/news\/#breadcrumb"},"inLanguage":"en-US","potentialAction":[{"@type":"ReadAction","target":["https:\/\/www.altum.lv\/en\/about-altum\/news\/"]}]},{"@type":"BreadcrumbList","@id":"https:\/\/www.altum.lv\/en\/about-altum\/news\/#breadcrumb","itemListElement":[{"@type":"ListItem","position":1,"name":"S\u0101kums","item":"https:\/\/www.altum.lv\/en\/"},{"@type":"ListItem","position":2,"name":"About Altum","item":"https:\/\/www.altum.lv\/en\/about-altum\/"},{"@type":"ListItem","position":3,"name":"News"}]},{"@type":"WebSite","@id":"https:\/\/www.altum.lv\/en\/#website","url":"https:\/\/www.altum.lv\/en\/","name":"Altum","description":"Finan\u0161u instit\u016bcija ALTUM","potentialAction":[{"@type":"SearchAction","target":{"@type":"EntryPoint","urlTemplate":"https:\/\/www.altum.lv\/en\/?s={search_term_string}"},"query-input":"required name=search_term_string"}],"inLanguage":"en-US"}]}},"_links":{"self":[{"href":"https:\/\/www.altum.lv\/en\/wp-json\/wp\/v2\/pages\/10884"}],"collection":[{"href":"https:\/\/www.altum.lv\/en\/wp-json\/wp\/v2\/pages"}],"about":[{"href":"https:\/\/www.altum.lv\/en\/wp-json\/wp\/v2\/types\/page"}],"author":[{"embeddable":true,"href":"https:\/\/www.altum.lv\/en\/wp-json\/wp\/v2\/users\/1"}],"replies":[{"embeddable":true,"href":"https:\/\/www.altum.lv\/en\/wp-json\/wp\/v2\/comments?post=10884"}],"version-history":[{"count":1,"href":"https:\/\/www.altum.lv\/en\/wp-json\/wp\/v2\/pages\/10884\/revisions"}],"predecessor-version":[{"id":10885,"href":"https:\/\/www.altum.lv\/en\/wp-json\/wp\/v2\/pages\/10884\/revisions\/10885"}],"up":[{"embeddable":true,"href":"https:\/\/www.altum.lv\/en\/wp-json\/wp\/v2\/pages\/10862"}],"wp:attachment":[{"href":"https:\/\/www.altum.lv\/en\/wp-json\/wp\/v2\/media?parent=10884"}],"curies":[{"name":"wp","href":"https:\/\/api.w.org\/{rel}","templated":true}]}}