{"id":10900,"date":"2022-05-31T15:19:04","date_gmt":"2022-05-31T13:19:04","guid":{"rendered":"https:\/\/www.altum.lv\/investors\/announcements\/"},"modified":"2025-12-04T09:47:31","modified_gmt":"2025-12-04T07:47:31","slug":"announcements","status":"publish","type":"page","link":"https:\/\/www.altum.lv\/en\/investors\/announcements\/","title":{"rendered":"Announcements"},"content":{"rendered":"\t\t<div data-elementor-type=\"wp-page\" data-elementor-id=\"10900\" class=\"elementor elementor-10900 elementor-9567\">\n\t\t\t\t\t\t<section class=\"elementor-section elementor-top-section altum__default elementor-element elementor-element-a3ec0d2 elementor-section-full_width elementor-section-height-default elementor-section-height-default\" data-id=\"a3ec0d2\" data-element_type=\"section\" data-e-type=\"section\">\n\t\t\t\t\t\t<div class=\"elementor-container elementor-column-gap-default\">\n\t\t\t\t\t<div class=\"elementor-column elementor-col-100 elementor-top-column elementor-element elementor-element-3c4d4da\" data-id=\"3c4d4da\" data-element_type=\"column\" data-e-type=\"column\">\n\t\t\t<div class=\"elementor-widget-wrap elementor-element-populated\">\n\t\t\t\t\t\t<div class=\"elementor-element elementor-element-43e590e elementor-widget elementor-widget-altum-large-header\" data-id=\"43e590e\" data-element_type=\"widget\" data-e-type=\"widget\" data-widget_type=\"altum-large-header.default\">\n\t\t\t\t<div class=\"elementor-widget-container\">\n\t\t\t\t\t\n            <section class=\"topBanner\" style=\"background-image: url(https:\/\/www.altum.lv\/wp-content\/uploads\/2025\/06\/pazinojumi.png)\">\n                <div class=\"container\">\n\t\t\t\t\t<div class=\"topBanner__breadcrumbs\"><a href=\"https:\/\/www.altum.lv\" class=\"topBannerBreadcrumb__link\">Altum<\/a><span class=\"topBannerBreadcrumb__indent\">-<\/span><\/div>\n                    <h1 class=\"topBanner__title\">Announcements<\/h1>\n\t\t\t\t\t\n                    \n\t\t\t\t\t\n                <\/div>\n            <\/section>\n        \t\t\t\t<\/div>\n\t\t\t\t<\/div>\n\t\t\t\t\t<\/div>\n\t\t<\/div>\n\t\t\t\t\t<\/div>\n\t\t<\/section>\n\t\t\t\t<section class=\"elementor-section elementor-top-section altum__default elementor-element elementor-element-17bb2bb elementor-section-boxed elementor-section-height-default elementor-section-height-default\" data-id=\"17bb2bb\" data-element_type=\"section\" data-e-type=\"section\">\n\t\t\t\t\t\t<div class=\"elementor-container elementor-column-gap-default\">\n\t\t\t\t\t<div class=\"elementor-column elementor-col-100 elementor-top-column elementor-element elementor-element-a644dca\" data-id=\"a644dca\" data-element_type=\"column\" data-e-type=\"column\">\n\t\t\t<div class=\"elementor-widget-wrap elementor-element-populated\">\n\t\t\t\t\t\t<div class=\"elementor-element elementor-element-b5cd2f4 elementor-widget elementor-widget-html\" data-id=\"b5cd2f4\" data-element_type=\"widget\" data-e-type=\"widget\" data-widget_type=\"html.default\">\n\t\t\t\t<div class=\"elementor-widget-container\">\n\t\t\t\t\t<iframe src=\"https:\/\/www.nasdaqbaltic.com\/market\/ir.php?irkey=f4623a09c9&amp;tab=calendar&amp;lang=en\" frameborder=\"0\" scrolling=\"yes\" width=\"100%\" height=\"700\">Financial calendar<\/iframe>\t\t\t\t<\/div>\n\t\t\t\t<\/div>\n\t\t\t\t\t<\/div>\n\t\t<\/div>\n\t\t\t\t\t<\/div>\n\t\t<\/section>\n\t\t\t\t<section class=\"elementor-section elementor-top-section altum__default elementor-element elementor-element-90fc2fe elementor-section-boxed elementor-section-height-default elementor-section-height-default\" data-id=\"90fc2fe\" data-element_type=\"section\" data-e-type=\"section\">\n\t\t\t\t\t\t<div class=\"elementor-container elementor-column-gap-default\">\n\t\t\t\t\t<div class=\"elementor-column elementor-col-100 elementor-top-column elementor-element elementor-element-4de1021\" data-id=\"4de1021\" data-element_type=\"column\" data-e-type=\"column\">\n\t\t\t<div class=\"elementor-widget-wrap elementor-element-populated\">\n\t\t\t\t\t\t<div class=\"elementor-element elementor-element-6f57250 elementor-widget elementor-widget-html\" data-id=\"6f57250\" data-element_type=\"widget\" data-e-type=\"widget\" data-widget_type=\"html.default\">\n\t\t\t\t<div class=\"elementor-widget-container\">\n\t\t\t\t\t<iframe src=\"https:\/\/www.nasdaqbaltic.com\/statistics\/en\/ir\/f4623a09c9\/news?start_y=2017\" frameborder=\"0\" scrolling=\"yes\" width=\"100%\" height=\"850\">Uz\u0146\u0113muma finan\u0161u p\u0101rskati<\/iframe>\t\t\t\t<\/div>\n\t\t\t\t<\/div>\n\t\t\t\t\t<\/div>\n\t\t<\/div>\n\t\t\t\t\t<\/div>\n\t\t<\/section>\n\t\t\t\t<section class=\"elementor-section elementor-top-section altum__default elementor-element elementor-element-07468fc elementor-section-boxed elementor-section-height-default elementor-section-height-default\" data-id=\"07468fc\" data-element_type=\"section\" data-e-type=\"section\">\n\t\t\t\t\t\t<div class=\"elementor-container elementor-column-gap-default\">\n\t\t\t\t\t<div class=\"elementor-column elementor-col-100 elementor-top-column elementor-element elementor-element-98225d2\" data-id=\"98225d2\" data-element_type=\"column\" data-e-type=\"column\">\n\t\t\t<div class=\"elementor-widget-wrap elementor-element-populated\">\n\t\t\t\t\t\t<div class=\"elementor-element elementor-element-ab493bf elementor-widget elementor-widget-altum-employees\" data-id=\"ab493bf\" data-element_type=\"widget\" data-e-type=\"widget\" data-widget_type=\"altum-employees.default\">\n\t\t\t\t<div class=\"elementor-widget-container\">\n\t\t\t\t\t\n\t\t\t\t<section class=\"consultants consultants-bt\" style=\"margin-top: 100px; margin-bottom: 60px\">\n\t\t\t\t\t\n\t\t\t\t\t\t<div class=\"consultants__wrap\" \">\n\t\t\t\t\t\t\t<h2 class=\"consultants__h2\" tabindex=\"0\">Contacts for Investor relations<\/h2>\n\t\t\t\t\t\t\t<div class=\"consultants__content\">\n\t\t\t\t\t\t\t\t\n\t\t\t\t<div class=\"consultantsContent__elem\">\n\t\t\t\t\t\n\t\t\t\t\t<div class=\"consultantsContent__info\">\n\t\t\t\t\t\t<h4 class=\"consultantsContent__h4\" tabindex=\"0\" title=\"Inga Fomina\">\n\t\t\t\t\t\t\t\n\t\t\t\t\t\t\tInga Fomina\n\t\t\t\t\t\t<\/h4>\n\t\t\t\t\t\t<p class=\"consultantsContent__p\" tabindex=\"0\" title=\" \"><\/p>\n\t\t\t\t\t\t<div class=\"consultantsContent__contact\">\n\t\t\t\t\t\t\t<div class=\"consultatns__phones\"><a href=\"tel:29242150\" title=\"Inga Fomina kontaktt\u0101lrunis\" class=\"consultantsContent__contact-link\">29242150<\/a><\/div>\n\t\t\t\t\t\t\t<a href=\"mailto:inga.fomina@altum.lv\" title=\"Inga Fomina e-pasta adrese\" class=\"consultantsContent__contact-link\">inga.fomina@altum.lv<\/a>\n\t\t\t\t\t\t<\/div>\n\t\t\t\t\t<\/div>\n\t\t\t\t<\/div> \n\t\t\t\t\t\t\t<\/div>\n\t\t\t\t\t\t<\/div>\n\t\t\t\t\t\n\t\t\t\t<\/section>\n\t\t\t\t\t\t\t<\/div>\n\t\t\t\t<\/div>\n\t\t\t\t\t<\/div>\n\t\t<\/div>\n\t\t\t\t\t<\/div>\n\t\t<\/section>\n\t\t\t\t<\/div>\n\t\t","protected":false},"excerpt":{"rendered":"<p>Altum&#8211; Announcements Financial calendar Uz\u0146\u0113muma finan\u0161u p\u0101rskati Contacts for Investor relations Inga Fomina 29242150 inga.fomina@altum.lv<\/p>\n","protected":false},"author":1,"featured_media":0,"parent":10868,"menu_order":0,"comment_status":"closed","ping_status":"closed","template":"","meta":{"_acf_changed":false,"inline_featured_image":false,"footnotes":""},"class_list":["post-10900","page","type-page","status-publish","hentry"],"acf":[],"yoast_head":"<!-- This site is optimized with the Yoast SEO plugin v22.3 - https:\/\/yoast.com\/wordpress\/plugins\/seo\/ -->\n<title>Announcements - Altum<\/title>\n<meta name=\"robots\" content=\"index, follow, max-snippet:-1, max-image-preview:large, max-video-preview:-1\" \/>\n<link rel=\"canonical\" href=\"https:\/\/www.altum.lv\/en\/investors\/announcements\/\" \/>\n<meta property=\"og:locale\" content=\"en_US\" \/>\n<meta property=\"og:type\" content=\"article\" \/>\n<meta property=\"og:title\" content=\"Announcements - Altum\" \/>\n<meta property=\"og:description\" content=\"Altum&#8211; Announcements Financial calendar Uz\u0146\u0113muma finan\u0161u p\u0101rskati Contacts for Investor relations Inga Fomina 29242150 inga.fomina@altum.lv\" \/>\n<meta property=\"og:url\" content=\"https:\/\/www.altum.lv\/en\/investors\/announcements\/\" \/>\n<meta property=\"og:site_name\" content=\"Altum\" \/>\n<meta property=\"article:publisher\" content=\"https:\/\/www.facebook.com\/AltumLV\" \/>\n<meta property=\"article:modified_time\" content=\"2025-12-04T07:47:31+00:00\" \/>\n<meta name=\"twitter:card\" content=\"summary_large_image\" \/>\n<meta name=\"twitter:site\" content=\"@altumlv\" \/>\n<meta name=\"twitter:label1\" content=\"Est. reading time\" \/>\n\t<meta name=\"twitter:data1\" content=\"1 minute\" \/>\n<script type=\"application\/ld+json\" class=\"yoast-schema-graph\">{\"@context\":\"https:\/\/schema.org\",\"@graph\":[{\"@type\":\"WebPage\",\"@id\":\"https:\/\/www.altum.lv\/en\/investors\/announcements\/\",\"url\":\"https:\/\/www.altum.lv\/en\/investors\/announcements\/\",\"name\":\"Announcements - Altum\",\"isPartOf\":{\"@id\":\"https:\/\/www.altum.lv\/en\/#website\"},\"datePublished\":\"2022-05-31T13:19:04+00:00\",\"dateModified\":\"2025-12-04T07:47:31+00:00\",\"breadcrumb\":{\"@id\":\"https:\/\/www.altum.lv\/en\/investors\/announcements\/#breadcrumb\"},\"inLanguage\":\"en-US\",\"potentialAction\":[{\"@type\":\"ReadAction\",\"target\":[\"https:\/\/www.altum.lv\/en\/investors\/announcements\/\"]}]},{\"@type\":\"BreadcrumbList\",\"@id\":\"https:\/\/www.altum.lv\/en\/investors\/announcements\/#breadcrumb\",\"itemListElement\":[{\"@type\":\"ListItem\",\"position\":1,\"name\":\"S\u0101kums\",\"item\":\"https:\/\/www.altum.lv\/en\/\"},{\"@type\":\"ListItem\",\"position\":2,\"name\":\"Investors\",\"item\":\"https:\/\/www.altum.lv\/en\/investors\/\"},{\"@type\":\"ListItem\",\"position\":3,\"name\":\"Announcements\"}]},{\"@type\":\"WebSite\",\"@id\":\"https:\/\/www.altum.lv\/en\/#website\",\"url\":\"https:\/\/www.altum.lv\/en\/\",\"name\":\"Altum\",\"description\":\"Finan\u0161u instit\u016bcija ALTUM\",\"potentialAction\":[{\"@type\":\"SearchAction\",\"target\":{\"@type\":\"EntryPoint\",\"urlTemplate\":\"https:\/\/www.altum.lv\/en\/?s={search_term_string}\"},\"query-input\":\"required name=search_term_string\"}],\"inLanguage\":\"en-US\"}]}<\/script>\n<!-- \/ Yoast SEO plugin. -->","yoast_head_json":{"title":"Announcements - Altum","robots":{"index":"index","follow":"follow","max-snippet":"max-snippet:-1","max-image-preview":"max-image-preview:large","max-video-preview":"max-video-preview:-1"},"canonical":"https:\/\/www.altum.lv\/en\/investors\/announcements\/","og_locale":"en_US","og_type":"article","og_title":"Announcements - Altum","og_description":"Altum&#8211; Announcements Financial calendar Uz\u0146\u0113muma finan\u0161u p\u0101rskati Contacts for Investor relations Inga Fomina 29242150 inga.fomina@altum.lv","og_url":"https:\/\/www.altum.lv\/en\/investors\/announcements\/","og_site_name":"Altum","article_publisher":"https:\/\/www.facebook.com\/AltumLV","article_modified_time":"2025-12-04T07:47:31+00:00","twitter_card":"summary_large_image","twitter_site":"@altumlv","twitter_misc":{"Est. reading time":"1 minute"},"schema":{"@context":"https:\/\/schema.org","@graph":[{"@type":"WebPage","@id":"https:\/\/www.altum.lv\/en\/investors\/announcements\/","url":"https:\/\/www.altum.lv\/en\/investors\/announcements\/","name":"Announcements - Altum","isPartOf":{"@id":"https:\/\/www.altum.lv\/en\/#website"},"datePublished":"2022-05-31T13:19:04+00:00","dateModified":"2025-12-04T07:47:31+00:00","breadcrumb":{"@id":"https:\/\/www.altum.lv\/en\/investors\/announcements\/#breadcrumb"},"inLanguage":"en-US","potentialAction":[{"@type":"ReadAction","target":["https:\/\/www.altum.lv\/en\/investors\/announcements\/"]}]},{"@type":"BreadcrumbList","@id":"https:\/\/www.altum.lv\/en\/investors\/announcements\/#breadcrumb","itemListElement":[{"@type":"ListItem","position":1,"name":"S\u0101kums","item":"https:\/\/www.altum.lv\/en\/"},{"@type":"ListItem","position":2,"name":"Investors","item":"https:\/\/www.altum.lv\/en\/investors\/"},{"@type":"ListItem","position":3,"name":"Announcements"}]},{"@type":"WebSite","@id":"https:\/\/www.altum.lv\/en\/#website","url":"https:\/\/www.altum.lv\/en\/","name":"Altum","description":"Finan\u0161u instit\u016bcija ALTUM","potentialAction":[{"@type":"SearchAction","target":{"@type":"EntryPoint","urlTemplate":"https:\/\/www.altum.lv\/en\/?s={search_term_string}"},"query-input":"required name=search_term_string"}],"inLanguage":"en-US"}]}},"_links":{"self":[{"href":"https:\/\/www.altum.lv\/en\/wp-json\/wp\/v2\/pages\/10900"}],"collection":[{"href":"https:\/\/www.altum.lv\/en\/wp-json\/wp\/v2\/pages"}],"about":[{"href":"https:\/\/www.altum.lv\/en\/wp-json\/wp\/v2\/types\/page"}],"author":[{"embeddable":true,"href":"https:\/\/www.altum.lv\/en\/wp-json\/wp\/v2\/users\/1"}],"replies":[{"embeddable":true,"href":"https:\/\/www.altum.lv\/en\/wp-json\/wp\/v2\/comments?post=10900"}],"version-history":[{"count":25,"href":"https:\/\/www.altum.lv\/en\/wp-json\/wp\/v2\/pages\/10900\/revisions"}],"predecessor-version":[{"id":61927,"href":"https:\/\/www.altum.lv\/en\/wp-json\/wp\/v2\/pages\/10900\/revisions\/61927"}],"up":[{"embeddable":true,"href":"https:\/\/www.altum.lv\/en\/wp-json\/wp\/v2\/pages\/10868"}],"wp:attachment":[{"href":"https:\/\/www.altum.lv\/en\/wp-json\/wp\/v2\/media?parent=10900"}],"curies":[{"name":"wp","href":"https:\/\/api.w.org\/{rel}","templated":true}]}}