{"id":11025,"date":"2022-04-20T11:05:25","date_gmt":"2022-04-20T09:05:25","guid":{"rendered":"https:\/\/www.altum.lv\/raising-an-alarm\/"},"modified":"2025-11-11T16:46:14","modified_gmt":"2025-11-11T14:46:14","slug":"raising-an-alarm","status":"publish","type":"page","link":"https:\/\/www.altum.lv\/en\/raising-an-alarm\/","title":{"rendered":"Whistleblowing policy"},"content":{"rendered":"\t\t<div data-elementor-type=\"wp-page\" data-elementor-id=\"11025\" class=\"elementor elementor-11025 elementor-1346\">\n\t\t\t\t\t\t<section class=\"elementor-section elementor-top-section altum__default elementor-element elementor-element-ae15611 elementor-section-full_width elementor-section-height-default elementor-section-height-default\" data-id=\"ae15611\" data-element_type=\"section\" data-e-type=\"section\">\n\t\t\t\t\t\t<div class=\"elementor-container elementor-column-gap-no\">\n\t\t\t\t\t<div class=\"elementor-column elementor-col-100 elementor-top-column elementor-element elementor-element-bd0d4e5\" data-id=\"bd0d4e5\" data-element_type=\"column\" data-e-type=\"column\">\n\t\t\t<div class=\"elementor-widget-wrap elementor-element-populated\">\n\t\t\t\t\t\t<div class=\"elementor-element elementor-element-081fbc8 elementor-widget elementor-widget-altum-large-header\" data-id=\"081fbc8\" data-element_type=\"widget\" data-e-type=\"widget\" data-widget_type=\"altum-large-header.default\">\n\t\t\t\t<div class=\"elementor-widget-container\">\n\t\t\t\t\t\n            <section class=\"topBanner\" style=\"background-image: url(https:\/\/www.altum.lv\/wp-content\/uploads\/2025\/06\/llogo-rinda-1.png)\">\n                <div class=\"container\">\n\t\t\t\t\t<div class=\"topBanner__breadcrumbs\"><a href=\"https:\/\/www.altum.lv\" class=\"topBannerBreadcrumb__link\">Altum<\/a><span class=\"topBannerBreadcrumb__indent\">-<\/span><\/div>\n                    <h1 class=\"topBanner__title\">Raising the alarm<\/h1>\n\t\t\t\t\t\n                    \n\t\t\t\t\t\n                <\/div>\n            <\/section>\n        \t\t\t\t<\/div>\n\t\t\t\t<\/div>\n\t\t\t\t\t<\/div>\n\t\t<\/div>\n\t\t\t\t\t<\/div>\n\t\t<\/section>\n\t\t\t\t<section class=\"elementor-section elementor-top-section altum__default elementor-element elementor-element-1d07308 elementor-section-boxed elementor-section-height-default elementor-section-height-default\" data-id=\"1d07308\" data-element_type=\"section\" data-e-type=\"section\">\n\t\t\t\t\t\t<div class=\"elementor-container elementor-column-gap-no\">\n\t\t\t\t\t<div class=\"elementor-column elementor-col-100 elementor-top-column elementor-element elementor-element-095d4d3\" data-id=\"095d4d3\" data-element_type=\"column\" data-e-type=\"column\">\n\t\t\t<div class=\"elementor-widget-wrap elementor-element-populated\">\n\t\t\t\t\t\t<div class=\"elementor-element elementor-element-a59917d elementor-widget elementor-widget-text-editor\" data-id=\"a59917d\" data-element_type=\"widget\" data-e-type=\"widget\" data-widget_type=\"text-editor.default\">\n\t\t\t\t<div class=\"elementor-widget-container\">\n\t\t\t\t\t\t\t\t\t<p>ALTUM supports and encourages honest whistleblowing about possible violations in ALTUM&#8217;s activities.<\/p>\n<p>\u00a0<\/p>\n<p>Any ALTUM employee or cooperation partner may raise the alarm about a suspected criminal offense, administrative violation, or other violation of legal norms at ALTUM that may harm the public interest. An anonymous submission shall not be considered an alarm report.<\/p>\n<p>\u00a0<\/p>\n<p>\u00a0<\/p>\n<p>ALTUM cooperation partners can submit a whistleblower report:<\/p>\n<p>\u00a0<\/p>\n<ul>\n<li>by sending a message<a href=\"\/wp-content\/uploads\/2022\/04\/trauksmes_zinojuma_veidlapa_altum.docx\" target=\"_blank\" rel=\"noopener\"> form<\/a> (in LV) with a secure electronic signature to the e-mail address:\u00a0<a href=\"mailto:trauksme@altum.lv\">trauksme@altum.lv <\/a>(recommended)<\/li>\n<li>by post: Doma laukums 4, Riga, LV-1050, addressed to AS \u201cAtt\u012bst\u012bbas finan\u0161u instit\u016bcija Altum\u201d and marked on the envelope \u201cWhistleblower report ALTUM\u201d<\/li>\n<li>by placing it in a specially designed lockable mailbox marked &#8220;Alert Messages (trauksmes zi\u0146ojumi)&#8221; located in the lobby of the ALTUM building at Doma laukums 4, Riga, which is not subject to video surveillance.<\/li>\n<\/ul>\n<p>\u00a0<\/p>\n<p>Contact person for alarm raising issues: Santa Kaijaka, telephone: <a href=\"tel:+37167774119\">67774119<\/a>.<\/p>\n<p>\u00a0<\/p>\n<p>Additional information on Whistleblowing is available on the website <a href=\"http:\/\/www.trauksmescelejs.lv\/\">www.trauksmescelejs.lv<\/a>.<\/p>\n<p>\u00a0<\/p>\t\t\t\t\t\t\t\t<\/div>\n\t\t\t\t<\/div>\n\t\t\t\t\t<\/div>\n\t\t<\/div>\n\t\t\t\t\t<\/div>\n\t\t<\/section>\n\t\t\t\t<\/div>\n\t\t","protected":false},"excerpt":{"rendered":"<p>Altum&#8211; Raising the alarm ALTUM supports and encourages honest whistleblowing about possible violations in ALTUM&#8217;s activities. \u00a0 Any ALTUM employee or cooperation partner may raise the alarm about a suspected [&hellip;]<\/p>\n","protected":false},"author":1,"featured_media":0,"parent":0,"menu_order":0,"comment_status":"closed","ping_status":"closed","template":"","meta":{"_acf_changed":false,"inline_featured_image":false,"footnotes":""},"class_list":["post-11025","page","type-page","status-publish","hentry"],"acf":[],"yoast_head":"<!-- This site is optimized with the Yoast SEO plugin v22.3 - https:\/\/yoast.com\/wordpress\/plugins\/seo\/ -->\n<title>Whistleblowing policy - Altum<\/title>\n<meta name=\"robots\" content=\"index, follow, max-snippet:-1, max-image-preview:large, max-video-preview:-1\" \/>\n<link rel=\"canonical\" href=\"https:\/\/www.altum.lv\/en\/raising-an-alarm\/\" \/>\n<meta property=\"og:locale\" content=\"en_US\" \/>\n<meta property=\"og:type\" content=\"article\" \/>\n<meta property=\"og:title\" content=\"Whistleblowing policy - Altum\" \/>\n<meta property=\"og:description\" content=\"Altum&#8211; Raising the alarm ALTUM supports and encourages honest whistleblowing about possible violations in ALTUM&#8217;s activities. \u00a0 Any ALTUM employee or cooperation partner may raise the alarm about a suspected [&hellip;]\" \/>\n<meta property=\"og:url\" content=\"https:\/\/www.altum.lv\/en\/raising-an-alarm\/\" \/>\n<meta property=\"og:site_name\" content=\"Altum\" \/>\n<meta property=\"article:publisher\" content=\"https:\/\/www.facebook.com\/AltumLV\" \/>\n<meta property=\"article:modified_time\" content=\"2025-11-11T14:46:14+00:00\" \/>\n<meta name=\"twitter:card\" content=\"summary_large_image\" \/>\n<meta name=\"twitter:site\" content=\"@altumlv\" \/>\n<meta name=\"twitter:label1\" content=\"Est. reading time\" \/>\n\t<meta name=\"twitter:data1\" content=\"1 minute\" \/>\n<script type=\"application\/ld+json\" class=\"yoast-schema-graph\">{\"@context\":\"https:\/\/schema.org\",\"@graph\":[{\"@type\":\"WebPage\",\"@id\":\"https:\/\/www.altum.lv\/en\/raising-an-alarm\/\",\"url\":\"https:\/\/www.altum.lv\/en\/raising-an-alarm\/\",\"name\":\"Whistleblowing policy - Altum\",\"isPartOf\":{\"@id\":\"https:\/\/www.altum.lv\/en\/#website\"},\"datePublished\":\"2022-04-20T09:05:25+00:00\",\"dateModified\":\"2025-11-11T14:46:14+00:00\",\"breadcrumb\":{\"@id\":\"https:\/\/www.altum.lv\/en\/raising-an-alarm\/#breadcrumb\"},\"inLanguage\":\"en-US\",\"potentialAction\":[{\"@type\":\"ReadAction\",\"target\":[\"https:\/\/www.altum.lv\/en\/raising-an-alarm\/\"]}]},{\"@type\":\"BreadcrumbList\",\"@id\":\"https:\/\/www.altum.lv\/en\/raising-an-alarm\/#breadcrumb\",\"itemListElement\":[{\"@type\":\"ListItem\",\"position\":1,\"name\":\"S\u0101kums\",\"item\":\"https:\/\/www.altum.lv\/en\/\"},{\"@type\":\"ListItem\",\"position\":2,\"name\":\"Whistleblowing policy\"}]},{\"@type\":\"WebSite\",\"@id\":\"https:\/\/www.altum.lv\/en\/#website\",\"url\":\"https:\/\/www.altum.lv\/en\/\",\"name\":\"Altum\",\"description\":\"Finan\u0161u instit\u016bcija ALTUM\",\"potentialAction\":[{\"@type\":\"SearchAction\",\"target\":{\"@type\":\"EntryPoint\",\"urlTemplate\":\"https:\/\/www.altum.lv\/en\/?s={search_term_string}\"},\"query-input\":\"required name=search_term_string\"}],\"inLanguage\":\"en-US\"}]}<\/script>\n<!-- \/ Yoast SEO plugin. -->","yoast_head_json":{"title":"Whistleblowing policy - Altum","robots":{"index":"index","follow":"follow","max-snippet":"max-snippet:-1","max-image-preview":"max-image-preview:large","max-video-preview":"max-video-preview:-1"},"canonical":"https:\/\/www.altum.lv\/en\/raising-an-alarm\/","og_locale":"en_US","og_type":"article","og_title":"Whistleblowing policy - Altum","og_description":"Altum&#8211; Raising the alarm ALTUM supports and encourages honest whistleblowing about possible violations in ALTUM&#8217;s activities. \u00a0 Any ALTUM employee or cooperation partner may raise the alarm about a suspected [&hellip;]","og_url":"https:\/\/www.altum.lv\/en\/raising-an-alarm\/","og_site_name":"Altum","article_publisher":"https:\/\/www.facebook.com\/AltumLV","article_modified_time":"2025-11-11T14:46:14+00:00","twitter_card":"summary_large_image","twitter_site":"@altumlv","twitter_misc":{"Est. reading time":"1 minute"},"schema":{"@context":"https:\/\/schema.org","@graph":[{"@type":"WebPage","@id":"https:\/\/www.altum.lv\/en\/raising-an-alarm\/","url":"https:\/\/www.altum.lv\/en\/raising-an-alarm\/","name":"Whistleblowing policy - Altum","isPartOf":{"@id":"https:\/\/www.altum.lv\/en\/#website"},"datePublished":"2022-04-20T09:05:25+00:00","dateModified":"2025-11-11T14:46:14+00:00","breadcrumb":{"@id":"https:\/\/www.altum.lv\/en\/raising-an-alarm\/#breadcrumb"},"inLanguage":"en-US","potentialAction":[{"@type":"ReadAction","target":["https:\/\/www.altum.lv\/en\/raising-an-alarm\/"]}]},{"@type":"BreadcrumbList","@id":"https:\/\/www.altum.lv\/en\/raising-an-alarm\/#breadcrumb","itemListElement":[{"@type":"ListItem","position":1,"name":"S\u0101kums","item":"https:\/\/www.altum.lv\/en\/"},{"@type":"ListItem","position":2,"name":"Whistleblowing policy"}]},{"@type":"WebSite","@id":"https:\/\/www.altum.lv\/en\/#website","url":"https:\/\/www.altum.lv\/en\/","name":"Altum","description":"Finan\u0161u instit\u016bcija ALTUM","potentialAction":[{"@type":"SearchAction","target":{"@type":"EntryPoint","urlTemplate":"https:\/\/www.altum.lv\/en\/?s={search_term_string}"},"query-input":"required name=search_term_string"}],"inLanguage":"en-US"}]}},"_links":{"self":[{"href":"https:\/\/www.altum.lv\/en\/wp-json\/wp\/v2\/pages\/11025"}],"collection":[{"href":"https:\/\/www.altum.lv\/en\/wp-json\/wp\/v2\/pages"}],"about":[{"href":"https:\/\/www.altum.lv\/en\/wp-json\/wp\/v2\/types\/page"}],"author":[{"embeddable":true,"href":"https:\/\/www.altum.lv\/en\/wp-json\/wp\/v2\/users\/1"}],"replies":[{"embeddable":true,"href":"https:\/\/www.altum.lv\/en\/wp-json\/wp\/v2\/comments?post=11025"}],"version-history":[{"count":5,"href":"https:\/\/www.altum.lv\/en\/wp-json\/wp\/v2\/pages\/11025\/revisions"}],"predecessor-version":[{"id":60878,"href":"https:\/\/www.altum.lv\/en\/wp-json\/wp\/v2\/pages\/11025\/revisions\/60878"}],"wp:attachment":[{"href":"https:\/\/www.altum.lv\/en\/wp-json\/wp\/v2\/media?parent=11025"}],"curies":[{"name":"wp","href":"https:\/\/api.w.org\/{rel}","templated":true}]}}