{"id":11032,"date":"2022-06-03T13:21:53","date_gmt":"2022-06-03T11:21:53","guid":{"rendered":"https:\/\/www.altum.lv\/give-feedback\/"},"modified":"2022-07-12T21:55:19","modified_gmt":"2022-07-12T19:55:19","slug":"give-feedback","status":"publish","type":"page","link":"https:\/\/www.altum.lv\/en\/give-feedback\/","title":{"rendered":"Give feedback"},"content":{"rendered":"\t\t<div data-elementor-type=\"wp-page\" data-elementor-id=\"11032\" class=\"elementor elementor-11032 elementor-10946\">\n\t\t\t\t\t\t<section class=\"elementor-section elementor-top-section altum__default elementor-element elementor-element-5a58ece elementor-section-full_width elementor-section-height-default elementor-section-height-default\" data-id=\"5a58ece\" data-element_type=\"section\" data-e-type=\"section\">\n\t\t\t\t\t\t<div class=\"elementor-container elementor-column-gap-default\">\n\t\t\t\t\t<div class=\"elementor-column elementor-col-100 elementor-top-column elementor-element elementor-element-ce9a23e\" data-id=\"ce9a23e\" data-element_type=\"column\" data-e-type=\"column\">\n\t\t\t<div class=\"elementor-widget-wrap elementor-element-populated\">\n\t\t\t\t\t\t<div class=\"elementor-element elementor-element-1f21fef elementor-widget elementor-widget-altum-large-header\" data-id=\"1f21fef\" data-element_type=\"widget\" data-e-type=\"widget\" data-widget_type=\"altum-large-header.default\">\n\t\t\t\t<div class=\"elementor-widget-container\">\n\t\t\t\t\t\n            <section class=\"topBanner\" style=\"background: #E7F0F3; margin-bottom: 45px; padding-bottom: 25px;\">\n                <div class=\"container\">\n\t\t\t\t\t<div class=\"topBanner__breadcrumbs\"><a href=\"https:\/\/www.altum.lv\" class=\"topBannerBreadcrumb__link\">Altum<\/a><span class=\"topBannerBreadcrumb__indent\">-<\/span><\/div>\n                    <h1 class=\"topBanner__title\">Give feedback<\/h1>\n\t\t\t\t\t\n                    \n\t\t\t\t\t\n                <\/div>\n            <\/section>\n        \t\t\t\t<\/div>\n\t\t\t\t<\/div>\n\t\t\t\t\t<\/div>\n\t\t<\/div>\n\t\t\t\t\t<\/div>\n\t\t<\/section>\n\t\t\t\t<section class=\"elementor-section elementor-top-section altum__default elementor-element elementor-element-5749bf2 elementor-section-boxed elementor-section-height-default elementor-section-height-default\" data-id=\"5749bf2\" data-element_type=\"section\" data-e-type=\"section\">\n\t\t\t\t\t\t<div class=\"elementor-container elementor-column-gap-default\">\n\t\t\t\t\t<div class=\"elementor-column elementor-col-100 elementor-top-column elementor-element elementor-element-59a8447\" data-id=\"59a8447\" data-element_type=\"column\" data-e-type=\"column\">\n\t\t\t<div class=\"elementor-widget-wrap elementor-element-populated\">\n\t\t\t\t\t\t<div class=\"elementor-element elementor-element-3e62ee8 elementor-widget elementor-widget-altum-consultation-form\" data-id=\"3e62ee8\" data-element_type=\"widget\" data-e-type=\"widget\" data-widget_type=\"altum-consultation-form.default\">\n\t\t\t\t<div class=\"elementor-widget-container\">\n\t\t\t\t\t\n            <section class=\"consultation consultation1\">\n                <div class=\"container\">\n                    <form action=\"\/\" method=\"POST\" class=\"altum__consultationForm\">\n                        <div class=\"consultation__wrap\">\n\t\t\t\t\t\t\t\n                            <h3 class=\"consultation__h3\">Give feedback<\/h3>\n\t\t\t\t\t\t\t<input type=\"hidden\" class=\"consultation__emailTitle\" value=\"\">\n                            <div class=\"consultation__row\">\n\t\t\t\t\t<div class=\"consultation__elem\">\n\t\t\t\t\t\t<label for=\"name-surname\" class=\"consultation__label\">Name Surname <span class=\"altum__requiredSymbol\">*<\/span><\/label>\n\t\t\t\t\t\t<input type=\"text\" title=\"Name Surname - oblig\u0101ts lauks\" class=\"consultation__input altum__consultationForm-required\" autocomplete=\"off\" id=\"name-surname\" name=\"name-surname\">\n\t\t\t\t\t<\/div>\n\t\t\t\t\n\t\t\t\t\t<div class=\"consultation__elem\">\n\t\t\t\t\t\t<label for=\"email\" class=\"consultation__label\">Email <span class=\"altum__requiredSymbol\">*<\/span><\/label>\n\t\t\t\t\t\t<input type=\"email\" title=\"Email - oblig\u0101ts lauks\" class=\"consultation__input altum__consultationForm-required\" autocomplete=\"off\" id=\"email\" name=\"email\">\n\t\t\t\t\t<\/div>\n\t\t\t\t<\/div><div class=\"consultation__row\">\n\t\t\t\t\t<div class=\"consultation__elem\">\n\t\t\t\t\t\t<label for=\"phone\" class=\"consultation__label\">Phone <span class=\"altum__requiredSymbol\">*<\/span><\/label>\n\t\t\t\t\t\t<input type=\"tel\" title=\"Phone - oblig\u0101ts lauks\" class=\"consultation__input altum__consultationForm-required\" autocomplete=\"off\" id=\"phone\" name=\"phone\">\n\t\t\t\t\t<\/div>\n\t\t\t\t<\/div><div class=\"consultation__row textarea__row\">\n\t\t\t\t\t\t<div class=\"consultation__elem consultation__textarea\">\n\t\t\t\t\t\t\t<label for=\"your-feedback\" class=\"consultation__label\">Your feedback <span class=\"altum__requiredSymbol\">*<\/span><\/label>\n\t\t\t\t\t\t\t<textarea class=\"consultation__input altum__consultationForm-required\" title=\"Your feedback teksts\" rows=\"6\" autocomplete=\"off\" id=\"your-feedback\" name=\"your-feedback\"><\/textarea>\n\t\t\t\t\t\t<\/div>\n\t\t\t\t\t<\/div>\n\t\t\t\t\t\t\t<div class=\"consultation__row consultation__row-1\">\n                                <div class=\"mainSubscribeFormSelect__containerWrap\">\n                                    <label class=\"mainSubscribeFormSelect__container\">\n                                        <input type=\"checkbox\" class=\"altum__consultationForm-gdpr\" aria-labelledby=\"Nos\u016btot pieteikumu, J\u016bs apliecin\u0101t, ka piekr\u012btat pieteikum\u0101 savu nor\u0101d\u012bto personas datu apstr\u0101dei.\">\n                                        <span class=\"mainSubscribeFormSelect__checkmark mainSubscribeFormSelect__checkmark-dark\" aria-labelledby=\"Nos\u016btot pieteikumu, J\u016bs apliecin\u0101t, ka piekr\u012btat pieteikum\u0101 savu nor\u0101d\u012bto personas datu apstr\u0101dei.\"><\/span>\n                                    <\/label>\n                                    <p class=\"mainSubscribeFormSelect__link mainSubscribeFormSelect__link-dark\">By sending the application, you confirm that you agree to the processing of your personal data specified in the application.<\/p>\n                                <\/div>\n                            <\/div>\n                             <div class=\"consultation__row consultation__row-1\">\n                                <div class=\"mainSubscribeFormSelect__containerWrap\">\n                                    <label class=\"mainSubscribeFormSelect__container\">\n                                        <input type=\"checkbox\" name=\"subscribe\" class=\"altum__consultationForm-subscribe\" aria-labelledby=\"Piekr\u012btu sa\u0146emt jaunumus un inform\u0101ciju par ALTUM pied\u0101v\u0101tajiem pakalpojumiem.\">\n                                        <span class=\"mainSubscribeFormSelect__checkmark mainSubscribeFormSelect__checkmark-dark\" aria-labelledby=\"Piekr\u012btu sa\u0146emt jaunumus un inform\u0101ciju par ALTUM pied\u0101v\u0101tajiem pakalpojumiem.\"><\/span>\n                                    <\/label>\n                                    <p class=\"mainSubscribeFormSelect__link mainSubscribeFormSelect__link-dark\">Piekr\u012btu sa\u0146emt jaunumus un inform\u0101ciju par ALTUM pied\u0101v\u0101tajiem pakalpojumiem. <a href=\"\/privatuma-politika\/\" target=\"_blank\" class=\"consultation__link\">ALTUM Priv\u0101tuma politika pieejama \u0161eit<\/a>.<\/p>\n                                <\/div>\n                            <\/div>\n\n                            <div class=\"consultation__btnWrap\">\n                                <button type=\"submit\" class=\"swiper2Content__btn famWithChildBottomContent__btn consultation__btn\">Continue<\/button>\n                            <\/div>\n\n\t\t\t\t\t\t\t<div class=\"altum__consultationForm-loader\">\n\t\t\t\t\t\t\t\t<div class=\"altum__consultationForm-loaderInner\">\n\t\t\t\t\t\t\t\t\t<div class=\"lds-hourglass\"><\/div>\n\t\t\t\t\t\t\t\t<\/div>\n\t\t\t\t\t\t\t<\/div>\n\n\t\t\t\t\t\t\t<div class=\"altum__consultationForm-success\" tabindex=\"0\">\n\t\t\t\t\t\t\t\t<div class=\"altum__consultationForm-successInner\">\n\t\t\t\t\t\t\t\t\t<div class=\"altum__consultationForm-successTxt\" tabindex=\"0\" title=\"Thank you for your feedback!\" aria-labelledby=\"Thank you for your feedback!\">Thank you for your feedback!<\/div>\n\t\t\t\t\t\t\t\t\t<span class=\"altum__consultationForm-sendAgain propertyForm-sendAgain\" tabindex=\"0\">Give feedback again<\/span>\n\t\t\t\t\t\t\t\t<\/div>\n\t\t\t\t\t\t\t<\/div>\n\n                        <\/div>\n                        <input type=\"hidden\" name=\"google_response\" value=\"\" class=\"googleResponse\">\n\t\t\t\t\t\t<input type=\"hidden\" name=\"receiver\" value=\"YWx0dW1AYWx0dW0ubHY=\">\n\t\t\t\t\t\t<input type=\"hidden\" name=\"form_mail\" value=\"\">\n\t\t\t\t\t\t<input type=\"hidden\" name=\"form_c\" value=\"\">\n                    <\/form>\n                <\/div>\n            <\/section>\n        \t\t\t\t<\/div>\n\t\t\t\t<\/div>\n\t\t\t\t\t<\/div>\n\t\t<\/div>\n\t\t\t\t\t<\/div>\n\t\t<\/section>\n\t\t\t\t<\/div>\n\t\t","protected":false},"excerpt":{"rendered":"<p>Altum&#8211; Give feedback Give feedback Name Surname * Email * Phone * Your feedback * Piekr\u012btu personas datu apstr\u0101dei ar m\u0113r\u0137i sa\u0146emt inform\u0101ciju par ALTUM pied\u0101v\u0101tajiempakalpojumiem. ALTUM Priv\u0101tuma politika pieejama [&hellip;]<\/p>\n","protected":false},"author":1,"featured_media":0,"parent":0,"menu_order":0,"comment_status":"closed","ping_status":"closed","template":"","meta":{"_acf_changed":false,"inline_featured_image":false,"footnotes":""},"class_list":["post-11032","page","type-page","status-publish","hentry"],"acf":[],"yoast_head":"<!-- This site is optimized with the Yoast SEO plugin v22.3 - https:\/\/yoast.com\/wordpress\/plugins\/seo\/ -->\n<title>Give feedback - Altum<\/title>\n<meta name=\"robots\" content=\"index, follow, max-snippet:-1, max-image-preview:large, max-video-preview:-1\" \/>\n<link rel=\"canonical\" href=\"https:\/\/www.altum.lv\/en\/give-feedback\/\" \/>\n<meta property=\"og:locale\" content=\"en_US\" \/>\n<meta property=\"og:type\" content=\"article\" \/>\n<meta property=\"og:title\" content=\"Give feedback - Altum\" \/>\n<meta property=\"og:description\" content=\"Altum&#8211; Give feedback Give feedback Name Surname * Email * Phone * Your feedback * Piekr\u012btu personas datu apstr\u0101dei ar m\u0113r\u0137i sa\u0146emt inform\u0101ciju par ALTUM pied\u0101v\u0101tajiempakalpojumiem. ALTUM Priv\u0101tuma politika pieejama [&hellip;]\" \/>\n<meta property=\"og:url\" content=\"https:\/\/www.altum.lv\/en\/give-feedback\/\" \/>\n<meta property=\"og:site_name\" content=\"Altum\" \/>\n<meta property=\"article:publisher\" content=\"https:\/\/www.facebook.com\/AltumLV\" \/>\n<meta property=\"article:modified_time\" content=\"2022-07-12T19:55:19+00:00\" \/>\n<meta name=\"twitter:card\" content=\"summary_large_image\" \/>\n<meta name=\"twitter:site\" content=\"@altumlv\" \/>\n<script type=\"application\/ld+json\" class=\"yoast-schema-graph\">{\"@context\":\"https:\/\/schema.org\",\"@graph\":[{\"@type\":\"WebPage\",\"@id\":\"https:\/\/www.altum.lv\/en\/give-feedback\/\",\"url\":\"https:\/\/www.altum.lv\/en\/give-feedback\/\",\"name\":\"Give feedback - Altum\",\"isPartOf\":{\"@id\":\"https:\/\/www.altum.lv\/en\/#website\"},\"datePublished\":\"2022-06-03T11:21:53+00:00\",\"dateModified\":\"2022-07-12T19:55:19+00:00\",\"breadcrumb\":{\"@id\":\"https:\/\/www.altum.lv\/en\/give-feedback\/#breadcrumb\"},\"inLanguage\":\"en-US\",\"potentialAction\":[{\"@type\":\"ReadAction\",\"target\":[\"https:\/\/www.altum.lv\/en\/give-feedback\/\"]}]},{\"@type\":\"BreadcrumbList\",\"@id\":\"https:\/\/www.altum.lv\/en\/give-feedback\/#breadcrumb\",\"itemListElement\":[{\"@type\":\"ListItem\",\"position\":1,\"name\":\"S\u0101kums\",\"item\":\"https:\/\/www.altum.lv\/en\/\"},{\"@type\":\"ListItem\",\"position\":2,\"name\":\"Give feedback\"}]},{\"@type\":\"WebSite\",\"@id\":\"https:\/\/www.altum.lv\/en\/#website\",\"url\":\"https:\/\/www.altum.lv\/en\/\",\"name\":\"Altum\",\"description\":\"Finan\u0161u instit\u016bcija ALTUM\",\"potentialAction\":[{\"@type\":\"SearchAction\",\"target\":{\"@type\":\"EntryPoint\",\"urlTemplate\":\"https:\/\/www.altum.lv\/en\/?s={search_term_string}\"},\"query-input\":\"required name=search_term_string\"}],\"inLanguage\":\"en-US\"}]}<\/script>\n<!-- \/ Yoast SEO plugin. -->","yoast_head_json":{"title":"Give feedback - Altum","robots":{"index":"index","follow":"follow","max-snippet":"max-snippet:-1","max-image-preview":"max-image-preview:large","max-video-preview":"max-video-preview:-1"},"canonical":"https:\/\/www.altum.lv\/en\/give-feedback\/","og_locale":"en_US","og_type":"article","og_title":"Give feedback - Altum","og_description":"Altum&#8211; Give feedback Give feedback Name Surname * Email * Phone * Your feedback * Piekr\u012btu personas datu apstr\u0101dei ar m\u0113r\u0137i sa\u0146emt inform\u0101ciju par ALTUM pied\u0101v\u0101tajiempakalpojumiem. ALTUM Priv\u0101tuma politika pieejama [&hellip;]","og_url":"https:\/\/www.altum.lv\/en\/give-feedback\/","og_site_name":"Altum","article_publisher":"https:\/\/www.facebook.com\/AltumLV","article_modified_time":"2022-07-12T19:55:19+00:00","twitter_card":"summary_large_image","twitter_site":"@altumlv","schema":{"@context":"https:\/\/schema.org","@graph":[{"@type":"WebPage","@id":"https:\/\/www.altum.lv\/en\/give-feedback\/","url":"https:\/\/www.altum.lv\/en\/give-feedback\/","name":"Give feedback - Altum","isPartOf":{"@id":"https:\/\/www.altum.lv\/en\/#website"},"datePublished":"2022-06-03T11:21:53+00:00","dateModified":"2022-07-12T19:55:19+00:00","breadcrumb":{"@id":"https:\/\/www.altum.lv\/en\/give-feedback\/#breadcrumb"},"inLanguage":"en-US","potentialAction":[{"@type":"ReadAction","target":["https:\/\/www.altum.lv\/en\/give-feedback\/"]}]},{"@type":"BreadcrumbList","@id":"https:\/\/www.altum.lv\/en\/give-feedback\/#breadcrumb","itemListElement":[{"@type":"ListItem","position":1,"name":"S\u0101kums","item":"https:\/\/www.altum.lv\/en\/"},{"@type":"ListItem","position":2,"name":"Give feedback"}]},{"@type":"WebSite","@id":"https:\/\/www.altum.lv\/en\/#website","url":"https:\/\/www.altum.lv\/en\/","name":"Altum","description":"Finan\u0161u instit\u016bcija ALTUM","potentialAction":[{"@type":"SearchAction","target":{"@type":"EntryPoint","urlTemplate":"https:\/\/www.altum.lv\/en\/?s={search_term_string}"},"query-input":"required name=search_term_string"}],"inLanguage":"en-US"}]}},"_links":{"self":[{"href":"https:\/\/www.altum.lv\/en\/wp-json\/wp\/v2\/pages\/11032"}],"collection":[{"href":"https:\/\/www.altum.lv\/en\/wp-json\/wp\/v2\/pages"}],"about":[{"href":"https:\/\/www.altum.lv\/en\/wp-json\/wp\/v2\/types\/page"}],"author":[{"embeddable":true,"href":"https:\/\/www.altum.lv\/en\/wp-json\/wp\/v2\/users\/1"}],"replies":[{"embeddable":true,"href":"https:\/\/www.altum.lv\/en\/wp-json\/wp\/v2\/comments?post=11032"}],"version-history":[{"count":7,"href":"https:\/\/www.altum.lv\/en\/wp-json\/wp\/v2\/pages\/11032\/revisions"}],"predecessor-version":[{"id":18797,"href":"https:\/\/www.altum.lv\/en\/wp-json\/wp\/v2\/pages\/11032\/revisions\/18797"}],"wp:attachment":[{"href":"https:\/\/www.altum.lv\/en\/wp-json\/wp\/v2\/media?parent=11032"}],"curies":[{"name":"wp","href":"https:\/\/api.w.org\/{rel}","templated":true}]}}