{"id":11034,"date":"2022-06-03T13:21:42","date_gmt":"2022-06-03T11:21:42","guid":{"rendered":"https:\/\/www.altum.lv\/accessibility-statement\/"},"modified":"2024-09-03T14:09:52","modified_gmt":"2024-09-03T12:09:52","slug":"accessibility-statement","status":"publish","type":"page","link":"https:\/\/www.altum.lv\/en\/accessibility-statement\/","title":{"rendered":"Accessibility statement"},"content":{"rendered":"\t\t<div data-elementor-type=\"wp-page\" data-elementor-id=\"11034\" class=\"elementor elementor-11034 elementor-10944\">\n\t\t\t\t\t\t<section class=\"elementor-section elementor-top-section altum__default elementor-element elementor-element-bc8ec70 elementor-section-full_width elementor-section-height-default elementor-section-height-default\" data-id=\"bc8ec70\" data-element_type=\"section\" data-e-type=\"section\">\n\t\t\t\t\t\t<div class=\"elementor-container elementor-column-gap-default\">\n\t\t\t\t\t<div class=\"elementor-column elementor-col-100 elementor-top-column elementor-element elementor-element-65d92b7\" data-id=\"65d92b7\" data-element_type=\"column\" data-e-type=\"column\">\n\t\t\t<div class=\"elementor-widget-wrap elementor-element-populated\">\n\t\t\t\t\t\t<div class=\"elementor-element elementor-element-33721b0 elementor-widget elementor-widget-altum-large-header\" data-id=\"33721b0\" data-element_type=\"widget\" data-e-type=\"widget\" data-widget_type=\"altum-large-header.default\">\n\t\t\t\t<div class=\"elementor-widget-container\">\n\t\t\t\t\t\n            <section class=\"topBanner\" style=\"background: #E7F0F3; margin-bottom: 45px; padding-bottom: 25px;\">\n                <div class=\"container\">\n\t\t\t\t\t<div class=\"topBanner__breadcrumbs\"><a href=\"https:\/\/www.altum.lv\" class=\"topBannerBreadcrumb__link\">Altum<\/a><span class=\"topBannerBreadcrumb__indent\">-<\/span><\/div>\n                    <h1 class=\"topBanner__title\">Piek\u013c\u016bstam\u012bbas pazi\u0146ojums<\/h1>\n\t\t\t\t\t\n                    \n\t\t\t\t\t\n                <\/div>\n            <\/section>\n        \t\t\t\t<\/div>\n\t\t\t\t<\/div>\n\t\t\t\t\t<\/div>\n\t\t<\/div>\n\t\t\t\t\t<\/div>\n\t\t<\/section>\n\t\t\t\t<section class=\"elementor-section elementor-top-section altum__default elementor-element elementor-element-4527634 elementor-section-boxed elementor-section-height-default elementor-section-height-default\" data-id=\"4527634\" data-element_type=\"section\" data-e-type=\"section\">\n\t\t\t\t\t\t<div class=\"elementor-container elementor-column-gap-default\">\n\t\t\t\t\t<div class=\"elementor-column elementor-col-100 elementor-top-column elementor-element elementor-element-73106f5\" data-id=\"73106f5\" data-element_type=\"column\" data-e-type=\"column\">\n\t\t\t<div class=\"elementor-widget-wrap elementor-element-populated\">\n\t\t\t\t\t\t<div class=\"elementor-element elementor-element-19c8db7 elementor-widget elementor-widget-text-editor\" data-id=\"19c8db7\" data-element_type=\"widget\" data-e-type=\"widget\" data-widget_type=\"text-editor.default\">\n\t\t\t\t<div class=\"elementor-widget-container\">\n\t\t\t\t\t\t\t\t\t<p><strong>Atska\u0146ot tekstu<\/strong><\/p>\t\t\t\t\t\t\t\t<\/div>\n\t\t\t\t<\/div>\n\t\t\t\t<div class=\"elementor-element elementor-element-a0e486f elementor-widget elementor-widget-html\" data-id=\"a0e486f\" data-element_type=\"widget\" data-e-type=\"widget\" data-widget_type=\"html.default\">\n\t\t\t\t<div class=\"elementor-widget-container\">\n\t\t\t\t\t<audio controls>\r\n  <source src=\"\/pieklustamibas_pazinojums.mp3\" type=\"audio\/mpeg\">\r\nYour browser does not support the audio element.\r\n<\/audio>\t\t\t\t<\/div>\n\t\t\t\t<\/div>\n\t\t\t\t<div class=\"elementor-element elementor-element-95ed616 elementor-widget elementor-widget-text-editor\" data-id=\"95ed616\" data-element_type=\"widget\" data-e-type=\"widget\" data-widget_type=\"text-editor.default\">\n\t\t\t\t<div class=\"elementor-widget-container\">\n\t\t\t\t\t\t\t\t\t<p>\u00a0<\/p>\n<p>Public\u0113ts: 03.09.2024.<\/p>\n<p>\u00a0<\/p>\n<h2><br \/>Piek\u013c\u016bstam\u012bbas pazi\u0146ojums<\/h2>\n<p>\u00a0<\/p>\n<p>Att\u012bst\u012bbas finan\u0161u instit\u016bcija Altum ap\u0146emas savu t\u012bmek\u013cvietni veidot piek\u013c\u016bstamu.<br \/>\u00a0<br \/>\u0160is piek\u013c\u016bstam\u012bbas pazi\u0146ojums attiecas uz t\u012bmek\u013cvietni \u2013 www.altum.lv<br \/>\u00a0<br \/>T\u012bmek\u013cvietnei veikts vienk\u0101r\u0161otais piek\u013c\u016bstam\u012bbas izv\u0113rt\u0113jums. Izmantot\u0101 metode \u2013 VARAM sagatavot\u0101s \u201cVadl\u012bnijas iest\u0101\u017eu t\u012bmek\u013cvietn\u0113m noteikto piek\u013c\u016bstam\u012bbas pras\u012bbu iev\u0113ro\u0161anas ietekmes izv\u0113rt\u0113\u0161anai un nesam\u0113r\u012bg\u0101 sloga pamato\u0161anai\u201d.<\/p>\n<h3><br \/>\u00a0<br \/>Cik piek\u013c\u016bstama ir \u0161\u012b t\u012bmek\u013cvietne?<\/h3>\n<p>\u00a0<\/p>\n<p>ALTUM t\u012bmek\u013cvietne atbilst piek\u013c\u016bstam\u012bbas pras\u012bb\u0101m min\u0113to iemeslu d\u0113\u013c.<br \/>\u00a0<br \/>Izv\u0113rt\u0113jumu apliecino\u0161s dokuments: Piek\u013c\u016bstam\u012bbas izv\u0113rt\u0113\u0161anas protokola veidlapa (MS word)<\/p>\t\t\t\t\t\t\t\t<\/div>\n\t\t\t\t<\/div>\n\t\t\t\t\t<\/div>\n\t\t<\/div>\n\t\t\t\t\t<\/div>\n\t\t<\/section>\n\t\t\t\t<section class=\"elementor-section elementor-top-section altum__default elementor-element elementor-element-0ac8609 elementor-section-boxed elementor-section-height-default elementor-section-height-default\" data-id=\"0ac8609\" data-element_type=\"section\" data-e-type=\"section\">\n\t\t\t\t\t\t<div class=\"elementor-container elementor-column-gap-default\">\n\t\t\t\t\t<div class=\"elementor-column elementor-col-100 elementor-top-column elementor-element elementor-element-3bd26f0\" data-id=\"3bd26f0\" data-element_type=\"column\" data-e-type=\"column\">\n\t\t\t<div class=\"elementor-widget-wrap elementor-element-populated\">\n\t\t\t\t\t\t<div class=\"elementor-element elementor-element-87d5bac elementor-widget elementor-widget-altum-single-document\" data-id=\"87d5bac\" data-element_type=\"widget\" data-e-type=\"widget\" data-widget_type=\"altum-single-document.default\">\n\t\t\t\t<div class=\"elementor-widget-container\">\n\t\t\t\t\t\n\t\t\t\t<div class=\"altum__singleDocument\">\n\t\t\t\t\t<a href=\"https:\/\/www.altum.lv\/wp-content\/uploads\/2022\/07\/altum_majaslapas_-pieklustamibas_-izvertejums.pdf\" target=\"_blank\" class=\"dokumentiPdf__link\">\n\t\t\t\t\t\t<div class=\"dokumentiPdf__icon\">\n\t\t\t\t\t\t\tPDF\n\t\t\t\t\t\t<\/div>\n\t\t\t\t\t\t<p class=\"dokumentiPdf__p\">www.altum.lv m\u0101jaslapas piek\u013c\u016bstam\u012bbas izv\u0113rt\u0113jums<\/p>\n\t\t\t\t\t\t<div class=\"dokumentiPdf__iconWrap\">\n\t\t\t\t\t\t\t<svg width=\"20\" height=\"23\" fill=\"none\" xmlns=\"http:\/\/www.w3.org\/2000\/svg\"><path d=\"M10 1v16M1 22h18M6 13.5l4 4 4-4\" stroke=\"#000\" stroke-width=\"2\" stroke-linecap=\"round\" stroke-linejoin=\"round\"\/><\/svg>\n\t\t\t\t\t\t<\/div>\n\t\t\t\t\t<\/a>\n\t\t\t\t<\/div>\n\t\t\t\t\t\t\t<\/div>\n\t\t\t\t<\/div>\n\t\t\t\t\t<\/div>\n\t\t<\/div>\n\t\t\t\t\t<\/div>\n\t\t<\/section>\n\t\t\t\t<section class=\"elementor-section elementor-top-section altum__default elementor-element elementor-element-3b4a498 elementor-section-boxed elementor-section-height-default elementor-section-height-default\" data-id=\"3b4a498\" data-element_type=\"section\" data-e-type=\"section\">\n\t\t\t\t\t\t<div class=\"elementor-container elementor-column-gap-default\">\n\t\t\t\t\t<div class=\"elementor-column elementor-col-100 elementor-top-column elementor-element elementor-element-127efba\" data-id=\"127efba\" data-element_type=\"column\" data-e-type=\"column\">\n\t\t\t<div class=\"elementor-widget-wrap elementor-element-populated\">\n\t\t\t\t\t\t<div class=\"elementor-element elementor-element-8172992 elementor-widget elementor-widget-text-editor\" data-id=\"8172992\" data-element_type=\"widget\" data-e-type=\"widget\" data-widget_type=\"text-editor.default\">\n\t\t\t\t<div class=\"elementor-widget-container\">\n\t\t\t\t\t\t\t\t\t<h3>Piek\u013c\u016bstam\u012bbas alternat\u012bvas<\/h3>\n<p>\u00a0<\/p>\n<p>Lai sa\u0146emtu saturu, kas \u0161obr\u012bd nav piek\u013c\u016bstams, l\u016bdzam sazin\u0101ties ar ALTUM rakstot: e-pasts:\u00a0<a href=\"mailto:marketinga.dala@altum.lv\"><span style=\"font-size: 18px; font-style: normal; font-variant-ligatures: normal; font-variant-caps: normal; font-weight: 500;\">marketinga.dala@altum.lv<\/span><\/a>\u00a0vai zvanot: t\u0101lr. <strong>67774010<\/strong><\/p>\n<h4>\u00a0<\/h4>\n<h3>\u00a0<\/h3>\n<h3>S\u016bdz\u012bbu iesnieg\u0161ana<\/h3>\n<p>\u00a0<\/p>\n<p>Par t\u012bmek\u013cvietnes piek\u013c\u016bstam\u012bbu m\u016bsu iest\u0101d\u0113 atbild\u012bgs ir M\u0101rketinga departaments.<\/p>\n<p>e-pasts: <a href=\"mailto:marketinga.dala@altum.lv\">marketinga.dala@altum.lv\u00a0<\/a><\/p>\n<p><strong>\u00a0<\/strong><br \/><strong>Zi\u0146as par pazi\u0146ojuma sagatavo\u0161anu<\/strong><\/p>\n<p>\u0160is pazi\u0146ojums pirmo reizi tika sagatavots 20.07.2022.<br \/>\u0160o pazi\u0146ojumu apstiprin\u0101ja Patr\u012bcija Ozoli\u0146a, digit\u0101lo projektu vad\u012bt\u0101ja<\/p>\t\t\t\t\t\t\t\t<\/div>\n\t\t\t\t<\/div>\n\t\t\t\t\t<\/div>\n\t\t<\/div>\n\t\t\t\t\t<\/div>\n\t\t<\/section>\n\t\t\t\t<\/div>\n\t\t","protected":false},"excerpt":{"rendered":"<p>Altum&#8211; Piek\u013c\u016bstam\u012bbas pazi\u0146ojums Atska\u0146ot tekstu Your browser does not support the audio element. \u00a0 Public\u0113ts: 03.09.2024. \u00a0 Piek\u013c\u016bstam\u012bbas pazi\u0146ojums \u00a0 Att\u012bst\u012bbas finan\u0161u instit\u016bcija Altum ap\u0146emas savu t\u012bmek\u013cvietni veidot piek\u013c\u016bstamu.\u00a0\u0160is piek\u013c\u016bstam\u012bbas [&hellip;]<\/p>\n","protected":false},"author":1,"featured_media":0,"parent":0,"menu_order":0,"comment_status":"closed","ping_status":"closed","template":"","meta":{"_acf_changed":false,"inline_featured_image":false,"footnotes":""},"class_list":["post-11034","page","type-page","status-publish","hentry"],"acf":[],"yoast_head":"<!-- This site is optimized with the Yoast SEO plugin v22.3 - https:\/\/yoast.com\/wordpress\/plugins\/seo\/ -->\n<title>Accessibility statement - Altum<\/title>\n<meta name=\"robots\" content=\"index, follow, max-snippet:-1, max-image-preview:large, max-video-preview:-1\" \/>\n<link rel=\"canonical\" href=\"https:\/\/www.altum.lv\/en\/accessibility-statement\/\" \/>\n<meta property=\"og:locale\" content=\"en_US\" \/>\n<meta property=\"og:type\" content=\"article\" \/>\n<meta property=\"og:title\" content=\"Accessibility statement - Altum\" \/>\n<meta property=\"og:description\" content=\"Altum&#8211; Piek\u013c\u016bstam\u012bbas pazi\u0146ojums Atska\u0146ot tekstu Your browser does not support the audio element. \u00a0 Public\u0113ts: 03.09.2024. \u00a0 Piek\u013c\u016bstam\u012bbas pazi\u0146ojums \u00a0 Att\u012bst\u012bbas finan\u0161u instit\u016bcija Altum ap\u0146emas savu t\u012bmek\u013cvietni veidot piek\u013c\u016bstamu.\u00a0\u0160is piek\u013c\u016bstam\u012bbas [&hellip;]\" \/>\n<meta property=\"og:url\" content=\"https:\/\/www.altum.lv\/en\/accessibility-statement\/\" \/>\n<meta property=\"og:site_name\" content=\"Altum\" \/>\n<meta property=\"article:publisher\" content=\"https:\/\/www.facebook.com\/AltumLV\" \/>\n<meta property=\"article:modified_time\" content=\"2024-09-03T12:09:52+00:00\" \/>\n<meta name=\"twitter:card\" content=\"summary_large_image\" \/>\n<meta name=\"twitter:site\" content=\"@altumlv\" \/>\n<meta name=\"twitter:label1\" content=\"Est. reading time\" \/>\n\t<meta name=\"twitter:data1\" content=\"1 minute\" \/>\n<script type=\"application\/ld+json\" class=\"yoast-schema-graph\">{\"@context\":\"https:\/\/schema.org\",\"@graph\":[{\"@type\":\"WebPage\",\"@id\":\"https:\/\/www.altum.lv\/en\/accessibility-statement\/\",\"url\":\"https:\/\/www.altum.lv\/en\/accessibility-statement\/\",\"name\":\"Accessibility statement - Altum\",\"isPartOf\":{\"@id\":\"https:\/\/www.altum.lv\/en\/#website\"},\"datePublished\":\"2022-06-03T11:21:42+00:00\",\"dateModified\":\"2024-09-03T12:09:52+00:00\",\"breadcrumb\":{\"@id\":\"https:\/\/www.altum.lv\/en\/accessibility-statement\/#breadcrumb\"},\"inLanguage\":\"en-US\",\"potentialAction\":[{\"@type\":\"ReadAction\",\"target\":[\"https:\/\/www.altum.lv\/en\/accessibility-statement\/\"]}]},{\"@type\":\"BreadcrumbList\",\"@id\":\"https:\/\/www.altum.lv\/en\/accessibility-statement\/#breadcrumb\",\"itemListElement\":[{\"@type\":\"ListItem\",\"position\":1,\"name\":\"S\u0101kums\",\"item\":\"https:\/\/www.altum.lv\/en\/\"},{\"@type\":\"ListItem\",\"position\":2,\"name\":\"Accessibility statement\"}]},{\"@type\":\"WebSite\",\"@id\":\"https:\/\/www.altum.lv\/en\/#website\",\"url\":\"https:\/\/www.altum.lv\/en\/\",\"name\":\"Altum\",\"description\":\"Finan\u0161u instit\u016bcija ALTUM\",\"potentialAction\":[{\"@type\":\"SearchAction\",\"target\":{\"@type\":\"EntryPoint\",\"urlTemplate\":\"https:\/\/www.altum.lv\/en\/?s={search_term_string}\"},\"query-input\":\"required name=search_term_string\"}],\"inLanguage\":\"en-US\"}]}<\/script>\n<!-- \/ Yoast SEO plugin. -->","yoast_head_json":{"title":"Accessibility statement - Altum","robots":{"index":"index","follow":"follow","max-snippet":"max-snippet:-1","max-image-preview":"max-image-preview:large","max-video-preview":"max-video-preview:-1"},"canonical":"https:\/\/www.altum.lv\/en\/accessibility-statement\/","og_locale":"en_US","og_type":"article","og_title":"Accessibility statement - Altum","og_description":"Altum&#8211; Piek\u013c\u016bstam\u012bbas pazi\u0146ojums Atska\u0146ot tekstu Your browser does not support the audio element. \u00a0 Public\u0113ts: 03.09.2024. \u00a0 Piek\u013c\u016bstam\u012bbas pazi\u0146ojums \u00a0 Att\u012bst\u012bbas finan\u0161u instit\u016bcija Altum ap\u0146emas savu t\u012bmek\u013cvietni veidot piek\u013c\u016bstamu.\u00a0\u0160is piek\u013c\u016bstam\u012bbas [&hellip;]","og_url":"https:\/\/www.altum.lv\/en\/accessibility-statement\/","og_site_name":"Altum","article_publisher":"https:\/\/www.facebook.com\/AltumLV","article_modified_time":"2024-09-03T12:09:52+00:00","twitter_card":"summary_large_image","twitter_site":"@altumlv","twitter_misc":{"Est. reading time":"1 minute"},"schema":{"@context":"https:\/\/schema.org","@graph":[{"@type":"WebPage","@id":"https:\/\/www.altum.lv\/en\/accessibility-statement\/","url":"https:\/\/www.altum.lv\/en\/accessibility-statement\/","name":"Accessibility statement - Altum","isPartOf":{"@id":"https:\/\/www.altum.lv\/en\/#website"},"datePublished":"2022-06-03T11:21:42+00:00","dateModified":"2024-09-03T12:09:52+00:00","breadcrumb":{"@id":"https:\/\/www.altum.lv\/en\/accessibility-statement\/#breadcrumb"},"inLanguage":"en-US","potentialAction":[{"@type":"ReadAction","target":["https:\/\/www.altum.lv\/en\/accessibility-statement\/"]}]},{"@type":"BreadcrumbList","@id":"https:\/\/www.altum.lv\/en\/accessibility-statement\/#breadcrumb","itemListElement":[{"@type":"ListItem","position":1,"name":"S\u0101kums","item":"https:\/\/www.altum.lv\/en\/"},{"@type":"ListItem","position":2,"name":"Accessibility statement"}]},{"@type":"WebSite","@id":"https:\/\/www.altum.lv\/en\/#website","url":"https:\/\/www.altum.lv\/en\/","name":"Altum","description":"Finan\u0161u instit\u016bcija ALTUM","potentialAction":[{"@type":"SearchAction","target":{"@type":"EntryPoint","urlTemplate":"https:\/\/www.altum.lv\/en\/?s={search_term_string}"},"query-input":"required name=search_term_string"}],"inLanguage":"en-US"}]}},"_links":{"self":[{"href":"https:\/\/www.altum.lv\/en\/wp-json\/wp\/v2\/pages\/11034"}],"collection":[{"href":"https:\/\/www.altum.lv\/en\/wp-json\/wp\/v2\/pages"}],"about":[{"href":"https:\/\/www.altum.lv\/en\/wp-json\/wp\/v2\/types\/page"}],"author":[{"embeddable":true,"href":"https:\/\/www.altum.lv\/en\/wp-json\/wp\/v2\/users\/1"}],"replies":[{"embeddable":true,"href":"https:\/\/www.altum.lv\/en\/wp-json\/wp\/v2\/comments?post=11034"}],"version-history":[{"count":8,"href":"https:\/\/www.altum.lv\/en\/wp-json\/wp\/v2\/pages\/11034\/revisions"}],"predecessor-version":[{"id":45963,"href":"https:\/\/www.altum.lv\/en\/wp-json\/wp\/v2\/pages\/11034\/revisions\/45963"}],"wp:attachment":[{"href":"https:\/\/www.altum.lv\/en\/wp-json\/wp\/v2\/media?parent=11034"}],"curies":[{"name":"wp","href":"https:\/\/api.w.org\/{rel}","templated":true}]}}