{"id":11896,"date":"2022-04-21T14:44:46","date_gmt":"2022-04-21T12:44:46","guid":{"rendered":"https:\/\/www.altum.lv\/services\/businesses\/social-entrepreneurship\/"},"modified":"2026-04-14T11:11:36","modified_gmt":"2026-04-14T09:11:36","slug":"social-entrepreneurship","status":"publish","type":"page","link":"https:\/\/www.altum.lv\/en\/services\/enterprises\/social-entrepreneurship\/","title":{"rendered":"Social Entrepreneurship"},"content":{"rendered":"\t\t<div data-elementor-type=\"wp-page\" data-elementor-id=\"11896\" class=\"elementor elementor-11896 elementor-1717\">\n\t\t\t\t\t\t<section class=\"elementor-section elementor-top-section altum__default elementor-element elementor-element-6a6a5bd elementor-section-full_width elementor-section-height-default elementor-section-height-default\" data-id=\"6a6a5bd\" data-element_type=\"section\" data-e-type=\"section\">\n\t\t\t\t\t\t<div class=\"elementor-container elementor-column-gap-default\">\n\t\t\t\t\t<div class=\"elementor-column elementor-col-100 elementor-top-column elementor-element elementor-element-426de22\" data-id=\"426de22\" data-element_type=\"column\" data-e-type=\"column\">\n\t\t\t<div class=\"elementor-widget-wrap elementor-element-populated\">\n\t\t\t\t\t\t<div class=\"elementor-element elementor-element-c75e227 elementor-widget elementor-widget-altum-large-header\" data-id=\"c75e227\" data-element_type=\"widget\" data-e-type=\"widget\" data-widget_type=\"altum-large-header.default\">\n\t\t\t\t<div class=\"elementor-widget-container\">\n\t\t\t\t\t\n            <section class=\"topBanner\" style=\"background-image: url(https:\/\/www.altum.lv\/wp-content\/uploads\/2025\/06\/Sociala-uznemejdarbiba.png)\">\n                <div class=\"container\">\n\t\t\t\t\t<div class=\"topBanner__breadcrumbs\"><a href=\"https:\/\/www.altum.lv\" class=\"topBannerBreadcrumb__link\">Altum<\/a><span class=\"topBannerBreadcrumb__indent\">-<\/span><\/div>\n                    <h1 class=\"topBanner__title\">About the Social<br>Entrepreneurship Programme<\/h1>\n\t\t\t\t\t\n                    \n\t\t\t\t\t\n                <\/div>\n            <\/section>\n        \t\t\t\t<\/div>\n\t\t\t\t<\/div>\n\t\t\t\t\t<\/div>\n\t\t<\/div>\n\t\t\t\t\t<\/div>\n\t\t<\/section>\n\t\t\t\t<section class=\"elementor-section elementor-top-section altum__default elementor-element elementor-element-98fb738 elementor-section-boxed elementor-section-height-default elementor-section-height-default\" data-id=\"98fb738\" data-element_type=\"section\" data-e-type=\"section\">\n\t\t\t\t\t\t<div class=\"elementor-container elementor-column-gap-default\">\n\t\t\t\t\t<div class=\"elementor-column elementor-col-100 elementor-top-column elementor-element elementor-element-333c0cc\" data-id=\"333c0cc\" data-element_type=\"column\" data-e-type=\"column\">\n\t\t\t<div class=\"elementor-widget-wrap elementor-element-populated\">\n\t\t\t\t\t\t<div class=\"elementor-element elementor-element-0c708ca elementor-widget elementor-widget-text-editor\" data-id=\"0c708ca\" data-element_type=\"widget\" data-e-type=\"widget\" data-widget_type=\"text-editor.default\">\n\t\t\t\t<div class=\"elementor-widget-container\">\n\t\t\t\t\t\t\t\t\t<p>Social entrepreneurship grants are meant for social enterprises and social startups for the implementation, launch or expansion of viable and economically feasible business projects.<\/p>\n<p>\u00a0<\/p>\n<ul style=\"list-style-type: circle;\">\n<li>Grants of between <u>EUR 10,000 and EUR 200,000<\/u> for investments, working capital (including labour remuneration) according to the business plan and grant conditions.<\/li>\n<li>The company has to be registered in the <a href=\"http:\/\/www.lm.gov.lv\/text\/3672\" target=\"_blank\" rel=\"noopener\"><u>Register of Social Enterprises<\/u><\/a>. A natural person can apply for the grant if they have won the Competition of Business Ideas, organized by the Ministry of Welfare.<\/li>\n<li>Project duration up to 2 years.<\/li>\n<\/ul>\n<p>\u00a0<\/p>\n<p>The programme is implemented by the <a href=\"http:\/\/www.lm.gov.lv\/text\/3496\" target=\"_blank\" rel=\"noopener\"><u>Ministry of Welfare<\/u><\/a> in cooperation with ALTUM.<\/p>\n<p>\u00a0<\/p>\t\t\t\t\t\t\t\t<\/div>\n\t\t\t\t<\/div>\n\t\t\t\t<div class=\"elementor-element elementor-element-1e03745 elementor-widget elementor-widget-text-editor\" data-id=\"1e03745\" data-element_type=\"widget\" data-e-type=\"widget\" data-widget_type=\"text-editor.default\">\n\t\t\t\t<div class=\"elementor-widget-container\">\n\t\t\t\t\t\t\t\t\t<p><span style=\"font-size: 14px;\">Programme financing is provided as <\/span><em style=\"font-size: 14px;\">de minimis<\/em><span style=\"font-size: 14px;\">\u00a0aid.<\/span><\/p>\n<p>\u00a0<\/p>\n<p><span class=\"gray\" style=\"font-size: 14px;\">Programme is regulated by Cabinet Regulation No. 818 of 19.12.2023. <a href=\"https:\/\/m.likumi.lv\/ta\/id\/348693-eiropas-savienibas-kohezijas-politikas-programmas-2021-2027-gadam-4-3-3-specifiska-atbalsta-merka-uzlabot-visu-darba-mekletaju-...\">&#8220;Implementation Regulations for 4.3.3.3 measure &#8220;Aid to Social Entrepreneurship&#8221;<\/a><\/span><\/p>\t\t\t\t\t\t\t\t<\/div>\n\t\t\t\t<\/div>\n\t\t\t\t\t<\/div>\n\t\t<\/div>\n\t\t\t\t\t<\/div>\n\t\t<\/section>\n\t\t\t\t<section class=\"elementor-section elementor-top-section altum__default elementor-element elementor-element-6c5739d elementor-section-boxed elementor-section-height-default elementor-section-height-default\" data-id=\"6c5739d\" data-element_type=\"section\" data-e-type=\"section\">\n\t\t\t\t\t\t<div class=\"elementor-container elementor-column-gap-default\">\n\t\t\t\t\t<div class=\"elementor-column elementor-col-33 elementor-top-column elementor-element elementor-element-e9dad6e\" data-id=\"e9dad6e\" data-element_type=\"column\" data-e-type=\"column\">\n\t\t\t<div class=\"elementor-widget-wrap elementor-element-populated\">\n\t\t\t\t\t\t<div class=\"elementor-element elementor-element-febb143 elementor-widget elementor-widget-image\" data-id=\"febb143\" data-element_type=\"widget\" data-e-type=\"widget\" data-widget_type=\"image.default\">\n\t\t\t\t<div class=\"elementor-widget-container\">\n\t\t\t\t\t\t\t\t\t\t\t\t\t\t\t<img fetchpriority=\"high\" decoding=\"async\" width=\"640\" height=\"298\" src=\"https:\/\/www.altum.lv\/wp-content\/uploads\/2023\/02\/2-logo-kopa_EU-un-NAP-01.png\" class=\"attachment-large size-large wp-image-28633\" alt=\"\" srcset=\"https:\/\/www.altum.lv\/wp-content\/uploads\/2023\/02\/2-logo-kopa_EU-un-NAP-01.png 849w, https:\/\/www.altum.lv\/wp-content\/uploads\/2023\/02\/2-logo-kopa_EU-un-NAP-01-300x140.png 300w, https:\/\/www.altum.lv\/wp-content\/uploads\/2023\/02\/2-logo-kopa_EU-un-NAP-01-768x357.png 768w\" sizes=\"(max-width: 640px) 100vw, 640px\" \/>\t\t\t\t\t\t\t\t\t\t\t\t\t\t\t<\/div>\n\t\t\t\t<\/div>\n\t\t\t\t\t<\/div>\n\t\t<\/div>\n\t\t\t\t<div class=\"elementor-column elementor-col-33 elementor-top-column elementor-element elementor-element-a651ba5\" data-id=\"a651ba5\" data-element_type=\"column\" data-e-type=\"column\">\n\t\t\t<div class=\"elementor-widget-wrap elementor-element-populated\">\n\t\t\t\t\t\t<div class=\"elementor-element elementor-element-0103884 elementor-widget elementor-widget-image\" data-id=\"0103884\" data-element_type=\"widget\" data-e-type=\"widget\" data-widget_type=\"image.default\">\n\t\t\t\t<div class=\"elementor-widget-container\">\n\t\t\t\t\t\t\t\t\t\t\t\t\t\t\t\t<a href=\"https:\/\/europa.eu\/youreurope\/index_en.htm\">\n\t\t\t\t\t\t\t<img decoding=\"async\" width=\"207\" height=\"64\" src=\"https:\/\/www.altum.lv\/wp-content\/uploads\/2022\/06\/youreurope-logo_75c01.png\" class=\"attachment-large size-large wp-image-12770\" alt=\"\" \/>\t\t\t\t\t\t\t\t<\/a>\n\t\t\t\t\t\t\t\t\t\t\t\t\t\t\t<\/div>\n\t\t\t\t<\/div>\n\t\t\t\t\t<\/div>\n\t\t<\/div>\n\t\t\t\t<div class=\"elementor-column elementor-col-33 elementor-top-column elementor-element elementor-element-1dbdaa3\" data-id=\"1dbdaa3\" data-element_type=\"column\" data-e-type=\"column\">\n\t\t\t<div class=\"elementor-widget-wrap elementor-element-populated\">\n\t\t\t\t\t\t<div class=\"elementor-element elementor-element-7e1a97a elementor-widget elementor-widget-image\" data-id=\"7e1a97a\" data-element_type=\"widget\" data-e-type=\"widget\" data-widget_type=\"image.default\">\n\t\t\t\t<div class=\"elementor-widget-container\">\n\t\t\t\t\t\t\t\t\t\t\t\t\t\t\t<img decoding=\"async\" width=\"541\" height=\"201\" src=\"https:\/\/www.altum.lv\/wp-content\/uploads\/2022\/04\/sua-logo-update-1.png\" class=\"attachment-large size-large wp-image-3515\" alt=\"\" srcset=\"https:\/\/www.altum.lv\/wp-content\/uploads\/2022\/04\/sua-logo-update-1.png 541w, https:\/\/www.altum.lv\/wp-content\/uploads\/2022\/04\/sua-logo-update-1-300x111.png 300w\" sizes=\"(max-width: 541px) 100vw, 541px\" \/>\t\t\t\t\t\t\t\t\t\t\t\t\t\t\t<\/div>\n\t\t\t\t<\/div>\n\t\t\t\t\t<\/div>\n\t\t<\/div>\n\t\t\t\t\t<\/div>\n\t\t<\/section>\n\t\t\t\t<section class=\"elementor-section elementor-top-section altum__default elementor-element elementor-element-a2b79eb elementor-section-boxed elementor-section-height-default elementor-section-height-default\" data-id=\"a2b79eb\" data-element_type=\"section\" data-e-type=\"section\">\n\t\t\t\t\t\t<div class=\"elementor-container elementor-column-gap-default\">\n\t\t\t\t\t<div class=\"elementor-column elementor-col-100 elementor-top-column elementor-element elementor-element-8e9c322\" data-id=\"8e9c322\" data-element_type=\"column\" data-e-type=\"column\">\n\t\t\t<div class=\"elementor-widget-wrap elementor-element-populated\">\n\t\t\t\t\t\t<div class=\"elementor-element elementor-element-0964f78 elementor-widget elementor-widget-altum-employees\" data-id=\"0964f78\" data-element_type=\"widget\" data-e-type=\"widget\" data-widget_type=\"altum-employees.default\">\n\t\t\t\t<div class=\"elementor-widget-container\">\n\t\t\t\t\t\n\t\t\t\t<section class=\"consultants consultants-bt\" style=\"margin-top: 10px; margin-bottom: 60px\">\n\t\t\t\t\t\n\t\t\t\t\t\t<div class=\"consultants__wrap\" \">\n\t\t\t\t\t\t\t<h2 class=\"consultants__h2\" tabindex=\"0\">Ask ALTUM specialists about the programme<\/h2>\n\t\t\t\t\t\t\t<div class=\"consultants__content\">\n\t\t\t\t\t\t\t\t\n\t\t\t\t<div class=\"consultantsContent__elem\">\n\t\t\t\t\t\n\t\t\t\t\t<div class=\"consultantsContent__info\">\n\t\t\t\t\t\t<h4 class=\"consultantsContent__h4\" tabindex=\"0\" title=\"Jolanta \u0112rgle\">\n\t\t\t\t\t\t\t\n\t\t\t\t\t\t\tJolanta \u0112rgle\n\t\t\t\t\t\t<\/h4>\n\t\t\t\t\t\t<p class=\"consultantsContent__p\" tabindex=\"0\" title=\" \"><\/p>\n\t\t\t\t\t\t<div class=\"consultantsContent__contact\">\n\t\t\t\t\t\t\t<div class=\"consultatns__phones\"><a href=\"tel:28625251\" title=\"Jolanta \u0112rgle kontaktt\u0101lrunis\" class=\"consultantsContent__contact-link\">28625251<\/a><\/div>\n\t\t\t\t\t\t\t<a href=\"mailto:jolanta.ergle@altum.lv\" title=\"Jolanta \u0112rgle e-pasta adrese\" class=\"consultantsContent__contact-link\">jolanta.ergle@altum.lv<\/a>\n\t\t\t\t\t\t<\/div>\n\t\t\t\t\t<\/div>\n\t\t\t\t<\/div> \n\t\t\t\t<div class=\"consultantsContent__elem\">\n\t\t\t\t\t\n\t\t\t\t\t<div class=\"consultantsContent__info\">\n\t\t\t\t\t\t<h4 class=\"consultantsContent__h4\" tabindex=\"0\" title=\"Krist\u012bna Tuki\u0161a\">\n\t\t\t\t\t\t\t\n\t\t\t\t\t\t\tKrist\u012bna Tuki\u0161a\n\t\t\t\t\t\t<\/h4>\n\t\t\t\t\t\t<p class=\"consultantsContent__p\" tabindex=\"0\" title=\" \"><\/p>\n\t\t\t\t\t\t<div class=\"consultantsContent__contact\">\n\t\t\t\t\t\t\t<div class=\"consultatns__phones\"><a href=\"tel:26321363\" title=\"Krist\u012bna Tuki\u0161a kontaktt\u0101lrunis\" class=\"consultantsContent__contact-link\">26321363<\/a><\/div>\n\t\t\t\t\t\t\t<a href=\"mailto:kristina.tukisa@altum.lv\" title=\"Krist\u012bna Tuki\u0161a e-pasta adrese\" class=\"consultantsContent__contact-link\">kristina.tukisa@altum.lv<\/a>\n\t\t\t\t\t\t<\/div>\n\t\t\t\t\t<\/div>\n\t\t\t\t<\/div> \n\t\t\t\t\t\t\t<\/div>\n\t\t\t\t\t\t<\/div>\n\t\t\t\t\t\n\t\t\t\t<\/section>\n\t\t\t\t\t\t\t<\/div>\n\t\t\t\t<\/div>\n\t\t\t\t\t<\/div>\n\t\t<\/div>\n\t\t\t\t\t<\/div>\n\t\t<\/section>\n\t\t\t\t<\/div>\n\t\t","protected":false},"excerpt":{"rendered":"<p>Altum&#8211; About the SocialEntrepreneurship Programme Social entrepreneurship grants are meant for social enterprises and social startups for the implementation, launch or expansion of viable and economically feasible business projects. \u00a0 [&hellip;]<\/p>\n","protected":false},"author":1,"featured_media":0,"parent":10873,"menu_order":0,"comment_status":"closed","ping_status":"closed","template":"","meta":{"_acf_changed":false,"inline_featured_image":false,"footnotes":""},"class_list":["post-11896","page","type-page","status-publish","hentry"],"acf":[],"yoast_head":"<!-- This site is optimized with the Yoast SEO plugin v22.3 - https:\/\/yoast.com\/wordpress\/plugins\/seo\/ -->\n<title>Social Entrepreneurship - Altum<\/title>\n<meta name=\"robots\" content=\"index, follow, max-snippet:-1, max-image-preview:large, max-video-preview:-1\" \/>\n<link rel=\"canonical\" href=\"https:\/\/www.altum.lv\/en\/services\/enterprises\/social-entrepreneurship\/\" \/>\n<meta property=\"og:locale\" content=\"en_US\" \/>\n<meta property=\"og:type\" content=\"article\" \/>\n<meta property=\"og:title\" content=\"Social Entrepreneurship - Altum\" \/>\n<meta property=\"og:description\" content=\"Altum&#8211; About the SocialEntrepreneurship Programme Social entrepreneurship grants are meant for social enterprises and social startups for the implementation, launch or expansion of viable and economically feasible business projects. \u00a0 [&hellip;]\" \/>\n<meta property=\"og:url\" content=\"https:\/\/www.altum.lv\/en\/services\/enterprises\/social-entrepreneurship\/\" \/>\n<meta property=\"og:site_name\" content=\"Altum\" \/>\n<meta property=\"article:publisher\" content=\"https:\/\/www.facebook.com\/AltumLV\" \/>\n<meta property=\"article:modified_time\" content=\"2026-04-14T09:11:36+00:00\" \/>\n<meta property=\"og:image\" content=\"https:\/\/www.altum.lv\/wp-content\/uploads\/2023\/02\/2-logo-kopa_EU-un-NAP-01.png\" \/>\n<meta name=\"twitter:card\" content=\"summary_large_image\" \/>\n<meta name=\"twitter:site\" content=\"@altumlv\" \/>\n<meta name=\"twitter:label1\" content=\"Est. reading time\" \/>\n\t<meta name=\"twitter:data1\" content=\"2 minutes\" \/>\n<script type=\"application\/ld+json\" class=\"yoast-schema-graph\">{\"@context\":\"https:\/\/schema.org\",\"@graph\":[{\"@type\":\"WebPage\",\"@id\":\"https:\/\/www.altum.lv\/en\/services\/enterprises\/social-entrepreneurship\/\",\"url\":\"https:\/\/www.altum.lv\/en\/services\/enterprises\/social-entrepreneurship\/\",\"name\":\"Social Entrepreneurship - Altum\",\"isPartOf\":{\"@id\":\"https:\/\/www.altum.lv\/en\/#website\"},\"primaryImageOfPage\":{\"@id\":\"https:\/\/www.altum.lv\/en\/services\/enterprises\/social-entrepreneurship\/#primaryimage\"},\"image\":{\"@id\":\"https:\/\/www.altum.lv\/en\/services\/enterprises\/social-entrepreneurship\/#primaryimage\"},\"thumbnailUrl\":\"https:\/\/www.altum.lv\/wp-content\/uploads\/2023\/02\/2-logo-kopa_EU-un-NAP-01.png\",\"datePublished\":\"2022-04-21T12:44:46+00:00\",\"dateModified\":\"2026-04-14T09:11:36+00:00\",\"breadcrumb\":{\"@id\":\"https:\/\/www.altum.lv\/en\/services\/enterprises\/social-entrepreneurship\/#breadcrumb\"},\"inLanguage\":\"en-US\",\"potentialAction\":[{\"@type\":\"ReadAction\",\"target\":[\"https:\/\/www.altum.lv\/en\/services\/enterprises\/social-entrepreneurship\/\"]}]},{\"@type\":\"ImageObject\",\"inLanguage\":\"en-US\",\"@id\":\"https:\/\/www.altum.lv\/en\/services\/enterprises\/social-entrepreneurship\/#primaryimage\",\"url\":\"https:\/\/www.altum.lv\/wp-content\/uploads\/2023\/02\/2-logo-kopa_EU-un-NAP-01.png\",\"contentUrl\":\"https:\/\/www.altum.lv\/wp-content\/uploads\/2023\/02\/2-logo-kopa_EU-un-NAP-01.png\",\"width\":849,\"height\":395},{\"@type\":\"BreadcrumbList\",\"@id\":\"https:\/\/www.altum.lv\/en\/services\/enterprises\/social-entrepreneurship\/#breadcrumb\",\"itemListElement\":[{\"@type\":\"ListItem\",\"position\":1,\"name\":\"S\u0101kums\",\"item\":\"https:\/\/www.altum.lv\/en\/\"},{\"@type\":\"ListItem\",\"position\":2,\"name\":\"Services\",\"item\":\"https:\/\/www.altum.lv\/en\/services\/\"},{\"@type\":\"ListItem\",\"position\":3,\"name\":\"Enterprises\",\"item\":\"https:\/\/www.altum.lv\/en\/pakalpojumi\/biznesam\/\"},{\"@type\":\"ListItem\",\"position\":4,\"name\":\"Social Entrepreneurship\"}]},{\"@type\":\"WebSite\",\"@id\":\"https:\/\/www.altum.lv\/en\/#website\",\"url\":\"https:\/\/www.altum.lv\/en\/\",\"name\":\"Altum\",\"description\":\"Finan\u0161u instit\u016bcija ALTUM\",\"potentialAction\":[{\"@type\":\"SearchAction\",\"target\":{\"@type\":\"EntryPoint\",\"urlTemplate\":\"https:\/\/www.altum.lv\/en\/?s={search_term_string}\"},\"query-input\":\"required name=search_term_string\"}],\"inLanguage\":\"en-US\"}]}<\/script>\n<!-- \/ Yoast SEO plugin. -->","yoast_head_json":{"title":"Social Entrepreneurship - Altum","robots":{"index":"index","follow":"follow","max-snippet":"max-snippet:-1","max-image-preview":"max-image-preview:large","max-video-preview":"max-video-preview:-1"},"canonical":"https:\/\/www.altum.lv\/en\/services\/enterprises\/social-entrepreneurship\/","og_locale":"en_US","og_type":"article","og_title":"Social Entrepreneurship - Altum","og_description":"Altum&#8211; About the SocialEntrepreneurship Programme Social entrepreneurship grants are meant for social enterprises and social startups for the implementation, launch or expansion of viable and economically feasible business projects. \u00a0 [&hellip;]","og_url":"https:\/\/www.altum.lv\/en\/services\/enterprises\/social-entrepreneurship\/","og_site_name":"Altum","article_publisher":"https:\/\/www.facebook.com\/AltumLV","article_modified_time":"2026-04-14T09:11:36+00:00","og_image":[{"url":"https:\/\/www.altum.lv\/wp-content\/uploads\/2023\/02\/2-logo-kopa_EU-un-NAP-01.png"}],"twitter_card":"summary_large_image","twitter_site":"@altumlv","twitter_misc":{"Est. reading time":"2 minutes"},"schema":{"@context":"https:\/\/schema.org","@graph":[{"@type":"WebPage","@id":"https:\/\/www.altum.lv\/en\/services\/enterprises\/social-entrepreneurship\/","url":"https:\/\/www.altum.lv\/en\/services\/enterprises\/social-entrepreneurship\/","name":"Social Entrepreneurship - Altum","isPartOf":{"@id":"https:\/\/www.altum.lv\/en\/#website"},"primaryImageOfPage":{"@id":"https:\/\/www.altum.lv\/en\/services\/enterprises\/social-entrepreneurship\/#primaryimage"},"image":{"@id":"https:\/\/www.altum.lv\/en\/services\/enterprises\/social-entrepreneurship\/#primaryimage"},"thumbnailUrl":"https:\/\/www.altum.lv\/wp-content\/uploads\/2023\/02\/2-logo-kopa_EU-un-NAP-01.png","datePublished":"2022-04-21T12:44:46+00:00","dateModified":"2026-04-14T09:11:36+00:00","breadcrumb":{"@id":"https:\/\/www.altum.lv\/en\/services\/enterprises\/social-entrepreneurship\/#breadcrumb"},"inLanguage":"en-US","potentialAction":[{"@type":"ReadAction","target":["https:\/\/www.altum.lv\/en\/services\/enterprises\/social-entrepreneurship\/"]}]},{"@type":"ImageObject","inLanguage":"en-US","@id":"https:\/\/www.altum.lv\/en\/services\/enterprises\/social-entrepreneurship\/#primaryimage","url":"https:\/\/www.altum.lv\/wp-content\/uploads\/2023\/02\/2-logo-kopa_EU-un-NAP-01.png","contentUrl":"https:\/\/www.altum.lv\/wp-content\/uploads\/2023\/02\/2-logo-kopa_EU-un-NAP-01.png","width":849,"height":395},{"@type":"BreadcrumbList","@id":"https:\/\/www.altum.lv\/en\/services\/enterprises\/social-entrepreneurship\/#breadcrumb","itemListElement":[{"@type":"ListItem","position":1,"name":"S\u0101kums","item":"https:\/\/www.altum.lv\/en\/"},{"@type":"ListItem","position":2,"name":"Services","item":"https:\/\/www.altum.lv\/en\/services\/"},{"@type":"ListItem","position":3,"name":"Enterprises","item":"https:\/\/www.altum.lv\/en\/pakalpojumi\/biznesam\/"},{"@type":"ListItem","position":4,"name":"Social Entrepreneurship"}]},{"@type":"WebSite","@id":"https:\/\/www.altum.lv\/en\/#website","url":"https:\/\/www.altum.lv\/en\/","name":"Altum","description":"Finan\u0161u instit\u016bcija ALTUM","potentialAction":[{"@type":"SearchAction","target":{"@type":"EntryPoint","urlTemplate":"https:\/\/www.altum.lv\/en\/?s={search_term_string}"},"query-input":"required name=search_term_string"}],"inLanguage":"en-US"}]}},"_links":{"self":[{"href":"https:\/\/www.altum.lv\/en\/wp-json\/wp\/v2\/pages\/11896"}],"collection":[{"href":"https:\/\/www.altum.lv\/en\/wp-json\/wp\/v2\/pages"}],"about":[{"href":"https:\/\/www.altum.lv\/en\/wp-json\/wp\/v2\/types\/page"}],"author":[{"embeddable":true,"href":"https:\/\/www.altum.lv\/en\/wp-json\/wp\/v2\/users\/1"}],"replies":[{"embeddable":true,"href":"https:\/\/www.altum.lv\/en\/wp-json\/wp\/v2\/comments?post=11896"}],"version-history":[{"count":49,"href":"https:\/\/www.altum.lv\/en\/wp-json\/wp\/v2\/pages\/11896\/revisions"}],"predecessor-version":[{"id":65722,"href":"https:\/\/www.altum.lv\/en\/wp-json\/wp\/v2\/pages\/11896\/revisions\/65722"}],"up":[{"embeddable":true,"href":"https:\/\/www.altum.lv\/en\/wp-json\/wp\/v2\/pages\/10873"}],"wp:attachment":[{"href":"https:\/\/www.altum.lv\/en\/wp-json\/wp\/v2\/media?parent=11896"}],"curies":[{"name":"wp","href":"https:\/\/api.w.org\/{rel}","templated":true}]}}