{"id":11898,"date":"2022-04-22T16:23:00","date_gmt":"2022-04-22T14:23:00","guid":{"rendered":"https:\/\/www.altum.lv\/services\/businesses\/social-entrepreneurship\/useful-information\/"},"modified":"2022-06-06T16:11:27","modified_gmt":"2022-06-06T14:11:27","slug":"useful-information","status":"publish","type":"page","link":"https:\/\/www.altum.lv\/en\/services\/enterprises\/social-entrepreneurship\/useful-information\/","title":{"rendered":"Useful information"},"content":{"rendered":"\t\t<div data-elementor-type=\"wp-page\" data-elementor-id=\"11898\" class=\"elementor elementor-11898 elementor-1764\">\n\t\t\t\t\t\t<section class=\"elementor-section elementor-top-section altum__default elementor-element elementor-element-67c7ced6 elementor-section-full_width elementor-section-height-default elementor-section-height-default\" data-id=\"67c7ced6\" data-element_type=\"section\" data-e-type=\"section\">\n\t\t\t\t\t\t<div class=\"elementor-container elementor-column-gap-default\">\n\t\t\t\t\t<div class=\"elementor-column elementor-col-100 elementor-top-column elementor-element elementor-element-b4544a6\" data-id=\"b4544a6\" data-element_type=\"column\" data-e-type=\"column\">\n\t\t\t<div class=\"elementor-widget-wrap elementor-element-populated\">\n\t\t\t\t\t\t<div class=\"elementor-element elementor-element-481e3d3b elementor-widget elementor-widget-altum-tab-header-links\" data-id=\"481e3d3b\" data-element_type=\"widget\" data-e-type=\"widget\" data-widget_type=\"altum-tab-header-links.default\">\n\t\t\t\t<div class=\"elementor-widget-container\">\n\t\t\t\t\t\n            <section class=\"topBanner topBanner-topicFamily topBanner-pb-0\"  style=\"background: #E7F0F3; margin-bottom: 35px\">\n                <div class=\"container\">\n\t\t\t\t<div class=\"topBanner__breadcrumbs\"><a href=\"https:\/\/www.altum.lv\" class=\"topBannerBreadcrumb__link\">Altum<\/a><span class=\"topBannerBreadcrumb__indent\">-<\/span><\/div>\n\n                    <div class=\"topBanner__content\">\n                        <div class=\"topBanner__left\">\n                            <h1 class=\"topBanner__title\">\n                                Noder\u012bga inform\u0101cija\n                            <\/h1>\n                           \n                        <\/div>\n                        <div class=\"topBanner__right\">\n                            <div class=\"topBanner__menuWrap\">\n                               \n                <a href=\"\/pakalpojumi\/biznesam\/sociala-uznemejdarbiba\/\"  class=\"topBanner__menu-link\">Soci\u0101l\u0101 uz\u0146\u0113m\u0113jdarb\u012bba<\/a>\n            \n                <a href=\"\/pakalpojumi\/biznesam\/sociala-uznemejdarbiba\/noderiga-informacija\/\"  class=\"topBanner__menu-link\">Noder\u012bga inform\u0101cija<\/a>\n            \n                <a href=\"\/pakalpojumi\/biznesam\/sociala-uznemejdarbiba\/iesniedzamie-dokumenti\/\"  class=\"topBanner__menu-link\">Iesniedzamie dokumenti<\/a>\n            \n                            <\/div>\n                        <\/div>\n                    <\/div>\n                    <div class=\"mobileScroll\">\n                        <div class=\"famWithChildTop__btnWrap famWithChildTop__topBanner\">\n                            \n                        <\/div>\n                    <\/div>\n                <\/div>\n            <\/section>\n\t\t\n            <section>\n                <div class=\"container\">\n                    <div class=\"famWithChild__bottom\">\n                        <div class=\"container\">\n                            <div class=\"altum__headerTab-content\"><\/div>\n                        <\/div>\n                    <\/div>\n                <\/div>\n            <\/section>\n        \t\t\t\t<\/div>\n\t\t\t\t<\/div>\n\t\t\t\t\t<\/div>\n\t\t<\/div>\n\t\t\t\t\t<\/div>\n\t\t<\/section>\n\t\t\t\t<section class=\"elementor-section elementor-top-section altum__default elementor-element elementor-element-aa047a0 elementor-section-boxed elementor-section-height-default elementor-section-height-default\" data-id=\"aa047a0\" data-element_type=\"section\" data-e-type=\"section\">\n\t\t\t\t\t\t<div class=\"elementor-container elementor-column-gap-default\">\n\t\t\t\t\t<div class=\"elementor-column elementor-col-100 elementor-top-column elementor-element elementor-element-4ad5b57\" data-id=\"4ad5b57\" data-element_type=\"column\" data-e-type=\"column\">\n\t\t\t<div class=\"elementor-widget-wrap elementor-element-populated\">\n\t\t\t\t\t\t<div class=\"elementor-element elementor-element-21f8c21 elementor-widget elementor-widget-text-editor\" data-id=\"21f8c21\" data-element_type=\"widget\" data-e-type=\"widget\" data-widget_type=\"text-editor.default\">\n\t\t\t\t<div class=\"elementor-widget-container\">\n\t\t\t\t\t\t\t\t\t<ul>\r\n<li><a href=\"https:\/\/www.lm.gov.lv\/lv\/par-projektu-0\">Labkl\u0101j\u012bbas ministrijas inform\u0101cija par Soci\u0101l\u0101s uz\u0146\u0113m\u0113jdarb\u012bbas programmu<\/a><\/li>\r\n<li><a href=\"https:\/\/www.socialauznemejdarbiba.lv\/\" target=\"_blank\" rel=\"noopener\">Latvijas Soci\u0101l\u0101s uz\u0146\u0113m\u0113jdarb\u012bbas asoci\u0101cija<\/a><\/li>\r\n<\/ul>\t\t\t\t\t\t\t\t<\/div>\n\t\t\t\t<\/div>\n\t\t\t\t<div class=\"elementor-element elementor-element-f4830f9 elementor-widget elementor-widget-altum-single-document\" data-id=\"f4830f9\" data-element_type=\"widget\" data-e-type=\"widget\" data-widget_type=\"altum-single-document.default\">\n\t\t\t\t<div class=\"elementor-widget-container\">\n\t\t\t\t\t\n\t\t\t\t<div class=\"altum__singleDocument\">\n\t\t\t\t\t<a href=\"https:\/\/www.altum.lv\/wp-content\/uploads\/2022\/04\/altum_su_granta_nosacijumi_2020_v2.pdf\" target=\"_blank\" class=\"dokumentiPdf__link\">\n\t\t\t\t\t\t<div class=\"dokumentiPdf__icon\">\n\t\t\t\t\t\t\tPDF\n\t\t\t\t\t\t<\/div>\n\t\t\t\t\t\t<p class=\"dokumentiPdf__p\">ALTUM prezent\u0101cija par soci\u0101lo uz\u0146\u0113mumu grantu nosac\u012bjumiem<\/p>\n\t\t\t\t\t\t<div class=\"dokumentiPdf__iconWrap\">\n\t\t\t\t\t\t\t<svg width=\"20\" height=\"23\" fill=\"none\" xmlns=\"http:\/\/www.w3.org\/2000\/svg\"><path d=\"M10 1v16M1 22h18M6 13.5l4 4 4-4\" stroke=\"#000\" stroke-width=\"2\" stroke-linecap=\"round\" stroke-linejoin=\"round\"\/><\/svg>\n\t\t\t\t\t\t<\/div>\n\t\t\t\t\t<\/a>\n\t\t\t\t<\/div>\n\t\t\t\t\t\t\t<\/div>\n\t\t\t\t<\/div>\n\t\t\t\t<div class=\"elementor-element elementor-element-3c19b91 elementor-widget elementor-widget-altum-single-document\" data-id=\"3c19b91\" data-element_type=\"widget\" data-e-type=\"widget\" data-widget_type=\"altum-single-document.default\">\n\t\t\t\t<div class=\"elementor-widget-container\">\n\t\t\t\t\t\n\t\t\t\t<div class=\"altum__singleDocument\">\n\t\t\t\t\t<a href=\"https:\/\/www.altum.lv\/files\/investors_presentation_altum_final_2021.pdf\" target=\"_blank\" class=\"dokumentiPdf__link\">\n\t\t\t\t\t\t<div class=\"dokumentiPdf__icon\">\n\t\t\t\t\t\t\tPDF\n\t\t\t\t\t\t<\/div>\n\t\t\t\t\t\t<p class=\"dokumentiPdf__p\"><\/p>\n\t\t\t\t\t\t<div class=\"dokumentiPdf__iconWrap\">\n\t\t\t\t\t\t\t<svg class=\"svg__linkDownload\" width=\"39\" height=\"39\" fill=\"none\" xmlns=\"http:\/\/www.w3.org\/2000\/svg\"><path d=\"m17.6 22 11.3-11.4M29 21.3V29H10V10h8.5M29.2 16v-5.7h-5.6\" stroke=\"#000\" stroke-width=\"2\" stroke-linecap=\"round\" stroke-linejoin=\"round\"\/><\/svg>\n\t\t\t\t\t\t<\/div>\n\t\t\t\t\t<\/a>\n\t\t\t\t<\/div>\n\t\t\t\t\t\t\t<\/div>\n\t\t\t\t<\/div>\n\t\t\t\t<div class=\"elementor-element elementor-element-8e10e84 elementor-widget elementor-widget-altum-single-document\" data-id=\"8e10e84\" data-element_type=\"widget\" data-e-type=\"widget\" data-widget_type=\"altum-single-document.default\">\n\t\t\t\t<div class=\"elementor-widget-container\">\n\t\t\t\t\t\n\t\t\t\t<div class=\"altum__singleDocument\">\n\t\t\t\t\t<a href=\"#\" target=\"_blank\" class=\"dokumentiPdf__link\">\n\t\t\t\t\t\t<div class=\"dokumentiPdf__icon\">\n\t\t\t\t\t\t\t\n\t\t\t\t\t\t<\/div>\n\t\t\t\t\t\t<p class=\"dokumentiPdf__p\">Nav izv\u0113l\u0113ts dokuments<\/p>\n\t\t\t\t\t\t<div class=\"dokumentiPdf__iconWrap\">\n\t\t\t\t\t\t\t\n\t\t\t\t\t\t<\/div>\n\t\t\t\t\t<\/a>\n\t\t\t\t<\/div>\n\t\t\t\t\t\t\t<\/div>\n\t\t\t\t<\/div>\n\t\t\t\t\t<\/div>\n\t\t<\/div>\n\t\t\t\t\t<\/div>\n\t\t<\/section>\n\t\t\t\t<section class=\"elementor-section elementor-top-section altum__default elementor-element elementor-element-a0178aa elementor-section-full_width elementor-section-height-default elementor-section-height-default\" data-id=\"a0178aa\" data-element_type=\"section\" data-e-type=\"section\">\n\t\t\t\t\t\t<div class=\"elementor-container elementor-column-gap-default\">\n\t\t\t\t\t<div class=\"elementor-column elementor-col-100 elementor-top-column elementor-element elementor-element-fe275f0\" data-id=\"fe275f0\" data-element_type=\"column\" data-e-type=\"column\">\n\t\t\t<div class=\"elementor-widget-wrap elementor-element-populated\">\n\t\t\t\t\t\t<div class=\"elementor-element elementor-element-d298be0 elementor-widget elementor-widget-altum-subscribe\" data-id=\"d298be0\" data-element_type=\"widget\" data-e-type=\"widget\" data-widget_type=\"altum-subscribe.default\">\n\t\t\t\t<div class=\"elementor-widget-container\">\n\t\t\t\t\t\n        <section class=\"mainSubscribe\">\n                <div class=\"container\">\n                    <div class=\"mainSubscribe__content\">\n                        <div class=\"mainSubscribe__left\">\n                            <h4 class=\"mainSubscribe__h4\">\n                                Subscribe to <br \/> news\n                            <\/h4>\n                        <\/div>\n                        <div class=\"mainSubscribe__right\">\n                            <form method=\"POST\" class=\"altum__subscribeForm\" action=\"#\">\n                                <div class=\"mainSubscribe__form\">\n                                    <div class=\"mainSubscribeForm__left\">\n                                        <div class=\"mainSubscribeForm__row\">\n                                            <div class=\"mainSubscribeForm__elem\">\n                                                <input type=\"email\" name=\"subscribe_email\" placeholder=\"Your e-mail\" class=\"mainSubscribeForm__input\" required>\n                                            <\/div>\n                                            <div class=\"mainSubscribeForm__elem\">\n                                                <div class=\"custom-select\">\n                                                    <div class=\"select-selected checkCategory\">Select category<\/div>\n                                                    <div class=\"select-items checkCategory-items select-hide1\">\n                                                        <div>\n                                                            <label class=\"mainSubscribeFormSelect__container mainSubscribeFormSelect__container2 altum__subscribeCheckbox-all\">\n                                                                <input type=\"checkbox\" name=\"subscribe_category\" value=\"all\">\n                                                                <span class=\"mainSubscribeFormSelect__checkmark\"><\/span>\n                                                                <p class=\"checkbox__p checkbox__p-blue\">All news<\/p>\n                                                            <\/label>\n                                                        <\/div>\n                                                        <div>\n                                                            <label class=\"mainSubscribeFormSelect__container mainSubscribeFormSelect__container2 altum__subscribeCheckbox-single\">\n                                                                <input type=\"checkbox\" name=\"subscribe_category\" value=\"private\">\n                                                                <span class=\"mainSubscribeFormSelect__checkmark\"><\/span>\n                                                                <p class=\"checkbox__p checkbox__p-blue\">For individuals<\/p>\n                                                            <\/label>\n                                                        <\/div>\n                                                        <div>\n                                                            <label class=\"mainSubscribeFormSelect__container mainSubscribeFormSelect__container2 altum__subscribeCheckbox-single\">\n                                                                <input type=\"checkbox\" name=\"subscribe_category\" value=\"business\">\n                                                                <span class=\"mainSubscribeFormSelect__checkmark\"><\/span>\n                                                                <p class=\"checkbox__p checkbox__p-blue\">Enterprises<\/p>\n                                                            <\/label>\n                                                        <\/div>\n                                                        <div>\n                                                            <label class=\"mainSubscribeFormSelect__container mainSubscribeFormSelect__container2 altum__subscribeCheckbox-single\">\n                                                                <input type=\"checkbox\" name=\"subscribe_category\" value=\"farm\">\n                                                                <span class=\"mainSubscribeFormSelect__checkmark\"><\/span>\n                                                                <p class=\"checkbox__p checkbox__p-blue\">Rural enterprises<\/p>\n                                                            <\/label>\n                                                        <\/div>\n                                                    <\/div>\n                                                <\/div>\n                                            <\/div>\n                                        <\/div>\n                                        <div class=\"mainSubscribeForm__row\">\n                                            <div class=\"mainSubscribeFormSelect__containerWrap\">\n                                                <label class=\"mainSubscribeFormSelect__container\">\n                                                    <input type=\"checkbox\" name=\"subscribe_gdpr\" checked=\"checked\" required>\n                                                    <span class=\"mainSubscribeFormSelect__checkmark\"><\/span>\n                                                <\/label>\n                                                <a href=\"\/privatuma-politika\/\" target=\"_blank\" class=\"mainSubscribeFormSelect__link\">I agree with privacy policy<\/a>\n                                            <\/div>\n                                        <\/div>\n                                    <\/div>\n\t\t\t\t\t\t\t\t\t<input type=\"hidden\" name=\"google_response\" value=\"\" id=\"googleResponse\">\n                                    <div class=\"mainSubscribeForm__right\">\n                                        <button class=\"swiper2Content__btn famWithChildBottomContent__btn\" type=\"submit\">APPLY<\/button>\n                                    <\/div>\n                                <\/div>\n                            <\/form>\n                        <\/div>\n                    <\/div>\n                <\/div>\n\t\t\t\t<div class=\"subscribeForm-loader\">\n\t\t\t\t\t<div class=\"lds-hourglass\"><\/div>\n\t\t\t\t<\/div>\n\t\t\t\t<div class=\"subscribeForm-success\">\n\t\t\t\t\t<h4 class=\"mainSubscribe__h4\">Your e-mail address has been registred!<\/h4>\n\t\t\t\t<\/div>\n            <\/section>\n        \t\t\t\t<\/div>\n\t\t\t\t<\/div>\n\t\t\t\t\t<\/div>\n\t\t<\/div>\n\t\t\t\t\t<\/div>\n\t\t<\/section>\n\t\t\t\t<\/div>\n\t\t","protected":false},"excerpt":{"rendered":"<p>Altum&#8211; Noder\u012bga inform\u0101cija Soci\u0101l\u0101 uz\u0146\u0113m\u0113jdarb\u012bba Noder\u012bga inform\u0101cija Iesniedzamie dokumenti Labkl\u0101j\u012bbas ministrijas inform\u0101cija par Soci\u0101l\u0101s uz\u0146\u0113m\u0113jdarb\u012bbas programmu Latvijas Soci\u0101l\u0101s uz\u0146\u0113m\u0113jdarb\u012bbas asoci\u0101cija PDF ALTUM prezent\u0101cija par soci\u0101lo uz\u0146\u0113mumu grantu nosac\u012bjumiem PDF Informat\u012bvs [&hellip;]<\/p>\n","protected":false},"author":1,"featured_media":0,"parent":11896,"menu_order":0,"comment_status":"closed","ping_status":"closed","template":"","meta":{"_acf_changed":false,"inline_featured_image":false,"footnotes":""},"class_list":["post-11898","page","type-page","status-publish","hentry"],"acf":[],"yoast_head":"<!-- This site is optimized with the Yoast SEO plugin v22.3 - https:\/\/yoast.com\/wordpress\/plugins\/seo\/ -->\n<title>Useful information - Altum<\/title>\n<meta name=\"robots\" content=\"index, follow, max-snippet:-1, max-image-preview:large, max-video-preview:-1\" \/>\n<link rel=\"canonical\" href=\"https:\/\/www.altum.lv\/en\/services\/enterprises\/social-entrepreneurship\/useful-information\/\" \/>\n<meta property=\"og:locale\" content=\"en_US\" \/>\n<meta property=\"og:type\" content=\"article\" \/>\n<meta property=\"og:title\" content=\"Useful information - Altum\" \/>\n<meta property=\"og:description\" content=\"Altum&#8211; Noder\u012bga inform\u0101cija Soci\u0101l\u0101 uz\u0146\u0113m\u0113jdarb\u012bba Noder\u012bga inform\u0101cija Iesniedzamie dokumenti Labkl\u0101j\u012bbas ministrijas inform\u0101cija par Soci\u0101l\u0101s uz\u0146\u0113m\u0113jdarb\u012bbas programmu Latvijas Soci\u0101l\u0101s uz\u0146\u0113m\u0113jdarb\u012bbas asoci\u0101cija PDF ALTUM prezent\u0101cija par soci\u0101lo uz\u0146\u0113mumu grantu nosac\u012bjumiem PDF Informat\u012bvs [&hellip;]\" \/>\n<meta property=\"og:url\" content=\"https:\/\/www.altum.lv\/en\/services\/enterprises\/social-entrepreneurship\/useful-information\/\" \/>\n<meta property=\"og:site_name\" content=\"Altum\" \/>\n<meta property=\"article:publisher\" content=\"https:\/\/www.facebook.com\/AltumLV\" \/>\n<meta property=\"article:modified_time\" content=\"2022-06-06T14:11:27+00:00\" \/>\n<meta name=\"twitter:card\" content=\"summary_large_image\" \/>\n<meta name=\"twitter:site\" content=\"@altumlv\" \/>\n<meta name=\"twitter:label1\" content=\"Est. reading time\" \/>\n\t<meta name=\"twitter:data1\" content=\"1 minute\" \/>\n<script type=\"application\/ld+json\" class=\"yoast-schema-graph\">{\"@context\":\"https:\/\/schema.org\",\"@graph\":[{\"@type\":\"WebPage\",\"@id\":\"https:\/\/www.altum.lv\/en\/services\/enterprises\/social-entrepreneurship\/useful-information\/\",\"url\":\"https:\/\/www.altum.lv\/en\/services\/enterprises\/social-entrepreneurship\/useful-information\/\",\"name\":\"Useful information - Altum\",\"isPartOf\":{\"@id\":\"https:\/\/www.altum.lv\/en\/#website\"},\"datePublished\":\"2022-04-22T14:23:00+00:00\",\"dateModified\":\"2022-06-06T14:11:27+00:00\",\"breadcrumb\":{\"@id\":\"https:\/\/www.altum.lv\/en\/services\/enterprises\/social-entrepreneurship\/useful-information\/#breadcrumb\"},\"inLanguage\":\"en-US\",\"potentialAction\":[{\"@type\":\"ReadAction\",\"target\":[\"https:\/\/www.altum.lv\/en\/services\/enterprises\/social-entrepreneurship\/useful-information\/\"]}]},{\"@type\":\"BreadcrumbList\",\"@id\":\"https:\/\/www.altum.lv\/en\/services\/enterprises\/social-entrepreneurship\/useful-information\/#breadcrumb\",\"itemListElement\":[{\"@type\":\"ListItem\",\"position\":1,\"name\":\"S\u0101kums\",\"item\":\"https:\/\/www.altum.lv\/en\/\"},{\"@type\":\"ListItem\",\"position\":2,\"name\":\"Services\",\"item\":\"https:\/\/www.altum.lv\/en\/services\/\"},{\"@type\":\"ListItem\",\"position\":3,\"name\":\"Enterprises\",\"item\":\"https:\/\/www.altum.lv\/en\/pakalpojumi\/biznesam\/\"},{\"@type\":\"ListItem\",\"position\":4,\"name\":\"Social Entrepreneurship\",\"item\":\"https:\/\/www.altum.lv\/en\/pakalpojumi\/biznesam\/sociala-uznemejdarbiba\/\"},{\"@type\":\"ListItem\",\"position\":5,\"name\":\"Useful information\"}]},{\"@type\":\"WebSite\",\"@id\":\"https:\/\/www.altum.lv\/en\/#website\",\"url\":\"https:\/\/www.altum.lv\/en\/\",\"name\":\"Altum\",\"description\":\"Finan\u0161u instit\u016bcija ALTUM\",\"potentialAction\":[{\"@type\":\"SearchAction\",\"target\":{\"@type\":\"EntryPoint\",\"urlTemplate\":\"https:\/\/www.altum.lv\/en\/?s={search_term_string}\"},\"query-input\":\"required name=search_term_string\"}],\"inLanguage\":\"en-US\"}]}<\/script>\n<!-- \/ Yoast SEO plugin. -->","yoast_head_json":{"title":"Useful information - Altum","robots":{"index":"index","follow":"follow","max-snippet":"max-snippet:-1","max-image-preview":"max-image-preview:large","max-video-preview":"max-video-preview:-1"},"canonical":"https:\/\/www.altum.lv\/en\/services\/enterprises\/social-entrepreneurship\/useful-information\/","og_locale":"en_US","og_type":"article","og_title":"Useful information - Altum","og_description":"Altum&#8211; Noder\u012bga inform\u0101cija Soci\u0101l\u0101 uz\u0146\u0113m\u0113jdarb\u012bba Noder\u012bga inform\u0101cija Iesniedzamie dokumenti Labkl\u0101j\u012bbas ministrijas inform\u0101cija par Soci\u0101l\u0101s uz\u0146\u0113m\u0113jdarb\u012bbas programmu Latvijas Soci\u0101l\u0101s uz\u0146\u0113m\u0113jdarb\u012bbas asoci\u0101cija PDF ALTUM prezent\u0101cija par soci\u0101lo uz\u0146\u0113mumu grantu nosac\u012bjumiem PDF Informat\u012bvs [&hellip;]","og_url":"https:\/\/www.altum.lv\/en\/services\/enterprises\/social-entrepreneurship\/useful-information\/","og_site_name":"Altum","article_publisher":"https:\/\/www.facebook.com\/AltumLV","article_modified_time":"2022-06-06T14:11:27+00:00","twitter_card":"summary_large_image","twitter_site":"@altumlv","twitter_misc":{"Est. reading time":"1 minute"},"schema":{"@context":"https:\/\/schema.org","@graph":[{"@type":"WebPage","@id":"https:\/\/www.altum.lv\/en\/services\/enterprises\/social-entrepreneurship\/useful-information\/","url":"https:\/\/www.altum.lv\/en\/services\/enterprises\/social-entrepreneurship\/useful-information\/","name":"Useful information - Altum","isPartOf":{"@id":"https:\/\/www.altum.lv\/en\/#website"},"datePublished":"2022-04-22T14:23:00+00:00","dateModified":"2022-06-06T14:11:27+00:00","breadcrumb":{"@id":"https:\/\/www.altum.lv\/en\/services\/enterprises\/social-entrepreneurship\/useful-information\/#breadcrumb"},"inLanguage":"en-US","potentialAction":[{"@type":"ReadAction","target":["https:\/\/www.altum.lv\/en\/services\/enterprises\/social-entrepreneurship\/useful-information\/"]}]},{"@type":"BreadcrumbList","@id":"https:\/\/www.altum.lv\/en\/services\/enterprises\/social-entrepreneurship\/useful-information\/#breadcrumb","itemListElement":[{"@type":"ListItem","position":1,"name":"S\u0101kums","item":"https:\/\/www.altum.lv\/en\/"},{"@type":"ListItem","position":2,"name":"Services","item":"https:\/\/www.altum.lv\/en\/services\/"},{"@type":"ListItem","position":3,"name":"Enterprises","item":"https:\/\/www.altum.lv\/en\/pakalpojumi\/biznesam\/"},{"@type":"ListItem","position":4,"name":"Social Entrepreneurship","item":"https:\/\/www.altum.lv\/en\/pakalpojumi\/biznesam\/sociala-uznemejdarbiba\/"},{"@type":"ListItem","position":5,"name":"Useful information"}]},{"@type":"WebSite","@id":"https:\/\/www.altum.lv\/en\/#website","url":"https:\/\/www.altum.lv\/en\/","name":"Altum","description":"Finan\u0161u instit\u016bcija ALTUM","potentialAction":[{"@type":"SearchAction","target":{"@type":"EntryPoint","urlTemplate":"https:\/\/www.altum.lv\/en\/?s={search_term_string}"},"query-input":"required name=search_term_string"}],"inLanguage":"en-US"}]}},"_links":{"self":[{"href":"https:\/\/www.altum.lv\/en\/wp-json\/wp\/v2\/pages\/11898"}],"collection":[{"href":"https:\/\/www.altum.lv\/en\/wp-json\/wp\/v2\/pages"}],"about":[{"href":"https:\/\/www.altum.lv\/en\/wp-json\/wp\/v2\/types\/page"}],"author":[{"embeddable":true,"href":"https:\/\/www.altum.lv\/en\/wp-json\/wp\/v2\/users\/1"}],"replies":[{"embeddable":true,"href":"https:\/\/www.altum.lv\/en\/wp-json\/wp\/v2\/comments?post=11898"}],"version-history":[{"count":1,"href":"https:\/\/www.altum.lv\/en\/wp-json\/wp\/v2\/pages\/11898\/revisions"}],"predecessor-version":[{"id":11899,"href":"https:\/\/www.altum.lv\/en\/wp-json\/wp\/v2\/pages\/11898\/revisions\/11899"}],"up":[{"embeddable":true,"href":"https:\/\/www.altum.lv\/en\/wp-json\/wp\/v2\/pages\/11896"}],"wp:attachment":[{"href":"https:\/\/www.altum.lv\/en\/wp-json\/wp\/v2\/media?parent=11898"}],"curies":[{"name":"wp","href":"https:\/\/api.w.org\/{rel}","templated":true}]}}