{"id":11923,"date":"2022-05-29T17:32:36","date_gmt":"2022-05-29T15:32:36","guid":{"rendered":"https:\/\/www.altum.lv\/services\/businesses\/mezzanine-loan\/who-can-receive\/"},"modified":"2022-06-07T09:56:31","modified_gmt":"2022-06-07T07:56:31","slug":"who-can-receive","status":"publish","type":"page","link":"https:\/\/www.altum.lv\/en\/services\/enterprises\/who-can-receive\/","title":{"rendered":"Who can receive"},"content":{"rendered":"\t\t<div data-elementor-type=\"wp-page\" data-elementor-id=\"11923\" class=\"elementor elementor-11923 elementor-9219\">\n\t\t\t\t\t\t<section class=\"elementor-section elementor-top-section altum__default elementor-element elementor-element-7d3d0da2 elementor-section-full_width elementor-section-height-default elementor-section-height-default\" data-id=\"7d3d0da2\" data-element_type=\"section\" data-e-type=\"section\">\n\t\t\t\t\t\t<div class=\"elementor-container elementor-column-gap-default\">\n\t\t\t\t\t<div class=\"elementor-column elementor-col-100 elementor-top-column elementor-element elementor-element-7fc0fcb2\" data-id=\"7fc0fcb2\" data-element_type=\"column\" data-e-type=\"column\">\n\t\t\t<div class=\"elementor-widget-wrap elementor-element-populated\">\n\t\t\t\t\t\t<div class=\"elementor-element elementor-element-21e687ff elementor-widget elementor-widget-altum-tab-header-links\" data-id=\"21e687ff\" data-element_type=\"widget\" data-e-type=\"widget\" data-widget_type=\"altum-tab-header-links.default\">\n\t\t\t\t<div class=\"elementor-widget-container\">\n\t\t\t\t\t\n            <section class=\"topBanner topBanner-topicFamily topBanner-pb-0\"  style=\"background-image: url(https:\/\/www.altum.lv\/wp-content\/uploads\/2022\/03\/lauk-bg.jpg)\">\n                <div class=\"container\">\n\t\t\t\t<div class=\"topBanner__breadcrumbs\"><a href=\"https:\/\/www.altum.lv\" class=\"topBannerBreadcrumb__link\">Altum<\/a><span class=\"topBannerBreadcrumb__indent\">-<\/span><\/div>\n\n                    <div class=\"topBanner__content\">\n                        <div class=\"topBanner__left\">\n                            <h1 class=\"topBanner__title\">\n                                Kas var sa\u0146emt paral\u0113lo (mezan\u012bna) aizdevumu\n                            <\/h1>\n                           \n                        <\/div>\n                        <div class=\"topBanner__right\">\n                            <div class=\"topBanner__menuWrap\">\n                               \n                <a href=\"\/pakalpojumi\/biznesam\/paralelais-aizdevums\/\"  class=\"topBanner__menu-link\">Paral\u0113lais aizdevums<\/a>\n            \n                <a href=\"\/pakalpojumi\/biznesam\/paralelais-aizdevums\/kas-var-sanemt-aizdevumu\/\"  class=\"topBanner__menu-link\">Kas var sa\u0146emt aizdevumu<\/a>\n            \n                <a href=\"\/pakalpojumi\/biznesam\/paralelais-aizdevums\/kads-ir-process\/\"  class=\"topBanner__menu-link\">K\u0101ds ir process<\/a>\n            \n                <a href=\"\/pakalpojumi\/biznesam\/paralelais-aizdevums\/pakalpojuma-izmaksas\/\"  class=\"topBanner__menu-link\">Pakalpojuma izmaksas<\/a>\n            \n                <a href=\"\/pakalpojumi\/biznesam\/paralelais-aizdevums\/iesniedzamie-dokumenti\/\"  class=\"topBanner__menu-link\">Iesniedzamie dokumenti<\/a>\n            \n                <a href=\"\/pakalpojumi\/biznesam\/paralelais-aizdevums\/iesniedzamie-dokumenti-2\/\"  class=\"topBanner__menu-link\">Noder\u012bga inform\u0101cija<\/a>\n            \n                            <\/div>\n                        <\/div>\n                    <\/div>\n                    <div class=\"mobileScroll\">\n                        <div class=\"famWithChildTop__btnWrap famWithChildTop__topBanner\">\n                            \n                        <\/div>\n                    <\/div>\n                <\/div>\n            <\/section>\n\t\t\n            <section>\n                <div class=\"container\">\n                    <div class=\"famWithChild__bottom\">\n                        <div class=\"container\">\n                            <div class=\"altum__headerTab-content\"><\/div>\n                        <\/div>\n                    <\/div>\n                <\/div>\n            <\/section>\n        \t\t\t\t<\/div>\n\t\t\t\t<\/div>\n\t\t\t\t\t<\/div>\n\t\t<\/div>\n\t\t\t\t\t<\/div>\n\t\t<\/section>\n\t\t\t\t<section class=\"elementor-section elementor-top-section altum__default elementor-element elementor-element-a2ae8db elementor-section-boxed elementor-section-height-default elementor-section-height-default\" data-id=\"a2ae8db\" data-element_type=\"section\" data-e-type=\"section\">\n\t\t\t\t\t\t<div class=\"elementor-container elementor-column-gap-default\">\n\t\t\t\t\t<div class=\"elementor-column elementor-col-100 elementor-top-column elementor-element elementor-element-9cd3dee\" data-id=\"9cd3dee\" data-element_type=\"column\" data-e-type=\"column\">\n\t\t\t<div class=\"elementor-widget-wrap elementor-element-populated\">\n\t\t\t\t\t\t<div class=\"elementor-element elementor-element-fdb4578 elementor-widget elementor-widget-text-editor\" data-id=\"fdb4578\" data-element_type=\"widget\" data-e-type=\"widget\" data-widget_type=\"text-editor.default\">\n\t\t\t\t<div class=\"elementor-widget-container\">\n\t\t\t\t\t\t\t\t\t<div><p>Paral\u0113lais (mezan\u012bna) aizdevums ir pieejams tikai kop\u0101 ar bankas finans\u0113jumu, un to var sa\u0146emt Latvijas Republik\u0101 re\u0123istr\u0113ti uz\u0146\u0113mumi (saimniecisk\u0101s darb\u012bbas veic\u0113ji, kas ir juridisk\u0101s personas), iev\u0113rojot ierobe\u017eojumus, kas saist\u012bti ar uz\u0146\u0113m\u0113jdarb\u012bbas jomu un finan\u0161u situ\u0101ciju.\u00a0<\/p><p>\u00a0<\/p><\/div><div><h2>Aizdevumu izsniedz<\/h2><p>\u00a0<\/p><ul><li>Mikro, maziem un vid\u0113jiem uz\u0146\u0113mumiem<\/li><li>Lauksaimniec\u012bbas pakalpojumu kooperat\u012bvaj\u0101m sabiedr\u012bb\u0101m<\/li><li>Uz\u0146\u0113mumiem, kuriem nav nodok\u013cu vai nodevu par\u0101di VID<\/li><li>Uz\u0146\u0113mumiem, kuriem nav\u00a0finan\u0161u gr\u016bt\u012bbas<\/li><\/ul><\/div><div>\u00a0<\/div><div>\u00a0<\/div>\t\t\t\t\t\t\t\t<\/div>\n\t\t\t\t<\/div>\n\t\t\t\t<div class=\"elementor-element elementor-element-4c43630 elementor-widget elementor-widget-text-editor\" data-id=\"4c43630\" data-element_type=\"widget\" data-e-type=\"widget\" data-widget_type=\"text-editor.default\">\n\t\t\t\t<div class=\"elementor-widget-container\">\n\t\t\t\t\t\t\t\t\t<h2>Aizdevumu neizsniedz<\/h2><p>\u00a0<\/p><h3>Nozares un darb\u012bbas, kas programm\u0101 netiek atbalst\u012btas: \u00a0<\/h3><p>\u00a0<\/p><ul><li>lauksaimniec\u012bbas produktu prim\u0101r\u0101 ra\u017eo\u0161ana<\/li><li>zvejniec\u012bbas produktu prim\u0101r\u0101 ra\u017eo\u0161ana un akvakult\u016bra<\/li><li>iero\u010du un mun\u012bcijas, un alkohola tirdzniec\u012bba\u00a0<\/li><li>tabakas izstr\u0101d\u0101jumu ra\u017eo\u0161ana un tirdzniec\u012bba<\/li><li>azartsp\u0113les un der\u012bbas, finan\u0161u un apdro\u0161in\u0101\u0161anas darb\u012bbas\u00a0<\/li><li>oper\u0101cijas ar nekustamo \u012bpa\u0161umu (iz\u0146emot, ja paral\u0113lais aizdevums tiek pie\u0161\u0137irts nekustam\u0101 industri\u0101l\u0101 \u012bpa\u0161uma att\u012bst\u012bbai vai dz\u012bvojamo \u0113ku att\u012bst\u012b\u0161anas projektiem \u0101rpus R\u012bgas un Pier\u012bgas)\u00a0<\/li><li>projektiem, kas ir piln\u012bb\u0101 \u012bstenoti<\/li><\/ul>\t\t\t\t\t\t\t\t<\/div>\n\t\t\t\t<\/div>\n\t\t\t\t<div class=\"elementor-element elementor-element-6131918 elementor-widget elementor-widget-text-editor\" data-id=\"6131918\" data-element_type=\"widget\" data-e-type=\"widget\" data-widget_type=\"text-editor.default\">\n\t\t\t\t<div class=\"elementor-widget-container\">\n\t\t\t\t\t\t\t\t\t<div class=\"richtext__main\"><h3>Uz\u0146\u0113mumi nevar sa\u0146emt aizdevumu, ja tiem:<\/h3><p>\u00a0<\/p><ul><li>ir noteikta atbilst\u012bba maks\u0101tnesp\u0113jas proced\u016bras ierosin\u0101\u0161anas krit\u0113rijiem<\/li><li>ir izbeigta saimniecisk\u0101 darb\u012bba<\/li><li>ar tiesas spriedumu ir pasludin\u0101ts maks\u0101tnesp\u0113jas process, tiek \u012bstenots tiesisk\u0101s aizsardz\u012bbas process vai \u0101rpustiesas tiesisk\u0101s aizsardz\u012bbas process<\/li><li>ar tiesas spriedumu ir s\u0101kta bankrota proced\u016bra, piem\u0113rota san\u0101cija vai mierizl\u012bgums<\/li><\/ul><\/div><div class=\"richtext__bottom\">\u00a0<\/div>\t\t\t\t\t\t\t\t<\/div>\n\t\t\t\t<\/div>\n\t\t\t\t\t<\/div>\n\t\t<\/div>\n\t\t\t\t\t<\/div>\n\t\t<\/section>\n\t\t\t\t<section class=\"elementor-section elementor-top-section altum__default elementor-element elementor-element-060d545 elementor-section-boxed elementor-section-height-default elementor-section-height-default\" data-id=\"060d545\" data-element_type=\"section\" data-e-type=\"section\">\n\t\t\t\t\t\t<div class=\"elementor-container elementor-column-gap-default\">\n\t\t\t\t\t<div class=\"elementor-column elementor-col-100 elementor-top-column elementor-element elementor-element-837888e\" data-id=\"837888e\" data-element_type=\"column\" data-e-type=\"column\">\n\t\t\t<div class=\"elementor-widget-wrap elementor-element-populated\">\n\t\t\t\t\t\t<div class=\"elementor-element elementor-element-5e7d8c2 elementor-widget elementor-widget-altum-employees\" data-id=\"5e7d8c2\" data-element_type=\"widget\" data-e-type=\"widget\" data-widget_type=\"altum-employees.default\">\n\t\t\t\t<div class=\"elementor-widget-container\">\n\t\t\t\t\t\n\t\t\t\t<section class=\"consultants consultants-bt\" style=\"margin-top: 0px; margin-bottom: 60px\">\n\t\t\t\t\t\n\t\t\t\t\t\t<div class=\"consultants__wrap\" style=\"border-top: none !important;\"\">\n\t\t\t\t\t\t\t<h2 class=\"consultants__h2\" tabindex=\"0\">Par paral\u0113lo aizdevumu jaut\u0101<\/h2>\n\t\t\t\t\t\t\t<div class=\"consultants__content\">\n\t\t\t\t\t\t\t\t\n\t\t\t\t<div class=\"consultantsContent__elem\">\n\t\t\t\t\t\n\t\t\t\t\t<div class=\"consultantsContent__info\">\n\t\t\t\t\t\t<h4 class=\"consultantsContent__h4\" tabindex=\"0\" title=\"Eva Krasu\u013cenko\">\n\t\t\t\t\t\t\t\n\t\t\t\t\t\t\tEva Krasu\u013cenko\n\t\t\t\t\t\t<\/h4>\n\t\t\t\t\t\t<p class=\"consultantsContent__p\" tabindex=\"0\" title=\" \"><\/p>\n\t\t\t\t\t\t<div class=\"consultantsContent__contact\">\n\t\t\t\t\t\t\t<div class=\"consultatns__phones\"><a href=\"tel:2734 0533\" title=\"Eva Krasu\u013cenko kontaktt\u0101lrunis\" class=\"consultantsContent__contact-link\">2734 0533<\/a><\/div>\n\t\t\t\t\t\t\t<a href=\"mailto:eva.krasulenko@altum.lv\" title=\"Eva Krasu\u013cenko e-pasta adrese\" class=\"consultantsContent__contact-link\">eva.krasulenko@altum.lv<\/a>\n\t\t\t\t\t\t<\/div>\n\t\t\t\t\t<\/div>\n\t\t\t\t<\/div> \n\t\t\t\t<div class=\"consultantsContent__elem\">\n\t\t\t\t\t\n\t\t\t\t\t<div class=\"consultantsContent__info\">\n\t\t\t\t\t\t<h4 class=\"consultantsContent__h4\" tabindex=\"0\" title=\"Zane Pavlovska\">\n\t\t\t\t\t\t\t\n\t\t\t\t\t\t\tZane Pavlovska\n\t\t\t\t\t\t<\/h4>\n\t\t\t\t\t\t<p class=\"consultantsContent__p\" tabindex=\"0\" title=\" \"><\/p>\n\t\t\t\t\t\t<div class=\"consultantsContent__contact\">\n\t\t\t\t\t\t\t<div class=\"consultatns__phones\"><a href=\"tel:2783 0548\" title=\"Zane Pavlovska kontaktt\u0101lrunis\" class=\"consultantsContent__contact-link\">2783 0548<\/a><\/div>\n\t\t\t\t\t\t\t<a href=\"mailto:zane.pavlovska@altum.lv\" title=\"Zane Pavlovska e-pasta adrese\" class=\"consultantsContent__contact-link\">zane.pavlovska@altum.lv<\/a>\n\t\t\t\t\t\t<\/div>\n\t\t\t\t\t<\/div>\n\t\t\t\t<\/div> \n\t\t\t\t\t\t\t<\/div>\n\t\t\t\t\t\t<\/div>\n\t\t\t\t\t\n\t\t\t\t<\/section>\n\t\t\t\t\t\t\t<\/div>\n\t\t\t\t<\/div>\n\t\t\t\t\t<\/div>\n\t\t<\/div>\n\t\t\t\t\t<\/div>\n\t\t<\/section>\n\t\t\t\t<section class=\"elementor-section elementor-top-section altum__default elementor-element elementor-element-b720723 elementor-section-full_width elementor-section-height-default elementor-section-height-default\" data-id=\"b720723\" data-element_type=\"section\" data-e-type=\"section\">\n\t\t\t\t\t\t<div class=\"elementor-container elementor-column-gap-default\">\n\t\t\t\t\t<div class=\"elementor-column elementor-col-100 elementor-top-column elementor-element elementor-element-4a408c4\" data-id=\"4a408c4\" data-element_type=\"column\" data-e-type=\"column\">\n\t\t\t<div class=\"elementor-widget-wrap elementor-element-populated\">\n\t\t\t\t\t\t<div class=\"elementor-element elementor-element-20ee7d2 elementor-widget elementor-widget-altum-subscribe\" data-id=\"20ee7d2\" data-element_type=\"widget\" data-e-type=\"widget\" data-widget_type=\"altum-subscribe.default\">\n\t\t\t\t<div class=\"elementor-widget-container\">\n\t\t\t\t\t\n        <section class=\"mainSubscribe\">\n                <div class=\"container\">\n                    <div class=\"mainSubscribe__content\">\n                        <div class=\"mainSubscribe__left\">\n                            <h4 class=\"mainSubscribe__h4\">\n                                Subscribe to <br \/> news\n                            <\/h4>\n                        <\/div>\n                        <div class=\"mainSubscribe__right\">\n                            <form method=\"POST\" class=\"altum__subscribeForm\" action=\"#\">\n                                <div class=\"mainSubscribe__form\">\n                                    <div class=\"mainSubscribeForm__left\">\n                                        <div class=\"mainSubscribeForm__row\">\n                                            <div class=\"mainSubscribeForm__elem\">\n                                                <input type=\"email\" name=\"subscribe_email\" placeholder=\"Your e-mail\" class=\"mainSubscribeForm__input\" required>\n                                            <\/div>\n                                            <div class=\"mainSubscribeForm__elem\">\n                                                <div class=\"custom-select\">\n                                                    <div class=\"select-selected checkCategory\">Select category<\/div>\n                                                    <div class=\"select-items checkCategory-items select-hide1\">\n                                                        <div>\n                                                            <label class=\"mainSubscribeFormSelect__container mainSubscribeFormSelect__container2 altum__subscribeCheckbox-all\">\n                                                                <input type=\"checkbox\" name=\"subscribe_category\" value=\"all\">\n                                                                <span class=\"mainSubscribeFormSelect__checkmark\"><\/span>\n                                                                <p class=\"checkbox__p checkbox__p-blue\">All news<\/p>\n                                                            <\/label>\n                                                        <\/div>\n                                                        <div>\n                                                            <label class=\"mainSubscribeFormSelect__container mainSubscribeFormSelect__container2 altum__subscribeCheckbox-single\">\n                                                                <input type=\"checkbox\" name=\"subscribe_category\" value=\"private\">\n                                                                <span class=\"mainSubscribeFormSelect__checkmark\"><\/span>\n                                                                <p class=\"checkbox__p checkbox__p-blue\">For individuals<\/p>\n                                                            <\/label>\n                                                        <\/div>\n                                                        <div>\n                                                            <label class=\"mainSubscribeFormSelect__container mainSubscribeFormSelect__container2 altum__subscribeCheckbox-single\">\n                                                                <input type=\"checkbox\" name=\"subscribe_category\" value=\"business\">\n                                                                <span class=\"mainSubscribeFormSelect__checkmark\"><\/span>\n                                                                <p class=\"checkbox__p checkbox__p-blue\">Enterprises<\/p>\n                                                            <\/label>\n                                                        <\/div>\n                                                        <div>\n                                                            <label class=\"mainSubscribeFormSelect__container mainSubscribeFormSelect__container2 altum__subscribeCheckbox-single\">\n                                                                <input type=\"checkbox\" name=\"subscribe_category\" value=\"farm\">\n                                                                <span class=\"mainSubscribeFormSelect__checkmark\"><\/span>\n                                                                <p class=\"checkbox__p checkbox__p-blue\">Rural enterprises<\/p>\n                                                            <\/label>\n                                                        <\/div>\n                                                    <\/div>\n                                                <\/div>\n                                            <\/div>\n                                        <\/div>\n                                        <div class=\"mainSubscribeForm__row\">\n                                            <div class=\"mainSubscribeFormSelect__containerWrap\">\n                                                <label class=\"mainSubscribeFormSelect__container\">\n                                                    <input type=\"checkbox\" name=\"subscribe_gdpr\" checked=\"checked\" required>\n                                                    <span class=\"mainSubscribeFormSelect__checkmark\"><\/span>\n                                                <\/label>\n                                                <a href=\"\/privatuma-politika\/\" target=\"_blank\" class=\"mainSubscribeFormSelect__link\">I agree with privacy policy<\/a>\n                                            <\/div>\n                                        <\/div>\n                                    <\/div>\n\t\t\t\t\t\t\t\t\t<input type=\"hidden\" name=\"google_response\" value=\"\" id=\"googleResponse\">\n                                    <div class=\"mainSubscribeForm__right\">\n                                        <button class=\"swiper2Content__btn famWithChildBottomContent__btn\" type=\"submit\">APPLY<\/button>\n                                    <\/div>\n                                <\/div>\n                            <\/form>\n                        <\/div>\n                    <\/div>\n                <\/div>\n\t\t\t\t<div class=\"subscribeForm-loader\">\n\t\t\t\t\t<div class=\"lds-hourglass\"><\/div>\n\t\t\t\t<\/div>\n\t\t\t\t<div class=\"subscribeForm-success\">\n\t\t\t\t\t<h4 class=\"mainSubscribe__h4\">Your e-mail address has been registred!<\/h4>\n\t\t\t\t<\/div>\n            <\/section>\n        \t\t\t\t<\/div>\n\t\t\t\t<\/div>\n\t\t\t\t\t<\/div>\n\t\t<\/div>\n\t\t\t\t\t<\/div>\n\t\t<\/section>\n\t\t\t\t<\/div>\n\t\t","protected":false},"excerpt":{"rendered":"<p>Lorem Ipsum \u2013 tas ir teksta salikums, kuru izmanto poligr\u0101fij\u0101<br \/>\nun maket\u0113\u0161anas darbos. Lorem Ipsum ir k\u013cuvis par<br \/>\nvisp\u0101rpie\u0146emtu teksta aizvietot\u0101ju kop\u0161 16. gadsimta s\u0101kuma.<\/p>\n","protected":false},"author":1,"featured_media":0,"parent":10873,"menu_order":0,"comment_status":"closed","ping_status":"closed","template":"","meta":{"_acf_changed":false,"inline_featured_image":false,"footnotes":""},"class_list":["post-11923","page","type-page","status-publish","hentry"],"acf":[],"yoast_head":"<!-- This site is optimized with the Yoast SEO plugin v22.3 - https:\/\/yoast.com\/wordpress\/plugins\/seo\/ -->\n<title>Who can receive - Altum<\/title>\n<meta name=\"robots\" content=\"index, follow, max-snippet:-1, max-image-preview:large, max-video-preview:-1\" \/>\n<link rel=\"canonical\" href=\"https:\/\/www.altum.lv\/en\/services\/enterprises\/who-can-receive\/\" \/>\n<meta property=\"og:locale\" content=\"en_US\" \/>\n<meta property=\"og:type\" content=\"article\" \/>\n<meta property=\"og:title\" content=\"Who can receive - Altum\" \/>\n<meta property=\"og:description\" content=\"Lorem Ipsum \u2013 tas ir teksta salikums, kuru izmanto poligr\u0101fij\u0101 un maket\u0113\u0161anas darbos. Lorem Ipsum ir k\u013cuvis par visp\u0101rpie\u0146emtu teksta aizvietot\u0101ju kop\u0161 16. gadsimta s\u0101kuma.\" \/>\n<meta property=\"og:url\" content=\"https:\/\/www.altum.lv\/en\/services\/enterprises\/who-can-receive\/\" \/>\n<meta property=\"og:site_name\" content=\"Altum\" \/>\n<meta property=\"article:publisher\" content=\"https:\/\/www.facebook.com\/AltumLV\" \/>\n<meta property=\"article:modified_time\" content=\"2022-06-07T07:56:31+00:00\" \/>\n<meta name=\"twitter:card\" content=\"summary_large_image\" \/>\n<meta name=\"twitter:site\" content=\"@altumlv\" \/>\n<meta name=\"twitter:label1\" content=\"Est. reading time\" \/>\n\t<meta name=\"twitter:data1\" content=\"2 minutes\" \/>\n<script type=\"application\/ld+json\" class=\"yoast-schema-graph\">{\"@context\":\"https:\/\/schema.org\",\"@graph\":[{\"@type\":\"WebPage\",\"@id\":\"https:\/\/www.altum.lv\/en\/services\/enterprises\/who-can-receive\/\",\"url\":\"https:\/\/www.altum.lv\/en\/services\/enterprises\/who-can-receive\/\",\"name\":\"Who can receive - Altum\",\"isPartOf\":{\"@id\":\"https:\/\/www.altum.lv\/en\/#website\"},\"datePublished\":\"2022-05-29T15:32:36+00:00\",\"dateModified\":\"2022-06-07T07:56:31+00:00\",\"breadcrumb\":{\"@id\":\"https:\/\/www.altum.lv\/en\/services\/enterprises\/who-can-receive\/#breadcrumb\"},\"inLanguage\":\"en-US\",\"potentialAction\":[{\"@type\":\"ReadAction\",\"target\":[\"https:\/\/www.altum.lv\/en\/services\/enterprises\/who-can-receive\/\"]}]},{\"@type\":\"BreadcrumbList\",\"@id\":\"https:\/\/www.altum.lv\/en\/services\/enterprises\/who-can-receive\/#breadcrumb\",\"itemListElement\":[{\"@type\":\"ListItem\",\"position\":1,\"name\":\"S\u0101kums\",\"item\":\"https:\/\/www.altum.lv\/en\/\"},{\"@type\":\"ListItem\",\"position\":2,\"name\":\"Services\",\"item\":\"https:\/\/www.altum.lv\/en\/services\/\"},{\"@type\":\"ListItem\",\"position\":3,\"name\":\"Enterprises\",\"item\":\"https:\/\/www.altum.lv\/en\/pakalpojumi\/biznesam\/\"},{\"@type\":\"ListItem\",\"position\":4,\"name\":\"Who can receive\"}]},{\"@type\":\"WebSite\",\"@id\":\"https:\/\/www.altum.lv\/en\/#website\",\"url\":\"https:\/\/www.altum.lv\/en\/\",\"name\":\"Altum\",\"description\":\"Finan\u0161u instit\u016bcija ALTUM\",\"potentialAction\":[{\"@type\":\"SearchAction\",\"target\":{\"@type\":\"EntryPoint\",\"urlTemplate\":\"https:\/\/www.altum.lv\/en\/?s={search_term_string}\"},\"query-input\":\"required name=search_term_string\"}],\"inLanguage\":\"en-US\"}]}<\/script>\n<!-- \/ Yoast SEO plugin. -->","yoast_head_json":{"title":"Who can receive - Altum","robots":{"index":"index","follow":"follow","max-snippet":"max-snippet:-1","max-image-preview":"max-image-preview:large","max-video-preview":"max-video-preview:-1"},"canonical":"https:\/\/www.altum.lv\/en\/services\/enterprises\/who-can-receive\/","og_locale":"en_US","og_type":"article","og_title":"Who can receive - Altum","og_description":"Lorem Ipsum \u2013 tas ir teksta salikums, kuru izmanto poligr\u0101fij\u0101 un maket\u0113\u0161anas darbos. Lorem Ipsum ir k\u013cuvis par visp\u0101rpie\u0146emtu teksta aizvietot\u0101ju kop\u0161 16. gadsimta s\u0101kuma.","og_url":"https:\/\/www.altum.lv\/en\/services\/enterprises\/who-can-receive\/","og_site_name":"Altum","article_publisher":"https:\/\/www.facebook.com\/AltumLV","article_modified_time":"2022-06-07T07:56:31+00:00","twitter_card":"summary_large_image","twitter_site":"@altumlv","twitter_misc":{"Est. reading time":"2 minutes"},"schema":{"@context":"https:\/\/schema.org","@graph":[{"@type":"WebPage","@id":"https:\/\/www.altum.lv\/en\/services\/enterprises\/who-can-receive\/","url":"https:\/\/www.altum.lv\/en\/services\/enterprises\/who-can-receive\/","name":"Who can receive - Altum","isPartOf":{"@id":"https:\/\/www.altum.lv\/en\/#website"},"datePublished":"2022-05-29T15:32:36+00:00","dateModified":"2022-06-07T07:56:31+00:00","breadcrumb":{"@id":"https:\/\/www.altum.lv\/en\/services\/enterprises\/who-can-receive\/#breadcrumb"},"inLanguage":"en-US","potentialAction":[{"@type":"ReadAction","target":["https:\/\/www.altum.lv\/en\/services\/enterprises\/who-can-receive\/"]}]},{"@type":"BreadcrumbList","@id":"https:\/\/www.altum.lv\/en\/services\/enterprises\/who-can-receive\/#breadcrumb","itemListElement":[{"@type":"ListItem","position":1,"name":"S\u0101kums","item":"https:\/\/www.altum.lv\/en\/"},{"@type":"ListItem","position":2,"name":"Services","item":"https:\/\/www.altum.lv\/en\/services\/"},{"@type":"ListItem","position":3,"name":"Enterprises","item":"https:\/\/www.altum.lv\/en\/pakalpojumi\/biznesam\/"},{"@type":"ListItem","position":4,"name":"Who can receive"}]},{"@type":"WebSite","@id":"https:\/\/www.altum.lv\/en\/#website","url":"https:\/\/www.altum.lv\/en\/","name":"Altum","description":"Finan\u0161u instit\u016bcija ALTUM","potentialAction":[{"@type":"SearchAction","target":{"@type":"EntryPoint","urlTemplate":"https:\/\/www.altum.lv\/en\/?s={search_term_string}"},"query-input":"required name=search_term_string"}],"inLanguage":"en-US"}]}},"_links":{"self":[{"href":"https:\/\/www.altum.lv\/en\/wp-json\/wp\/v2\/pages\/11923"}],"collection":[{"href":"https:\/\/www.altum.lv\/en\/wp-json\/wp\/v2\/pages"}],"about":[{"href":"https:\/\/www.altum.lv\/en\/wp-json\/wp\/v2\/types\/page"}],"author":[{"embeddable":true,"href":"https:\/\/www.altum.lv\/en\/wp-json\/wp\/v2\/users\/1"}],"replies":[{"embeddable":true,"href":"https:\/\/www.altum.lv\/en\/wp-json\/wp\/v2\/comments?post=11923"}],"version-history":[{"count":1,"href":"https:\/\/www.altum.lv\/en\/wp-json\/wp\/v2\/pages\/11923\/revisions"}],"predecessor-version":[{"id":11924,"href":"https:\/\/www.altum.lv\/en\/wp-json\/wp\/v2\/pages\/11923\/revisions\/11924"}],"up":[{"embeddable":true,"href":"https:\/\/www.altum.lv\/en\/wp-json\/wp\/v2\/pages\/10873"}],"wp:attachment":[{"href":"https:\/\/www.altum.lv\/en\/wp-json\/wp\/v2\/media?parent=11923"}],"curies":[{"name":"wp","href":"https:\/\/api.w.org\/{rel}","templated":true}]}}