{"id":11925,"date":"2022-06-01T14:14:21","date_gmt":"2022-06-01T12:14:21","guid":{"rendered":"https:\/\/www.altum.lv\/services\/businesses\/mezzanine-loan\/mezzanine-loan-process\/"},"modified":"2022-06-07T09:57:33","modified_gmt":"2022-06-07T07:57:33","slug":"mezzanine-loan-process","status":"publish","type":"page","link":"https:\/\/www.altum.lv\/en\/services\/enterprises\/mezzanine-loan-process\/","title":{"rendered":"Mezzanine loan process"},"content":{"rendered":"\t\t<div data-elementor-type=\"wp-page\" data-elementor-id=\"11925\" class=\"elementor elementor-11925 elementor-9937\">\n\t\t\t\t\t\t<section class=\"elementor-section elementor-top-section altum__default elementor-element elementor-element-2e2a2109 elementor-section-full_width elementor-section-height-default elementor-section-height-default\" data-id=\"2e2a2109\" data-element_type=\"section\" data-e-type=\"section\">\n\t\t\t\t\t\t<div class=\"elementor-container elementor-column-gap-default\">\n\t\t\t\t\t<div class=\"elementor-column elementor-col-100 elementor-top-column elementor-element elementor-element-10e0b8bc\" data-id=\"10e0b8bc\" data-element_type=\"column\" data-e-type=\"column\">\n\t\t\t<div class=\"elementor-widget-wrap elementor-element-populated\">\n\t\t\t\t\t\t<div class=\"elementor-element elementor-element-70927d6 elementor-widget elementor-widget-altum-tab-header-links\" data-id=\"70927d6\" data-element_type=\"widget\" data-e-type=\"widget\" data-widget_type=\"altum-tab-header-links.default\">\n\t\t\t\t<div class=\"elementor-widget-container\">\n\t\t\t\t\t\n            <section class=\"topBanner topBanner-topicFamily topBanner-pb-0\"  style=\"background-image: url(https:\/\/www.altum.lv\/wp-content\/uploads\/2022\/03\/lauk-bg.jpg)\">\n                <div class=\"container\">\n\t\t\t\t<div class=\"topBanner__breadcrumbs\"><a href=\"https:\/\/www.altum.lv\" class=\"topBannerBreadcrumb__link\">Altum<\/a><span class=\"topBannerBreadcrumb__indent\">-<\/span><\/div>\n\n                    <div class=\"topBanner__content\">\n                        <div class=\"topBanner__left\">\n                            <h1 class=\"topBanner__title\">\n                                K\u0101ds ir paral\u0113l\u0101 (mezan\u012bna) aizdevuma sa\u0146em\u0161anas process\n                            <\/h1>\n                           \n                        <\/div>\n                        <div class=\"topBanner__right\">\n                            <div class=\"topBanner__menuWrap\">\n                               \n                <a href=\"\/pakalpojumi\/biznesam\/paralelais-aizdevums\/\"  class=\"topBanner__menu-link\">Paral\u0113lais aizdevums<\/a>\n            \n                <a href=\"\/pakalpojumi\/biznesam\/paralelais-aizdevums\/kas-var-sanemt-aizdevumu\/\"  class=\"topBanner__menu-link\">Kas var sa\u0146emt aizdevumu<\/a>\n            \n                <a href=\"\/pakalpojumi\/biznesam\/paralelais-aizdevums\/kads-ir-process\/\"  class=\"topBanner__menu-link\">K\u0101ds ir process<\/a>\n            \n                <a href=\"\/pakalpojumi\/biznesam\/paralelais-aizdevums\/pakalpojuma-izmaksas\/\"  class=\"topBanner__menu-link\">Pakalpojuma izmaksas<\/a>\n            \n                <a href=\"\/pakalpojumi\/biznesam\/paralelais-aizdevums\/iesniedzamie-dokumenti\/\"  class=\"topBanner__menu-link\">Iesniedzamie dokumenti<\/a>\n            \n                <a href=\"\/pakalpojumi\/biznesam\/paralelais-aizdevums\/iesniedzamie-dokumenti-2\/\"  class=\"topBanner__menu-link\">Noder\u012bga inform\u0101cija<\/a>\n            \n                            <\/div>\n                        <\/div>\n                    <\/div>\n                    <div class=\"mobileScroll\">\n                        <div class=\"famWithChildTop__btnWrap famWithChildTop__topBanner\">\n                            \n                        <\/div>\n                    <\/div>\n                <\/div>\n            <\/section>\n\t\t\n            <section>\n                <div class=\"container\">\n                    <div class=\"famWithChild__bottom\">\n                        <div class=\"container\">\n                            <div class=\"altum__headerTab-content\"><\/div>\n                        <\/div>\n                    <\/div>\n                <\/div>\n            <\/section>\n        \t\t\t\t<\/div>\n\t\t\t\t<\/div>\n\t\t\t\t\t<\/div>\n\t\t<\/div>\n\t\t\t\t\t<\/div>\n\t\t<\/section>\n\t\t\t\t<section class=\"elementor-section elementor-top-section altum__default elementor-element elementor-element-a2ae8db elementor-section-boxed elementor-section-height-default elementor-section-height-default\" data-id=\"a2ae8db\" data-element_type=\"section\" data-e-type=\"section\">\n\t\t\t\t\t\t<div class=\"elementor-container elementor-column-gap-default\">\n\t\t\t\t\t<div class=\"elementor-column elementor-col-100 elementor-top-column elementor-element elementor-element-9cd3dee\" data-id=\"9cd3dee\" data-element_type=\"column\" data-e-type=\"column\">\n\t\t\t<div class=\"elementor-widget-wrap elementor-element-populated\">\n\t\t\t\t\t\t<div class=\"elementor-element elementor-element-fdb4578 elementor-widget elementor-widget-text-editor\" data-id=\"fdb4578\" data-element_type=\"widget\" data-e-type=\"widget\" data-widget_type=\"text-editor.default\">\n\t\t\t\t<div class=\"elementor-widget-container\">\n\t\t\t\t\t\t\t\t\t<p>Paral\u0113l\u0101 (mezan\u012bna) aizdevuma sa\u0146em\u0161anai ALTUM, uz\u0146\u0113mums un banka sadarbojas \u2013 kop\u012bgi struktur\u0113 dar\u012bjumu, lai pie\u0146emtu l\u0113mumus.<\/p>\r\n<p>\u00a0<\/p>\r\n<p>\u00a0<\/p>\t\t\t\t\t\t\t\t<\/div>\n\t\t\t\t<\/div>\n\t\t\t\t<div class=\"elementor-element elementor-element-07bb199 elementor-widget elementor-widget-image\" data-id=\"07bb199\" data-element_type=\"widget\" data-e-type=\"widget\" data-widget_type=\"image.default\">\n\t\t\t\t<div class=\"elementor-widget-container\">\n\t\t\t\t\t\t\t\t\t\t\t\t\t\t\t<img fetchpriority=\"high\" decoding=\"async\" width=\"445\" height=\"296\" src=\"https:\/\/www.altum.lv\/wp-content\/uploads\/2022\/06\/Screen-Shot-2022-06-01-at-15.17.14.png\" class=\"attachment-large size-large wp-image-9950\" alt=\"\" srcset=\"https:\/\/www.altum.lv\/wp-content\/uploads\/2022\/06\/Screen-Shot-2022-06-01-at-15.17.14.png 445w, https:\/\/www.altum.lv\/wp-content\/uploads\/2022\/06\/Screen-Shot-2022-06-01-at-15.17.14-300x200.png 300w\" sizes=\"(max-width: 445px) 100vw, 445px\" \/>\t\t\t\t\t\t\t\t\t\t\t\t\t\t\t<\/div>\n\t\t\t\t<\/div>\n\t\t\t\t<div class=\"elementor-element elementor-element-4c43630 elementor-widget elementor-widget-text-editor\" data-id=\"4c43630\" data-element_type=\"widget\" data-e-type=\"widget\" data-widget_type=\"text-editor.default\">\n\t\t\t\t<div class=\"elementor-widget-container\">\n\t\t\t\t\t\t\t\t\t<ol>\r\n<li>Uz\u0146\u0113mums piesak\u0101s\u00a0finans\u0113juma sa\u0146em\u0161anai bank\u0101.<br \/><br \/><\/li>\r\n<li>Banka izv\u0113rt\u0113 projektu un nolemj, ka t\u0101 realiz\u0113\u0161anai nepiecie\u0161ams uz\u0146\u0113muma l\u012bdzfinans\u0113jums liel\u0101k\u0101 apm\u0113r\u0101.<br \/><br \/><\/li>\r\n<li>Banka un uz\u0146\u0113mums\u00a0vienojas par ALTUM paral\u0113l\u0101 aizdevuma piesaisti.\u00a0Uz\u0146\u0113mums piesak\u0101s paral\u0113l\u0101 aizdevuma sa\u0146em\u0161anai, iesniedzot ALTUM pieteikumu.<br \/><br \/><\/li>\r\n<li>ALTUM izv\u0113rt\u0113 projektu un pie\u0146em l\u0113mumu par paral\u0113l\u0101 aizdevuma pie\u0161\u0137ir\u0161anu, pirms tam sa\u0146emot bankas l\u0113mumu par finans\u0113juma pie\u0161\u0137ir\u0161anu kop\u0101 ar ALTUM.<\/li>\r\n<li>ALTUM un uz\u0146\u0113mums nosl\u0113dz l\u012bgumu par paral\u0113l\u0101 aizdevuma izsnieg\u0161anu. ALTUM, uz\u0146\u0113mums un banka nosl\u0113dz tr\u012bspus\u0113ju subordin\u0101cijas l\u012bgumu.<br \/><br \/><\/li>\r\n<li>Saska\u0146\u0101 ar l\u012bgumu nosac\u012bjumiem ALTUM un banka s\u0101k finans\u0113juma izsnieg\u0161anu un uz\u0146\u0113mums s\u0101k projekta \u012bsteno\u0161anu.<\/li>\r\n<\/ol>\t\t\t\t\t\t\t\t<\/div>\n\t\t\t\t<\/div>\n\t\t\t\t\t<\/div>\n\t\t<\/div>\n\t\t\t\t\t<\/div>\n\t\t<\/section>\n\t\t\t\t<section class=\"elementor-section elementor-top-section altum__default elementor-element elementor-element-060d545 elementor-section-boxed elementor-section-height-default elementor-section-height-default\" data-id=\"060d545\" data-element_type=\"section\" data-e-type=\"section\">\n\t\t\t\t\t\t<div class=\"elementor-container elementor-column-gap-default\">\n\t\t\t\t\t<div class=\"elementor-column elementor-col-100 elementor-top-column elementor-element elementor-element-837888e\" data-id=\"837888e\" data-element_type=\"column\" data-e-type=\"column\">\n\t\t\t<div class=\"elementor-widget-wrap elementor-element-populated\">\n\t\t\t\t\t\t<div class=\"elementor-element elementor-element-5e7d8c2 elementor-widget elementor-widget-altum-employees\" data-id=\"5e7d8c2\" data-element_type=\"widget\" data-e-type=\"widget\" data-widget_type=\"altum-employees.default\">\n\t\t\t\t<div class=\"elementor-widget-container\">\n\t\t\t\t\t\n\t\t\t\t<section class=\"consultants consultants-bt\" style=\"margin-top: 0px; margin-bottom: 60px\">\n\t\t\t\t\t\n\t\t\t\t\t\t<div class=\"consultants__wrap\" \">\n\t\t\t\t\t\t\t<h2 class=\"consultants__h2\" tabindex=\"0\">Par paral\u0113lo aizdevumu jaut\u0101<\/h2>\n\t\t\t\t\t\t\t<div class=\"consultants__content\">\n\t\t\t\t\t\t\t\t\n\t\t\t\t<div class=\"consultantsContent__elem\">\n\t\t\t\t\t\n\t\t\t\t\t<div class=\"consultantsContent__info\">\n\t\t\t\t\t\t<h4 class=\"consultantsContent__h4\" tabindex=\"0\" title=\"Eva Krasu\u013cenko\">\n\t\t\t\t\t\t\t\n\t\t\t\t\t\t\tEva Krasu\u013cenko\n\t\t\t\t\t\t<\/h4>\n\t\t\t\t\t\t<p class=\"consultantsContent__p\" tabindex=\"0\" title=\" \"><\/p>\n\t\t\t\t\t\t<div class=\"consultantsContent__contact\">\n\t\t\t\t\t\t\t<div class=\"consultatns__phones\"><a href=\"tel:2734 0533\" title=\"Eva Krasu\u013cenko kontaktt\u0101lrunis\" class=\"consultantsContent__contact-link\">2734 0533<\/a><\/div>\n\t\t\t\t\t\t\t<a href=\"mailto:eva.krasulenko@altum.lv\" title=\"Eva Krasu\u013cenko e-pasta adrese\" class=\"consultantsContent__contact-link\">eva.krasulenko@altum.lv<\/a>\n\t\t\t\t\t\t<\/div>\n\t\t\t\t\t<\/div>\n\t\t\t\t<\/div> \n\t\t\t\t<div class=\"consultantsContent__elem\">\n\t\t\t\t\t\n\t\t\t\t\t<div class=\"consultantsContent__info\">\n\t\t\t\t\t\t<h4 class=\"consultantsContent__h4\" tabindex=\"0\" title=\"Zane Pavlovska\">\n\t\t\t\t\t\t\t\n\t\t\t\t\t\t\tZane Pavlovska\n\t\t\t\t\t\t<\/h4>\n\t\t\t\t\t\t<p class=\"consultantsContent__p\" tabindex=\"0\" title=\" \"><\/p>\n\t\t\t\t\t\t<div class=\"consultantsContent__contact\">\n\t\t\t\t\t\t\t<div class=\"consultatns__phones\"><a href=\"tel:2783 0548\" title=\"Zane Pavlovska kontaktt\u0101lrunis\" class=\"consultantsContent__contact-link\">2783 0548<\/a><\/div>\n\t\t\t\t\t\t\t<a href=\"mailto:zane.pavlovska@altum.lv\" title=\"Zane Pavlovska e-pasta adrese\" class=\"consultantsContent__contact-link\">zane.pavlovska@altum.lv<\/a>\n\t\t\t\t\t\t<\/div>\n\t\t\t\t\t<\/div>\n\t\t\t\t<\/div> \n\t\t\t\t\t\t\t<\/div>\n\t\t\t\t\t\t<\/div>\n\t\t\t\t\t\n\t\t\t\t<\/section>\n\t\t\t\t\t\t\t<\/div>\n\t\t\t\t<\/div>\n\t\t\t\t\t<\/div>\n\t\t<\/div>\n\t\t\t\t\t<\/div>\n\t\t<\/section>\n\t\t\t\t<section class=\"elementor-section elementor-top-section altum__default elementor-element elementor-element-b720723 elementor-section-full_width elementor-section-height-default elementor-section-height-default\" data-id=\"b720723\" data-element_type=\"section\" data-e-type=\"section\">\n\t\t\t\t\t\t<div class=\"elementor-container elementor-column-gap-default\">\n\t\t\t\t\t<div class=\"elementor-column elementor-col-100 elementor-top-column elementor-element elementor-element-4a408c4\" data-id=\"4a408c4\" data-element_type=\"column\" data-e-type=\"column\">\n\t\t\t<div class=\"elementor-widget-wrap elementor-element-populated\">\n\t\t\t\t\t\t<div class=\"elementor-element elementor-element-20ee7d2 elementor-widget elementor-widget-altum-subscribe\" data-id=\"20ee7d2\" data-element_type=\"widget\" data-e-type=\"widget\" data-widget_type=\"altum-subscribe.default\">\n\t\t\t\t<div class=\"elementor-widget-container\">\n\t\t\t\t\t\n        <section class=\"mainSubscribe\">\n                <div class=\"container\">\n                    <div class=\"mainSubscribe__content\">\n                        <div class=\"mainSubscribe__left\">\n                            <h4 class=\"mainSubscribe__h4\">\n                                Subscribe to <br \/> news\n                            <\/h4>\n                        <\/div>\n                        <div class=\"mainSubscribe__right\">\n                            <form method=\"POST\" class=\"altum__subscribeForm\" action=\"#\">\n                                <div class=\"mainSubscribe__form\">\n                                    <div class=\"mainSubscribeForm__left\">\n                                        <div class=\"mainSubscribeForm__row\">\n                                            <div class=\"mainSubscribeForm__elem\">\n                                                <input type=\"email\" name=\"subscribe_email\" placeholder=\"Your e-mail\" class=\"mainSubscribeForm__input\" required>\n                                            <\/div>\n                                            <div class=\"mainSubscribeForm__elem\">\n                                                <div class=\"custom-select\">\n                                                    <div class=\"select-selected checkCategory\">Select category<\/div>\n                                                    <div class=\"select-items checkCategory-items select-hide1\">\n                                                        <div>\n                                                            <label class=\"mainSubscribeFormSelect__container mainSubscribeFormSelect__container2 altum__subscribeCheckbox-all\">\n                                                                <input type=\"checkbox\" name=\"subscribe_category\" value=\"all\">\n                                                                <span class=\"mainSubscribeFormSelect__checkmark\"><\/span>\n                                                                <p class=\"checkbox__p checkbox__p-blue\">All news<\/p>\n                                                            <\/label>\n                                                        <\/div>\n                                                        <div>\n                                                            <label class=\"mainSubscribeFormSelect__container mainSubscribeFormSelect__container2 altum__subscribeCheckbox-single\">\n                                                                <input type=\"checkbox\" name=\"subscribe_category\" value=\"private\">\n                                                                <span class=\"mainSubscribeFormSelect__checkmark\"><\/span>\n                                                                <p class=\"checkbox__p checkbox__p-blue\">For individuals<\/p>\n                                                            <\/label>\n                                                        <\/div>\n                                                        <div>\n                                                            <label class=\"mainSubscribeFormSelect__container mainSubscribeFormSelect__container2 altum__subscribeCheckbox-single\">\n                                                                <input type=\"checkbox\" name=\"subscribe_category\" value=\"business\">\n                                                                <span class=\"mainSubscribeFormSelect__checkmark\"><\/span>\n                                                                <p class=\"checkbox__p checkbox__p-blue\">Enterprises<\/p>\n                                                            <\/label>\n                                                        <\/div>\n                                                        <div>\n                                                            <label class=\"mainSubscribeFormSelect__container mainSubscribeFormSelect__container2 altum__subscribeCheckbox-single\">\n                                                                <input type=\"checkbox\" name=\"subscribe_category\" value=\"farm\">\n                                                                <span class=\"mainSubscribeFormSelect__checkmark\"><\/span>\n                                                                <p class=\"checkbox__p checkbox__p-blue\">Rural enterprises<\/p>\n                                                            <\/label>\n                                                        <\/div>\n                                                    <\/div>\n                                                <\/div>\n                                            <\/div>\n                                        <\/div>\n                                        <div class=\"mainSubscribeForm__row\">\n                                            <div class=\"mainSubscribeFormSelect__containerWrap\">\n                                                <label class=\"mainSubscribeFormSelect__container\">\n                                                    <input type=\"checkbox\" name=\"subscribe_gdpr\" checked=\"checked\" required>\n                                                    <span class=\"mainSubscribeFormSelect__checkmark\"><\/span>\n                                                <\/label>\n                                                <a href=\"\/privatuma-politika\/\" target=\"_blank\" class=\"mainSubscribeFormSelect__link\">I agree with privacy policy<\/a>\n                                            <\/div>\n                                        <\/div>\n                                    <\/div>\n\t\t\t\t\t\t\t\t\t<input type=\"hidden\" name=\"google_response\" value=\"\" id=\"googleResponse\">\n                                    <div class=\"mainSubscribeForm__right\">\n                                        <button class=\"swiper2Content__btn famWithChildBottomContent__btn\" type=\"submit\">APPLY<\/button>\n                                    <\/div>\n                                <\/div>\n                            <\/form>\n                        <\/div>\n                    <\/div>\n                <\/div>\n\t\t\t\t<div class=\"subscribeForm-loader\">\n\t\t\t\t\t<div class=\"lds-hourglass\"><\/div>\n\t\t\t\t<\/div>\n\t\t\t\t<div class=\"subscribeForm-success\">\n\t\t\t\t\t<h4 class=\"mainSubscribe__h4\">Your e-mail address has been registred!<\/h4>\n\t\t\t\t<\/div>\n            <\/section>\n        \t\t\t\t<\/div>\n\t\t\t\t<\/div>\n\t\t\t\t\t<\/div>\n\t\t<\/div>\n\t\t\t\t\t<\/div>\n\t\t<\/section>\n\t\t\t\t<\/div>\n\t\t","protected":false},"excerpt":{"rendered":"<p>Lorem Ipsum \u2013 tas ir teksta salikums, kuru izmanto poligr\u0101fij\u0101<br \/>\nun maket\u0113\u0161anas darbos. Lorem Ipsum ir k\u013cuvis par<br \/>\nvisp\u0101rpie\u0146emtu teksta aizvietot\u0101ju kop\u0161 16. gadsimta s\u0101kuma.<\/p>\n","protected":false},"author":1,"featured_media":0,"parent":10873,"menu_order":0,"comment_status":"closed","ping_status":"closed","template":"","meta":{"_acf_changed":false,"inline_featured_image":false,"footnotes":""},"class_list":["post-11925","page","type-page","status-publish","hentry"],"acf":[],"yoast_head":"<!-- This site is optimized with the Yoast SEO plugin v22.3 - https:\/\/yoast.com\/wordpress\/plugins\/seo\/ -->\n<title>Mezzanine loan process - Altum<\/title>\n<meta name=\"robots\" content=\"index, follow, max-snippet:-1, max-image-preview:large, max-video-preview:-1\" \/>\n<link rel=\"canonical\" href=\"https:\/\/www.altum.lv\/en\/services\/enterprises\/mezzanine-loan-process\/\" \/>\n<meta property=\"og:locale\" content=\"en_US\" \/>\n<meta property=\"og:type\" content=\"article\" \/>\n<meta property=\"og:title\" content=\"Mezzanine loan process - Altum\" \/>\n<meta property=\"og:description\" content=\"Lorem Ipsum \u2013 tas ir teksta salikums, kuru izmanto poligr\u0101fij\u0101 un maket\u0113\u0161anas darbos. Lorem Ipsum ir k\u013cuvis par visp\u0101rpie\u0146emtu teksta aizvietot\u0101ju kop\u0161 16. gadsimta s\u0101kuma.\" \/>\n<meta property=\"og:url\" content=\"https:\/\/www.altum.lv\/en\/services\/enterprises\/mezzanine-loan-process\/\" \/>\n<meta property=\"og:site_name\" content=\"Altum\" \/>\n<meta property=\"article:publisher\" content=\"https:\/\/www.facebook.com\/AltumLV\" \/>\n<meta property=\"article:modified_time\" content=\"2022-06-07T07:57:33+00:00\" \/>\n<meta property=\"og:image\" content=\"https:\/\/www.altum.lv\/wp-content\/uploads\/2022\/06\/Screen-Shot-2022-06-01-at-15.17.14.png\" \/>\n<meta name=\"twitter:card\" content=\"summary_large_image\" \/>\n<meta name=\"twitter:site\" content=\"@altumlv\" \/>\n<meta name=\"twitter:label1\" content=\"Est. reading time\" \/>\n\t<meta name=\"twitter:data1\" content=\"1 minute\" \/>\n<script type=\"application\/ld+json\" class=\"yoast-schema-graph\">{\"@context\":\"https:\/\/schema.org\",\"@graph\":[{\"@type\":\"WebPage\",\"@id\":\"https:\/\/www.altum.lv\/en\/services\/enterprises\/mezzanine-loan-process\/\",\"url\":\"https:\/\/www.altum.lv\/en\/services\/enterprises\/mezzanine-loan-process\/\",\"name\":\"Mezzanine loan process - Altum\",\"isPartOf\":{\"@id\":\"https:\/\/www.altum.lv\/en\/#website\"},\"primaryImageOfPage\":{\"@id\":\"https:\/\/www.altum.lv\/en\/services\/enterprises\/mezzanine-loan-process\/#primaryimage\"},\"image\":{\"@id\":\"https:\/\/www.altum.lv\/en\/services\/enterprises\/mezzanine-loan-process\/#primaryimage\"},\"thumbnailUrl\":\"https:\/\/www.altum.lv\/wp-content\/uploads\/2022\/06\/Screen-Shot-2022-06-01-at-15.17.14.png\",\"datePublished\":\"2022-06-01T12:14:21+00:00\",\"dateModified\":\"2022-06-07T07:57:33+00:00\",\"breadcrumb\":{\"@id\":\"https:\/\/www.altum.lv\/en\/services\/enterprises\/mezzanine-loan-process\/#breadcrumb\"},\"inLanguage\":\"en-US\",\"potentialAction\":[{\"@type\":\"ReadAction\",\"target\":[\"https:\/\/www.altum.lv\/en\/services\/enterprises\/mezzanine-loan-process\/\"]}]},{\"@type\":\"ImageObject\",\"inLanguage\":\"en-US\",\"@id\":\"https:\/\/www.altum.lv\/en\/services\/enterprises\/mezzanine-loan-process\/#primaryimage\",\"url\":\"https:\/\/www.altum.lv\/wp-content\/uploads\/2022\/06\/Screen-Shot-2022-06-01-at-15.17.14.png\",\"contentUrl\":\"https:\/\/www.altum.lv\/wp-content\/uploads\/2022\/06\/Screen-Shot-2022-06-01-at-15.17.14.png\"},{\"@type\":\"BreadcrumbList\",\"@id\":\"https:\/\/www.altum.lv\/en\/services\/enterprises\/mezzanine-loan-process\/#breadcrumb\",\"itemListElement\":[{\"@type\":\"ListItem\",\"position\":1,\"name\":\"S\u0101kums\",\"item\":\"https:\/\/www.altum.lv\/en\/\"},{\"@type\":\"ListItem\",\"position\":2,\"name\":\"Services\",\"item\":\"https:\/\/www.altum.lv\/en\/services\/\"},{\"@type\":\"ListItem\",\"position\":3,\"name\":\"Enterprises\",\"item\":\"https:\/\/www.altum.lv\/en\/pakalpojumi\/biznesam\/\"},{\"@type\":\"ListItem\",\"position\":4,\"name\":\"Mezzanine loan process\"}]},{\"@type\":\"WebSite\",\"@id\":\"https:\/\/www.altum.lv\/en\/#website\",\"url\":\"https:\/\/www.altum.lv\/en\/\",\"name\":\"Altum\",\"description\":\"Finan\u0161u instit\u016bcija ALTUM\",\"potentialAction\":[{\"@type\":\"SearchAction\",\"target\":{\"@type\":\"EntryPoint\",\"urlTemplate\":\"https:\/\/www.altum.lv\/en\/?s={search_term_string}\"},\"query-input\":\"required name=search_term_string\"}],\"inLanguage\":\"en-US\"}]}<\/script>\n<!-- \/ Yoast SEO plugin. -->","yoast_head_json":{"title":"Mezzanine loan process - Altum","robots":{"index":"index","follow":"follow","max-snippet":"max-snippet:-1","max-image-preview":"max-image-preview:large","max-video-preview":"max-video-preview:-1"},"canonical":"https:\/\/www.altum.lv\/en\/services\/enterprises\/mezzanine-loan-process\/","og_locale":"en_US","og_type":"article","og_title":"Mezzanine loan process - Altum","og_description":"Lorem Ipsum \u2013 tas ir teksta salikums, kuru izmanto poligr\u0101fij\u0101 un maket\u0113\u0161anas darbos. Lorem Ipsum ir k\u013cuvis par visp\u0101rpie\u0146emtu teksta aizvietot\u0101ju kop\u0161 16. gadsimta s\u0101kuma.","og_url":"https:\/\/www.altum.lv\/en\/services\/enterprises\/mezzanine-loan-process\/","og_site_name":"Altum","article_publisher":"https:\/\/www.facebook.com\/AltumLV","article_modified_time":"2022-06-07T07:57:33+00:00","og_image":[{"url":"https:\/\/www.altum.lv\/wp-content\/uploads\/2022\/06\/Screen-Shot-2022-06-01-at-15.17.14.png"}],"twitter_card":"summary_large_image","twitter_site":"@altumlv","twitter_misc":{"Est. reading time":"1 minute"},"schema":{"@context":"https:\/\/schema.org","@graph":[{"@type":"WebPage","@id":"https:\/\/www.altum.lv\/en\/services\/enterprises\/mezzanine-loan-process\/","url":"https:\/\/www.altum.lv\/en\/services\/enterprises\/mezzanine-loan-process\/","name":"Mezzanine loan process - Altum","isPartOf":{"@id":"https:\/\/www.altum.lv\/en\/#website"},"primaryImageOfPage":{"@id":"https:\/\/www.altum.lv\/en\/services\/enterprises\/mezzanine-loan-process\/#primaryimage"},"image":{"@id":"https:\/\/www.altum.lv\/en\/services\/enterprises\/mezzanine-loan-process\/#primaryimage"},"thumbnailUrl":"https:\/\/www.altum.lv\/wp-content\/uploads\/2022\/06\/Screen-Shot-2022-06-01-at-15.17.14.png","datePublished":"2022-06-01T12:14:21+00:00","dateModified":"2022-06-07T07:57:33+00:00","breadcrumb":{"@id":"https:\/\/www.altum.lv\/en\/services\/enterprises\/mezzanine-loan-process\/#breadcrumb"},"inLanguage":"en-US","potentialAction":[{"@type":"ReadAction","target":["https:\/\/www.altum.lv\/en\/services\/enterprises\/mezzanine-loan-process\/"]}]},{"@type":"ImageObject","inLanguage":"en-US","@id":"https:\/\/www.altum.lv\/en\/services\/enterprises\/mezzanine-loan-process\/#primaryimage","url":"https:\/\/www.altum.lv\/wp-content\/uploads\/2022\/06\/Screen-Shot-2022-06-01-at-15.17.14.png","contentUrl":"https:\/\/www.altum.lv\/wp-content\/uploads\/2022\/06\/Screen-Shot-2022-06-01-at-15.17.14.png"},{"@type":"BreadcrumbList","@id":"https:\/\/www.altum.lv\/en\/services\/enterprises\/mezzanine-loan-process\/#breadcrumb","itemListElement":[{"@type":"ListItem","position":1,"name":"S\u0101kums","item":"https:\/\/www.altum.lv\/en\/"},{"@type":"ListItem","position":2,"name":"Services","item":"https:\/\/www.altum.lv\/en\/services\/"},{"@type":"ListItem","position":3,"name":"Enterprises","item":"https:\/\/www.altum.lv\/en\/pakalpojumi\/biznesam\/"},{"@type":"ListItem","position":4,"name":"Mezzanine loan process"}]},{"@type":"WebSite","@id":"https:\/\/www.altum.lv\/en\/#website","url":"https:\/\/www.altum.lv\/en\/","name":"Altum","description":"Finan\u0161u instit\u016bcija ALTUM","potentialAction":[{"@type":"SearchAction","target":{"@type":"EntryPoint","urlTemplate":"https:\/\/www.altum.lv\/en\/?s={search_term_string}"},"query-input":"required name=search_term_string"}],"inLanguage":"en-US"}]}},"_links":{"self":[{"href":"https:\/\/www.altum.lv\/en\/wp-json\/wp\/v2\/pages\/11925"}],"collection":[{"href":"https:\/\/www.altum.lv\/en\/wp-json\/wp\/v2\/pages"}],"about":[{"href":"https:\/\/www.altum.lv\/en\/wp-json\/wp\/v2\/types\/page"}],"author":[{"embeddable":true,"href":"https:\/\/www.altum.lv\/en\/wp-json\/wp\/v2\/users\/1"}],"replies":[{"embeddable":true,"href":"https:\/\/www.altum.lv\/en\/wp-json\/wp\/v2\/comments?post=11925"}],"version-history":[{"count":1,"href":"https:\/\/www.altum.lv\/en\/wp-json\/wp\/v2\/pages\/11925\/revisions"}],"predecessor-version":[{"id":11926,"href":"https:\/\/www.altum.lv\/en\/wp-json\/wp\/v2\/pages\/11925\/revisions\/11926"}],"up":[{"embeddable":true,"href":"https:\/\/www.altum.lv\/en\/wp-json\/wp\/v2\/pages\/10873"}],"wp:attachment":[{"href":"https:\/\/www.altum.lv\/en\/wp-json\/wp\/v2\/media?parent=11925"}],"curies":[{"name":"wp","href":"https:\/\/api.w.org\/{rel}","templated":true}]}}