{"id":11936,"date":"2022-05-29T13:02:43","date_gmt":"2022-05-29T11:02:43","guid":{"rendered":"https:\/\/www.altum.lv\/services\/businesses\/loan-for-new-companies-and-start-ups\/types-and-conditions\/"},"modified":"2022-06-07T10:05:55","modified_gmt":"2022-06-07T08:05:55","slug":"types-and-conditions","status":"publish","type":"page","link":"https:\/\/www.altum.lv\/en\/services\/enterprises\/types-and-conditions\/","title":{"rendered":"Types and conditions"},"content":{"rendered":"\t\t<div data-elementor-type=\"wp-page\" data-elementor-id=\"11936\" class=\"elementor elementor-11936 elementor-8988\">\n\t\t\t\t\t\t<section class=\"elementor-section elementor-top-section altum__default elementor-element elementor-element-e898de8 elementor-section-full_width elementor-section-height-default elementor-section-height-default\" data-id=\"e898de8\" data-element_type=\"section\" data-e-type=\"section\">\n\t\t\t\t\t\t<div class=\"elementor-container elementor-column-gap-default\">\n\t\t\t\t\t<div class=\"elementor-column elementor-col-100 elementor-top-column elementor-element elementor-element-f304857\" data-id=\"f304857\" data-element_type=\"column\" data-e-type=\"column\">\n\t\t\t<div class=\"elementor-widget-wrap elementor-element-populated\">\n\t\t\t\t\t\t<div class=\"elementor-element elementor-element-5b7248f3 elementor-widget elementor-widget-altum-tab-header-links\" data-id=\"5b7248f3\" data-element_type=\"widget\" data-e-type=\"widget\" data-widget_type=\"altum-tab-header-links.default\">\n\t\t\t\t<div class=\"elementor-widget-container\">\n\t\t\t\t\t\n            <section class=\"topBanner topBanner-topicFamily topBanner-pb-0\"  style=\"background-image: url(https:\/\/www.altum.lv\/wp-content\/uploads\/2022\/04\/notebook-bg.jpg)\">\n                <div class=\"container\">\n\t\t\t\t<div class=\"topBanner__breadcrumbs\"><a href=\"https:\/\/www.altum.lv\" class=\"topBannerBreadcrumb__link\">Altum<\/a><span class=\"topBannerBreadcrumb__indent\">-<\/span><\/div>\n\n                    <div class=\"topBanner__content\">\n                        <div class=\"topBanner__left\">\n                            <h1 class=\"topBanner__title\">\n                                Veidi un nosac\u012bjumi\n                            <\/h1>\n                           \n                        <\/div>\n                        <div class=\"topBanner__right\">\n                            <div class=\"topBanner__menuWrap\">\n                               \n                <a href=\"\/pakalpojumi\/biznesam\/aizdevums-jaunajiem-uznemumiem-un-biznesa-uzsacejiem\/\"  class=\"topBanner__menu-link\">Aizdevums jaunajiem uz\u0146\u0113mumiem un biznesa uzs\u0101c\u0113jiem<\/a>\n            \n                <a href=\"http:\/\/altum.lv\/pakalpojumi\/biznesam\/aizdevums-jaunajiem-uznemumiem-un-biznesa-uzsacejiem\/veidi-un-nosacijumi\/\"  class=\"topBanner__menu-link\">Veidi un nosac\u012bjumi<\/a>\n            \n                <a href=\"\/pakalpojumi\/biznesam\/aizdevums-jaunajiem-uznemumiem-un-biznesa-uzsacejiem\/iesniedzamie-dokumenti\/\"  class=\"topBanner__menu-link\">Iesniedzamie dokumenti<\/a>\n            \n                <a href=\"http:\/\/altum.lv\/pakalpojumi\/biznesam\/aizdevums-jaunajiem-uznemumiem-un-biznesa-uzsacejiem\/kalkulators-aprekinam\/\"  class=\"topBanner__menu-link\">Kalkulators apr\u0113\u0137iniem<\/a>\n            \n                <a href=\"Pieredzes st\u0101sti\"  class=\"topBanner__menu-link\">Pieredzes st\u0101sti<\/a>\n            \n                <a href=\"http:\/\/altum.lv\/sazinies\/kontakti\/\"  class=\"topBanner__menu-link\">Kontakti<\/a>\n            \n                            <\/div>\n                        <\/div>\n                    <\/div>\n                    <div class=\"mobileScroll\">\n                        <div class=\"famWithChildTop__btnWrap famWithChildTop__topBanner\">\n                            \n                        <\/div>\n                    <\/div>\n                <\/div>\n            <\/section>\n\t\t\n            <section>\n                <div class=\"container\">\n                    <div class=\"famWithChild__bottom\">\n                        <div class=\"container\">\n                            <div class=\"altum__headerTab-content\"><\/div>\n                        <\/div>\n                    <\/div>\n                <\/div>\n            <\/section>\n        \t\t\t\t<\/div>\n\t\t\t\t<\/div>\n\t\t\t\t\t<\/div>\n\t\t<\/div>\n\t\t\t\t\t<\/div>\n\t\t<\/section>\n\t\t\t\t<section class=\"elementor-section elementor-top-section altum__default elementor-element elementor-element-13046fb elementor-section-boxed elementor-section-height-default elementor-section-height-default\" data-id=\"13046fb\" data-element_type=\"section\" data-e-type=\"section\">\n\t\t\t\t\t\t<div class=\"elementor-container elementor-column-gap-default\">\n\t\t\t\t\t<div class=\"elementor-column elementor-col-100 elementor-top-column elementor-element elementor-element-00f2028\" data-id=\"00f2028\" data-element_type=\"column\" data-e-type=\"column\">\n\t\t\t<div class=\"elementor-widget-wrap elementor-element-populated\">\n\t\t\t\t\t\t<div class=\"elementor-element elementor-element-228c56d elementor-widget elementor-widget-text-editor\" data-id=\"228c56d\" data-element_type=\"widget\" data-e-type=\"widget\" data-widget_type=\"text-editor.default\">\n\t\t\t\t<div class=\"elementor-widget-container\">\n\t\t\t\t\t\t\t\t\t<h2>Kop\u0161 2015.gada esam izsniegu\u0161i vair\u0101k nek\u0101\u00a056 mEUR, lai idejas tiktu p\u0101rv\u0113rstas biznes\u0101.<\/h2><p>\u00a0<\/p><p>Biznesa uzs\u0101k\u0161anai pieejami tr\u012bs atbalsta veidi. Sazinies ar mums un m\u0113s pal\u012bdz\u0113sim noskaidrot, kur\u0161 Tev ir vispiem\u0113rot\u0101kais!<\/p>\t\t\t\t\t\t\t\t<\/div>\n\t\t\t\t<\/div>\n\t\t\t\t\t<\/div>\n\t\t<\/div>\n\t\t\t\t\t<\/div>\n\t\t<\/section>\n\t\t\t\t<section class=\"elementor-section elementor-top-section altum__default elementor-element elementor-element-681c207 elementor-section-boxed elementor-section-height-default elementor-section-height-default\" data-id=\"681c207\" data-element_type=\"section\" data-e-type=\"section\">\n\t\t\t\t\t\t<div class=\"elementor-container elementor-column-gap-default\">\n\t\t\t\t\t<div class=\"elementor-column elementor-col-100 elementor-top-column elementor-element elementor-element-815461e\" data-id=\"815461e\" data-element_type=\"column\" data-e-type=\"column\">\n\t\t\t<div class=\"elementor-widget-wrap elementor-element-populated\">\n\t\t\t\t\t\t<div class=\"elementor-element elementor-element-3e7b51e elementor-widget elementor-widget-shortcode\" data-id=\"3e7b51e\" data-element_type=\"widget\" data-e-type=\"widget\" data-widget_type=\"shortcode.default\">\n\t\t\t\t<div class=\"elementor-widget-container\">\n\t\t\t\t\t\t\t<div class=\"elementor-shortcode\">\n<table id=\"tablepress-35\" class=\"tablepress tablepress-id-35\">\n<thead>\n<tr class=\"row-1\">\n\t<td class=\"column-1\"><\/td><th class=\"column-2\">Starta aizdevums<\/th><th class=\"column-3\">Mazie aizdevumi lauku teritorij\u0101s<\/th><th class=\"column-4\">Mikrokred\u012bts<\/th>\n<\/tr>\n<\/thead>\n<tbody>\n<tr class=\"row-2\">\n\t<td class=\"column-1\"><strong>M\u0113r\u0137is<\/strong><\/td><td class=\"column-2\">Invest\u012bcij\u0101m un apgroz\u0101miem l\u012bdzek\u013ciem<\/td><td class=\"column-3\">Invest\u012bcij\u0101m un apgroz\u0101miem l\u012bdzek\u013ciem<\/td><td class=\"column-4\">Invest\u012bcij\u0101m un apgroz\u0101miem l\u012bdzek\u013ciem<\/td>\n<\/tr>\n<tr class=\"row-3\">\n\t<td class=\"column-1\"><strong>Uz\u0146\u0113muma <\/strong>vecums<\/td><td class=\"column-2\">L\u012bdz 7 gadiem<\/td><td class=\"column-3\">Nav ierobe\u017eots<\/td><td class=\"column-4\">Nav ierobe\u017eots<\/td>\n<\/tr>\n<tr class=\"row-4\">\n\t<td class=\"column-1\"><strong>Aizdevuma summa<\/strong><\/td><td class=\"column-2\">2 000 \u2013 150 000 EUR<\/td><td class=\"column-3\">Apm\u0113rs l\u012bdz 100 000 EUR, tai skait\u0101 l\u012bdz 35000 EUR apgroz\u0101majiem l\u012bdzek\u013ciem<\/td><td class=\"column-4\">L\u012bdz 25 000 EUR <\/td>\n<\/tr>\n<tr class=\"row-5\">\n\t<td class=\"column-1\"><strong>Termi\u0146\u0161<\/strong><\/td><td class=\"column-2\">L\u012bdz 10 gadiem. Nekustam\u0101 \u012bpa\u0161uma ieg\u0101des, b\u016bvniec\u012bbas un renov\u0101cijas projektiem l\u012bdz 15 gadiem<\/td><td class=\"column-3\">L\u012bdz 10 gadiem. Nekustam\u0101 \u012bpa\u0161uma  b\u016bvniec\u012bbas un renov\u0101cijas projektiem l\u012bdz 15 gadiem<\/td><td class=\"column-4\">L\u012bdz 8 gadiem<\/td>\n<\/tr>\n<tr class=\"row-6\">\n\t<td class=\"column-1\"><strong>Gada procentu likme<\/strong><\/td><td class=\"column-2\">no 6,5%<\/td><td class=\"column-3\">3 \u2013 8%<br \/>\n<\/td><td class=\"column-4\">no 6,5% <\/td>\n<\/tr>\n<tr class=\"row-7\">\n\t<td class=\"column-1\"><strong>Nodro\u0161in\u0101jums<\/strong><\/td><td class=\"column-2\">L\u012bdz 25 000 EUR - priv\u0101ts galvojums<br \/>\n<br \/>\nVirs 25 000 EUR - uz\u0146\u0113muma manta<\/td><td class=\"column-3\">L\u012bdz 25 000 EUR - priv\u0101ts galvojums<br \/>\n<br \/>\nVirs 25 000 EUR - uz\u0146\u0113muma manta<\/td><td class=\"column-4\">L\u012bdz 25 000 EUR - priv\u0101ts galvojums<\/td>\n<\/tr>\n<tr class=\"row-8\">\n\t<td class=\"column-1\"><strong>Var pieteikties pirms uz\u0146\u0113muma dibin\u0101\u0161anas<\/strong><\/td><td class=\"column-2\">J\u0101<\/td><td class=\"column-3\">J\u0101<\/td><td class=\"column-4\">J\u0101<\/td>\n<\/tr>\n<tr class=\"row-9\">\n\t<td class=\"column-1\"><strong>Pieejams lauku teritorij\u0101s<\/strong><\/td><td class=\"column-2\">J\u0101<\/td><td class=\"column-3\">J\u0101<\/td><td class=\"column-4\">J\u0101<\/td>\n<\/tr>\n<tr class=\"row-10\">\n\t<td class=\"column-1\"><strong>Pieejams pils\u0113t\u0101s virs 15000 iedz\u012bvot\u0101jiem<\/strong><\/td><td class=\"column-2\">J\u0101<\/td><td class=\"column-3\">N\u0113<\/td><td class=\"column-4\">J\u0101<\/td>\n<\/tr>\n<\/tbody>\n<\/table>\n<\/div>\n\t\t\t\t\t\t<\/div>\n\t\t\t\t<\/div>\n\t\t\t\t\t<\/div>\n\t\t<\/div>\n\t\t\t\t\t<\/div>\n\t\t<\/section>\n\t\t\t\t<section class=\"elementor-section elementor-top-section altum__default elementor-element elementor-element-2e45768 elementor-section-boxed elementor-section-height-default elementor-section-height-default\" data-id=\"2e45768\" data-element_type=\"section\" data-e-type=\"section\">\n\t\t\t\t\t\t<div class=\"elementor-container elementor-column-gap-default\">\n\t\t\t\t\t<div class=\"elementor-column elementor-col-100 elementor-top-column elementor-element elementor-element-56e918c\" data-id=\"56e918c\" data-element_type=\"column\" data-e-type=\"column\">\n\t\t\t<div class=\"elementor-widget-wrap elementor-element-populated\">\n\t\t\t\t\t\t<div class=\"elementor-element elementor-element-34a3395 elementor-align-left elementor-widget elementor-widget-button\" data-id=\"34a3395\" data-element_type=\"widget\" data-e-type=\"widget\" data-widget_type=\"button.default\">\n\t\t\t\t<div class=\"elementor-widget-container\">\n\t\t\t\t\t\t\t\t\t<div class=\"elementor-button-wrapper\">\n\t\t\t\t\t<a class=\"elementor-button elementor-button-link elementor-size-md\" href=\"http:\/\/altum.lv\/pakalpojumi\/biznesam\/aizdevums-jaunajiem-uznemumiem-un-biznesa-uzsacejiem\/iesniedzamie-dokumenti\/\">\n\t\t\t\t\t\t<span class=\"elementor-button-content-wrapper\">\n\t\t\t\t\t\t\t\t\t<span class=\"elementor-button-text\">PIETEIKTIES AIZDEVUMAM<\/span>\n\t\t\t\t\t<\/span>\n\t\t\t\t\t<\/a>\n\t\t\t\t<\/div>\n\t\t\t\t\t\t\t\t<\/div>\n\t\t\t\t<\/div>\n\t\t\t\t\t<\/div>\n\t\t<\/div>\n\t\t\t\t\t<\/div>\n\t\t<\/section>\n\t\t\t\t<section class=\"elementor-section elementor-top-section altum__default elementor-element elementor-element-3518c5c elementor-section-full_width elementor-section-height-default elementor-section-height-default\" data-id=\"3518c5c\" data-element_type=\"section\" data-e-type=\"section\">\n\t\t\t\t\t\t<div class=\"elementor-container elementor-column-gap-default\">\n\t\t\t\t\t<div class=\"elementor-column elementor-col-100 elementor-top-column elementor-element elementor-element-5d1a70c\" data-id=\"5d1a70c\" data-element_type=\"column\" data-e-type=\"column\">\n\t\t\t<div class=\"elementor-widget-wrap elementor-element-populated\">\n\t\t\t\t\t\t<div class=\"elementor-element elementor-element-81a8f68 elementor-widget elementor-widget-altum-subscribe\" data-id=\"81a8f68\" data-element_type=\"widget\" data-e-type=\"widget\" data-widget_type=\"altum-subscribe.default\">\n\t\t\t\t<div class=\"elementor-widget-container\">\n\t\t\t\t\t\n        <section class=\"mainSubscribe\">\n                <div class=\"container\">\n                    <div class=\"mainSubscribe__content\">\n                        <div class=\"mainSubscribe__left\">\n                            <h4 class=\"mainSubscribe__h4\">\n                                Subscribe to <br \/> news\n                            <\/h4>\n                        <\/div>\n                        <div class=\"mainSubscribe__right\">\n                            <form method=\"POST\" class=\"altum__subscribeForm\" action=\"#\">\n                                <div class=\"mainSubscribe__form\">\n                                    <div class=\"mainSubscribeForm__left\">\n                                        <div class=\"mainSubscribeForm__row\">\n                                            <div class=\"mainSubscribeForm__elem\">\n                                                <input type=\"email\" name=\"subscribe_email\" placeholder=\"Your e-mail\" class=\"mainSubscribeForm__input\" required>\n                                            <\/div>\n                                            <div class=\"mainSubscribeForm__elem\">\n                                                <div class=\"custom-select\">\n                                                    <div class=\"select-selected checkCategory\">Select category<\/div>\n                                                    <div class=\"select-items checkCategory-items select-hide1\">\n                                                        <div>\n                                                            <label class=\"mainSubscribeFormSelect__container mainSubscribeFormSelect__container2 altum__subscribeCheckbox-all\">\n                                                                <input type=\"checkbox\" name=\"subscribe_category\" value=\"all\">\n                                                                <span class=\"mainSubscribeFormSelect__checkmark\"><\/span>\n                                                                <p class=\"checkbox__p checkbox__p-blue\">All news<\/p>\n                                                            <\/label>\n                                                        <\/div>\n                                                        <div>\n                                                            <label class=\"mainSubscribeFormSelect__container mainSubscribeFormSelect__container2 altum__subscribeCheckbox-single\">\n                                                                <input type=\"checkbox\" name=\"subscribe_category\" value=\"private\">\n                                                                <span class=\"mainSubscribeFormSelect__checkmark\"><\/span>\n                                                                <p class=\"checkbox__p checkbox__p-blue\">For individuals<\/p>\n                                                            <\/label>\n                                                        <\/div>\n                                                        <div>\n                                                            <label class=\"mainSubscribeFormSelect__container mainSubscribeFormSelect__container2 altum__subscribeCheckbox-single\">\n                                                                <input type=\"checkbox\" name=\"subscribe_category\" value=\"business\">\n                                                                <span class=\"mainSubscribeFormSelect__checkmark\"><\/span>\n                                                                <p class=\"checkbox__p checkbox__p-blue\">Enterprises<\/p>\n                                                            <\/label>\n                                                        <\/div>\n                                                        <div>\n                                                            <label class=\"mainSubscribeFormSelect__container mainSubscribeFormSelect__container2 altum__subscribeCheckbox-single\">\n                                                                <input type=\"checkbox\" name=\"subscribe_category\" value=\"farm\">\n                                                                <span class=\"mainSubscribeFormSelect__checkmark\"><\/span>\n                                                                <p class=\"checkbox__p checkbox__p-blue\">Rural enterprises<\/p>\n                                                            <\/label>\n                                                        <\/div>\n                                                    <\/div>\n                                                <\/div>\n                                            <\/div>\n                                        <\/div>\n                                        <div class=\"mainSubscribeForm__row\">\n                                            <div class=\"mainSubscribeFormSelect__containerWrap\">\n                                                <label class=\"mainSubscribeFormSelect__container\">\n                                                    <input type=\"checkbox\" name=\"subscribe_gdpr\" checked=\"checked\" required>\n                                                    <span class=\"mainSubscribeFormSelect__checkmark\"><\/span>\n                                                <\/label>\n                                                <a href=\"\/privatuma-politika\/\" target=\"_blank\" class=\"mainSubscribeFormSelect__link\">I agree with privacy policy<\/a>\n                                            <\/div>\n                                        <\/div>\n                                    <\/div>\n\t\t\t\t\t\t\t\t\t<input type=\"hidden\" name=\"google_response\" value=\"\" id=\"googleResponse\">\n                                    <div class=\"mainSubscribeForm__right\">\n                                        <button class=\"swiper2Content__btn famWithChildBottomContent__btn\" type=\"submit\">APPLY<\/button>\n                                    <\/div>\n                                <\/div>\n                            <\/form>\n                        <\/div>\n                    <\/div>\n                <\/div>\n\t\t\t\t<div class=\"subscribeForm-loader\">\n\t\t\t\t\t<div class=\"lds-hourglass\"><\/div>\n\t\t\t\t<\/div>\n\t\t\t\t<div class=\"subscribeForm-success\">\n\t\t\t\t\t<h4 class=\"mainSubscribe__h4\">Your e-mail address has been registred!<\/h4>\n\t\t\t\t<\/div>\n            <\/section>\n        \t\t\t\t<\/div>\n\t\t\t\t<\/div>\n\t\t\t\t\t<\/div>\n\t\t<\/div>\n\t\t\t\t\t<\/div>\n\t\t<\/section>\n\t\t\t\t<\/div>\n\t\t","protected":false},"excerpt":{"rendered":"<p>Altum&#8211; Veidi un nosac\u012bjumi Aizdevums jaunajiem uz\u0146\u0113mumiem un biznesa uzs\u0101c\u0113jiem Veidi un nosac\u012bjumi Iesniedzamie dokumenti Kalkulators apr\u0113\u0137iniem Pieredzes st\u0101sti Kontakti Kop\u0161 2015.gada esam izsniegu\u0161i vair\u0101k nek\u0101\u00a056 mEUR, lai idejas tiktu [&hellip;]<\/p>\n","protected":false},"author":1,"featured_media":0,"parent":10873,"menu_order":0,"comment_status":"closed","ping_status":"closed","template":"","meta":{"_acf_changed":false,"inline_featured_image":false,"footnotes":""},"class_list":["post-11936","page","type-page","status-publish","hentry"],"acf":[],"yoast_head":"<!-- This site is optimized with the Yoast SEO plugin v22.3 - https:\/\/yoast.com\/wordpress\/plugins\/seo\/ -->\n<title>Types and conditions - Altum<\/title>\n<meta name=\"robots\" content=\"index, follow, max-snippet:-1, max-image-preview:large, max-video-preview:-1\" \/>\n<link rel=\"canonical\" href=\"https:\/\/www.altum.lv\/en\/services\/enterprises\/types-and-conditions\/\" \/>\n<meta property=\"og:locale\" content=\"en_US\" \/>\n<meta property=\"og:type\" content=\"article\" \/>\n<meta property=\"og:title\" content=\"Types and conditions - Altum\" \/>\n<meta property=\"og:description\" content=\"Altum&#8211; Veidi un nosac\u012bjumi Aizdevums jaunajiem uz\u0146\u0113mumiem un biznesa uzs\u0101c\u0113jiem Veidi un nosac\u012bjumi Iesniedzamie dokumenti Kalkulators apr\u0113\u0137iniem Pieredzes st\u0101sti Kontakti Kop\u0161 2015.gada esam izsniegu\u0161i vair\u0101k nek\u0101\u00a056 mEUR, lai idejas tiktu [&hellip;]\" \/>\n<meta property=\"og:url\" content=\"https:\/\/www.altum.lv\/en\/services\/enterprises\/types-and-conditions\/\" \/>\n<meta property=\"og:site_name\" content=\"Altum\" \/>\n<meta property=\"article:publisher\" content=\"https:\/\/www.facebook.com\/AltumLV\" \/>\n<meta property=\"article:modified_time\" content=\"2022-06-07T08:05:55+00:00\" \/>\n<meta name=\"twitter:card\" content=\"summary_large_image\" \/>\n<meta name=\"twitter:site\" content=\"@altumlv\" \/>\n<meta name=\"twitter:label1\" content=\"Est. reading time\" \/>\n\t<meta name=\"twitter:data1\" content=\"1 minute\" \/>\n<script type=\"application\/ld+json\" class=\"yoast-schema-graph\">{\"@context\":\"https:\/\/schema.org\",\"@graph\":[{\"@type\":\"WebPage\",\"@id\":\"https:\/\/www.altum.lv\/en\/services\/enterprises\/types-and-conditions\/\",\"url\":\"https:\/\/www.altum.lv\/en\/services\/enterprises\/types-and-conditions\/\",\"name\":\"Types and conditions - Altum\",\"isPartOf\":{\"@id\":\"https:\/\/www.altum.lv\/en\/#website\"},\"datePublished\":\"2022-05-29T11:02:43+00:00\",\"dateModified\":\"2022-06-07T08:05:55+00:00\",\"breadcrumb\":{\"@id\":\"https:\/\/www.altum.lv\/en\/services\/enterprises\/types-and-conditions\/#breadcrumb\"},\"inLanguage\":\"en-US\",\"potentialAction\":[{\"@type\":\"ReadAction\",\"target\":[\"https:\/\/www.altum.lv\/en\/services\/enterprises\/types-and-conditions\/\"]}]},{\"@type\":\"BreadcrumbList\",\"@id\":\"https:\/\/www.altum.lv\/en\/services\/enterprises\/types-and-conditions\/#breadcrumb\",\"itemListElement\":[{\"@type\":\"ListItem\",\"position\":1,\"name\":\"S\u0101kums\",\"item\":\"https:\/\/www.altum.lv\/en\/\"},{\"@type\":\"ListItem\",\"position\":2,\"name\":\"Services\",\"item\":\"https:\/\/www.altum.lv\/en\/services\/\"},{\"@type\":\"ListItem\",\"position\":3,\"name\":\"Enterprises\",\"item\":\"https:\/\/www.altum.lv\/en\/pakalpojumi\/biznesam\/\"},{\"@type\":\"ListItem\",\"position\":4,\"name\":\"Types and conditions\"}]},{\"@type\":\"WebSite\",\"@id\":\"https:\/\/www.altum.lv\/en\/#website\",\"url\":\"https:\/\/www.altum.lv\/en\/\",\"name\":\"Altum\",\"description\":\"Finan\u0161u instit\u016bcija ALTUM\",\"potentialAction\":[{\"@type\":\"SearchAction\",\"target\":{\"@type\":\"EntryPoint\",\"urlTemplate\":\"https:\/\/www.altum.lv\/en\/?s={search_term_string}\"},\"query-input\":\"required name=search_term_string\"}],\"inLanguage\":\"en-US\"}]}<\/script>\n<!-- \/ Yoast SEO plugin. -->","yoast_head_json":{"title":"Types and conditions - Altum","robots":{"index":"index","follow":"follow","max-snippet":"max-snippet:-1","max-image-preview":"max-image-preview:large","max-video-preview":"max-video-preview:-1"},"canonical":"https:\/\/www.altum.lv\/en\/services\/enterprises\/types-and-conditions\/","og_locale":"en_US","og_type":"article","og_title":"Types and conditions - Altum","og_description":"Altum&#8211; Veidi un nosac\u012bjumi Aizdevums jaunajiem uz\u0146\u0113mumiem un biznesa uzs\u0101c\u0113jiem Veidi un nosac\u012bjumi Iesniedzamie dokumenti Kalkulators apr\u0113\u0137iniem Pieredzes st\u0101sti Kontakti Kop\u0161 2015.gada esam izsniegu\u0161i vair\u0101k nek\u0101\u00a056 mEUR, lai idejas tiktu [&hellip;]","og_url":"https:\/\/www.altum.lv\/en\/services\/enterprises\/types-and-conditions\/","og_site_name":"Altum","article_publisher":"https:\/\/www.facebook.com\/AltumLV","article_modified_time":"2022-06-07T08:05:55+00:00","twitter_card":"summary_large_image","twitter_site":"@altumlv","twitter_misc":{"Est. reading time":"1 minute"},"schema":{"@context":"https:\/\/schema.org","@graph":[{"@type":"WebPage","@id":"https:\/\/www.altum.lv\/en\/services\/enterprises\/types-and-conditions\/","url":"https:\/\/www.altum.lv\/en\/services\/enterprises\/types-and-conditions\/","name":"Types and conditions - Altum","isPartOf":{"@id":"https:\/\/www.altum.lv\/en\/#website"},"datePublished":"2022-05-29T11:02:43+00:00","dateModified":"2022-06-07T08:05:55+00:00","breadcrumb":{"@id":"https:\/\/www.altum.lv\/en\/services\/enterprises\/types-and-conditions\/#breadcrumb"},"inLanguage":"en-US","potentialAction":[{"@type":"ReadAction","target":["https:\/\/www.altum.lv\/en\/services\/enterprises\/types-and-conditions\/"]}]},{"@type":"BreadcrumbList","@id":"https:\/\/www.altum.lv\/en\/services\/enterprises\/types-and-conditions\/#breadcrumb","itemListElement":[{"@type":"ListItem","position":1,"name":"S\u0101kums","item":"https:\/\/www.altum.lv\/en\/"},{"@type":"ListItem","position":2,"name":"Services","item":"https:\/\/www.altum.lv\/en\/services\/"},{"@type":"ListItem","position":3,"name":"Enterprises","item":"https:\/\/www.altum.lv\/en\/pakalpojumi\/biznesam\/"},{"@type":"ListItem","position":4,"name":"Types and conditions"}]},{"@type":"WebSite","@id":"https:\/\/www.altum.lv\/en\/#website","url":"https:\/\/www.altum.lv\/en\/","name":"Altum","description":"Finan\u0161u instit\u016bcija ALTUM","potentialAction":[{"@type":"SearchAction","target":{"@type":"EntryPoint","urlTemplate":"https:\/\/www.altum.lv\/en\/?s={search_term_string}"},"query-input":"required name=search_term_string"}],"inLanguage":"en-US"}]}},"_links":{"self":[{"href":"https:\/\/www.altum.lv\/en\/wp-json\/wp\/v2\/pages\/11936"}],"collection":[{"href":"https:\/\/www.altum.lv\/en\/wp-json\/wp\/v2\/pages"}],"about":[{"href":"https:\/\/www.altum.lv\/en\/wp-json\/wp\/v2\/types\/page"}],"author":[{"embeddable":true,"href":"https:\/\/www.altum.lv\/en\/wp-json\/wp\/v2\/users\/1"}],"replies":[{"embeddable":true,"href":"https:\/\/www.altum.lv\/en\/wp-json\/wp\/v2\/comments?post=11936"}],"version-history":[{"count":1,"href":"https:\/\/www.altum.lv\/en\/wp-json\/wp\/v2\/pages\/11936\/revisions"}],"predecessor-version":[{"id":11937,"href":"https:\/\/www.altum.lv\/en\/wp-json\/wp\/v2\/pages\/11936\/revisions\/11937"}],"up":[{"embeddable":true,"href":"https:\/\/www.altum.lv\/en\/wp-json\/wp\/v2\/pages\/10873"}],"wp:attachment":[{"href":"https:\/\/www.altum.lv\/en\/wp-json\/wp\/v2\/media?parent=11936"}],"curies":[{"name":"wp","href":"https:\/\/api.w.org\/{rel}","templated":true}]}}