{"id":12050,"date":"2022-05-23T10:30:46","date_gmt":"2022-05-23T08:30:46","guid":{"rendered":"https:\/\/www.altum.lv\/services\/land-fund-of-latvia\/land-for-the-new-generation-of-farmers\/"},"modified":"2025-06-06T12:38:41","modified_gmt":"2025-06-06T10:38:41","slug":"land-for-the-new-generation-of-farmers","status":"publish","type":"page","link":"https:\/\/www.altum.lv\/en\/services\/land-fund-of-latvia\/land-for-the-new-generation-of-farmers\/","title":{"rendered":"Land for the new generation of farmers"},"content":{"rendered":"\t\t<div data-elementor-type=\"wp-page\" data-elementor-id=\"12050\" class=\"elementor elementor-12050 elementor-8111\">\n\t\t\t\t\t\t<section class=\"elementor-section elementor-top-section altum__default elementor-element elementor-element-0ce3c3c elementor-section-full_width elementor-section-height-default elementor-section-height-default\" data-id=\"0ce3c3c\" data-element_type=\"section\" data-e-type=\"section\">\n\t\t\t\t\t\t<div class=\"elementor-container elementor-column-gap-default\">\n\t\t\t\t\t<div class=\"elementor-column elementor-col-100 elementor-top-column elementor-element elementor-element-dda9235\" data-id=\"dda9235\" data-element_type=\"column\" data-e-type=\"column\">\n\t\t\t<div class=\"elementor-widget-wrap elementor-element-populated\">\n\t\t\t\t\t\t<div class=\"elementor-element elementor-element-d1d99c4 elementor-widget elementor-widget-altum-tab-header-links\" data-id=\"d1d99c4\" data-element_type=\"widget\" data-e-type=\"widget\" data-widget_type=\"altum-tab-header-links.default\">\n\t\t\t\t<div class=\"elementor-widget-container\">\n\t\t\t\t\t\n            <section class=\"topBanner topBanner-topicFamily topBanner-pb-0\"  style=\"background-image: url(https:\/\/www.altum.lv\/wp-content\/uploads\/2025\/06\/Zeme-jaunajai-lauksaimnieku-paaudzei.png)\">\n                <div class=\"container\">\n\t\t\t\t<div class=\"topBanner__breadcrumbs\"><a href=\"https:\/\/www.altum.lv\" class=\"topBannerBreadcrumb__link\">Altum<\/a><span class=\"topBannerBreadcrumb__indent\">-<\/span><\/div>\n\n                    <div class=\"topBanner__content\">\n                        <div class=\"topBanner__left\">\n                            <h1 class=\"topBanner__title\">\n                                Zeme jaunajai lauksaimnieku paaudzei\n                            <\/h1>\n                           \n                        <\/div>\n                        <div class=\"topBanner__right\">\n                            <div class=\"topBanner__menuWrap\">\n                               \n                <a href=\"http:\/\/altum.lv\/pakalpojumi\/latvijas-zemes-fonds\/\"  class=\"topBanner__menu-link\">Latvijas zemes fonds<\/a>\n            \n                <a href=\"http:\/\/altum.lv\/pakalpojumi\/latvijas-zemes-fonds\/reversa-noma\/\"  class=\"topBanner__menu-link\">Revers\u0101 noma<\/a>\n            \n                <a href=\"http:\/\/altum.lv\/pakalpojumi\/latvijas-zemes-fonds\/pieteikums-nekustama-ipasuma-pardosanai-2\/\"  class=\"topBanner__menu-link\">Fonds p\u0113rk zemi<\/a>\n            \n                <a href=\"http:\/\/altum.lv\/pakalpojumi\/latvijas-zemes-fonds\/fonds-iznoma-zemi\/\"  class=\"topBanner__menu-link\">Fonds iznom\u0101 zemi<\/a>\n            \n                <a href=\"http:\/\/altum.lv\/pakalpojumi\/latvijas-zemes-fonds\/fonds-pardod-zemi\/\"  class=\"topBanner__menu-link\">Fonds p\u0101rdod zemi<\/a>\n            \n                <a href=\"http:\/\/altum.lv\/pakalpojumi\/latvijas-zemes-fonds\/zeme-jaunajai-lauksaimnieku-paaudzei\/\"  class=\"topBanner__menu-link\">Zeme jaunajiem lauksaimniekiem<\/a>\n            \n                            <\/div>\n                        <\/div>\n                    <\/div>\n                    <div class=\"mobileScroll\">\n                        <div class=\"famWithChildTop__btnWrap famWithChildTop__topBanner\">\n                            \n                        <\/div>\n                    <\/div>\n                <\/div>\n            <\/section>\n\t\t\n            <section>\n                <div class=\"container\">\n                    <div class=\"famWithChild__bottom\">\n                        <div class=\"container\">\n                            <div class=\"altum__headerTab-content\"><\/div>\n                        <\/div>\n                    <\/div>\n                <\/div>\n            <\/section>\n        \t\t\t\t<\/div>\n\t\t\t\t<\/div>\n\t\t\t\t\t<\/div>\n\t\t<\/div>\n\t\t\t\t\t<\/div>\n\t\t<\/section>\n\t\t\t\t<section class=\"elementor-section elementor-top-section altum__default elementor-element elementor-element-d85d225 elementor-section-boxed elementor-section-height-default elementor-section-height-default\" data-id=\"d85d225\" data-element_type=\"section\" data-e-type=\"section\">\n\t\t\t\t\t\t<div class=\"elementor-container elementor-column-gap-default\">\n\t\t\t\t\t<div class=\"elementor-column elementor-col-100 elementor-top-column elementor-element elementor-element-02e8da3\" data-id=\"02e8da3\" data-element_type=\"column\" data-e-type=\"column\">\n\t\t\t<div class=\"elementor-widget-wrap elementor-element-populated\">\n\t\t\t\t\t\t<div class=\"elementor-element elementor-element-c3576d5 elementor-widget elementor-widget-text-editor\" data-id=\"c3576d5\" data-element_type=\"widget\" data-e-type=\"widget\" data-widget_type=\"text-editor.default\">\n\t\t\t\t<div class=\"elementor-widget-container\">\n\t\t\t\t\t\t\t\t\t<p>Altum nodro\u0161ina iesp\u0113ju nom\u0101t un izpirkt nom\u0101t\u0101s zemes jaunajiem lauksaimniekiem! \u0160im m\u0113r\u0137im Altum uzp\u0113rk Latvijas zemes; ar\u012b neapsaimniekotas un pamestas.<\/p><p>\u00a0<\/p><p>SVAR\u012aGI! Nomas zemes pied\u0101v\u0101jumi tiek past\u0101v\u012bgi papildin\u0101ti port\u0101l\u0101\u00a0<a href=\"https:\/\/zeme.altum.lv\/\">https:\/\/zeme.altum.lv\/<\/a>. Atbilsto\u0161i likumam jebkur\u0161 interesents var \u0146emt dal\u012bbu nomas izsol\u0113s.<\/p><p>\u00a0<\/p><p>Liels potenci\u0101ls tie\u0161i jaunajiem zemniekiem sl\u0113pjas nepiln\u012bgi apg\u016btos, relat\u012bvi mazos (5-15 ha) vai aizlaistos zemes \u012bpa\u0161umos. P\u0113c m\u016bsu pie\u0146\u0113mumiem l\u012bdz pat 170\u00a0000 ha ir problem\u0101tiskas zemes potenci\u0101ls, kuras Latvijas Zemes Fonds var\u0113tu atgriezt aprit\u0113:<\/p><ul><li><p>Sakopjot aizaugu\u0161us vai ar graustiem apgr\u016btin\u0101tus \u012bpa\u0161umus<\/p><\/li><li><p>Apg\u016bstot zemes \u012bpa\u0161umus, kurus l\u012bdz\u0161in\u0113jie \u012bpa\u0161nieki fiziski nevar apr\u016bp\u0113t d\u0113\u013c att\u0101lin\u0101tas dz\u012bves vietas, fiziskas nesp\u0113jas vai citiem iemesliem<\/p><\/li><li><p>Piedaloties pa\u0161vald\u012bbu neapg\u016bto zemes \u012bpa\u0161umu izsol\u0113s<\/p><\/li><\/ul><p>\u00a0<\/p><p>\u00a0<\/p><h3><strong>Aicin\u0101m pa\u0161vald\u012bbas, zemes \u012bpa\u0161umu kaimi\u0146us, uz\u0146\u0113mumus, \u012bpa\u0161niekus, kas redz nesakoptus un neapg\u016btus \u012bpa\u0161umus, pal\u012bdziet mums apzin\u0101t \u0161\u012bs zemes, t\u0101s sak\u0101rtot un atrast jaunos saimniekus, ies\u016btot savus kontaktus, lai kop\u012bgi apzin\u0101tu \u012bpa\u0161niekus.<\/strong><\/h3><p>\u00a0<\/p><p>\u00a0<\/p><p>M\u0113s savuk\u0101rt par\u016bp\u0113simies, ka:<\/p><ul><li><p>Tiek sak\u0101rtota Latvija, tai skait\u0101, ar\u012b degrad\u0113ti un neizmantoti zemes \u012bpa\u0161umi<\/p><\/li><li><p>Zeme tiek atgriezta saimniecisk\u0101 aprit\u0113 un ieg\u016bst jaunus saimniekus<\/p><\/li><li><p>\u012apa\u0161nieki sa\u0146em god\u012bgu apmaksu<\/p><\/li><li><p>Zemes uz caursp\u012bd\u012bgiem noteikumiem tiek br\u012bvi pied\u0101v\u0101tas jaunajiem zemniekiem un tirgus sp\u0113l\u0113t\u0101jiem<\/p><\/li><\/ul><p>\u00a0<\/p><p>Lai m\u0113s var\u0113tu atgriezt saimnieciskaj\u0101 aprit\u0113 J\u016bsu zemi, zemi kaimi\u0146os un apk\u0101rtn\u0113 vai pa\u0161vald\u012bbu neapg\u016bt\u0101s zemes plat\u012bbas, l\u016bdzu sazinieties ar mums, s\u016btot e-pastu uz\u00a0<strong><a href=\"mailto:zemesfonds@altum.lv\" target=\"_blank\" rel=\"noopener\">zemesfonds@altum.lv<\/a><\/strong> !\u00a0<\/p>\t\t\t\t\t\t\t\t<\/div>\n\t\t\t\t<\/div>\n\t\t\t\t<div class=\"elementor-element elementor-element-46defdb elementor-widget elementor-widget-altum-employees\" data-id=\"46defdb\" data-element_type=\"widget\" data-e-type=\"widget\" data-widget_type=\"altum-employees.default\">\n\t\t\t\t<div class=\"elementor-widget-container\">\n\t\t\t\t\t\n\t\t\t\t<section class=\"consultants consultants-bt\" style=\"margin-top: 100px; margin-bottom: 60px\">\n\t\t\t\t\t\n\t\t\t\t\t\t<div class=\"consultants__wrap\" \">\n\t\t\t\t\t\t\t<h2 class=\"consultants__h2\" tabindex=\"0\">Par programmu jaut\u0101<\/h2>\n\t\t\t\t\t\t\t<div class=\"consultants__content\">\n\t\t\t\t\t\t\t\t\n\t\t\t\t<div class=\"consultantsContent__elem\">\n\t\t\t\t\t\n\t\t\t\t\t<div class=\"consultantsContent__info\">\n\t\t\t\t\t\t<h4 class=\"consultantsContent__h4\" tabindex=\"0\" title=\"Gunta Vespere\">\n\t\t\t\t\t\t\t\n\t\t\t\t\t\t\tGunta Vespere\n\t\t\t\t\t\t<\/h4>\n\t\t\t\t\t\t<p class=\"consultantsContent__p\" tabindex=\"0\" title=\" Projektu vad\u012bt\u0101ja\">Projektu vad\u012bt\u0101ja<\/p>\n\t\t\t\t\t\t<div class=\"consultantsContent__contact\">\n\t\t\t\t\t\t\t<div class=\"consultatns__phones\"><a href=\"tel:26645146\" title=\"Gunta Vespere kontaktt\u0101lrunis\" class=\"consultantsContent__contact-link\">26645146<\/a><\/div>\n\t\t\t\t\t\t\t<a href=\"mailto:Gunta.Vespere@altum.lv\" title=\"Gunta Vespere e-pasta adrese\" class=\"consultantsContent__contact-link\">Gunta.Vespere@altum.lv<\/a>\n\t\t\t\t\t\t<\/div>\n\t\t\t\t\t<\/div>\n\t\t\t\t<\/div> \n\t\t\t\t<div class=\"consultantsContent__elem\">\n\t\t\t\t\t\n\t\t\t\t\t<div class=\"consultantsContent__info\">\n\t\t\t\t\t\t<h4 class=\"consultantsContent__h4\" tabindex=\"0\" title=\"Ilona Maskale\">\n\t\t\t\t\t\t\t\n\t\t\t\t\t\t\tIlona Maskale\n\t\t\t\t\t\t<\/h4>\n\t\t\t\t\t\t<p class=\"consultantsContent__p\" tabindex=\"0\" title=\" Projektu vad\u012bt\u0101ja\">Projektu vad\u012bt\u0101ja<\/p>\n\t\t\t\t\t\t<div class=\"consultantsContent__contact\">\n\t\t\t\t\t\t\t<div class=\"consultatns__phones\"><a href=\"tel:26402655\" title=\"Ilona Maskale kontaktt\u0101lrunis\" class=\"consultantsContent__contact-link\">26402655<\/a><\/div>\n\t\t\t\t\t\t\t<a href=\"mailto:ilona.maskale@altum.lv\" title=\"Ilona Maskale e-pasta adrese\" class=\"consultantsContent__contact-link\">ilona.maskale@altum.lv<\/a>\n\t\t\t\t\t\t<\/div>\n\t\t\t\t\t<\/div>\n\t\t\t\t<\/div> \n\t\t\t\t\t\t\t<\/div>\n\t\t\t\t\t\t<\/div>\n\t\t\t\t\t\n\t\t\t\t<\/section>\n\t\t\t\t\t\t\t<\/div>\n\t\t\t\t<\/div>\n\t\t\t\t\t<\/div>\n\t\t<\/div>\n\t\t\t\t\t<\/div>\n\t\t<\/section>\n\t\t\t\t<section class=\"elementor-section elementor-top-section altum__default elementor-element elementor-element-1a8128f elementor-section-full_width elementor-section-height-default elementor-section-height-default\" data-id=\"1a8128f\" data-element_type=\"section\" data-e-type=\"section\">\n\t\t\t\t\t\t<div class=\"elementor-container elementor-column-gap-default\">\n\t\t\t\t\t<div class=\"elementor-column elementor-col-100 elementor-top-column elementor-element elementor-element-e1dc6e6\" data-id=\"e1dc6e6\" data-element_type=\"column\" data-e-type=\"column\">\n\t\t\t<div class=\"elementor-widget-wrap elementor-element-populated\">\n\t\t\t\t\t\t<div class=\"elementor-element elementor-element-f38959c elementor-widget elementor-widget-altum-subscribe\" data-id=\"f38959c\" data-element_type=\"widget\" data-e-type=\"widget\" data-widget_type=\"altum-subscribe.default\">\n\t\t\t\t<div class=\"elementor-widget-container\">\n\t\t\t\t\t\n        <section class=\"mainSubscribe\">\n                <div class=\"container\">\n                    <div class=\"mainSubscribe__content\">\n                        <div class=\"mainSubscribe__left\">\n                            <h4 class=\"mainSubscribe__h4\">\n                                Subscribe to <br \/> news\n                            <\/h4>\n                        <\/div>\n                        <div class=\"mainSubscribe__right\">\n                            <form method=\"POST\" class=\"altum__subscribeForm\" action=\"#\">\n                                <div class=\"mainSubscribe__form\">\n                                    <div class=\"mainSubscribeForm__left\">\n                                        <div class=\"mainSubscribeForm__row\">\n                                            <div class=\"mainSubscribeForm__elem\">\n                                                <input type=\"email\" name=\"subscribe_email\" placeholder=\"Your e-mail\" class=\"mainSubscribeForm__input\" required>\n                                            <\/div>\n                                            <div class=\"mainSubscribeForm__elem\">\n                                                <div class=\"custom-select\">\n                                                    <div class=\"select-selected checkCategory\">Select category<\/div>\n                                                    <div class=\"select-items checkCategory-items select-hide1\">\n                                                        <div>\n                                                            <label class=\"mainSubscribeFormSelect__container mainSubscribeFormSelect__container2 altum__subscribeCheckbox-all\">\n                                                                <input type=\"checkbox\" name=\"subscribe_category\" value=\"all\">\n                                                                <span class=\"mainSubscribeFormSelect__checkmark\"><\/span>\n                                                                <p class=\"checkbox__p checkbox__p-blue\">All news<\/p>\n                                                            <\/label>\n                                                        <\/div>\n                                                        <div>\n                                                            <label class=\"mainSubscribeFormSelect__container mainSubscribeFormSelect__container2 altum__subscribeCheckbox-single\">\n                                                                <input type=\"checkbox\" name=\"subscribe_category\" value=\"private\">\n                                                                <span class=\"mainSubscribeFormSelect__checkmark\"><\/span>\n                                                                <p class=\"checkbox__p checkbox__p-blue\">For individuals<\/p>\n                                                            <\/label>\n                                                        <\/div>\n                                                        <div>\n                                                            <label class=\"mainSubscribeFormSelect__container mainSubscribeFormSelect__container2 altum__subscribeCheckbox-single\">\n                                                                <input type=\"checkbox\" name=\"subscribe_category\" value=\"business\">\n                                                                <span class=\"mainSubscribeFormSelect__checkmark\"><\/span>\n                                                                <p class=\"checkbox__p checkbox__p-blue\">Enterprises<\/p>\n                                                            <\/label>\n                                                        <\/div>\n                                                        <div>\n                                                            <label class=\"mainSubscribeFormSelect__container mainSubscribeFormSelect__container2 altum__subscribeCheckbox-single\">\n                                                                <input type=\"checkbox\" name=\"subscribe_category\" value=\"farm\">\n                                                                <span class=\"mainSubscribeFormSelect__checkmark\"><\/span>\n                                                                <p class=\"checkbox__p checkbox__p-blue\">Rural enterprises<\/p>\n                                                            <\/label>\n                                                        <\/div>\n                                                    <\/div>\n                                                <\/div>\n                                            <\/div>\n                                        <\/div>\n                                        <div class=\"mainSubscribeForm__row\">\n                                            <div class=\"mainSubscribeFormSelect__containerWrap\">\n                                                <label class=\"mainSubscribeFormSelect__container\">\n                                                    <input type=\"checkbox\" name=\"subscribe_gdpr\" checked=\"checked\" required>\n                                                    <span class=\"mainSubscribeFormSelect__checkmark\"><\/span>\n                                                <\/label>\n                                                <a href=\"\/privatuma-politika\/\" target=\"_blank\" class=\"mainSubscribeFormSelect__link\">I agree with privacy policy<\/a>\n                                            <\/div>\n                                        <\/div>\n                                    <\/div>\n\t\t\t\t\t\t\t\t\t<input type=\"hidden\" name=\"google_response\" value=\"\" id=\"googleResponse\">\n                                    <div class=\"mainSubscribeForm__right\">\n                                        <button class=\"swiper2Content__btn famWithChildBottomContent__btn\" type=\"submit\">APPLY<\/button>\n                                    <\/div>\n                                <\/div>\n                            <\/form>\n                        <\/div>\n                    <\/div>\n                <\/div>\n\t\t\t\t<div class=\"subscribeForm-loader\">\n\t\t\t\t\t<div class=\"lds-hourglass\"><\/div>\n\t\t\t\t<\/div>\n\t\t\t\t<div class=\"subscribeForm-success\">\n\t\t\t\t\t<h4 class=\"mainSubscribe__h4\">Your e-mail address has been registred!<\/h4>\n\t\t\t\t<\/div>\n            <\/section>\n        \t\t\t\t<\/div>\n\t\t\t\t<\/div>\n\t\t\t\t\t<\/div>\n\t\t<\/div>\n\t\t\t\t\t<\/div>\n\t\t<\/section>\n\t\t\t\t<\/div>\n\t\t","protected":false},"excerpt":{"rendered":"<p>Altum&#8211; Zeme jaunajai lauksaimnieku paaudzei Latvijas zemes fonds Revers\u0101 noma Fonds p\u0113rk zemi Fonds iznom\u0101 zemi Fonds p\u0101rdod zemi Zeme jaunajiem lauksaimniekiem Altum nodro\u0161ina iesp\u0113ju nom\u0101t un izpirkt nom\u0101t\u0101s zemes [&hellip;]<\/p>\n","protected":false},"author":1,"featured_media":0,"parent":8129,"menu_order":0,"comment_status":"closed","ping_status":"closed","template":"","meta":{"_acf_changed":false,"inline_featured_image":false,"footnotes":""},"class_list":["post-12050","page","type-page","status-publish","hentry"],"acf":[],"yoast_head":"<!-- This site is optimized with the Yoast SEO plugin v22.3 - https:\/\/yoast.com\/wordpress\/plugins\/seo\/ -->\n<title>Land for the new generation of farmers - Altum<\/title>\n<meta name=\"robots\" content=\"index, follow, max-snippet:-1, max-image-preview:large, max-video-preview:-1\" \/>\n<link rel=\"canonical\" href=\"https:\/\/www.altum.lv\/en\/services\/land-fund-of-latvia\/land-for-the-new-generation-of-farmers\/\" \/>\n<meta property=\"og:locale\" content=\"en_US\" \/>\n<meta property=\"og:type\" content=\"article\" \/>\n<meta property=\"og:title\" content=\"Land for the new generation of farmers - Altum\" \/>\n<meta property=\"og:description\" content=\"Altum&#8211; Zeme jaunajai lauksaimnieku paaudzei Latvijas zemes fonds Revers\u0101 noma Fonds p\u0113rk zemi Fonds iznom\u0101 zemi Fonds p\u0101rdod zemi Zeme jaunajiem lauksaimniekiem Altum nodro\u0161ina iesp\u0113ju nom\u0101t un izpirkt nom\u0101t\u0101s zemes [&hellip;]\" \/>\n<meta property=\"og:url\" content=\"https:\/\/www.altum.lv\/en\/services\/land-fund-of-latvia\/land-for-the-new-generation-of-farmers\/\" \/>\n<meta property=\"og:site_name\" content=\"Altum\" \/>\n<meta property=\"article:publisher\" content=\"https:\/\/www.facebook.com\/AltumLV\" \/>\n<meta property=\"article:modified_time\" content=\"2025-06-06T10:38:41+00:00\" \/>\n<meta name=\"twitter:card\" content=\"summary_large_image\" \/>\n<meta name=\"twitter:site\" content=\"@altumlv\" \/>\n<meta name=\"twitter:label1\" content=\"Est. reading time\" \/>\n\t<meta name=\"twitter:data1\" content=\"2 minutes\" \/>\n<script type=\"application\/ld+json\" class=\"yoast-schema-graph\">{\"@context\":\"https:\/\/schema.org\",\"@graph\":[{\"@type\":\"WebPage\",\"@id\":\"https:\/\/www.altum.lv\/en\/services\/land-fund-of-latvia\/land-for-the-new-generation-of-farmers\/\",\"url\":\"https:\/\/www.altum.lv\/en\/services\/land-fund-of-latvia\/land-for-the-new-generation-of-farmers\/\",\"name\":\"Land for the new generation of farmers - Altum\",\"isPartOf\":{\"@id\":\"https:\/\/www.altum.lv\/en\/#website\"},\"datePublished\":\"2022-05-23T08:30:46+00:00\",\"dateModified\":\"2025-06-06T10:38:41+00:00\",\"breadcrumb\":{\"@id\":\"https:\/\/www.altum.lv\/en\/services\/land-fund-of-latvia\/land-for-the-new-generation-of-farmers\/#breadcrumb\"},\"inLanguage\":\"en-US\",\"potentialAction\":[{\"@type\":\"ReadAction\",\"target\":[\"https:\/\/www.altum.lv\/en\/services\/land-fund-of-latvia\/land-for-the-new-generation-of-farmers\/\"]}]},{\"@type\":\"BreadcrumbList\",\"@id\":\"https:\/\/www.altum.lv\/en\/services\/land-fund-of-latvia\/land-for-the-new-generation-of-farmers\/#breadcrumb\",\"itemListElement\":[{\"@type\":\"ListItem\",\"position\":1,\"name\":\"S\u0101kums\",\"item\":\"https:\/\/www.altum.lv\/en\/\"},{\"@type\":\"ListItem\",\"position\":2,\"name\":\"Services\",\"item\":\"https:\/\/www.altum.lv\/en\/services\/\"},{\"@type\":\"ListItem\",\"position\":3,\"name\":\"Land fund of Latvia\",\"item\":\"https:\/\/www.altum.lv\/en\/services\/land-fund-of-latvia\/\"},{\"@type\":\"ListItem\",\"position\":4,\"name\":\"Land for the new generation of farmers\"}]},{\"@type\":\"WebSite\",\"@id\":\"https:\/\/www.altum.lv\/en\/#website\",\"url\":\"https:\/\/www.altum.lv\/en\/\",\"name\":\"Altum\",\"description\":\"Finan\u0161u instit\u016bcija ALTUM\",\"potentialAction\":[{\"@type\":\"SearchAction\",\"target\":{\"@type\":\"EntryPoint\",\"urlTemplate\":\"https:\/\/www.altum.lv\/en\/?s={search_term_string}\"},\"query-input\":\"required name=search_term_string\"}],\"inLanguage\":\"en-US\"}]}<\/script>\n<!-- \/ Yoast SEO plugin. -->","yoast_head_json":{"title":"Land for the new generation of farmers - Altum","robots":{"index":"index","follow":"follow","max-snippet":"max-snippet:-1","max-image-preview":"max-image-preview:large","max-video-preview":"max-video-preview:-1"},"canonical":"https:\/\/www.altum.lv\/en\/services\/land-fund-of-latvia\/land-for-the-new-generation-of-farmers\/","og_locale":"en_US","og_type":"article","og_title":"Land for the new generation of farmers - Altum","og_description":"Altum&#8211; Zeme jaunajai lauksaimnieku paaudzei Latvijas zemes fonds Revers\u0101 noma Fonds p\u0113rk zemi Fonds iznom\u0101 zemi Fonds p\u0101rdod zemi Zeme jaunajiem lauksaimniekiem Altum nodro\u0161ina iesp\u0113ju nom\u0101t un izpirkt nom\u0101t\u0101s zemes [&hellip;]","og_url":"https:\/\/www.altum.lv\/en\/services\/land-fund-of-latvia\/land-for-the-new-generation-of-farmers\/","og_site_name":"Altum","article_publisher":"https:\/\/www.facebook.com\/AltumLV","article_modified_time":"2025-06-06T10:38:41+00:00","twitter_card":"summary_large_image","twitter_site":"@altumlv","twitter_misc":{"Est. reading time":"2 minutes"},"schema":{"@context":"https:\/\/schema.org","@graph":[{"@type":"WebPage","@id":"https:\/\/www.altum.lv\/en\/services\/land-fund-of-latvia\/land-for-the-new-generation-of-farmers\/","url":"https:\/\/www.altum.lv\/en\/services\/land-fund-of-latvia\/land-for-the-new-generation-of-farmers\/","name":"Land for the new generation of farmers - Altum","isPartOf":{"@id":"https:\/\/www.altum.lv\/en\/#website"},"datePublished":"2022-05-23T08:30:46+00:00","dateModified":"2025-06-06T10:38:41+00:00","breadcrumb":{"@id":"https:\/\/www.altum.lv\/en\/services\/land-fund-of-latvia\/land-for-the-new-generation-of-farmers\/#breadcrumb"},"inLanguage":"en-US","potentialAction":[{"@type":"ReadAction","target":["https:\/\/www.altum.lv\/en\/services\/land-fund-of-latvia\/land-for-the-new-generation-of-farmers\/"]}]},{"@type":"BreadcrumbList","@id":"https:\/\/www.altum.lv\/en\/services\/land-fund-of-latvia\/land-for-the-new-generation-of-farmers\/#breadcrumb","itemListElement":[{"@type":"ListItem","position":1,"name":"S\u0101kums","item":"https:\/\/www.altum.lv\/en\/"},{"@type":"ListItem","position":2,"name":"Services","item":"https:\/\/www.altum.lv\/en\/services\/"},{"@type":"ListItem","position":3,"name":"Land fund of Latvia","item":"https:\/\/www.altum.lv\/en\/services\/land-fund-of-latvia\/"},{"@type":"ListItem","position":4,"name":"Land for the new generation of farmers"}]},{"@type":"WebSite","@id":"https:\/\/www.altum.lv\/en\/#website","url":"https:\/\/www.altum.lv\/en\/","name":"Altum","description":"Finan\u0161u instit\u016bcija ALTUM","potentialAction":[{"@type":"SearchAction","target":{"@type":"EntryPoint","urlTemplate":"https:\/\/www.altum.lv\/en\/?s={search_term_string}"},"query-input":"required name=search_term_string"}],"inLanguage":"en-US"}]}},"_links":{"self":[{"href":"https:\/\/www.altum.lv\/en\/wp-json\/wp\/v2\/pages\/12050"}],"collection":[{"href":"https:\/\/www.altum.lv\/en\/wp-json\/wp\/v2\/pages"}],"about":[{"href":"https:\/\/www.altum.lv\/en\/wp-json\/wp\/v2\/types\/page"}],"author":[{"embeddable":true,"href":"https:\/\/www.altum.lv\/en\/wp-json\/wp\/v2\/users\/1"}],"replies":[{"embeddable":true,"href":"https:\/\/www.altum.lv\/en\/wp-json\/wp\/v2\/comments?post=12050"}],"version-history":[{"count":10,"href":"https:\/\/www.altum.lv\/en\/wp-json\/wp\/v2\/pages\/12050\/revisions"}],"predecessor-version":[{"id":54616,"href":"https:\/\/www.altum.lv\/en\/wp-json\/wp\/v2\/pages\/12050\/revisions\/54616"}],"up":[{"embeddable":true,"href":"https:\/\/www.altum.lv\/en\/wp-json\/wp\/v2\/pages\/8129"}],"wp:attachment":[{"href":"https:\/\/www.altum.lv\/en\/wp-json\/wp\/v2\/media?parent=12050"}],"curies":[{"name":"wp","href":"https:\/\/api.w.org\/{rel}","templated":true}]}}