{"id":26757,"date":"2022-11-03T07:41:20","date_gmt":"2022-11-03T05:41:20","guid":{"rendered":"https:\/\/www.altum.lv\/services\/enterprises\/energy-efficiency-loan-with-capital-discount\/service-costs\/"},"modified":"2025-06-04T22:12:30","modified_gmt":"2025-06-04T20:12:30","slug":"service-costs","status":"publish","type":"page","link":"https:\/\/www.altum.lv\/en\/services\/enterprises\/energy-efficiency-loan-with-capital-discount\/service-costs\/","title":{"rendered":"Service costs"},"content":{"rendered":"\t\t<div data-elementor-type=\"wp-page\" data-elementor-id=\"26757\" class=\"elementor elementor-26757 elementor-25011\">\n\t\t\t\t\t\t<section class=\"elementor-section elementor-top-section altum__default elementor-element elementor-element-5d277e8 elementor-section-full_width elementor-section-height-default elementor-section-height-default\" data-id=\"5d277e8\" data-element_type=\"section\" data-e-type=\"section\">\n\t\t\t\t\t\t<div class=\"elementor-container elementor-column-gap-default\">\n\t\t\t\t\t<div class=\"elementor-column elementor-col-100 elementor-top-column elementor-element elementor-element-e5b07fe\" data-id=\"e5b07fe\" data-element_type=\"column\" data-e-type=\"column\">\n\t\t\t<div class=\"elementor-widget-wrap elementor-element-populated\">\n\t\t\t\t\t\t<div class=\"elementor-element elementor-element-a6c3723 elementor-widget elementor-widget-altum-tab-header-links\" data-id=\"a6c3723\" data-element_type=\"widget\" data-e-type=\"widget\" data-widget_type=\"altum-tab-header-links.default\">\n\t\t\t\t<div class=\"elementor-widget-container\">\n\t\t\t\t\t\n            <section class=\"topBanner topBanner-topicFamily topBanner-pb-0\"  style=\"background-image: url(https:\/\/www.altum.lv\/wp-content\/uploads\/2025\/06\/energoefektivitates-aizdevums-1.png)\">\n                <div class=\"container\">\n\t\t\t\t<div class=\"topBanner__breadcrumbs\"><a href=\"https:\/\/www.altum.lv\" class=\"topBannerBreadcrumb__link\">Altum<\/a><span class=\"topBannerBreadcrumb__indent\">-<\/span><\/div>\n\n                    <div class=\"topBanner__content\">\n                        <div class=\"topBanner__left\">\n                            <h1 class=\"topBanner__title\">\n                                Service costs\n                            <\/h1>\n                           \n                        <\/div>\n                        <div class=\"topBanner__right\">\n                            <div class=\"topBanner__menuWrap\">\n                               \n                <a href=\"https:\/\/www.altum.lv\/en\/services\/enterprises\/energy-efficiency-loan-with-capital-discount\/\"  class=\"topBanner__menu-link\">About the program<\/a>\n            \n                <a href=\" hhttps:\/\/www.altum.lv\/en\/services\/enterprises\/energy-efficiency-loan-with-capital-discount\/project-selection\/\"  class=\"topBanner__menu-link\">Project selection<\/a>\n            \n                <a href=\"https:\/\/www.altum.lv\/en\/services\/enterprises\/energy-efficiency-loan-with-capital-discount\/loan\/\"  class=\"topBanner__menu-link\">Loan<\/a>\n            \n                <a href=\"https:\/\/www.altum.lv\/en\/services\/enterprises\/energy-efficiency-loan-with-capital-discount\/a-capital-discount\/\"  class=\"topBanner__menu-link\">Capital discount<\/a>\n            \n                <a href=\"https:\/\/www.altum.lv\/en\/services\/enterprises\/energy-efficiency-loan-with-capital-discount\/service-costs\/\"  class=\"topBanner__menu-link\">Service costs<\/a>\n            \n                            <\/div>\n                        <\/div>\n                    <\/div>\n                    <div class=\"mobileScroll\">\n                        <div class=\"famWithChildTop__btnWrap famWithChildTop__topBanner\">\n                            \n                        <\/div>\n                    <\/div>\n                <\/div>\n            <\/section>\n\t\t\n            <section>\n                <div class=\"container\">\n                    <div class=\"famWithChild__bottom\">\n                        <div class=\"container\">\n                            <div class=\"altum__headerTab-content\"><\/div>\n                        <\/div>\n                    <\/div>\n                <\/div>\n            <\/section>\n        \t\t\t\t<\/div>\n\t\t\t\t<\/div>\n\t\t\t\t\t<\/div>\n\t\t<\/div>\n\t\t\t\t\t<\/div>\n\t\t<\/section>\n\t\t\t\t<section class=\"elementor-section elementor-top-section altum__default elementor-element elementor-element-4185e6d elementor-section-boxed elementor-section-height-default elementor-section-height-default\" data-id=\"4185e6d\" data-element_type=\"section\" data-e-type=\"section\">\n\t\t\t\t\t\t<div class=\"elementor-container elementor-column-gap-default\">\n\t\t\t\t\t<div class=\"elementor-column elementor-col-100 elementor-top-column elementor-element elementor-element-b6308c4\" data-id=\"b6308c4\" data-element_type=\"column\" data-e-type=\"column\">\n\t\t\t<div class=\"elementor-widget-wrap elementor-element-populated\">\n\t\t\t\t\t\t<div class=\"elementor-element elementor-element-92db7b2 elementor-widget elementor-widget-text-editor\" data-id=\"92db7b2\" data-element_type=\"widget\" data-e-type=\"widget\" data-widget_type=\"text-editor.default\">\n\t\t\t\t<div class=\"elementor-widget-container\">\n\t\t\t\t\t\t\t\t\t<p>A commission applies to the processing and provision of an energy efficiency loan with a capital discount and other services as part of the programme.<\/p>\n<p>\u00a0<\/p>\n<h2>Commision:<\/h2>\t\t\t\t\t\t\t\t<\/div>\n\t\t\t\t<\/div>\n\t\t\t\t<div class=\"elementor-element elementor-element-4195b78 elementor-widget elementor-widget-altum-single-document\" data-id=\"4195b78\" data-element_type=\"widget\" data-e-type=\"widget\" data-widget_type=\"altum-single-document.default\">\n\t\t\t\t<div class=\"elementor-widget-container\">\n\t\t\t\t\t\n\t\t\t\t<div class=\"altum__singleDocument\">\n\t\t\t\t\t<a href=\"https:\/\/www.altum.lv\/wp-content\/uploads\/2025\/11\/Cenradis_ANM_Energo_aizdevumi-28032025.pdf\" target=\"_blank\" class=\"dokumentiPdf__link\">\n\t\t\t\t\t\t<div class=\"dokumentiPdf__icon\">\n\t\t\t\t\t\t\tPDF\n\t\t\t\t\t\t<\/div>\n\t\t\t\t\t\t<p class=\"dokumentiPdf__p\">Pakalpojumu cenr\u0101dis (energoefektivit\u0101tes aizdevums ar kapit\u0101la atlaidi)<\/p>\n\t\t\t\t\t\t<div class=\"dokumentiPdf__iconWrap\">\n\t\t\t\t\t\t\t<svg width=\"20\" height=\"23\" fill=\"none\" xmlns=\"http:\/\/www.w3.org\/2000\/svg\"><path d=\"M10 1v16M1 22h18M6 13.5l4 4 4-4\" stroke=\"#000\" stroke-width=\"2\" stroke-linecap=\"round\" stroke-linejoin=\"round\"\/><\/svg>\n\t\t\t\t\t\t<\/div>\n\t\t\t\t\t<\/a>\n\t\t\t\t<\/div>\n\t\t\t\t\t\t\t<\/div>\n\t\t\t\t<\/div>\n\t\t\t\t<div class=\"elementor-element elementor-element-baba445 elementor-widget elementor-widget-altum-single-document\" data-id=\"baba445\" data-element_type=\"widget\" data-e-type=\"widget\" data-widget_type=\"altum-single-document.default\">\n\t\t\t\t<div class=\"elementor-widget-container\">\n\t\t\t\t\t\n\t\t\t\t<div class=\"altum__singleDocument\">\n\t\t\t\t\t<a href=\"https:\/\/www.altum.lv\/wp-content\/uploads\/2023\/12\/Cenradis_papildpakalpojumiem_komercdarbibai.pdf\" target=\"_blank\" class=\"dokumentiPdf__link\">\n\t\t\t\t\t\t<div class=\"dokumentiPdf__icon\">\n\t\t\t\t\t\t\tPDF\n\t\t\t\t\t\t<\/div>\n\t\t\t\t\t\t<p class=\"dokumentiPdf__p\">Cenr\u0101dis papildpakalpojumiem aizdevumiem komercdarb\u012bbai<\/p>\n\t\t\t\t\t\t<div class=\"dokumentiPdf__iconWrap\">\n\t\t\t\t\t\t\t<svg width=\"20\" height=\"23\" fill=\"none\" xmlns=\"http:\/\/www.w3.org\/2000\/svg\"><path d=\"M10 1v16M1 22h18M6 13.5l4 4 4-4\" stroke=\"#000\" stroke-width=\"2\" stroke-linecap=\"round\" stroke-linejoin=\"round\"\/><\/svg>\n\t\t\t\t\t\t<\/div>\n\t\t\t\t\t<\/a>\n\t\t\t\t<\/div>\n\t\t\t\t\t\t\t<\/div>\n\t\t\t\t<\/div>\n\t\t\t\t<div class=\"elementor-element elementor-element-f67e260 elementor-widget elementor-widget-altum-single-document\" data-id=\"f67e260\" data-element_type=\"widget\" data-e-type=\"widget\" data-widget_type=\"altum-single-document.default\">\n\t\t\t\t<div class=\"elementor-widget-container\">\n\t\t\t\t\t\n\t\t\t\t<div class=\"altum__singleDocument\">\n\t\t\t\t\t<a href=\"https:\/\/www.altum.lv\/wp-content\/uploads\/2023\/12\/Izzinu-un-parskatu-pakalpojumu-maksas-cenradis.pdf\" target=\"_blank\" class=\"dokumentiPdf__link\">\n\t\t\t\t\t\t<div class=\"dokumentiPdf__icon\">\n\t\t\t\t\t\t\tPDF\n\t\t\t\t\t\t<\/div>\n\t\t\t\t\t\t<p class=\"dokumentiPdf__p\">Izzi\u0146u un p\u0101rskatu pakalpojumu maksas cenr\u0101dis<\/p>\n\t\t\t\t\t\t<div class=\"dokumentiPdf__iconWrap\">\n\t\t\t\t\t\t\t<svg width=\"20\" height=\"23\" fill=\"none\" xmlns=\"http:\/\/www.w3.org\/2000\/svg\"><path d=\"M10 1v16M1 22h18M6 13.5l4 4 4-4\" stroke=\"#000\" stroke-width=\"2\" stroke-linecap=\"round\" stroke-linejoin=\"round\"\/><\/svg>\n\t\t\t\t\t\t<\/div>\n\t\t\t\t\t<\/a>\n\t\t\t\t<\/div>\n\t\t\t\t\t\t\t<\/div>\n\t\t\t\t<\/div>\n\t\t\t\t<div class=\"elementor-element elementor-element-a8f7df9 elementor-widget elementor-widget-image\" data-id=\"a8f7df9\" data-element_type=\"widget\" data-e-type=\"widget\" data-widget_type=\"image.default\">\n\t\t\t\t<div class=\"elementor-widget-container\">\n\t\t\t\t\t\t\t\t\t\t\t\t\t\t\t<img decoding=\"async\" width=\"300\" height=\"139\" src=\"https:\/\/www.altum.lv\/wp-content\/uploads\/2024\/02\/FINANSE-ESNEXTNAP-300x139.png\" class=\"attachment-medium size-medium wp-image-38776\" alt=\"\" srcset=\"https:\/\/www.altum.lv\/wp-content\/uploads\/2024\/02\/FINANSE-ESNEXTNAP-300x139.png 300w, https:\/\/www.altum.lv\/wp-content\/uploads\/2024\/02\/FINANSE-ESNEXTNAP-1024x476.png 1024w, https:\/\/www.altum.lv\/wp-content\/uploads\/2024\/02\/FINANSE-ESNEXTNAP-768x357.png 768w, https:\/\/www.altum.lv\/wp-content\/uploads\/2024\/02\/FINANSE-ESNEXTNAP.png 1460w\" sizes=\"(max-width: 300px) 100vw, 300px\" \/>\t\t\t\t\t\t\t\t\t\t\t\t\t\t\t<\/div>\n\t\t\t\t<\/div>\n\t\t\t\t\t<\/div>\n\t\t<\/div>\n\t\t\t\t\t<\/div>\n\t\t<\/section>\n\t\t\t\t<\/div>\n\t\t","protected":false},"excerpt":{"rendered":"<p>Altum&#8211; Service costs About the program Project selection Loan Capital discount Service costs A commission applies to the processing and provision of an energy efficiency loan with a capital discount [&hellip;]<\/p>\n","protected":false},"author":1,"featured_media":0,"parent":26676,"menu_order":0,"comment_status":"closed","ping_status":"closed","template":"","meta":{"_acf_changed":false,"inline_featured_image":false,"footnotes":""},"class_list":["post-26757","page","type-page","status-publish","hentry"],"acf":[],"yoast_head":"<!-- This site is optimized with the Yoast SEO plugin v22.3 - https:\/\/yoast.com\/wordpress\/plugins\/seo\/ -->\n<title>Service costs - Altum<\/title>\n<meta name=\"robots\" content=\"index, follow, max-snippet:-1, max-image-preview:large, max-video-preview:-1\" \/>\n<link rel=\"canonical\" href=\"https:\/\/www.altum.lv\/en\/services\/enterprises\/energy-efficiency-loan-with-capital-discount\/service-costs\/\" \/>\n<meta property=\"og:locale\" content=\"en_US\" \/>\n<meta property=\"og:type\" content=\"article\" \/>\n<meta property=\"og:title\" content=\"Service costs - Altum\" \/>\n<meta property=\"og:description\" content=\"Altum&#8211; Service costs About the program Project selection Loan Capital discount Service costs A commission applies to the processing and provision of an energy efficiency loan with a capital discount [&hellip;]\" \/>\n<meta property=\"og:url\" content=\"https:\/\/www.altum.lv\/en\/services\/enterprises\/energy-efficiency-loan-with-capital-discount\/service-costs\/\" \/>\n<meta property=\"og:site_name\" content=\"Altum\" \/>\n<meta property=\"article:publisher\" content=\"https:\/\/www.facebook.com\/AltumLV\" \/>\n<meta property=\"article:modified_time\" content=\"2025-06-04T20:12:30+00:00\" \/>\n<meta property=\"og:image\" content=\"https:\/\/www.altum.lv\/wp-content\/uploads\/2024\/02\/FINANSE-ESNEXTNAP-300x139.png\" \/>\n<meta name=\"twitter:card\" content=\"summary_large_image\" \/>\n<meta name=\"twitter:site\" content=\"@altumlv\" \/>\n<meta name=\"twitter:label1\" content=\"Est. reading time\" \/>\n\t<meta name=\"twitter:data1\" content=\"1 minute\" \/>\n<script type=\"application\/ld+json\" class=\"yoast-schema-graph\">{\"@context\":\"https:\/\/schema.org\",\"@graph\":[{\"@type\":\"WebPage\",\"@id\":\"https:\/\/www.altum.lv\/en\/services\/enterprises\/energy-efficiency-loan-with-capital-discount\/service-costs\/\",\"url\":\"https:\/\/www.altum.lv\/en\/services\/enterprises\/energy-efficiency-loan-with-capital-discount\/service-costs\/\",\"name\":\"Service costs - Altum\",\"isPartOf\":{\"@id\":\"https:\/\/www.altum.lv\/en\/#website\"},\"primaryImageOfPage\":{\"@id\":\"https:\/\/www.altum.lv\/en\/services\/enterprises\/energy-efficiency-loan-with-capital-discount\/service-costs\/#primaryimage\"},\"image\":{\"@id\":\"https:\/\/www.altum.lv\/en\/services\/enterprises\/energy-efficiency-loan-with-capital-discount\/service-costs\/#primaryimage\"},\"thumbnailUrl\":\"https:\/\/www.altum.lv\/wp-content\/uploads\/2024\/02\/FINANSE-ESNEXTNAP-300x139.png\",\"datePublished\":\"2022-11-03T05:41:20+00:00\",\"dateModified\":\"2025-06-04T20:12:30+00:00\",\"breadcrumb\":{\"@id\":\"https:\/\/www.altum.lv\/en\/services\/enterprises\/energy-efficiency-loan-with-capital-discount\/service-costs\/#breadcrumb\"},\"inLanguage\":\"en-US\",\"potentialAction\":[{\"@type\":\"ReadAction\",\"target\":[\"https:\/\/www.altum.lv\/en\/services\/enterprises\/energy-efficiency-loan-with-capital-discount\/service-costs\/\"]}]},{\"@type\":\"ImageObject\",\"inLanguage\":\"en-US\",\"@id\":\"https:\/\/www.altum.lv\/en\/services\/enterprises\/energy-efficiency-loan-with-capital-discount\/service-costs\/#primaryimage\",\"url\":\"https:\/\/www.altum.lv\/wp-content\/uploads\/2024\/02\/FINANSE-ESNEXTNAP.png\",\"contentUrl\":\"https:\/\/www.altum.lv\/wp-content\/uploads\/2024\/02\/FINANSE-ESNEXTNAP.png\",\"width\":1460,\"height\":678},{\"@type\":\"BreadcrumbList\",\"@id\":\"https:\/\/www.altum.lv\/en\/services\/enterprises\/energy-efficiency-loan-with-capital-discount\/service-costs\/#breadcrumb\",\"itemListElement\":[{\"@type\":\"ListItem\",\"position\":1,\"name\":\"S\u0101kums\",\"item\":\"https:\/\/www.altum.lv\/en\/\"},{\"@type\":\"ListItem\",\"position\":2,\"name\":\"Services\",\"item\":\"https:\/\/www.altum.lv\/en\/services\/\"},{\"@type\":\"ListItem\",\"position\":3,\"name\":\"Enterprises\",\"item\":\"https:\/\/www.altum.lv\/en\/pakalpojumi\/biznesam\/\"},{\"@type\":\"ListItem\",\"position\":4,\"name\":\"Energy efficiency loan with capital discount\",\"item\":\"https:\/\/www.altum.lv\/en\/pakalpojumi\/biznesam\/energoefektivitates-aizdevums-ar-kapitala-atlaidi\/\"},{\"@type\":\"ListItem\",\"position\":5,\"name\":\"Service costs\"}]},{\"@type\":\"WebSite\",\"@id\":\"https:\/\/www.altum.lv\/en\/#website\",\"url\":\"https:\/\/www.altum.lv\/en\/\",\"name\":\"Altum\",\"description\":\"Finan\u0161u instit\u016bcija ALTUM\",\"potentialAction\":[{\"@type\":\"SearchAction\",\"target\":{\"@type\":\"EntryPoint\",\"urlTemplate\":\"https:\/\/www.altum.lv\/en\/?s={search_term_string}\"},\"query-input\":\"required name=search_term_string\"}],\"inLanguage\":\"en-US\"}]}<\/script>\n<!-- \/ Yoast SEO plugin. -->","yoast_head_json":{"title":"Service costs - Altum","robots":{"index":"index","follow":"follow","max-snippet":"max-snippet:-1","max-image-preview":"max-image-preview:large","max-video-preview":"max-video-preview:-1"},"canonical":"https:\/\/www.altum.lv\/en\/services\/enterprises\/energy-efficiency-loan-with-capital-discount\/service-costs\/","og_locale":"en_US","og_type":"article","og_title":"Service costs - Altum","og_description":"Altum&#8211; Service costs About the program Project selection Loan Capital discount Service costs A commission applies to the processing and provision of an energy efficiency loan with a capital discount [&hellip;]","og_url":"https:\/\/www.altum.lv\/en\/services\/enterprises\/energy-efficiency-loan-with-capital-discount\/service-costs\/","og_site_name":"Altum","article_publisher":"https:\/\/www.facebook.com\/AltumLV","article_modified_time":"2025-06-04T20:12:30+00:00","og_image":[{"url":"https:\/\/www.altum.lv\/wp-content\/uploads\/2024\/02\/FINANSE-ESNEXTNAP-300x139.png"}],"twitter_card":"summary_large_image","twitter_site":"@altumlv","twitter_misc":{"Est. reading time":"1 minute"},"schema":{"@context":"https:\/\/schema.org","@graph":[{"@type":"WebPage","@id":"https:\/\/www.altum.lv\/en\/services\/enterprises\/energy-efficiency-loan-with-capital-discount\/service-costs\/","url":"https:\/\/www.altum.lv\/en\/services\/enterprises\/energy-efficiency-loan-with-capital-discount\/service-costs\/","name":"Service costs - Altum","isPartOf":{"@id":"https:\/\/www.altum.lv\/en\/#website"},"primaryImageOfPage":{"@id":"https:\/\/www.altum.lv\/en\/services\/enterprises\/energy-efficiency-loan-with-capital-discount\/service-costs\/#primaryimage"},"image":{"@id":"https:\/\/www.altum.lv\/en\/services\/enterprises\/energy-efficiency-loan-with-capital-discount\/service-costs\/#primaryimage"},"thumbnailUrl":"https:\/\/www.altum.lv\/wp-content\/uploads\/2024\/02\/FINANSE-ESNEXTNAP-300x139.png","datePublished":"2022-11-03T05:41:20+00:00","dateModified":"2025-06-04T20:12:30+00:00","breadcrumb":{"@id":"https:\/\/www.altum.lv\/en\/services\/enterprises\/energy-efficiency-loan-with-capital-discount\/service-costs\/#breadcrumb"},"inLanguage":"en-US","potentialAction":[{"@type":"ReadAction","target":["https:\/\/www.altum.lv\/en\/services\/enterprises\/energy-efficiency-loan-with-capital-discount\/service-costs\/"]}]},{"@type":"ImageObject","inLanguage":"en-US","@id":"https:\/\/www.altum.lv\/en\/services\/enterprises\/energy-efficiency-loan-with-capital-discount\/service-costs\/#primaryimage","url":"https:\/\/www.altum.lv\/wp-content\/uploads\/2024\/02\/FINANSE-ESNEXTNAP.png","contentUrl":"https:\/\/www.altum.lv\/wp-content\/uploads\/2024\/02\/FINANSE-ESNEXTNAP.png","width":1460,"height":678},{"@type":"BreadcrumbList","@id":"https:\/\/www.altum.lv\/en\/services\/enterprises\/energy-efficiency-loan-with-capital-discount\/service-costs\/#breadcrumb","itemListElement":[{"@type":"ListItem","position":1,"name":"S\u0101kums","item":"https:\/\/www.altum.lv\/en\/"},{"@type":"ListItem","position":2,"name":"Services","item":"https:\/\/www.altum.lv\/en\/services\/"},{"@type":"ListItem","position":3,"name":"Enterprises","item":"https:\/\/www.altum.lv\/en\/pakalpojumi\/biznesam\/"},{"@type":"ListItem","position":4,"name":"Energy efficiency loan with capital discount","item":"https:\/\/www.altum.lv\/en\/pakalpojumi\/biznesam\/energoefektivitates-aizdevums-ar-kapitala-atlaidi\/"},{"@type":"ListItem","position":5,"name":"Service costs"}]},{"@type":"WebSite","@id":"https:\/\/www.altum.lv\/en\/#website","url":"https:\/\/www.altum.lv\/en\/","name":"Altum","description":"Finan\u0161u instit\u016bcija ALTUM","potentialAction":[{"@type":"SearchAction","target":{"@type":"EntryPoint","urlTemplate":"https:\/\/www.altum.lv\/en\/?s={search_term_string}"},"query-input":"required name=search_term_string"}],"inLanguage":"en-US"}]}},"_links":{"self":[{"href":"https:\/\/www.altum.lv\/en\/wp-json\/wp\/v2\/pages\/26757"}],"collection":[{"href":"https:\/\/www.altum.lv\/en\/wp-json\/wp\/v2\/pages"}],"about":[{"href":"https:\/\/www.altum.lv\/en\/wp-json\/wp\/v2\/types\/page"}],"author":[{"embeddable":true,"href":"https:\/\/www.altum.lv\/en\/wp-json\/wp\/v2\/users\/1"}],"replies":[{"embeddable":true,"href":"https:\/\/www.altum.lv\/en\/wp-json\/wp\/v2\/comments?post=26757"}],"version-history":[{"count":31,"href":"https:\/\/www.altum.lv\/en\/wp-json\/wp\/v2\/pages\/26757\/revisions"}],"predecessor-version":[{"id":54398,"href":"https:\/\/www.altum.lv\/en\/wp-json\/wp\/v2\/pages\/26757\/revisions\/54398"}],"up":[{"embeddable":true,"href":"https:\/\/www.altum.lv\/en\/wp-json\/wp\/v2\/pages\/26676"}],"wp:attachment":[{"href":"https:\/\/www.altum.lv\/en\/wp-json\/wp\/v2\/media?parent=26757"}],"curies":[{"name":"wp","href":"https:\/\/api.w.org\/{rel}","templated":true}]}}