{"id":51247,"date":"2025-03-17T12:58:01","date_gmt":"2025-03-17T10:58:01","guid":{"rendered":"https:\/\/www.altum.lv\/services\/individuals\/loan-for-the-purchase-of-land-under-apartment-buildings\/"},"modified":"2025-04-29T12:43:46","modified_gmt":"2025-04-29T10:43:46","slug":"loan-for-the-purchase-of-land-under-apartment-buildings","status":"publish","type":"page","link":"https:\/\/www.altum.lv\/en\/services\/individuals\/loan-for-the-purchase-of-land-under-apartment-buildings\/","title":{"rendered":"Loan for the purchase of land under apartment buildings"},"content":{"rendered":"\t\t<div data-elementor-type=\"wp-page\" data-elementor-id=\"51247\" class=\"elementor elementor-51247 elementor-49990\">\n\t\t\t\t\t\t<section class=\"elementor-section elementor-top-section altum__default elementor-element elementor-element-d4320a4 elementor-section-full_width elementor-section-height-default elementor-section-height-default\" data-id=\"d4320a4\" data-element_type=\"section\" data-e-type=\"section\">\n\t\t\t\t\t\t<div class=\"elementor-container elementor-column-gap-default\">\n\t\t\t\t\t<div class=\"elementor-column elementor-col-100 elementor-top-column elementor-element elementor-element-7624b3d\" data-id=\"7624b3d\" data-element_type=\"column\" data-e-type=\"column\">\n\t\t\t<div class=\"elementor-widget-wrap elementor-element-populated\">\n\t\t\t\t\t\t<div class=\"elementor-element elementor-element-c729c90 elementor-widget elementor-widget-altum-tab-header2\" data-id=\"c729c90\" data-element_type=\"widget\" data-e-type=\"widget\" data-widget_type=\"altum-tab-header2.default\">\n\t\t\t\t<div class=\"elementor-widget-container\">\n\t\t\t\t\t\n            <section class=\"topBanner topBanner-topicFamily topBanner-pb-0\"  style=\"background: #E7F0F3; margin-bottom: 35px\">\n                <div class=\"container\">\n\t\t\t\t<div class=\"topBanner__breadcrumbs\"><a href=\"https:\/\/www.altum.lv\" class=\"topBannerBreadcrumb__link\">Altum<\/a><span class=\"topBannerBreadcrumb__indent\">-<\/span><\/div>\n                    <h1 class=\"topBanner__title topBanner__title-md\">\n                        Loan for the purchase of land under apartment buildings\n                    <\/h1>\n                    <p class=\"topBanner__text\">\n                    \n                    <\/p>\n                    <div class=\"mobileScroll\">\n                        <div class=\"famWithChildTop__btnWrap famWithChildTop__topBanner\">\n                            \n                        <\/div>\n                    <\/div>\n                <\/div>\n            <\/section>\n\t\t\n            <section>\n                <div class=\"container\">\n                    <div class=\"famWithChild__bottom\">\n                        <div class=\"container altum__headerTab-content\">\n\n                        <\/div>\n                    <\/div>\n                <\/div>\n            <\/section>\n        \t\t\t\t<\/div>\n\t\t\t\t<\/div>\n\t\t\t\t\t<\/div>\n\t\t<\/div>\n\t\t\t\t\t<\/div>\n\t\t<\/section>\n\t\t\t\t<section class=\"elementor-section elementor-top-section headerTab elementor-element elementor-element-284c081 elementor-section-boxed elementor-section-height-default elementor-section-height-default\" data-id=\"284c081\" data-element_type=\"section\" data-e-type=\"section\">\n\t\t\t\t\t\t<div class=\"elementor-container elementor-column-gap-default\">\n\t\t\t\t\t<div class=\"elementor-column elementor-col-100 elementor-top-column elementor-element elementor-element-c2ed61d\" data-id=\"c2ed61d\" data-element_type=\"column\" data-e-type=\"column\">\n\t\t\t<div class=\"elementor-widget-wrap elementor-element-populated\">\n\t\t\t\t\t\t<div class=\"elementor-element elementor-element-d590831 elementor-widget elementor-widget-altum-tab-block-icon-with-text\" data-id=\"d590831\" data-element_type=\"widget\" data-e-type=\"widget\" data-widget_type=\"altum-tab-block-icon-with-text.default\">\n\t\t\t\t<div class=\"elementor-widget-container\">\n\t\t\t\t\t<div class=\"famWithChildBottomContent__wrap\">\n\t\t\t\t<h2 class=\"famWithChildBottom__h2\" style=\"margin-bottom: 45px;\">\n\t\t\t\t\tLoan\n\t\t\t\t<\/h2>\n\t\t\t<div class=\"famWithChildBottomContent__row\">\n                    <div class=\"famWithChildBottomContentRow__elem\">\n                        <div class=\"famWithChildBottomContentRow__elem-imgWrap\">\n                            <img decoding=\"async\" src=\"https:\/\/www.altum.lv\/wp-content\/uploads\/2022\/06\/Group-471.svg\" alt=\"icon\">\n                        <\/div>\n                        <p class=\"famWithChildBottomContentRow__elem-text\">\n                            From EUR 10 000 per building\n                        <\/p>\n                    <\/div>\n                \n                    <div class=\"famWithChildBottomContentRow__elem\">\n                        <div class=\"famWithChildBottomContentRow__elem-imgWrap\">\n                            <img decoding=\"async\" src=\"https:\/\/www.altum.lv\/wp-content\/uploads\/2022\/06\/Group-483.svg\" alt=\"icon\">\n                        <\/div>\n                        <p class=\"famWithChildBottomContentRow__elem-text\">\n                            For up to 20 years\n                        <\/p>\n                    <\/div>\n                <\/div><div class=\"famWithChildBottomContent__row\">\n                    <div class=\"famWithChildBottomContentRow__elem\">\n                        <div class=\"famWithChildBottomContentRow__elem-imgWrap\">\n                            <img decoding=\"async\" src=\"https:\/\/www.altum.lv\/wp-content\/uploads\/2022\/06\/Group-478.svg\" alt=\"icon\">\n                        <\/div>\n                        <p class=\"famWithChildBottomContentRow__elem-text\">\n                            Annual interest rate of 29%\n                        <\/p>\n                    <\/div>\n                \n                    <div class=\"famWithChildBottomContentRow__elem\">\n                        <div class=\"famWithChildBottomContentRow__elem-imgWrap\">\n                            <img decoding=\"async\" src=\"https:\/\/www.altum.lv\/wp-content\/uploads\/2022\/06\/Group-506.svg\" alt=\"icon\">\n                        <\/div>\n                        <p class=\"famWithChildBottomContentRow__elem-text\">\n                            Deadline for making a decision on granting a loan - June 30, 2031\n                        <\/p>\n                    <\/div>\n                <\/div><div class=\"famWithChildBottomContent__row\">\n                    <div class=\"famWithChildBottomContentRow__elem\">\n                        <div class=\"famWithChildBottomContentRow__elem-imgWrap\">\n                            <img decoding=\"async\" src=\"https:\/\/www.altum.lv\/wp-content\/uploads\/2024\/03\/Nauda_kapitals_uz-zila-fona.png\" alt=\"icon\">\n                        <\/div>\n                        <p class=\"famWithChildBottomContentRow__elem-text\">\n                            Collateral is a commercial pledge on the right of claim against the apartment owners, resulting from transactions the apartment owners and their authorized representative\n                        <\/p>\n                    <\/div>\n                <\/div>\t\t\t\t<\/div>\n\t\t\t\t<\/div>\n\t\t\t\t<div class=\"elementor-element elementor-element-b17ee35 elementor-widget elementor-widget-text-editor\" data-id=\"b17ee35\" data-element_type=\"widget\" data-e-type=\"widget\" data-widget_type=\"text-editor.default\">\n\t\t\t\t<div class=\"elementor-widget-container\">\n\t\t\t\t\t\t\t\t\t<p>The loan is provided as de minimis aid in accordance with Commission Regulation (EU) No.2023\/2831. The programme is subject to Cabinet Regulation No. 481 of 06.07.2021, Conditions of the Support Programme for Construction Works in Apartment Buildings, improvement of their territories and purchase of land designated for apartment buildings.<\/p>\t\t\t\t\t\t\t\t<\/div>\n\t\t\t\t<\/div>\n\t\t\t\t<div class=\"elementor-element elementor-element-6a17f40 elementor-widget elementor-widget-text-editor\" data-id=\"6a17f40\" data-element_type=\"widget\" data-e-type=\"widget\" data-widget_type=\"text-editor.default\">\n\t\t\t\t<div class=\"elementor-widget-container\">\n\t\t\t\t\t\t\t\t\t<p><strong>Documents required to apply<\/strong><\/p>\n<p>Fill out the loan application at\u00a0<a href=\"https:\/\/mans.altum.lv\/\">mans.altum.lv<\/a>\u00a0 and attach the necessary documents.<\/p>\n<p>\u00a0The loan\u00a0<strong>application must be filled out<\/strong>\u00a0by an authorized representative, who may only be a\u00a0<strong>legal entity<\/strong>\u00a0(for example, a housing management company, an association, etc.) and has to attach all the necessary information regarding the apartment owners and\u00a0transaction structure.<\/p>\t\t\t\t\t\t\t\t<\/div>\n\t\t\t\t<\/div>\n\t\t\t\t\t<\/div>\n\t\t<\/div>\n\t\t\t\t\t<\/div>\n\t\t<\/section>\n\t\t\t\t<\/div>\n\t\t","protected":false},"excerpt":{"rendered":"<p>Lorem Ipsum \u2013 tas ir teksta salikums, kuru izmanto poligr\u0101fij\u0101<br \/>\nun maket\u0113\u0161anas darbos. Lorem Ipsum ir k\u013cuvis par<br \/>\nvisp\u0101rpie\u0146emtu teksta aizvietot\u0101ju kop\u0161 16. gadsimta s\u0101kuma.<\/p>\n","protected":false},"author":1,"featured_media":0,"parent":10871,"menu_order":0,"comment_status":"closed","ping_status":"closed","template":"","meta":{"_acf_changed":false,"inline_featured_image":false,"footnotes":""},"class_list":["post-51247","page","type-page","status-publish","hentry"],"acf":[],"yoast_head":"<!-- This site is optimized with the Yoast SEO plugin v22.3 - https:\/\/yoast.com\/wordpress\/plugins\/seo\/ -->\n<title>Loan for the purchase of land under apartment buildings - Altum<\/title>\n<meta name=\"description\" content=\"Aizdevums daudzdz\u012bvok\u013cu m\u0101ju remontiem, apk\u0101rt\u0113j\u0101s teritorijas labiek\u0101rto\u0161anas darbiem un saist\u012bto pakalpojumu izmaks\u0101m. Altum programma\" \/>\n<meta name=\"robots\" content=\"index, follow, max-snippet:-1, max-image-preview:large, max-video-preview:-1\" \/>\n<link rel=\"canonical\" href=\"https:\/\/www.altum.lv\/en\/services\/individuals\/loan-for-the-purchase-of-land-under-apartment-buildings\/\" \/>\n<meta property=\"og:locale\" content=\"en_US\" \/>\n<meta property=\"og:type\" content=\"article\" \/>\n<meta property=\"og:title\" content=\"Loan for the purchase of land under apartment buildings - Altum\" \/>\n<meta property=\"og:description\" content=\"Aizdevums daudzdz\u012bvok\u013cu m\u0101ju remontiem, apk\u0101rt\u0113j\u0101s teritorijas labiek\u0101rto\u0161anas darbiem un saist\u012bto pakalpojumu izmaks\u0101m. Altum programma\" \/>\n<meta property=\"og:url\" content=\"https:\/\/www.altum.lv\/en\/services\/individuals\/loan-for-the-purchase-of-land-under-apartment-buildings\/\" \/>\n<meta property=\"og:site_name\" content=\"Altum\" \/>\n<meta property=\"article:publisher\" content=\"https:\/\/www.facebook.com\/AltumLV\" \/>\n<meta property=\"article:modified_time\" content=\"2025-04-29T10:43:46+00:00\" \/>\n<meta property=\"og:image\" content=\"https:\/\/www.altum.lv\/wp-content\/uploads\/2022\/06\/Group-471.svg\" \/>\n<meta name=\"twitter:card\" content=\"summary_large_image\" \/>\n<meta name=\"twitter:site\" content=\"@altumlv\" \/>\n<meta name=\"twitter:label1\" content=\"Est. reading time\" \/>\n\t<meta name=\"twitter:data1\" content=\"2 minutes\" \/>\n<script type=\"application\/ld+json\" class=\"yoast-schema-graph\">{\"@context\":\"https:\/\/schema.org\",\"@graph\":[{\"@type\":\"WebPage\",\"@id\":\"https:\/\/www.altum.lv\/en\/services\/individuals\/loan-for-the-purchase-of-land-under-apartment-buildings\/\",\"url\":\"https:\/\/www.altum.lv\/en\/services\/individuals\/loan-for-the-purchase-of-land-under-apartment-buildings\/\",\"name\":\"Loan for the purchase of land under apartment buildings - Altum\",\"isPartOf\":{\"@id\":\"https:\/\/www.altum.lv\/en\/#website\"},\"primaryImageOfPage\":{\"@id\":\"https:\/\/www.altum.lv\/en\/services\/individuals\/loan-for-the-purchase-of-land-under-apartment-buildings\/#primaryimage\"},\"image\":{\"@id\":\"https:\/\/www.altum.lv\/en\/services\/individuals\/loan-for-the-purchase-of-land-under-apartment-buildings\/#primaryimage\"},\"thumbnailUrl\":\"https:\/\/www.altum.lv\/wp-content\/uploads\/2022\/06\/Group-471.svg\",\"datePublished\":\"2025-03-17T10:58:01+00:00\",\"dateModified\":\"2025-04-29T10:43:46+00:00\",\"description\":\"Aizdevums daudzdz\u012bvok\u013cu m\u0101ju remontiem, apk\u0101rt\u0113j\u0101s teritorijas labiek\u0101rto\u0161anas darbiem un saist\u012bto pakalpojumu izmaks\u0101m. Altum programma\",\"breadcrumb\":{\"@id\":\"https:\/\/www.altum.lv\/en\/services\/individuals\/loan-for-the-purchase-of-land-under-apartment-buildings\/#breadcrumb\"},\"inLanguage\":\"en-US\",\"potentialAction\":[{\"@type\":\"ReadAction\",\"target\":[\"https:\/\/www.altum.lv\/en\/services\/individuals\/loan-for-the-purchase-of-land-under-apartment-buildings\/\"]}]},{\"@type\":\"ImageObject\",\"inLanguage\":\"en-US\",\"@id\":\"https:\/\/www.altum.lv\/en\/services\/individuals\/loan-for-the-purchase-of-land-under-apartment-buildings\/#primaryimage\",\"url\":\"https:\/\/www.altum.lv\/wp-content\/uploads\/2022\/06\/Group-471.svg\",\"contentUrl\":\"https:\/\/www.altum.lv\/wp-content\/uploads\/2022\/06\/Group-471.svg\",\"width\":60,\"height\":60},{\"@type\":\"BreadcrumbList\",\"@id\":\"https:\/\/www.altum.lv\/en\/services\/individuals\/loan-for-the-purchase-of-land-under-apartment-buildings\/#breadcrumb\",\"itemListElement\":[{\"@type\":\"ListItem\",\"position\":1,\"name\":\"S\u0101kums\",\"item\":\"https:\/\/www.altum.lv\/en\/\"},{\"@type\":\"ListItem\",\"position\":2,\"name\":\"Services\",\"item\":\"https:\/\/www.altum.lv\/en\/services\/\"},{\"@type\":\"ListItem\",\"position\":3,\"name\":\"Individuals\",\"item\":\"https:\/\/www.altum.lv\/en\/services\/individuals\/\"},{\"@type\":\"ListItem\",\"position\":4,\"name\":\"Loan for the purchase of land under apartment buildings\"}]},{\"@type\":\"WebSite\",\"@id\":\"https:\/\/www.altum.lv\/en\/#website\",\"url\":\"https:\/\/www.altum.lv\/en\/\",\"name\":\"Altum\",\"description\":\"Finan\u0161u instit\u016bcija ALTUM\",\"potentialAction\":[{\"@type\":\"SearchAction\",\"target\":{\"@type\":\"EntryPoint\",\"urlTemplate\":\"https:\/\/www.altum.lv\/en\/?s={search_term_string}\"},\"query-input\":\"required name=search_term_string\"}],\"inLanguage\":\"en-US\"}]}<\/script>\n<!-- \/ Yoast SEO plugin. -->","yoast_head_json":{"title":"Loan for the purchase of land under apartment buildings - Altum","description":"Aizdevums daudzdz\u012bvok\u013cu m\u0101ju remontiem, apk\u0101rt\u0113j\u0101s teritorijas labiek\u0101rto\u0161anas darbiem un saist\u012bto pakalpojumu izmaks\u0101m. Altum programma","robots":{"index":"index","follow":"follow","max-snippet":"max-snippet:-1","max-image-preview":"max-image-preview:large","max-video-preview":"max-video-preview:-1"},"canonical":"https:\/\/www.altum.lv\/en\/services\/individuals\/loan-for-the-purchase-of-land-under-apartment-buildings\/","og_locale":"en_US","og_type":"article","og_title":"Loan for the purchase of land under apartment buildings - Altum","og_description":"Aizdevums daudzdz\u012bvok\u013cu m\u0101ju remontiem, apk\u0101rt\u0113j\u0101s teritorijas labiek\u0101rto\u0161anas darbiem un saist\u012bto pakalpojumu izmaks\u0101m. Altum programma","og_url":"https:\/\/www.altum.lv\/en\/services\/individuals\/loan-for-the-purchase-of-land-under-apartment-buildings\/","og_site_name":"Altum","article_publisher":"https:\/\/www.facebook.com\/AltumLV","article_modified_time":"2025-04-29T10:43:46+00:00","og_image":[{"url":"https:\/\/www.altum.lv\/wp-content\/uploads\/2022\/06\/Group-471.svg"}],"twitter_card":"summary_large_image","twitter_site":"@altumlv","twitter_misc":{"Est. reading time":"2 minutes"},"schema":{"@context":"https:\/\/schema.org","@graph":[{"@type":"WebPage","@id":"https:\/\/www.altum.lv\/en\/services\/individuals\/loan-for-the-purchase-of-land-under-apartment-buildings\/","url":"https:\/\/www.altum.lv\/en\/services\/individuals\/loan-for-the-purchase-of-land-under-apartment-buildings\/","name":"Loan for the purchase of land under apartment buildings - Altum","isPartOf":{"@id":"https:\/\/www.altum.lv\/en\/#website"},"primaryImageOfPage":{"@id":"https:\/\/www.altum.lv\/en\/services\/individuals\/loan-for-the-purchase-of-land-under-apartment-buildings\/#primaryimage"},"image":{"@id":"https:\/\/www.altum.lv\/en\/services\/individuals\/loan-for-the-purchase-of-land-under-apartment-buildings\/#primaryimage"},"thumbnailUrl":"https:\/\/www.altum.lv\/wp-content\/uploads\/2022\/06\/Group-471.svg","datePublished":"2025-03-17T10:58:01+00:00","dateModified":"2025-04-29T10:43:46+00:00","description":"Aizdevums daudzdz\u012bvok\u013cu m\u0101ju remontiem, apk\u0101rt\u0113j\u0101s teritorijas labiek\u0101rto\u0161anas darbiem un saist\u012bto pakalpojumu izmaks\u0101m. Altum programma","breadcrumb":{"@id":"https:\/\/www.altum.lv\/en\/services\/individuals\/loan-for-the-purchase-of-land-under-apartment-buildings\/#breadcrumb"},"inLanguage":"en-US","potentialAction":[{"@type":"ReadAction","target":["https:\/\/www.altum.lv\/en\/services\/individuals\/loan-for-the-purchase-of-land-under-apartment-buildings\/"]}]},{"@type":"ImageObject","inLanguage":"en-US","@id":"https:\/\/www.altum.lv\/en\/services\/individuals\/loan-for-the-purchase-of-land-under-apartment-buildings\/#primaryimage","url":"https:\/\/www.altum.lv\/wp-content\/uploads\/2022\/06\/Group-471.svg","contentUrl":"https:\/\/www.altum.lv\/wp-content\/uploads\/2022\/06\/Group-471.svg","width":60,"height":60},{"@type":"BreadcrumbList","@id":"https:\/\/www.altum.lv\/en\/services\/individuals\/loan-for-the-purchase-of-land-under-apartment-buildings\/#breadcrumb","itemListElement":[{"@type":"ListItem","position":1,"name":"S\u0101kums","item":"https:\/\/www.altum.lv\/en\/"},{"@type":"ListItem","position":2,"name":"Services","item":"https:\/\/www.altum.lv\/en\/services\/"},{"@type":"ListItem","position":3,"name":"Individuals","item":"https:\/\/www.altum.lv\/en\/services\/individuals\/"},{"@type":"ListItem","position":4,"name":"Loan for the purchase of land under apartment buildings"}]},{"@type":"WebSite","@id":"https:\/\/www.altum.lv\/en\/#website","url":"https:\/\/www.altum.lv\/en\/","name":"Altum","description":"Finan\u0161u instit\u016bcija ALTUM","potentialAction":[{"@type":"SearchAction","target":{"@type":"EntryPoint","urlTemplate":"https:\/\/www.altum.lv\/en\/?s={search_term_string}"},"query-input":"required name=search_term_string"}],"inLanguage":"en-US"}]}},"_links":{"self":[{"href":"https:\/\/www.altum.lv\/en\/wp-json\/wp\/v2\/pages\/51247"}],"collection":[{"href":"https:\/\/www.altum.lv\/en\/wp-json\/wp\/v2\/pages"}],"about":[{"href":"https:\/\/www.altum.lv\/en\/wp-json\/wp\/v2\/types\/page"}],"author":[{"embeddable":true,"href":"https:\/\/www.altum.lv\/en\/wp-json\/wp\/v2\/users\/1"}],"replies":[{"embeddable":true,"href":"https:\/\/www.altum.lv\/en\/wp-json\/wp\/v2\/comments?post=51247"}],"version-history":[{"count":15,"href":"https:\/\/www.altum.lv\/en\/wp-json\/wp\/v2\/pages\/51247\/revisions"}],"predecessor-version":[{"id":51279,"href":"https:\/\/www.altum.lv\/en\/wp-json\/wp\/v2\/pages\/51247\/revisions\/51279"}],"up":[{"embeddable":true,"href":"https:\/\/www.altum.lv\/en\/wp-json\/wp\/v2\/pages\/10871"}],"wp:attachment":[{"href":"https:\/\/www.altum.lv\/en\/wp-json\/wp\/v2\/media?parent=51247"}],"curies":[{"name":"wp","href":"https:\/\/api.w.org\/{rel}","templated":true}]}}