{"id":52726,"date":"2025-05-19T12:04:51","date_gmt":"2025-05-19T10:04:51","guid":{"rendered":"https:\/\/www.altum.lv\/?page_id=52726"},"modified":"2025-05-26T09:56:14","modified_gmt":"2025-05-26T07:56:14","slug":"programme-25","status":"publish","type":"page","link":"https:\/\/www.altum.lv\/en\/investors\/bonds\/programme-25\/","title":{"rendered":"Programme \u201925 | Series 1, Tranchace 1 | 3.576% 5 years Bonds"},"content":{"rendered":"\t\t<div data-elementor-type=\"wp-page\" data-elementor-id=\"52726\" class=\"elementor elementor-52726 elementor-52694\">\n\t\t\t\t\t\t<section class=\"elementor-section elementor-top-section altum__default elementor-element elementor-element-dc02710 elementor-section-full_width elementor-section-height-default elementor-section-height-default\" data-id=\"dc02710\" data-element_type=\"section\" data-e-type=\"section\">\n\t\t\t\t\t\t<div class=\"elementor-container elementor-column-gap-default\">\n\t\t\t\t\t<div class=\"elementor-column elementor-col-100 elementor-top-column elementor-element elementor-element-1d2a443\" data-id=\"1d2a443\" data-element_type=\"column\" data-e-type=\"column\">\n\t\t\t<div class=\"elementor-widget-wrap elementor-element-populated\">\n\t\t\t\t\t\t<div class=\"elementor-element elementor-element-26a3d8f elementor-widget elementor-widget-altum-tab-header-links\" data-id=\"26a3d8f\" data-element_type=\"widget\" data-e-type=\"widget\" data-widget_type=\"altum-tab-header-links.default\">\n\t\t\t\t<div class=\"elementor-widget-container\">\n\t\t\t\t\t\n            <section class=\"topBanner topBanner-topicFamily topBanner-pb-0\"  style=\"background: #E7F0F3; margin-bottom: 35px\">\n                <div class=\"container\">\n\t\t\t\t<div class=\"topBanner__breadcrumbs\"><a href=\"https:\/\/www.altum.lv\" class=\"topBannerBreadcrumb__link\">Altum<\/a><span class=\"topBannerBreadcrumb__indent\">-<\/span><\/div>\n\n                    <div class=\"topBanner__content\">\n                        <div class=\"topBanner__left\">\n                            <h1 class=\"topBanner__title\">\n                                Programme \u201925 | Series 1, Tranchace 1 | 3.576% 5 years Bonds\n                            <\/h1>\n                           \n                        <\/div>\n                        <div class=\"topBanner__right\">\n                            <div class=\"topBanner__menuWrap\">\n                               \n                <a href=\"https:\/\/www.altum.lv\/en\/investors\/bonds\/programme-25\/\"  class=\"topBanner__menu-link\">Programme \u201925 | Series 1, Tranchace 1 | 3.576% 5 years Bonds<\/a>\n            \n                <a href=\"https:\/\/www.altum.lv\/en\/investors\/bonds\/programme-25\/prospectus-and-related-information-programme-25\/\"  class=\"topBanner__menu-link\">Prospectus and related information<\/a>\n            \n                            <\/div>\n                        <\/div>\n                    <\/div>\n                    <div class=\"mobileScroll\">\n                        <div class=\"famWithChildTop__btnWrap famWithChildTop__topBanner\">\n                            \n                        <\/div>\n                    <\/div>\n                <\/div>\n            <\/section>\n\t\t\n            <section>\n                <div class=\"container\">\n                    <div class=\"famWithChild__bottom\">\n                        <div class=\"container\">\n                            <div class=\"altum__headerTab-content\"><\/div>\n                        <\/div>\n                    <\/div>\n                <\/div>\n            <\/section>\n        \t\t\t\t<\/div>\n\t\t\t\t<\/div>\n\t\t\t\t\t<\/div>\n\t\t<\/div>\n\t\t\t\t\t<\/div>\n\t\t<\/section>\n\t\t\t\t<section class=\"elementor-section elementor-top-section altum__default elementor-element elementor-element-89b689f elementor-section-boxed elementor-section-height-default elementor-section-height-default\" data-id=\"89b689f\" data-element_type=\"section\" data-e-type=\"section\">\n\t\t\t\t\t\t<div class=\"elementor-container elementor-column-gap-default\">\n\t\t\t\t\t<div class=\"elementor-column elementor-col-100 elementor-top-column elementor-element elementor-element-e0e890d\" data-id=\"e0e890d\" data-element_type=\"column\" data-e-type=\"column\">\n\t\t\t<div class=\"elementor-widget-wrap elementor-element-populated\">\n\t\t\t\t\t\t<div class=\"elementor-element elementor-element-817a7f2 elementor-widget elementor-widget-shortcode\" data-id=\"817a7f2\" data-element_type=\"widget\" data-e-type=\"widget\" data-widget_type=\"shortcode.default\">\n\t\t\t\t<div class=\"elementor-widget-container\">\n\t\t\t\t\t\t\t<div class=\"elementor-shortcode\">\n<table id=\"tablepress-57\" class=\"tablepress tablepress-id-57\">\n<thead>\n<tr class=\"row-1\">\n\t<td class=\"column-1\"><\/td><td class=\"column-2\"><\/td>\n<\/tr>\n<\/thead>\n<tbody class=\"row-striping row-hover\">\n<tr class=\"row-2\">\n\t<td class=\"column-1\">Number of listed securities<\/td><td class=\"column-2\">70 000<\/td>\n<\/tr>\n<tr class=\"row-3\">\n\t<td class=\"column-1\">Nominal (EUR)<\/td><td class=\"column-2\"> 1 000 EUR<\/td>\n<\/tr>\n<tr class=\"row-4\">\n\t<td class=\"column-1\">Issue value (EUR)<\/td><td class=\"column-2\">70 000 000 EUR<\/td>\n<\/tr>\n<tr class=\"row-5\">\n\t<td class=\"column-1\">Yield (%)<\/td><td class=\"column-2\">3.576<\/td>\n<\/tr>\n<tr class=\"row-6\">\n\t<td class=\"column-1\">Maturity date <\/td><td class=\"column-2\">30.05.2030<\/td>\n<\/tr>\n<tr class=\"row-7\">\n\t<td class=\"column-1\">Next coupon payment date<\/td><td class=\"column-2\">30.05.2026<\/td>\n<\/tr>\n<\/tbody>\n<\/table>\n<!-- #tablepress-57 from cache --><\/div>\n\t\t\t\t\t\t<\/div>\n\t\t\t\t<\/div>\n\t\t\t\t<div class=\"elementor-element elementor-element-7574e20 elementor-widget elementor-widget-text-editor\" data-id=\"7574e20\" data-element_type=\"widget\" data-e-type=\"widget\" data-widget_type=\"text-editor.default\">\n\t\t\t\t<div class=\"elementor-widget-container\">\n\t\t\t\t\t\t\t\t\t<p><span style=\"font-size: 16px;\">NOT TO BE RELEASED, PUBLISHED OR DISTRIBUTED IN WHOLE OR IN PART IN OR INTO OR TO ANY PERSON LOCATED IN OR RESIDENT IN SUCH COUNTRIES OR JURISDICTIONS IN WHICH IT WOULD BE UNLAWFUL OR REQUIRE MEASURES OTHER THAN THOSE REQUIRED UNDER LATVIAN LAWS, INCLUDING THE UNITED STATES, AUSTRALIA, CANADA, JAPAN, HONG KONG, SOUTH AFRICA, SINGAPORE, RUSSIAN FEDERATION AND BELARUS. THIS ANNOUNCEMENT IS ALSO NOT ADDRESSED TO RETAIL INVESTORS IN THE EUROPEAN ECONOMIC AREA.<\/span><\/p>\n<p>\u00a0<\/p>\n<p><span style=\"font-size: 16px;\"><a href=\"https:\/\/view.news.eu.nasdaq.com\/view?id=b2854f72b42f83fccc372b30b9c9a5c05&amp;lang=en&amp;src=listed\" target=\"_blank\" rel=\"noopener\">NASDAQ &#8220;ALTUM achieves its largest bond issuance to date&#8221;.<\/a><\/span><\/p>\n<p>\u00a0<\/p>\n<p><span style=\"font-size: 16px;\">On May 23, 2025, ALTUM successfully issued 5-year bonds totaling EUR 70 million with a fixed annual interest rate of 3.576%. This marks the first issuance under ALTUM&#8217;s fourth bond issue programme, which has a total value of EUR 120 million. In comparison, a week earlier the Republic of Latvia issued a new 5-year Eurobond in the amount of EUR 1 billion with a yield of 2.971% which was 0.605% below the level achieved by ALTUM.<\/span><\/p>\n<p><span style=\"font-size: 16px;\">The bond issue garnered significant interest from Baltic institutional investors. Overall, 18 institutional investors participated in the bond offering, including Nordic Investment Bank. The allocation of the issued volume was as follows: 69% to asset management funds, 14% to Nordic Investment Bank, 13% to banks, and 4% to insurance companies. Geographically 43% of the bond was allocated to Latvian investors, 32% to \u2013 Lithuanian, 11% to \u2013 Estonian and 14% to investor based in Finland.<\/span><\/p>\n<p>\u00a0<\/p>\t\t\t\t\t\t\t\t<\/div>\n\t\t\t\t<\/div>\n\t\t\t\t\t<\/div>\n\t\t<\/div>\n\t\t\t\t\t<\/div>\n\t\t<\/section>\n\t\t\t\t<section class=\"elementor-section elementor-top-section altum__default elementor-element elementor-element-a3add77 elementor-section-boxed elementor-section-height-default elementor-section-height-default\" data-id=\"a3add77\" data-element_type=\"section\" data-e-type=\"section\">\n\t\t\t\t\t\t<div class=\"elementor-container elementor-column-gap-default\">\n\t\t\t\t\t<div class=\"elementor-column elementor-col-100 elementor-top-column elementor-element elementor-element-177dfc8\" data-id=\"177dfc8\" data-element_type=\"column\" data-e-type=\"column\">\n\t\t\t<div class=\"elementor-widget-wrap elementor-element-populated\">\n\t\t\t\t\t\t<div class=\"elementor-element elementor-element-1aab40b elementor-widget elementor-widget-testimonial\" data-id=\"1aab40b\" data-element_type=\"widget\" data-e-type=\"widget\" data-widget_type=\"testimonial.default\">\n\t\t\t\t<div class=\"elementor-widget-container\">\n\t\t\t\t\t\t\t<div class=\"elementor-testimonial-wrapper\">\n\t\t\t\t\t\t\t<div class=\"elementor-testimonial-content\">\u201cThis is ALTUM's sixth and largest bond issuance to date, and it is a significant transaction not only for ALTUM but also for the Baltic capital markets \u2013 both in terms of the volume of EUR 70 million and the investor structure.\n\nThe achieved bond yield level of 3.576% is particularly noteworthy. This result demonstrates that investors are interested in investing in high-rated companies with a good reputation and a clear operational vision, even in the current challenging capital market conditions.\n\nWe are proud that Nordic Investment Bank was among the investors, which is a testament to ALTUM's reliability and reputation at the international level. At the same time, this issuance provided an opportunity for local pension funds to make stable and predictable investments directly into the Latvian economy. Thus, ALTUM's bond issuance not only diversifies ALTUM's funding base but also contributes to the development of the Baltic capital market.\n\nWith the ALTUM bond issuance program approved by the Bank of Latvia in May this year, totaling EUR 120 million, we affirm that we continue to actively participate in the capital market in the long term with a clear vision and long-term contribution to the Latvian economy.\u201d<\/div>\n\t\t\t\n\t\t\t\t\t\t<div class=\"elementor-testimonial-meta elementor-has-image elementor-testimonial-image-position-aside\">\n\t\t\t\t<div class=\"elementor-testimonial-meta-inner\">\n\t\t\t\t\t\t\t\t\t\t\t<div class=\"elementor-testimonial-image\">\n\t\t\t\t\t\t\t<img fetchpriority=\"high\" decoding=\"async\" width=\"2560\" height=\"1920\" src=\"https:\/\/www.altum.lv\/wp-content\/uploads\/2023\/12\/Reinis-Berzins_1-scaled.jpg\" class=\"attachment-full size-full wp-image-36792\" alt=\"\" srcset=\"https:\/\/www.altum.lv\/wp-content\/uploads\/2023\/12\/Reinis-Berzins_1-scaled.jpg 2560w, https:\/\/www.altum.lv\/wp-content\/uploads\/2023\/12\/Reinis-Berzins_1-300x225.jpg 300w, https:\/\/www.altum.lv\/wp-content\/uploads\/2023\/12\/Reinis-Berzins_1-1024x768.jpg 1024w, https:\/\/www.altum.lv\/wp-content\/uploads\/2023\/12\/Reinis-Berzins_1-768x576.jpg 768w, https:\/\/www.altum.lv\/wp-content\/uploads\/2023\/12\/Reinis-Berzins_1-1536x1152.jpg 1536w, https:\/\/www.altum.lv\/wp-content\/uploads\/2023\/12\/Reinis-Berzins_1-2048x1536.jpg 2048w\" sizes=\"(max-width: 2560px) 100vw, 2560px\" \/>\t\t\t\t\t\t<\/div>\n\t\t\t\t\t\n\t\t\t\t\t\t\t\t\t\t<div class=\"elementor-testimonial-details\">\n\t\t\t\t\t\t\t\t\t\t\t\t\t\t<div class=\"elementor-testimonial-name\">Reinis B\u0113rzi\u0146\u0161<\/div>\n\t\t\t\t\t\t\t\t\t\t\t\t\t\t\t\t\t\t\t\t\t\t<div class=\"elementor-testimonial-job\">Chairman of the Management Board of ALTUM<\/div>\n\t\t\t\t\t\t\t\t\t\t\t\t\t<\/div>\n\t\t\t\t\t\t\t\t\t<\/div>\n\t\t\t<\/div>\n\t\t\t\t\t<\/div>\n\t\t\t\t\t\t<\/div>\n\t\t\t\t<\/div>\n\t\t\t\t<div class=\"elementor-element elementor-element-9169714 elementor-widget elementor-widget-text-editor\" data-id=\"9169714\" data-element_type=\"widget\" data-e-type=\"widget\" data-widget_type=\"text-editor.default\">\n\t\t\t\t<div class=\"elementor-widget-container\">\n\t\t\t\t\t\t\t\t\t<p style=\"text-align: justify;\"><span style=\"font-size: 14px;\">Disclaimer<\/span><\/p>\n<p style=\"text-align: justify;\"><span style=\"font-size: 14px;\">By accessing, downloading, reading or otherwise making available to yourself any content of the base prospectus and any final terms you confirm that you have read, understand and agree to comply with all of the restrictions set forth below and that your country of residence and current location is not the United States of America, Australia, Japan, Canada, Hong Kong, South Africa, Singapore, Federation of Russia or Belarus or any other jurisdiction in which distribution or publication of the base prospectus and any final terms is unlawful.<\/span><\/p>\n<p style=\"text-align: justify;\"><span style=\"font-size: 14px;\">The distribution of the base prospectus and any final terms may in certain jurisdictions be restricted by law, and the base prospectus and any final terms may not be used for the purpose of, or in connection with, any offer or solicitation by anyone in any jurisdiction in which such offer or solicitation is not authorised or to any person to whom it is unlawful to make such offer or solicitation. No actions have been taken to register or qualify the notes, or otherwise to permit a public offering of the notes, in any jurisdiction other that the Republic of Latvia, the Republic of Estonia and the Republic of Lithuania. Att\u012bst\u012bbas finan\u0161u instit\u016bcija Altum AS (the &#8220;Issuer&#8221;), Luminor Bank AS (the &#8220;Arranger&#8221; and the &#8220;Dealer&#8221;) expect persons into whose possession the base prospectus or any final terms comes to inform themselves of and observe all such restrictions. Neither the Issuer nor the Arranger or Dealer accept any legal responsibility for any violation by any person, whether or not a prospective purchaser of the notes is aware of such restrictions. In particular, the base prospectus and any final terms may not be sent to any person in the United States, Australia, Canada, Japan, Hong Kong, South Africa, Singapore, Federation of Russia or Belarus or any other jurisdiction in which it would not be permissible to deliver the notes and the notes may not be offered, sold, resold, transferred or delivered, directly or indirectly, in or into any of these countries.<\/span><\/p>\n<p style=\"text-align: justify;\"><span style=\"font-size: 14px;\">The notes have not been, and will not be, registered under the U.S. Securities Act 1933 (as amended) (the &#8220;Securities Act&#8221;), or with any securities regulatory authority of any state of the United States. The base prospectus or the final terms are not to be distributed to the United States or in any other jurisdiction where it would be unlawful. The notes may not be offered, sold, pledged or otherwise transferred, directly or indirectly, within the United States or to, for the account or benefit of, U.S. persons (as defined in Regulation S under the Securities Act (the &#8220;Regulation S&#8221;)), except to a person who is not a U.S. Person (as defined in Regulation S) in an offshore transaction pursuant to Regulation S.<\/span><\/p>\t\t\t\t\t\t\t\t<\/div>\n\t\t\t\t<\/div>\n\t\t\t\t\t<\/div>\n\t\t<\/div>\n\t\t\t\t\t<\/div>\n\t\t<\/section>\n\t\t\t\t<section class=\"elementor-section elementor-top-section altum__default elementor-element elementor-element-391dcce elementor-section-boxed elementor-section-height-default elementor-section-height-default\" data-id=\"391dcce\" data-element_type=\"section\" data-e-type=\"section\">\n\t\t\t\t\t\t<div class=\"elementor-container elementor-column-gap-default\">\n\t\t\t\t\t<div class=\"elementor-column elementor-col-100 elementor-top-column elementor-element elementor-element-0b5085a\" data-id=\"0b5085a\" data-element_type=\"column\" data-e-type=\"column\">\n\t\t\t<div class=\"elementor-widget-wrap elementor-element-populated\">\n\t\t\t\t\t\t<div class=\"elementor-element elementor-element-a48b5fc elementor-widget elementor-widget-altum-employees\" data-id=\"a48b5fc\" data-element_type=\"widget\" data-e-type=\"widget\" data-widget_type=\"altum-employees.default\">\n\t\t\t\t<div class=\"elementor-widget-container\">\n\t\t\t\t\t\n\t\t\t\t<section class=\"consultants consultants-bt\" style=\"margin-top: 100px; margin-bottom: 60px\">\n\t\t\t\t\t\n\t\t\t\t\t\t<div class=\"consultants__wrap\" \">\n\t\t\t\t\t\t\t<h2 class=\"consultants__h2\" tabindex=\"0\">Contacts for Investor relations<\/h2>\n\t\t\t\t\t\t\t<div class=\"consultants__content\">\n\t\t\t\t\t\t\t\t\n\t\t\t\t<div class=\"consultantsContent__elem\">\n\t\t\t\t\t\n\t\t\t\t\t<div class=\"consultantsContent__info\">\n\t\t\t\t\t\t<h4 class=\"consultantsContent__h4\" tabindex=\"0\" title=\"Laura Lapkovska\">\n\t\t\t\t\t\t\t\n\t\t\t\t\t\t\tLaura Lapkovska\n\t\t\t\t\t\t<\/h4>\n\t\t\t\t\t\t<p class=\"consultantsContent__p\" tabindex=\"0\" title=\" \"><\/p>\n\t\t\t\t\t\t<div class=\"consultantsContent__contact\">\n\t\t\t\t\t\t\t<div class=\"consultatns__phones\"><a href=\"tel:26165699\" title=\"Laura Lapkovska kontaktt\u0101lrunis\" class=\"consultantsContent__contact-link\">26165699<\/a><\/div>\n\t\t\t\t\t\t\t<a href=\"mailto:laura.lapkovska@altum.lv\" title=\"Laura Lapkovska e-pasta adrese\" class=\"consultantsContent__contact-link\">laura.lapkovska@altum.lv<\/a>\n\t\t\t\t\t\t<\/div>\n\t\t\t\t\t<\/div>\n\t\t\t\t<\/div> \n\t\t\t\t\t\t\t<\/div>\n\t\t\t\t\t\t<\/div>\n\t\t\t\t\t\n\t\t\t\t<\/section>\n\t\t\t\t\t\t\t<\/div>\n\t\t\t\t<\/div>\n\t\t\t\t\t<\/div>\n\t\t<\/div>\n\t\t\t\t\t<\/div>\n\t\t<\/section>\n\t\t\t\t<section class=\"elementor-section elementor-top-section altum__default elementor-element elementor-element-db5ea1f elementor-section-boxed elementor-section-height-default elementor-section-height-default\" data-id=\"db5ea1f\" data-element_type=\"section\" data-e-type=\"section\">\n\t\t\t\t\t\t<div class=\"elementor-container elementor-column-gap-default\">\n\t\t\t\t\t<div class=\"elementor-column elementor-col-100 elementor-top-column elementor-element elementor-element-9652625\" data-id=\"9652625\" data-element_type=\"column\" data-e-type=\"column\">\n\t\t\t<div class=\"elementor-widget-wrap\">\n\t\t\t\t\t\t\t<\/div>\n\t\t<\/div>\n\t\t\t\t\t<\/div>\n\t\t<\/section>\n\t\t\t\t<\/div>\n\t\t","protected":false},"excerpt":{"rendered":"<p>Altum&#8211; Programme \u201925 | Series 1, Tranchace 1 | 3.576% 5 years Bonds Programme \u201925 | Series 1, Tranchace 1 | 3.576% 5 years Bonds Prospectus and related information NOT [&hellip;]<\/p>\n","protected":false},"author":74,"featured_media":0,"parent":10898,"menu_order":0,"comment_status":"closed","ping_status":"closed","template":"","meta":{"_acf_changed":false,"inline_featured_image":false,"footnotes":""},"class_list":["post-52726","page","type-page","status-publish","hentry"],"acf":[],"yoast_head":"<!-- This site is optimized with the Yoast SEO plugin v22.3 - https:\/\/yoast.com\/wordpress\/plugins\/seo\/ -->\n<title>Programme \u201925 | Series 1, Tranchace 1 | 3.576% 5 years Bonds - Altum<\/title>\n<meta name=\"description\" content=\"Bonds, Programme &#039;25\" \/>\n<meta name=\"robots\" content=\"index, follow, max-snippet:-1, max-image-preview:large, max-video-preview:-1\" \/>\n<link rel=\"canonical\" href=\"https:\/\/www.altum.lv\/en\/investors\/bonds\/programme-25\/\" \/>\n<meta property=\"og:locale\" content=\"en_US\" \/>\n<meta property=\"og:type\" content=\"article\" \/>\n<meta property=\"og:title\" content=\"Programme \u201925 | Series 1, Tranchace 1 | 3.576% 5 years Bonds - Altum\" \/>\n<meta property=\"og:description\" content=\"Bonds, Programme &#039;25\" \/>\n<meta property=\"og:url\" content=\"https:\/\/www.altum.lv\/en\/investors\/bonds\/programme-25\/\" \/>\n<meta property=\"og:site_name\" content=\"Altum\" \/>\n<meta property=\"article:publisher\" content=\"https:\/\/www.facebook.com\/AltumLV\" \/>\n<meta property=\"article:modified_time\" content=\"2025-05-26T07:56:14+00:00\" \/>\n<meta property=\"og:image\" content=\"https:\/\/www.altum.lv\/wp-content\/uploads\/2023\/12\/Reinis-Berzins_1-scaled.jpg\" \/>\n<meta name=\"twitter:card\" content=\"summary_large_image\" \/>\n<meta name=\"twitter:site\" content=\"@altumlv\" \/>\n<meta name=\"twitter:label1\" content=\"Est. reading time\" \/>\n\t<meta name=\"twitter:data1\" content=\"5 minutes\" \/>\n<script type=\"application\/ld+json\" class=\"yoast-schema-graph\">{\"@context\":\"https:\/\/schema.org\",\"@graph\":[{\"@type\":\"WebPage\",\"@id\":\"https:\/\/www.altum.lv\/en\/investors\/bonds\/programme-25\/\",\"url\":\"https:\/\/www.altum.lv\/en\/investors\/bonds\/programme-25\/\",\"name\":\"Programme \u201925 | Series 1, Tranchace 1 | 3.576% 5 years Bonds - Altum\",\"isPartOf\":{\"@id\":\"https:\/\/www.altum.lv\/en\/#website\"},\"primaryImageOfPage\":{\"@id\":\"https:\/\/www.altum.lv\/en\/investors\/bonds\/programme-25\/#primaryimage\"},\"image\":{\"@id\":\"https:\/\/www.altum.lv\/en\/investors\/bonds\/programme-25\/#primaryimage\"},\"thumbnailUrl\":\"https:\/\/www.altum.lv\/wp-content\/uploads\/2023\/12\/Reinis-Berzins_1-scaled.jpg\",\"datePublished\":\"2025-05-19T10:04:51+00:00\",\"dateModified\":\"2025-05-26T07:56:14+00:00\",\"description\":\"Bonds, Programme '25\",\"breadcrumb\":{\"@id\":\"https:\/\/www.altum.lv\/en\/investors\/bonds\/programme-25\/#breadcrumb\"},\"inLanguage\":\"en-US\",\"potentialAction\":[{\"@type\":\"ReadAction\",\"target\":[\"https:\/\/www.altum.lv\/en\/investors\/bonds\/programme-25\/\"]}]},{\"@type\":\"ImageObject\",\"inLanguage\":\"en-US\",\"@id\":\"https:\/\/www.altum.lv\/en\/investors\/bonds\/programme-25\/#primaryimage\",\"url\":\"https:\/\/www.altum.lv\/wp-content\/uploads\/2023\/12\/Reinis-Berzins_1-scaled.jpg\",\"contentUrl\":\"https:\/\/www.altum.lv\/wp-content\/uploads\/2023\/12\/Reinis-Berzins_1-scaled.jpg\",\"width\":2560,\"height\":1920},{\"@type\":\"BreadcrumbList\",\"@id\":\"https:\/\/www.altum.lv\/en\/investors\/bonds\/programme-25\/#breadcrumb\",\"itemListElement\":[{\"@type\":\"ListItem\",\"position\":1,\"name\":\"S\u0101kums\",\"item\":\"https:\/\/www.altum.lv\/en\/\"},{\"@type\":\"ListItem\",\"position\":2,\"name\":\"Investors\",\"item\":\"https:\/\/www.altum.lv\/en\/investors\/\"},{\"@type\":\"ListItem\",\"position\":3,\"name\":\"Bonds\",\"item\":\"https:\/\/www.altum.lv\/en\/investors\/bonds\/\"},{\"@type\":\"ListItem\",\"position\":4,\"name\":\"Programme \u201925 | Series 1, Tranchace 1 | 3.576% 5 years Bonds\"}]},{\"@type\":\"WebSite\",\"@id\":\"https:\/\/www.altum.lv\/en\/#website\",\"url\":\"https:\/\/www.altum.lv\/en\/\",\"name\":\"Altum\",\"description\":\"Finan\u0161u instit\u016bcija ALTUM\",\"potentialAction\":[{\"@type\":\"SearchAction\",\"target\":{\"@type\":\"EntryPoint\",\"urlTemplate\":\"https:\/\/www.altum.lv\/en\/?s={search_term_string}\"},\"query-input\":\"required name=search_term_string\"}],\"inLanguage\":\"en-US\"}]}<\/script>\n<!-- \/ Yoast SEO plugin. -->","yoast_head_json":{"title":"Programme \u201925 | Series 1, Tranchace 1 | 3.576% 5 years Bonds - Altum","description":"Bonds, Programme '25","robots":{"index":"index","follow":"follow","max-snippet":"max-snippet:-1","max-image-preview":"max-image-preview:large","max-video-preview":"max-video-preview:-1"},"canonical":"https:\/\/www.altum.lv\/en\/investors\/bonds\/programme-25\/","og_locale":"en_US","og_type":"article","og_title":"Programme \u201925 | Series 1, Tranchace 1 | 3.576% 5 years Bonds - Altum","og_description":"Bonds, Programme '25","og_url":"https:\/\/www.altum.lv\/en\/investors\/bonds\/programme-25\/","og_site_name":"Altum","article_publisher":"https:\/\/www.facebook.com\/AltumLV","article_modified_time":"2025-05-26T07:56:14+00:00","og_image":[{"url":"https:\/\/www.altum.lv\/wp-content\/uploads\/2023\/12\/Reinis-Berzins_1-scaled.jpg"}],"twitter_card":"summary_large_image","twitter_site":"@altumlv","twitter_misc":{"Est. reading time":"5 minutes"},"schema":{"@context":"https:\/\/schema.org","@graph":[{"@type":"WebPage","@id":"https:\/\/www.altum.lv\/en\/investors\/bonds\/programme-25\/","url":"https:\/\/www.altum.lv\/en\/investors\/bonds\/programme-25\/","name":"Programme \u201925 | Series 1, Tranchace 1 | 3.576% 5 years Bonds - Altum","isPartOf":{"@id":"https:\/\/www.altum.lv\/en\/#website"},"primaryImageOfPage":{"@id":"https:\/\/www.altum.lv\/en\/investors\/bonds\/programme-25\/#primaryimage"},"image":{"@id":"https:\/\/www.altum.lv\/en\/investors\/bonds\/programme-25\/#primaryimage"},"thumbnailUrl":"https:\/\/www.altum.lv\/wp-content\/uploads\/2023\/12\/Reinis-Berzins_1-scaled.jpg","datePublished":"2025-05-19T10:04:51+00:00","dateModified":"2025-05-26T07:56:14+00:00","description":"Bonds, Programme '25","breadcrumb":{"@id":"https:\/\/www.altum.lv\/en\/investors\/bonds\/programme-25\/#breadcrumb"},"inLanguage":"en-US","potentialAction":[{"@type":"ReadAction","target":["https:\/\/www.altum.lv\/en\/investors\/bonds\/programme-25\/"]}]},{"@type":"ImageObject","inLanguage":"en-US","@id":"https:\/\/www.altum.lv\/en\/investors\/bonds\/programme-25\/#primaryimage","url":"https:\/\/www.altum.lv\/wp-content\/uploads\/2023\/12\/Reinis-Berzins_1-scaled.jpg","contentUrl":"https:\/\/www.altum.lv\/wp-content\/uploads\/2023\/12\/Reinis-Berzins_1-scaled.jpg","width":2560,"height":1920},{"@type":"BreadcrumbList","@id":"https:\/\/www.altum.lv\/en\/investors\/bonds\/programme-25\/#breadcrumb","itemListElement":[{"@type":"ListItem","position":1,"name":"S\u0101kums","item":"https:\/\/www.altum.lv\/en\/"},{"@type":"ListItem","position":2,"name":"Investors","item":"https:\/\/www.altum.lv\/en\/investors\/"},{"@type":"ListItem","position":3,"name":"Bonds","item":"https:\/\/www.altum.lv\/en\/investors\/bonds\/"},{"@type":"ListItem","position":4,"name":"Programme \u201925 | Series 1, Tranchace 1 | 3.576% 5 years Bonds"}]},{"@type":"WebSite","@id":"https:\/\/www.altum.lv\/en\/#website","url":"https:\/\/www.altum.lv\/en\/","name":"Altum","description":"Finan\u0161u instit\u016bcija ALTUM","potentialAction":[{"@type":"SearchAction","target":{"@type":"EntryPoint","urlTemplate":"https:\/\/www.altum.lv\/en\/?s={search_term_string}"},"query-input":"required name=search_term_string"}],"inLanguage":"en-US"}]}},"_links":{"self":[{"href":"https:\/\/www.altum.lv\/en\/wp-json\/wp\/v2\/pages\/52726"}],"collection":[{"href":"https:\/\/www.altum.lv\/en\/wp-json\/wp\/v2\/pages"}],"about":[{"href":"https:\/\/www.altum.lv\/en\/wp-json\/wp\/v2\/types\/page"}],"author":[{"embeddable":true,"href":"https:\/\/www.altum.lv\/en\/wp-json\/wp\/v2\/users\/74"}],"replies":[{"embeddable":true,"href":"https:\/\/www.altum.lv\/en\/wp-json\/wp\/v2\/comments?post=52726"}],"version-history":[{"count":43,"href":"https:\/\/www.altum.lv\/en\/wp-json\/wp\/v2\/pages\/52726\/revisions"}],"predecessor-version":[{"id":53120,"href":"https:\/\/www.altum.lv\/en\/wp-json\/wp\/v2\/pages\/52726\/revisions\/53120"}],"up":[{"embeddable":true,"href":"https:\/\/www.altum.lv\/en\/wp-json\/wp\/v2\/pages\/10898"}],"wp:attachment":[{"href":"https:\/\/www.altum.lv\/en\/wp-json\/wp\/v2\/media?parent=52726"}],"curies":[{"name":"wp","href":"https:\/\/api.w.org\/{rel}","templated":true}]}}