{"id":52727,"date":"2025-05-19T12:29:05","date_gmt":"2025-05-19T10:29:05","guid":{"rendered":"https:\/\/www.altum.lv\/?page_id=52727"},"modified":"2025-05-23T17:44:03","modified_gmt":"2025-05-23T15:44:03","slug":"prospectus-and-related-information-programme-25","status":"publish","type":"page","link":"https:\/\/www.altum.lv\/en\/investors\/bonds\/programme-25\/prospectus-and-related-information-programme-25\/","title":{"rendered":"Prospectus and related information Programme \u201925"},"content":{"rendered":"\t\t<div data-elementor-type=\"wp-page\" data-elementor-id=\"52727\" class=\"elementor elementor-52727\">\n\t\t\t\t\t\t<section class=\"elementor-section elementor-top-section altum__default elementor-element elementor-element-478474a elementor-section-full_width elementor-section-height-default elementor-section-height-default\" data-id=\"478474a\" data-element_type=\"section\" data-e-type=\"section\">\n\t\t\t\t\t\t<div class=\"elementor-container elementor-column-gap-default\">\n\t\t\t\t\t<div class=\"elementor-column elementor-col-100 elementor-top-column elementor-element elementor-element-632e00e\" data-id=\"632e00e\" data-element_type=\"column\" data-e-type=\"column\">\n\t\t\t<div class=\"elementor-widget-wrap elementor-element-populated\">\n\t\t\t\t\t\t<div class=\"elementor-element elementor-element-7b1846b elementor-widget elementor-widget-altum-tab-header-links\" data-id=\"7b1846b\" data-element_type=\"widget\" data-e-type=\"widget\" data-widget_type=\"altum-tab-header-links.default\">\n\t\t\t\t<div class=\"elementor-widget-container\">\n\t\t\t\t\t\n            <section class=\"topBanner topBanner-topicFamily topBanner-pb-0\"  style=\"background: #E7F0F3; margin-bottom: 35px\">\n                <div class=\"container\">\n\t\t\t\t<div class=\"topBanner__breadcrumbs\"><a href=\"https:\/\/www.altum.lv\" class=\"topBannerBreadcrumb__link\">Altum<\/a><span class=\"topBannerBreadcrumb__indent\">-<\/span><\/div>\n\n                    <div class=\"topBanner__content\">\n                        <div class=\"topBanner__left\">\n                            <h1 class=\"topBanner__title\">\n                                Prospectus and related information\n                            <\/h1>\n                           \n                        <\/div>\n                        <div class=\"topBanner__right\">\n                            <div class=\"topBanner__menuWrap\">\n                               \n                <a href=\"https:\/\/www.altum.lv\/en\/investors\/bonds\/programme-25\/\"  class=\"topBanner__menu-link\">Programme \u201925 | Series 1, Tranchace 1 | 3.576% 5 years Bonds<\/a>\n            \n                <a href=\"https:\/\/www.altum.lv\/en\/investors\/bonds\/programme-25\/prospectus-and-related-information-programme-25\/\"  class=\"topBanner__menu-link\">Prospectus and related information<\/a>\n            \n                            <\/div>\n                        <\/div>\n                    <\/div>\n                    <div class=\"mobileScroll\">\n                        <div class=\"famWithChildTop__btnWrap famWithChildTop__topBanner\">\n                            \n                        <\/div>\n                    <\/div>\n                <\/div>\n            <\/section>\n\t\t\n            <section>\n                <div class=\"container\">\n                    <div class=\"famWithChild__bottom\">\n                        <div class=\"container\">\n                            <div class=\"altum__headerTab-content\"><\/div>\n                        <\/div>\n                    <\/div>\n                <\/div>\n            <\/section>\n        \t\t\t\t<\/div>\n\t\t\t\t<\/div>\n\t\t\t\t\t<\/div>\n\t\t<\/div>\n\t\t\t\t\t<\/div>\n\t\t<\/section>\n\t\t\t\t<section class=\"elementor-section elementor-top-section altum__default elementor-element elementor-element-f685160 elementor-section-boxed elementor-section-height-default elementor-section-height-default\" data-id=\"f685160\" data-element_type=\"section\" data-e-type=\"section\">\n\t\t\t\t\t\t<div class=\"elementor-container elementor-column-gap-default\">\n\t\t\t\t\t<div class=\"elementor-column elementor-col-100 elementor-top-column elementor-element elementor-element-398ab1b\" data-id=\"398ab1b\" data-element_type=\"column\" data-e-type=\"column\">\n\t\t\t<div class=\"elementor-widget-wrap elementor-element-populated\">\n\t\t\t\t\t\t<div class=\"elementor-element elementor-element-4730fdf elementor-widget elementor-widget-text-editor\" data-id=\"4730fdf\" data-element_type=\"widget\" data-e-type=\"widget\" data-widget_type=\"text-editor.default\">\n\t\t\t\t<div class=\"elementor-widget-container\">\n\t\t\t\t\t\t\t\t\t<p>NOT TO BE RELEASED, PUBLISHED OR DISTRIBUTED IN WHOLE OR IN PART IN OR INTO OR TO ANY PERSON LOCATED IN OR RESIDENT IN SUCH COUNTRIES OR JURISDICTIONS IN WHICH IT WOULD BE UNLAWFUL OR REQUIRE MEASURES OTHER THAN THOSE REQUIRED UNDER LATVIAN LAWS, INCLUDING THE UNITED STATES, AUSTRALIA, CANADA, JAPAN, HONG KONG, SOUTH AFRICA, SINGAPORE, RUSSIAN FEDERATION AND BELARUS. THIS ANNOUNCEMENT IS ALSO NOT ADDRESSED TO RETAIL INVESTORS IN THE EUROPEAN ECONOMIC AREA.<\/p>\n<p>\u00a0<\/p>\n<p>Disclaimer<\/p>\n<p>\u00a0<\/p>\n<p>By accessing, downloading, reading or otherwise making available to yourself any content of the base prospectus and any final terms you confirm that you have read, understand and agree to comply with all of the restrictions set forth below and that your country of residence and current location is not the United States of America, Australia, Japan, Canada, Hong Kong, South Africa, Singapore, Federation of Russia or Belarus or any other jurisdiction in which distribution or publication of the base prospectus and any final terms is unlawful.<\/p>\n<p>The distribution of the base prospectus and any final terms may in certain jurisdictions be restricted by law, and the base prospectus and any final terms may not be used for the purpose of, or in connection with, any offer or solicitation by anyone in any jurisdiction in which such offer or solicitation is not authorised or to any person to whom it is unlawful to make such offer or solicitation. No actions have been taken to register or qualify the notes, or otherwise to permit a public offering of the notes, in any jurisdiction other that the Republic of Latvia, the Republic of Estonia and the Republic of Lithuania. Att\u012bst\u012bbas finan\u0161u instit\u016bcija Altum AS (the &#8220;Issuer&#8221;), Luminor Bank AS (the &#8220;Arranger&#8221; and the &#8220;Dealer&#8221;) expect persons into whose possession the base prospectus or any final terms comes to inform themselves of and observe all such restrictions. Neither the Issuer nor the Arranger or Dealer accept any legal responsibility for any violation by any person, whether or not a prospective purchaser of the notes is aware of such restrictions. In particular, the base prospectus and any final terms may not be sent to any person in the United States, Australia, Canada, Japan, Hong Kong, South Africa, Singapore, Federation of Russia or Belarus or any other jurisdiction in which it would not be permissible to deliver the notes and the notes may not be offered, sold, resold, transferred or delivered, directly or indirectly, in or into any of these countries.<\/p>\n<p>The notes have not been, and will not be, registered under the U.S. Securities Act 1933 (as amended) (the &#8220;Securities Act&#8221;), or with any securities regulatory authority of any state of the United States. The base prospectus or the final terms are not to be distributed to the United States or in any other jurisdiction where it would be unlawful. The notes may not be offered, sold, pledged or otherwise transferred, directly or indirectly, within the United States or to, for the account or benefit of, U.S. persons (as defined in Regulation S under the Securities Act (the &#8220;Regulation S&#8221;)), except to a person who is not a U.S. Person (as defined in Regulation S) in an offshore transaction pursuant to Regulation S.<\/p>\t\t\t\t\t\t\t\t<\/div>\n\t\t\t\t<\/div>\n\t\t\t\t\t<\/div>\n\t\t<\/div>\n\t\t\t\t\t<\/div>\n\t\t<\/section>\n\t\t\t\t<section class=\"elementor-section elementor-top-section altum__default elementor-element elementor-element-033fb9c elementor-section-boxed elementor-section-height-default elementor-section-height-default\" data-id=\"033fb9c\" data-element_type=\"section\" data-e-type=\"section\">\n\t\t\t\t\t\t<div class=\"elementor-container elementor-column-gap-default\">\n\t\t\t\t\t<div class=\"elementor-column elementor-col-100 elementor-top-column elementor-element elementor-element-001be6c\" data-id=\"001be6c\" data-element_type=\"column\" data-e-type=\"column\">\n\t\t\t<div class=\"elementor-widget-wrap elementor-element-populated\">\n\t\t\t\t\t\t<div class=\"elementor-element elementor-element-b3612b0 elementor-widget elementor-widget-altum-single-document\" data-id=\"b3612b0\" data-element_type=\"widget\" data-e-type=\"widget\" data-widget_type=\"altum-single-document.default\">\n\t\t\t\t<div class=\"elementor-widget-container\">\n\t\t\t\t\t\n\t\t\t\t<div class=\"altum__singleDocument\">\n\t\t\t\t\t<a href=\"https:\/\/www.altum.lv\/wp-content\/uploads\/2025\/05\/Final-Terms.pdf\" target=\"_blank\" class=\"dokumentiPdf__link\">\n\t\t\t\t\t\t<div class=\"dokumentiPdf__icon\">\n\t\t\t\t\t\t\tPDF\n\t\t\t\t\t\t<\/div>\n\t\t\t\t\t\t<p class=\"dokumentiPdf__p\">Final Terms<\/p>\n\t\t\t\t\t\t<div class=\"dokumentiPdf__iconWrap\">\n\t\t\t\t\t\t\t<svg width=\"20\" height=\"23\" fill=\"none\" xmlns=\"http:\/\/www.w3.org\/2000\/svg\"><path d=\"M10 1v16M1 22h18M6 13.5l4 4 4-4\" stroke=\"#000\" stroke-width=\"2\" stroke-linecap=\"round\" stroke-linejoin=\"round\"\/><\/svg>\n\t\t\t\t\t\t<\/div>\n\t\t\t\t\t<\/a>\n\t\t\t\t<\/div>\n\t\t\t\t\t\t\t<\/div>\n\t\t\t\t<\/div>\n\t\t\t\t<div class=\"elementor-element elementor-element-b6df9b7 elementor-widget elementor-widget-altum-single-document\" data-id=\"b6df9b7\" data-element_type=\"widget\" data-e-type=\"widget\" data-widget_type=\"altum-single-document.default\">\n\t\t\t\t<div class=\"elementor-widget-container\">\n\t\t\t\t\t\n\t\t\t\t<div class=\"altum__singleDocument\">\n\t\t\t\t\t<a href=\"https:\/\/www.altum.lv\/wp-content\/uploads\/2025\/05\/Issue-Specific-Summary-LV.pdf\" target=\"_blank\" class=\"dokumentiPdf__link\">\n\t\t\t\t\t\t<div class=\"dokumentiPdf__icon\">\n\t\t\t\t\t\t\tPDF\n\t\t\t\t\t\t<\/div>\n\t\t\t\t\t\t<p class=\"dokumentiPdf__p\">Issue Specific Summary LV<\/p>\n\t\t\t\t\t\t<div class=\"dokumentiPdf__iconWrap\">\n\t\t\t\t\t\t\t<svg width=\"20\" height=\"23\" fill=\"none\" xmlns=\"http:\/\/www.w3.org\/2000\/svg\"><path d=\"M10 1v16M1 22h18M6 13.5l4 4 4-4\" stroke=\"#000\" stroke-width=\"2\" stroke-linecap=\"round\" stroke-linejoin=\"round\"\/><\/svg>\n\t\t\t\t\t\t<\/div>\n\t\t\t\t\t<\/a>\n\t\t\t\t<\/div>\n\t\t\t\t\t\t\t<\/div>\n\t\t\t\t<\/div>\n\t\t\t\t<div class=\"elementor-element elementor-element-3fc65ae elementor-widget elementor-widget-altum-single-document\" data-id=\"3fc65ae\" data-element_type=\"widget\" data-e-type=\"widget\" data-widget_type=\"altum-single-document.default\">\n\t\t\t\t<div class=\"elementor-widget-container\">\n\t\t\t\t\t\n\t\t\t\t<div class=\"altum__singleDocument\">\n\t\t\t\t\t<a href=\"https:\/\/www.altum.lv\/wp-content\/uploads\/2025\/05\/Issue-Specific-Summary-LT.pdf\" target=\"_blank\" class=\"dokumentiPdf__link\">\n\t\t\t\t\t\t<div class=\"dokumentiPdf__icon\">\n\t\t\t\t\t\t\tPDF\n\t\t\t\t\t\t<\/div>\n\t\t\t\t\t\t<p class=\"dokumentiPdf__p\">Issue Specific Summary LT<\/p>\n\t\t\t\t\t\t<div class=\"dokumentiPdf__iconWrap\">\n\t\t\t\t\t\t\t<svg width=\"20\" height=\"23\" fill=\"none\" xmlns=\"http:\/\/www.w3.org\/2000\/svg\"><path d=\"M10 1v16M1 22h18M6 13.5l4 4 4-4\" stroke=\"#000\" stroke-width=\"2\" stroke-linecap=\"round\" stroke-linejoin=\"round\"\/><\/svg>\n\t\t\t\t\t\t<\/div>\n\t\t\t\t\t<\/a>\n\t\t\t\t<\/div>\n\t\t\t\t\t\t\t<\/div>\n\t\t\t\t<\/div>\n\t\t\t\t<div class=\"elementor-element elementor-element-912f54c elementor-widget elementor-widget-altum-single-document\" data-id=\"912f54c\" data-element_type=\"widget\" data-e-type=\"widget\" data-widget_type=\"altum-single-document.default\">\n\t\t\t\t<div class=\"elementor-widget-container\">\n\t\t\t\t\t\n\t\t\t\t<div class=\"altum__singleDocument\">\n\t\t\t\t\t<a href=\"https:\/\/www.altum.lv\/wp-content\/uploads\/2025\/05\/Issue-Specific-Summary-EE.pdf\" target=\"_blank\" class=\"dokumentiPdf__link\">\n\t\t\t\t\t\t<div class=\"dokumentiPdf__icon\">\n\t\t\t\t\t\t\tPDF\n\t\t\t\t\t\t<\/div>\n\t\t\t\t\t\t<p class=\"dokumentiPdf__p\">Issue Specific Summary EE<\/p>\n\t\t\t\t\t\t<div class=\"dokumentiPdf__iconWrap\">\n\t\t\t\t\t\t\t<svg width=\"20\" height=\"23\" fill=\"none\" xmlns=\"http:\/\/www.w3.org\/2000\/svg\"><path d=\"M10 1v16M1 22h18M6 13.5l4 4 4-4\" stroke=\"#000\" stroke-width=\"2\" stroke-linecap=\"round\" stroke-linejoin=\"round\"\/><\/svg>\n\t\t\t\t\t\t<\/div>\n\t\t\t\t\t<\/a>\n\t\t\t\t<\/div>\n\t\t\t\t\t\t\t<\/div>\n\t\t\t\t<\/div>\n\t\t\t\t\t<\/div>\n\t\t<\/div>\n\t\t\t\t\t<\/div>\n\t\t<\/section>\n\t\t\t\t<section class=\"elementor-section elementor-top-section altum__default elementor-element elementor-element-6b90aad elementor-section-boxed elementor-section-height-default elementor-section-height-default\" data-id=\"6b90aad\" data-element_type=\"section\" data-e-type=\"section\">\n\t\t\t\t\t\t<div class=\"elementor-container elementor-column-gap-default\">\n\t\t\t\t\t<div class=\"elementor-column elementor-col-100 elementor-top-column elementor-element elementor-element-0beeb29\" data-id=\"0beeb29\" data-element_type=\"column\" data-e-type=\"column\">\n\t\t\t<div class=\"elementor-widget-wrap elementor-element-populated\">\n\t\t\t\t\t\t<div class=\"elementor-element elementor-element-367e9f8 elementor-widget elementor-widget-altum-single-document\" data-id=\"367e9f8\" data-element_type=\"widget\" data-e-type=\"widget\" data-widget_type=\"altum-single-document.default\">\n\t\t\t\t<div class=\"elementor-widget-container\">\n\t\t\t\t\t\n\t\t\t\t<div class=\"altum__singleDocument\">\n\t\t\t\t\t<a href=\"https:\/\/www.altum.lv\/wp-content\/uploads\/2025\/05\/2025_ALTUM-Prospectus_14-May-2025.pdf\" target=\"_blank\" class=\"dokumentiPdf__link\">\n\t\t\t\t\t\t<div class=\"dokumentiPdf__icon\">\n\t\t\t\t\t\t\tPDF\n\t\t\t\t\t\t<\/div>\n\t\t\t\t\t\t<p class=\"dokumentiPdf__p\">Prospectus and related information Programme \u201925<\/p>\n\t\t\t\t\t\t<div class=\"dokumentiPdf__iconWrap\">\n\t\t\t\t\t\t\t<svg width=\"20\" height=\"23\" fill=\"none\" xmlns=\"http:\/\/www.w3.org\/2000\/svg\"><path d=\"M10 1v16M1 22h18M6 13.5l4 4 4-4\" stroke=\"#000\" stroke-width=\"2\" stroke-linecap=\"round\" stroke-linejoin=\"round\"\/><\/svg>\n\t\t\t\t\t\t<\/div>\n\t\t\t\t\t<\/a>\n\t\t\t\t<\/div>\n\t\t\t\t\t\t\t<\/div>\n\t\t\t\t<\/div>\n\t\t\t\t\t<\/div>\n\t\t<\/div>\n\t\t\t\t\t<\/div>\n\t\t<\/section>\n\t\t\t\t<\/div>\n\t\t","protected":false},"excerpt":{"rendered":"<p>Altum&#8211; Prospectus and related information Programme \u201925 | Series 1, Tranchace 1 | 3.576% 5 years Bonds Prospectus and related information NOT TO BE RELEASED, PUBLISHED OR DISTRIBUTED IN WHOLE [&hellip;]<\/p>\n","protected":false},"author":74,"featured_media":0,"parent":52726,"menu_order":0,"comment_status":"closed","ping_status":"closed","template":"","meta":{"_acf_changed":false,"inline_featured_image":false,"footnotes":""},"class_list":["post-52727","page","type-page","status-publish","hentry"],"acf":[],"yoast_head":"<!-- This site is optimized with the Yoast SEO plugin v22.3 - https:\/\/yoast.com\/wordpress\/plugins\/seo\/ -->\n<title>Prospectus and related information Programme \u201925 - Altum<\/title>\n<meta name=\"description\" content=\"Prospectus and related information Programme \u201925\" \/>\n<meta name=\"robots\" content=\"index, follow, max-snippet:-1, max-image-preview:large, max-video-preview:-1\" \/>\n<link rel=\"canonical\" href=\"https:\/\/www.altum.lv\/en\/investors\/bonds\/programme-25\/prospectus-and-related-information-programme-25\/\" \/>\n<meta property=\"og:locale\" content=\"en_US\" \/>\n<meta property=\"og:type\" content=\"article\" \/>\n<meta property=\"og:title\" content=\"Prospectus and related information Programme \u201925 - Altum\" \/>\n<meta property=\"og:description\" content=\"Prospectus and related information Programme \u201925\" \/>\n<meta property=\"og:url\" content=\"https:\/\/www.altum.lv\/en\/investors\/bonds\/programme-25\/prospectus-and-related-information-programme-25\/\" \/>\n<meta property=\"og:site_name\" content=\"Altum\" \/>\n<meta property=\"article:publisher\" content=\"https:\/\/www.facebook.com\/AltumLV\" \/>\n<meta property=\"article:modified_time\" content=\"2025-05-23T15:44:03+00:00\" \/>\n<meta name=\"twitter:card\" content=\"summary_large_image\" \/>\n<meta name=\"twitter:site\" content=\"@altumlv\" \/>\n<meta name=\"twitter:label1\" content=\"Est. reading time\" \/>\n\t<meta name=\"twitter:data1\" content=\"3 minutes\" \/>\n<script type=\"application\/ld+json\" class=\"yoast-schema-graph\">{\"@context\":\"https:\/\/schema.org\",\"@graph\":[{\"@type\":\"WebPage\",\"@id\":\"https:\/\/www.altum.lv\/en\/investors\/bonds\/programme-25\/prospectus-and-related-information-programme-25\/\",\"url\":\"https:\/\/www.altum.lv\/en\/investors\/bonds\/programme-25\/prospectus-and-related-information-programme-25\/\",\"name\":\"Prospectus and related information Programme \u201925 - Altum\",\"isPartOf\":{\"@id\":\"https:\/\/www.altum.lv\/en\/#website\"},\"datePublished\":\"2025-05-19T10:29:05+00:00\",\"dateModified\":\"2025-05-23T15:44:03+00:00\",\"description\":\"Prospectus and related information Programme \u201925\",\"breadcrumb\":{\"@id\":\"https:\/\/www.altum.lv\/en\/investors\/bonds\/programme-25\/prospectus-and-related-information-programme-25\/#breadcrumb\"},\"inLanguage\":\"en-US\",\"potentialAction\":[{\"@type\":\"ReadAction\",\"target\":[\"https:\/\/www.altum.lv\/en\/investors\/bonds\/programme-25\/prospectus-and-related-information-programme-25\/\"]}]},{\"@type\":\"BreadcrumbList\",\"@id\":\"https:\/\/www.altum.lv\/en\/investors\/bonds\/programme-25\/prospectus-and-related-information-programme-25\/#breadcrumb\",\"itemListElement\":[{\"@type\":\"ListItem\",\"position\":1,\"name\":\"S\u0101kums\",\"item\":\"https:\/\/www.altum.lv\/en\/\"},{\"@type\":\"ListItem\",\"position\":2,\"name\":\"Investors\",\"item\":\"https:\/\/www.altum.lv\/en\/investors\/\"},{\"@type\":\"ListItem\",\"position\":3,\"name\":\"Bonds\",\"item\":\"https:\/\/www.altum.lv\/en\/investors\/bonds\/\"},{\"@type\":\"ListItem\",\"position\":4,\"name\":\"Programme \u201925 | Series 1, Tranchace 1 | 3.576% 5 years Bonds\",\"item\":\"https:\/\/www.altum.lv\/en\/investors\/bonds\/programme-25\/\"},{\"@type\":\"ListItem\",\"position\":5,\"name\":\"Prospectus and related information Programme \u201925\"}]},{\"@type\":\"WebSite\",\"@id\":\"https:\/\/www.altum.lv\/en\/#website\",\"url\":\"https:\/\/www.altum.lv\/en\/\",\"name\":\"Altum\",\"description\":\"Finan\u0161u instit\u016bcija ALTUM\",\"potentialAction\":[{\"@type\":\"SearchAction\",\"target\":{\"@type\":\"EntryPoint\",\"urlTemplate\":\"https:\/\/www.altum.lv\/en\/?s={search_term_string}\"},\"query-input\":\"required name=search_term_string\"}],\"inLanguage\":\"en-US\"}]}<\/script>\n<!-- \/ Yoast SEO plugin. -->","yoast_head_json":{"title":"Prospectus and related information Programme \u201925 - Altum","description":"Prospectus and related information Programme \u201925","robots":{"index":"index","follow":"follow","max-snippet":"max-snippet:-1","max-image-preview":"max-image-preview:large","max-video-preview":"max-video-preview:-1"},"canonical":"https:\/\/www.altum.lv\/en\/investors\/bonds\/programme-25\/prospectus-and-related-information-programme-25\/","og_locale":"en_US","og_type":"article","og_title":"Prospectus and related information Programme \u201925 - Altum","og_description":"Prospectus and related information Programme \u201925","og_url":"https:\/\/www.altum.lv\/en\/investors\/bonds\/programme-25\/prospectus-and-related-information-programme-25\/","og_site_name":"Altum","article_publisher":"https:\/\/www.facebook.com\/AltumLV","article_modified_time":"2025-05-23T15:44:03+00:00","twitter_card":"summary_large_image","twitter_site":"@altumlv","twitter_misc":{"Est. reading time":"3 minutes"},"schema":{"@context":"https:\/\/schema.org","@graph":[{"@type":"WebPage","@id":"https:\/\/www.altum.lv\/en\/investors\/bonds\/programme-25\/prospectus-and-related-information-programme-25\/","url":"https:\/\/www.altum.lv\/en\/investors\/bonds\/programme-25\/prospectus-and-related-information-programme-25\/","name":"Prospectus and related information Programme \u201925 - Altum","isPartOf":{"@id":"https:\/\/www.altum.lv\/en\/#website"},"datePublished":"2025-05-19T10:29:05+00:00","dateModified":"2025-05-23T15:44:03+00:00","description":"Prospectus and related information Programme \u201925","breadcrumb":{"@id":"https:\/\/www.altum.lv\/en\/investors\/bonds\/programme-25\/prospectus-and-related-information-programme-25\/#breadcrumb"},"inLanguage":"en-US","potentialAction":[{"@type":"ReadAction","target":["https:\/\/www.altum.lv\/en\/investors\/bonds\/programme-25\/prospectus-and-related-information-programme-25\/"]}]},{"@type":"BreadcrumbList","@id":"https:\/\/www.altum.lv\/en\/investors\/bonds\/programme-25\/prospectus-and-related-information-programme-25\/#breadcrumb","itemListElement":[{"@type":"ListItem","position":1,"name":"S\u0101kums","item":"https:\/\/www.altum.lv\/en\/"},{"@type":"ListItem","position":2,"name":"Investors","item":"https:\/\/www.altum.lv\/en\/investors\/"},{"@type":"ListItem","position":3,"name":"Bonds","item":"https:\/\/www.altum.lv\/en\/investors\/bonds\/"},{"@type":"ListItem","position":4,"name":"Programme \u201925 | Series 1, Tranchace 1 | 3.576% 5 years Bonds","item":"https:\/\/www.altum.lv\/en\/investors\/bonds\/programme-25\/"},{"@type":"ListItem","position":5,"name":"Prospectus and related information Programme \u201925"}]},{"@type":"WebSite","@id":"https:\/\/www.altum.lv\/en\/#website","url":"https:\/\/www.altum.lv\/en\/","name":"Altum","description":"Finan\u0161u instit\u016bcija ALTUM","potentialAction":[{"@type":"SearchAction","target":{"@type":"EntryPoint","urlTemplate":"https:\/\/www.altum.lv\/en\/?s={search_term_string}"},"query-input":"required name=search_term_string"}],"inLanguage":"en-US"}]}},"_links":{"self":[{"href":"https:\/\/www.altum.lv\/en\/wp-json\/wp\/v2\/pages\/52727"}],"collection":[{"href":"https:\/\/www.altum.lv\/en\/wp-json\/wp\/v2\/pages"}],"about":[{"href":"https:\/\/www.altum.lv\/en\/wp-json\/wp\/v2\/types\/page"}],"author":[{"embeddable":true,"href":"https:\/\/www.altum.lv\/en\/wp-json\/wp\/v2\/users\/74"}],"replies":[{"embeddable":true,"href":"https:\/\/www.altum.lv\/en\/wp-json\/wp\/v2\/comments?post=52727"}],"version-history":[{"count":24,"href":"https:\/\/www.altum.lv\/en\/wp-json\/wp\/v2\/pages\/52727\/revisions"}],"predecessor-version":[{"id":53043,"href":"https:\/\/www.altum.lv\/en\/wp-json\/wp\/v2\/pages\/52727\/revisions\/53043"}],"up":[{"embeddable":true,"href":"https:\/\/www.altum.lv\/en\/wp-json\/wp\/v2\/pages\/52726"}],"wp:attachment":[{"href":"https:\/\/www.altum.lv\/en\/wp-json\/wp\/v2\/media?parent=52727"}],"curies":[{"name":"wp","href":"https:\/\/api.w.org\/{rel}","templated":true}]}}