{"id":52754,"date":"2025-05-19T12:04:51","date_gmt":"2025-05-19T10:04:51","guid":{"rendered":"https:\/\/www.altum.lv\/investors\/bonds\/programme-25-2\/"},"modified":"2025-05-19T18:03:05","modified_gmt":"2025-05-19T16:03:05","slug":"programme-25-3","status":"publish","type":"page","link":"https:\/\/www.altum.lv\/en\/investors\/bonds\/programme-25-3\/","title":{"rendered":"Programme \u201925"},"content":{"rendered":"\t\t<div data-elementor-type=\"wp-page\" data-elementor-id=\"52754\" class=\"elementor elementor-52754\">\n\t\t\t\t\t\t<section class=\"elementor-section elementor-top-section altum__default elementor-element elementor-element-dc02710 elementor-section-full_width elementor-section-height-default elementor-section-height-default\" data-id=\"dc02710\" data-element_type=\"section\" data-e-type=\"section\">\n\t\t\t\t\t\t<div class=\"elementor-container elementor-column-gap-default\">\n\t\t\t\t\t<div class=\"elementor-column elementor-col-100 elementor-top-column elementor-element elementor-element-1d2a443\" data-id=\"1d2a443\" data-element_type=\"column\" data-e-type=\"column\">\n\t\t\t<div class=\"elementor-widget-wrap elementor-element-populated\">\n\t\t\t\t\t\t<div class=\"elementor-element elementor-element-26a3d8f elementor-widget elementor-widget-altum-tab-header-links\" data-id=\"26a3d8f\" data-element_type=\"widget\" data-e-type=\"widget\" data-widget_type=\"altum-tab-header-links.default\">\n\t\t\t\t<div class=\"elementor-widget-container\">\n\t\t\t\t\t\n            <section class=\"topBanner topBanner-topicFamily topBanner-pb-0\"  style=\"background: #E7F0F3; margin-bottom: 35px\">\n                <div class=\"container\">\n\t\t\t\t<div class=\"topBanner__breadcrumbs\"><a href=\"https:\/\/www.altum.lv\" class=\"topBannerBreadcrumb__link\">Altum<\/a><span class=\"topBannerBreadcrumb__indent\">-<\/span><\/div>\n\n                    <div class=\"topBanner__content\">\n                        <div class=\"topBanner__left\">\n                            <h1 class=\"topBanner__title\">\n                                Programma \u201825\n                            <\/h1>\n                           \n                        <\/div>\n                        <div class=\"topBanner__right\">\n                            <div class=\"topBanner__menuWrap\">\n                               \n                <a href=\"https:\/\/www.altum.lv\/investoriem\/obligacijas\/programma-25\/\"  class=\"topBanner__menu-link\">Programma \u201825<\/a>\n            \n                <a href=\"https:\/\/www.altum.lv\/investoriem\/obligacijas\/programma-25\/prospekts-un-saistitie-dokumenti-programma-25\/\"  class=\"topBanner__menu-link\">Prospekts un saist\u012btie dokumenti<\/a>\n            \n                            <\/div>\n                        <\/div>\n                    <\/div>\n                    <div class=\"mobileScroll\">\n                        <div class=\"famWithChildTop__btnWrap famWithChildTop__topBanner\">\n                            \n                        <\/div>\n                    <\/div>\n                <\/div>\n            <\/section>\n\t\t\n            <section>\n                <div class=\"container\">\n                    <div class=\"famWithChild__bottom\">\n                        <div class=\"container\">\n                            <div class=\"altum__headerTab-content\"><\/div>\n                        <\/div>\n                    <\/div>\n                <\/div>\n            <\/section>\n        \t\t\t\t<\/div>\n\t\t\t\t<\/div>\n\t\t\t\t\t<\/div>\n\t\t<\/div>\n\t\t\t\t\t<\/div>\n\t\t<\/section>\n\t\t\t\t<section class=\"elementor-section elementor-top-section altum__default elementor-element elementor-element-7b16559 elementor-section-boxed elementor-section-height-default elementor-section-height-default\" data-id=\"7b16559\" data-element_type=\"section\" data-e-type=\"section\">\n\t\t\t\t\t\t<div class=\"elementor-container elementor-column-gap-default\">\n\t\t\t\t\t<div class=\"elementor-column elementor-col-100 elementor-top-column elementor-element elementor-element-3b19bd4\" data-id=\"3b19bd4\" data-element_type=\"column\" data-e-type=\"column\">\n\t\t\t<div class=\"elementor-widget-wrap elementor-element-populated\">\n\t\t\t\t\t\t<div class=\"elementor-element elementor-element-8c2de82 elementor-widget elementor-widget-text-editor\" data-id=\"8c2de82\" data-element_type=\"widget\" data-e-type=\"widget\" data-widget_type=\"text-editor.default\">\n\t\t\t\t<div class=\"elementor-widget-container\">\n\t\t\t\t\t\t\t\t\t<p style=\"text-align: justify;\">NOT TO BE RELEASED, PUBLISHED OR DISTRIBUTED IN WHOLE OR IN PART IN OR INTO OR TO ANY PERSON LOCATED IN OR RESIDENT IN SUCH COUNTRIES OR JURISDICTIONS IN WHICH IT WOULD BE UNLAWFUL OR REQUIRE MEASURES OTHER THAN THOSE REQUIRED UNDER LATVIAN LAWS, INCLUDING THE UNITED STATES, AUSTRALIA, CANADA, JAPAN, HONG KONG, SOUTH AFRICA, SINGAPORE, RUSSIAN FEDERATION AND BELARUS. THIS ANNOUNCEMENT IS ALSO NOT ADDRESSED TO RETAIL INVESTORS IN THE EUROPEAN ECONOMIC AREA.<\/p>\r\n<p><a href=\"https:\/\/view.news.eu.nasdaq.com\/view?id=b4573f2297f97782e755b029732c8d18b&amp;lang=en&amp;src=listed\" target=\"_blank\" rel=\"noopener\">Information about the approval of the Base Prospectus<\/a><\/p>\t\t\t\t\t\t\t\t<\/div>\n\t\t\t\t<\/div>\n\t\t\t\t\t<\/div>\n\t\t<\/div>\n\t\t\t\t\t<\/div>\n\t\t<\/section>\n\t\t\t\t<section class=\"elementor-section elementor-top-section altum__default elementor-element elementor-element-3ec8da0 elementor-section-boxed elementor-section-height-default elementor-section-height-default\" data-id=\"3ec8da0\" data-element_type=\"section\" data-e-type=\"section\">\n\t\t\t\t\t\t<div class=\"elementor-container elementor-column-gap-default\">\n\t\t\t\t\t<div class=\"elementor-column elementor-col-100 elementor-top-column elementor-element elementor-element-218d71d\" data-id=\"218d71d\" data-element_type=\"column\" data-e-type=\"column\">\n\t\t\t<div class=\"elementor-widget-wrap elementor-element-populated\">\n\t\t\t\t\t\t<div class=\"elementor-element elementor-element-9c305d3 elementor-widget elementor-widget-text-editor\" data-id=\"9c305d3\" data-element_type=\"widget\" data-e-type=\"widget\" data-widget_type=\"text-editor.default\">\n\t\t\t\t<div class=\"elementor-widget-container\">\n\t\t\t\t\t\t\t\t\t<p>Disclaimer<\/p>\r\n<p>By accessing, downloading, reading or otherwise making available to yourself any content of the base prospectus and any final terms you confirm that you have read, understand and agree to comply with all of the restrictions set forth below and that your country of residence and current location is not the United States of America, Australia, Japan, Canada, Hong Kong, South Africa, Singapore, Federation of Russia or Belarus or any other jurisdiction in which distribution or publication of the base prospectus and any final terms is unlawful.<\/p>\r\n<p>The distribution of the base prospectus and any final terms may in certain jurisdictions be restricted by law, and the base prospectus and any final terms may not be used for the purpose of, or in connection with, any offer or solicitation by anyone in any jurisdiction in which such offer or solicitation is not authorised or to any person to whom it is unlawful to make such offer or solicitation. No actions have been taken to register or qualify the notes, or otherwise to permit a public offering of the notes, in any jurisdiction other that the Republic of Latvia, the Republic of Estonia and the Republic of Lithuania. Att\u012bst\u012bbas finan\u0161u instit\u016bcija Altum AS (the \u201cIssuer\u201d), Luminor Bank AS (the \u201cArranger\u201d and the \u201cDealer\u201d) expect persons into whose possession the base prospectus or any final terms comes to inform themselves of and observe all such restrictions. Neither the Issuer nor the Arranger or Dealer accept any legal responsibility for any violation by any person, whether or not a prospective purchaser of the notes is aware of such restrictions. In particular, the base prospectus and any final terms may not be sent to any person in the United States, Australia, Canada, Japan, Hong Kong, South Africa, Singapore, Federation of Russia or Belarus or any other jurisdiction in which it would not be permissible to deliver the notes and the notes may not be offered, sold, resold, transferred or delivered, directly or indirectly, in or into any of these countries.<\/p>\r\n<p>The notes have not been, and will not be, registered under the U.S. Securities Act 1933 (as amended) (the \u201cSecurities Act\u201d), or with any securities regulatory authority of any state of the United States. The base prospectus or the final terms are not to be distributed to the United States or in any other jurisdiction where it would be unlawful. The notes may not be offered, sold, pledged or otherwise transferred, directly or indirectly, within the United States or to, for the account or benefit of, U.S. persons (as defined in Regulation S under the Securities Act (the \u201cRegulation S\u201d)), except to a person who is not a U.S. Person (as defined in Regulation S) in an offshore transaction pursuant to Regulation S.<\/p>\t\t\t\t\t\t\t\t<\/div>\n\t\t\t\t<\/div>\n\t\t\t\t\t<\/div>\n\t\t<\/div>\n\t\t\t\t\t<\/div>\n\t\t<\/section>\n\t\t\t\t<\/div>\n\t\t","protected":false},"excerpt":{"rendered":"<p>Altum&#8211; Programma \u201825 Programma \u201825 Prospekts un saist\u012btie dokumenti NOT TO BE RELEASED, PUBLISHED OR DISTRIBUTED IN WHOLE OR IN PART IN OR INTO OR TO ANY PERSON LOCATED IN [&hellip;]<\/p>\n","protected":false},"author":74,"featured_media":0,"parent":10898,"menu_order":0,"comment_status":"closed","ping_status":"closed","template":"","meta":{"_acf_changed":false,"inline_featured_image":false,"footnotes":""},"class_list":["post-52754","page","type-page","status-publish","hentry"],"acf":[],"yoast_head":"<!-- This site is optimized with the Yoast SEO plugin v22.3 - https:\/\/yoast.com\/wordpress\/plugins\/seo\/ -->\n<title>Programme \u201925 - Altum<\/title>\n<meta name=\"description\" content=\"Bonds\" \/>\n<meta name=\"robots\" content=\"index, follow, max-snippet:-1, max-image-preview:large, max-video-preview:-1\" \/>\n<link rel=\"canonical\" href=\"https:\/\/www.altum.lv\/en\/investors\/bonds\/programme-25-3\/\" \/>\n<meta property=\"og:locale\" content=\"en_US\" \/>\n<meta property=\"og:type\" content=\"article\" \/>\n<meta property=\"og:title\" content=\"Programme \u201925 - Altum\" \/>\n<meta property=\"og:description\" content=\"Bonds\" \/>\n<meta property=\"og:url\" content=\"https:\/\/www.altum.lv\/en\/investors\/bonds\/programme-25-3\/\" \/>\n<meta property=\"og:site_name\" content=\"Altum\" \/>\n<meta property=\"article:publisher\" content=\"https:\/\/www.facebook.com\/AltumLV\" \/>\n<meta property=\"article:modified_time\" content=\"2025-05-19T16:03:05+00:00\" \/>\n<meta name=\"twitter:card\" content=\"summary_large_image\" \/>\n<meta name=\"twitter:site\" content=\"@altumlv\" \/>\n<meta name=\"twitter:label1\" content=\"Est. reading time\" \/>\n\t<meta name=\"twitter:data1\" content=\"4 minutes\" \/>\n<script type=\"application\/ld+json\" class=\"yoast-schema-graph\">{\"@context\":\"https:\/\/schema.org\",\"@graph\":[{\"@type\":\"WebPage\",\"@id\":\"https:\/\/www.altum.lv\/en\/investors\/bonds\/programme-25-3\/\",\"url\":\"https:\/\/www.altum.lv\/en\/investors\/bonds\/programme-25-3\/\",\"name\":\"Programme \u201925 - Altum\",\"isPartOf\":{\"@id\":\"https:\/\/www.altum.lv\/en\/#website\"},\"datePublished\":\"2025-05-19T10:04:51+00:00\",\"dateModified\":\"2025-05-19T16:03:05+00:00\",\"description\":\"Bonds\",\"breadcrumb\":{\"@id\":\"https:\/\/www.altum.lv\/en\/investors\/bonds\/programme-25-3\/#breadcrumb\"},\"inLanguage\":\"en-US\",\"potentialAction\":[{\"@type\":\"ReadAction\",\"target\":[\"https:\/\/www.altum.lv\/en\/investors\/bonds\/programme-25-3\/\"]}]},{\"@type\":\"BreadcrumbList\",\"@id\":\"https:\/\/www.altum.lv\/en\/investors\/bonds\/programme-25-3\/#breadcrumb\",\"itemListElement\":[{\"@type\":\"ListItem\",\"position\":1,\"name\":\"S\u0101kums\",\"item\":\"https:\/\/www.altum.lv\/en\/\"},{\"@type\":\"ListItem\",\"position\":2,\"name\":\"Investors\",\"item\":\"https:\/\/www.altum.lv\/en\/investors\/\"},{\"@type\":\"ListItem\",\"position\":3,\"name\":\"Bonds\",\"item\":\"https:\/\/www.altum.lv\/en\/investors\/bonds\/\"},{\"@type\":\"ListItem\",\"position\":4,\"name\":\"Programme \u201925\"}]},{\"@type\":\"WebSite\",\"@id\":\"https:\/\/www.altum.lv\/en\/#website\",\"url\":\"https:\/\/www.altum.lv\/en\/\",\"name\":\"Altum\",\"description\":\"Finan\u0161u instit\u016bcija ALTUM\",\"potentialAction\":[{\"@type\":\"SearchAction\",\"target\":{\"@type\":\"EntryPoint\",\"urlTemplate\":\"https:\/\/www.altum.lv\/en\/?s={search_term_string}\"},\"query-input\":\"required name=search_term_string\"}],\"inLanguage\":\"en-US\"}]}<\/script>\n<!-- \/ Yoast SEO plugin. -->","yoast_head_json":{"title":"Programme \u201925 - Altum","description":"Bonds","robots":{"index":"index","follow":"follow","max-snippet":"max-snippet:-1","max-image-preview":"max-image-preview:large","max-video-preview":"max-video-preview:-1"},"canonical":"https:\/\/www.altum.lv\/en\/investors\/bonds\/programme-25-3\/","og_locale":"en_US","og_type":"article","og_title":"Programme \u201925 - Altum","og_description":"Bonds","og_url":"https:\/\/www.altum.lv\/en\/investors\/bonds\/programme-25-3\/","og_site_name":"Altum","article_publisher":"https:\/\/www.facebook.com\/AltumLV","article_modified_time":"2025-05-19T16:03:05+00:00","twitter_card":"summary_large_image","twitter_site":"@altumlv","twitter_misc":{"Est. reading time":"4 minutes"},"schema":{"@context":"https:\/\/schema.org","@graph":[{"@type":"WebPage","@id":"https:\/\/www.altum.lv\/en\/investors\/bonds\/programme-25-3\/","url":"https:\/\/www.altum.lv\/en\/investors\/bonds\/programme-25-3\/","name":"Programme \u201925 - Altum","isPartOf":{"@id":"https:\/\/www.altum.lv\/en\/#website"},"datePublished":"2025-05-19T10:04:51+00:00","dateModified":"2025-05-19T16:03:05+00:00","description":"Bonds","breadcrumb":{"@id":"https:\/\/www.altum.lv\/en\/investors\/bonds\/programme-25-3\/#breadcrumb"},"inLanguage":"en-US","potentialAction":[{"@type":"ReadAction","target":["https:\/\/www.altum.lv\/en\/investors\/bonds\/programme-25-3\/"]}]},{"@type":"BreadcrumbList","@id":"https:\/\/www.altum.lv\/en\/investors\/bonds\/programme-25-3\/#breadcrumb","itemListElement":[{"@type":"ListItem","position":1,"name":"S\u0101kums","item":"https:\/\/www.altum.lv\/en\/"},{"@type":"ListItem","position":2,"name":"Investors","item":"https:\/\/www.altum.lv\/en\/investors\/"},{"@type":"ListItem","position":3,"name":"Bonds","item":"https:\/\/www.altum.lv\/en\/investors\/bonds\/"},{"@type":"ListItem","position":4,"name":"Programme \u201925"}]},{"@type":"WebSite","@id":"https:\/\/www.altum.lv\/en\/#website","url":"https:\/\/www.altum.lv\/en\/","name":"Altum","description":"Finan\u0161u instit\u016bcija ALTUM","potentialAction":[{"@type":"SearchAction","target":{"@type":"EntryPoint","urlTemplate":"https:\/\/www.altum.lv\/en\/?s={search_term_string}"},"query-input":"required name=search_term_string"}],"inLanguage":"en-US"}]}},"_links":{"self":[{"href":"https:\/\/www.altum.lv\/en\/wp-json\/wp\/v2\/pages\/52754"}],"collection":[{"href":"https:\/\/www.altum.lv\/en\/wp-json\/wp\/v2\/pages"}],"about":[{"href":"https:\/\/www.altum.lv\/en\/wp-json\/wp\/v2\/types\/page"}],"author":[{"embeddable":true,"href":"https:\/\/www.altum.lv\/en\/wp-json\/wp\/v2\/users\/74"}],"replies":[{"embeddable":true,"href":"https:\/\/www.altum.lv\/en\/wp-json\/wp\/v2\/comments?post=52754"}],"version-history":[{"count":3,"href":"https:\/\/www.altum.lv\/en\/wp-json\/wp\/v2\/pages\/52754\/revisions"}],"predecessor-version":[{"id":52776,"href":"https:\/\/www.altum.lv\/en\/wp-json\/wp\/v2\/pages\/52754\/revisions\/52776"}],"up":[{"embeddable":true,"href":"https:\/\/www.altum.lv\/en\/wp-json\/wp\/v2\/pages\/10898"}],"wp:attachment":[{"href":"https:\/\/www.altum.lv\/en\/wp-json\/wp\/v2\/media?parent=52754"}],"curies":[{"name":"wp","href":"https:\/\/api.w.org\/{rel}","templated":true}]}}