{"id":5517,"date":"2022-04-13T15:14:00","date_gmt":"2022-04-13T13:14:00","guid":{"rendered":"https:\/\/www.altum.lv\/programme-21-series-1-tranche-1-0443-5-years-bond\/"},"modified":"2022-07-29T19:12:56","modified_gmt":"2022-07-29T17:12:56","slug":"programme-21-series-1-tranche-1-0443-5-years-bond","status":"publish","type":"page","link":"https:\/\/www.altum.lv\/en\/investors\/bonds\/programme-21-series-1-tranche-1-0443-5-years-bond\/","title":{"rendered":"Programme &#8217;21 | Series 1, Tranche 1 | 0,443% 5 Years Bond"},"content":{"rendered":"\t\t<div data-elementor-type=\"wp-page\" data-elementor-id=\"5517\" class=\"elementor elementor-5517 elementor-1232\">\n\t\t\t\t\t\t<section class=\"elementor-section elementor-top-section altum__default elementor-element elementor-element-dc02710 elementor-section-full_width elementor-section-height-default elementor-section-height-default\" data-id=\"dc02710\" data-element_type=\"section\" data-e-type=\"section\">\n\t\t\t\t\t\t<div class=\"elementor-container elementor-column-gap-default\">\n\t\t\t\t\t<div class=\"elementor-column elementor-col-100 elementor-top-column elementor-element elementor-element-1d2a443\" data-id=\"1d2a443\" data-element_type=\"column\" data-e-type=\"column\">\n\t\t\t<div class=\"elementor-widget-wrap elementor-element-populated\">\n\t\t\t\t\t\t<div class=\"elementor-element elementor-element-26a3d8f elementor-widget elementor-widget-altum-tab-header-links\" data-id=\"26a3d8f\" data-element_type=\"widget\" data-e-type=\"widget\" data-widget_type=\"altum-tab-header-links.default\">\n\t\t\t\t<div class=\"elementor-widget-container\">\n\t\t\t\t\t\n            <section class=\"topBanner topBanner-topicFamily topBanner-pb-0\"  style=\"background: #E7F0F3; margin-bottom: 35px\">\n                <div class=\"container\">\n\t\t\t\t<div class=\"topBanner__breadcrumbs\"><a href=\"https:\/\/www.altum.lv\" class=\"topBannerBreadcrumb__link\">Altum<\/a><span class=\"topBannerBreadcrumb__indent\">-<\/span><\/div>\n\n                    <div class=\"topBanner__content\">\n                        <div class=\"topBanner__left\">\n                            <h1 class=\"topBanner__title\">\n                                Programme '21 | Series 1, Tranche 1 | 0,443% 5 Years Bond\n                            <\/h1>\n                           \n                        <\/div>\n                        <div class=\"topBanner__right\">\n                            <div class=\"topBanner__menuWrap\">\n                               \n                <a href=\"\/en\/investors\/bonds\/programme-21-series-1-tranche-1-0443-5-years-bond\/\"  class=\"topBanner__menu-link\">Programme '21 | Series 1, Tranche 1 | 0,443% 5 Years Bond<\/a>\n            \n                <a href=\"\/en\/investors\/bonds\/programme-21-series-1-tranche-1-0443-5-years-bond\/prospectus-and-related-information\/\"  class=\"topBanner__menu-link\">Prospectus and related information<\/a>\n            \n                            <\/div>\n                        <\/div>\n                    <\/div>\n                    <div class=\"mobileScroll\">\n                        <div class=\"famWithChildTop__btnWrap famWithChildTop__topBanner\">\n                            \n                        <\/div>\n                    <\/div>\n                <\/div>\n            <\/section>\n\t\t\n            <section>\n                <div class=\"container\">\n                    <div class=\"famWithChild__bottom\">\n                        <div class=\"container\">\n                            <div class=\"altum__headerTab-content\"><\/div>\n                        <\/div>\n                    <\/div>\n                <\/div>\n            <\/section>\n        \t\t\t\t<\/div>\n\t\t\t\t<\/div>\n\t\t\t\t\t<\/div>\n\t\t<\/div>\n\t\t\t\t\t<\/div>\n\t\t<\/section>\n\t\t\t\t<section class=\"elementor-section elementor-top-section altum__default elementor-element elementor-element-7b16559 elementor-section-boxed elementor-section-height-default elementor-section-height-default\" data-id=\"7b16559\" data-element_type=\"section\" data-e-type=\"section\">\n\t\t\t\t\t\t<div class=\"elementor-container elementor-column-gap-default\">\n\t\t\t\t\t<div class=\"elementor-column elementor-col-100 elementor-top-column elementor-element elementor-element-3b19bd4\" data-id=\"3b19bd4\" data-element_type=\"column\" data-e-type=\"column\">\n\t\t\t<div class=\"elementor-widget-wrap elementor-element-populated\">\n\t\t\t\t\t\t<div class=\"elementor-element elementor-element-673c237 elementor-widget elementor-widget-text-editor\" data-id=\"673c237\" data-element_type=\"widget\" data-e-type=\"widget\" data-widget_type=\"text-editor.default\">\n\t\t\t\t<div class=\"elementor-widget-container\">\n\t\t\t\t\t\t\t\t\t<h2><strong>ALTUM issues EUR 20 million bonds with a yield of 0.443%<\/strong><\/h2>\n<p>\u00a0<\/p>\n<p><span style=\"font-size: 14px;\"><em>NOT TO BE RELEASED, PUBLISHED OR DISTRIBUTED IN WHOLE OR IN PART IN OR INTO OR TO ANY PERSON\u00a0LOCATED IN OR RESIDENT IN\u00a0SUCH COUNTRIES OR JURISDICTIONS IN WHICH IT WOULD BE UNLAWFUL OR REQUIRE MEASURES OTHER THAN THOSE REQUIRED UNDER LATVIAN LAWS, INCLUDING THE UNITED STATES, AUSTRALIA, JAPAN, CANADA, HONG KONG, SOUTH AFRICA AND\u00a0SINGAPORE. THIS ANNOUNCEMENT IS ALSO NOT ADDRESSED TO RETAIL INVESTORS IN THE EUROPEAN ECONOMIC AREA.<\/em><\/span><\/p>\n<h2>\u00a0<\/h2>\n<h3 class=\"block-title\">SECURITY INFORMATION<\/h3>\n<p>\u00a0<\/p>\t\t\t\t\t\t\t\t<\/div>\n\t\t\t\t<\/div>\n\t\t\t\t<div class=\"elementor-element elementor-element-d29bfca elementor-widget elementor-widget-shortcode\" data-id=\"d29bfca\" data-element_type=\"widget\" data-e-type=\"widget\" data-widget_type=\"shortcode.default\">\n\t\t\t\t<div class=\"elementor-widget-container\">\n\t\t\t\t\t\t\t<div class=\"elementor-shortcode\">\n<table id=\"tablepress-38\" class=\"tablepress tablepress-id-38\">\n<thead>\n<tr class=\"row-1\">\n\t<th class=\"column-1\">Number of listed securities<\/th><th class=\"column-2\">20,000<\/th>\n<\/tr>\n<\/thead>\n<tbody class=\"row-striping row-hover\">\n<tr class=\"row-2\">\n\t<td class=\"column-1\">Nominal<\/td><td class=\"column-2\">1,000 EUR<\/td>\n<\/tr>\n<tr class=\"row-3\">\n\t<td class=\"column-1\">Issue value<\/td><td class=\"column-2\">20,000,000 EUR<\/td>\n<\/tr>\n<tr class=\"row-4\">\n\t<td class=\"column-1\">Listing date<\/td><td class=\"column-2\">11.10.2021<\/td>\n<\/tr>\n<tr class=\"row-5\">\n\t<td class=\"column-1\">Maturity date<\/td><td class=\"column-2\">08.10.2026<\/td>\n<\/tr>\n<tr class=\"row-6\">\n\t<td class=\"column-1\">Coupon rate (%)<\/td><td class=\"column-2\">0.443<\/td>\n<\/tr>\n<tr class=\"row-7\">\n\t<td class=\"column-1\">Next coupon payment date<\/td><td class=\"column-2\">08.10.2022<\/td>\n<\/tr>\n<\/tbody>\n<\/table>\n<!-- #tablepress-38 from cache --><\/div>\n\t\t\t\t\t\t<\/div>\n\t\t\t\t<\/div>\n\t\t\t\t<div class=\"elementor-element elementor-element-8c2de82 elementor-widget elementor-widget-text-editor\" data-id=\"8c2de82\" data-element_type=\"widget\" data-e-type=\"widget\" data-widget_type=\"text-editor.default\">\n\t\t\t\t<div class=\"elementor-widget-container\">\n\t\t\t\t\t\t\t\t\t<p>On October 1, 2021, ALTUM issued 5-year bonds in the amount of EUR 20 million, which is the first issue under the third bond issue programme of EUR 75,000,000, with a fixed annual interest rate of 0.443% and a yield to maturity of 0.443% (Final Terms for the Issuance of Notes attached). This bond issue attracted significant interest from the Baltics investors, and the bond issue was oversubscribed more than 3 times. The bonds were purchased by 15 institutional investors in the Baltics: 70% of the volume was allocated to asset management funds, 18% &#8211; to banks and 9% &#8211; to insurance companies.<\/p>\n<p>\u00a0<\/p>\n<h3>ALTUM Chairman of the Management Board Reinis B\u0113rzi\u0146\u0161:\u00a0<\/h3>\n<p>\u00a0<\/p>\n<p>\u201cWith the new bond issue programme, ALTUM convincingly continues to pursue its strategy for raising finance. We are pleased with investors\u2019 great interest in the bond issue, which took place in the Baltic capital markets in a week saturated with security issues. We have been issuing bonds for diversification of ALTUM financing sources since 2017, and our regular activity in the capital markets not only promotes investor confidence, but also enables us to achieve sound financial conditions \u2013 the best in our bond issues to date. This is ALTUM\u2019s third issue programme, and we are planning to make the most out of its potential.\u201d<\/p>\n<p>\u00a0<\/p>\n<p>Luminor Bank acted as the Sole Lead Manager of this bond issuance. Legal advice in connection with the issuance of bonds was provided by COBALT.<\/p>\n<p>\u00a0<\/p>\n<p class=\"gray gray--small\"><span style=\"font-size: 12px;\"><em>Disclaimer<\/em><\/span><\/p>\n<p>\u00a0<\/p>\n<p class=\"gray gray--small\"><span style=\"font-size: 12px;\"><em>The information contained herein is not for release, publication or distribution, in whole or in part, directly or indirectly, in or into<\/em>\u00a0<em>the United States of America, Australia, Japan, Canada, Hong Kong, South Africa, Singapore or any other jurisdiction,<\/em>\u00a0<em>or otherwise in such circumstances in which the release, publication or distribution would be unlawful. The information contained herein does not constitute an offer to sell or the solicitation of an offer to buy, nor shall there be any sale of, the notes in any jurisdiction in which such offer, solicitation or sale would be unlawful prior to registration, exemption from registration or qualification under the securities laws of any such jurisdiction. Persons into whose possession this announcement may come are required to inform themselves of and observe all such restrictions.<\/em><\/span><\/p>\n<p>\u00a0<\/p>\n<p class=\"gray gray--small\"><span style=\"font-size: 12px;\"><em>This announcement is not an offer for sale of, or a solicitation to purchase or subscribe for, any securities in the United States. The securities have not been, and will not be, registered under the US Securities Act of 1933, as amended, and the securities may not be offered or sold in the United States absent registration or an exemption from registration under the Securities Act of 1933, as amended. The issuer has not registered and does not intend to register any portion of any offering in the United States or to conduct a public offering of any securities in the United States.<\/em><\/span><\/p>\t\t\t\t\t\t\t\t<\/div>\n\t\t\t\t<\/div>\n\t\t\t\t\t<\/div>\n\t\t<\/div>\n\t\t\t\t\t<\/div>\n\t\t<\/section>\n\t\t\t\t<section class=\"elementor-section elementor-top-section altum__default elementor-element elementor-element-391dcce elementor-section-boxed elementor-section-height-default elementor-section-height-default\" data-id=\"391dcce\" data-element_type=\"section\" data-e-type=\"section\">\n\t\t\t\t\t\t<div class=\"elementor-container elementor-column-gap-default\">\n\t\t\t\t\t<div class=\"elementor-column elementor-col-100 elementor-top-column elementor-element elementor-element-0b5085a\" data-id=\"0b5085a\" data-element_type=\"column\" data-e-type=\"column\">\n\t\t\t<div class=\"elementor-widget-wrap elementor-element-populated\">\n\t\t\t\t\t\t<div class=\"elementor-element elementor-element-a48b5fc elementor-widget elementor-widget-altum-employees\" data-id=\"a48b5fc\" data-element_type=\"widget\" data-e-type=\"widget\" data-widget_type=\"altum-employees.default\">\n\t\t\t\t<div class=\"elementor-widget-container\">\n\t\t\t\t\t\n\t\t\t\t<section class=\"consultants consultants-bt\" style=\"margin-top: 100px; margin-bottom: 60px\">\n\t\t\t\t\t\n\t\t\t\t\t\t<div class=\"consultants__wrap\" \">\n\t\t\t\t\t\t\t<h2 class=\"consultants__h2\" tabindex=\"0\">Contacts for Investor relations<\/h2>\n\t\t\t\t\t\t\t<div class=\"consultants__content\">\n\t\t\t\t\t\t\t\t\n\t\t\t\t<div class=\"consultantsContent__elem\">\n\t\t\t\t\t\n\t\t\t\t\t<div class=\"consultantsContent__info\">\n\t\t\t\t\t\t<h4 class=\"consultantsContent__h4\" tabindex=\"0\" title=\"Laura Lapkovska\">\n\t\t\t\t\t\t\t\n\t\t\t\t\t\t\tLaura Lapkovska\n\t\t\t\t\t\t<\/h4>\n\t\t\t\t\t\t<p class=\"consultantsContent__p\" tabindex=\"0\" title=\" \"><\/p>\n\t\t\t\t\t\t<div class=\"consultantsContent__contact\">\n\t\t\t\t\t\t\t<div class=\"consultatns__phones\"><a href=\"tel:26165699\" title=\"Laura Lapkovska kontaktt\u0101lrunis\" class=\"consultantsContent__contact-link\">26165699<\/a><\/div>\n\t\t\t\t\t\t\t<a href=\"mailto:laura.lapkovska@altum.lv\" title=\"Laura Lapkovska e-pasta adrese\" class=\"consultantsContent__contact-link\">laura.lapkovska@altum.lv<\/a>\n\t\t\t\t\t\t<\/div>\n\t\t\t\t\t<\/div>\n\t\t\t\t<\/div> \n\t\t\t\t\t\t\t<\/div>\n\t\t\t\t\t\t<\/div>\n\t\t\t\t\t\n\t\t\t\t<\/section>\n\t\t\t\t\t\t\t<\/div>\n\t\t\t\t<\/div>\n\t\t\t\t\t<\/div>\n\t\t<\/div>\n\t\t\t\t\t<\/div>\n\t\t<\/section>\n\t\t\t\t<\/div>\n\t\t","protected":false},"excerpt":{"rendered":"<p>Altum&#8211; Programme &#8217;21 | Series 1, Tranche 1 | 0,443% 5 Years Bond Programme &#8217;21 | Series 1, Tranche 1 | 0,443% 5 Years Bond Prospectus and related information ALTUM [&hellip;]<\/p>\n","protected":false},"author":1,"featured_media":0,"parent":10898,"menu_order":0,"comment_status":"closed","ping_status":"closed","template":"","meta":{"_acf_changed":false,"inline_featured_image":false,"footnotes":""},"class_list":["post-5517","page","type-page","status-publish","hentry"],"acf":[],"yoast_head":"<!-- This site is optimized with the Yoast SEO plugin v22.3 - https:\/\/yoast.com\/wordpress\/plugins\/seo\/ -->\n<title>Programme &#039;21 | Series 1, Tranche 1 | 0,443% 5 Years Bond - Altum<\/title>\n<meta name=\"robots\" content=\"index, follow, max-snippet:-1, max-image-preview:large, max-video-preview:-1\" \/>\n<link rel=\"canonical\" href=\"https:\/\/www.altum.lv\/en\/investors\/bonds\/programme-21-series-1-tranche-1-0443-5-years-bond\/\" \/>\n<meta property=\"og:locale\" content=\"en_US\" \/>\n<meta property=\"og:type\" content=\"article\" \/>\n<meta property=\"og:title\" content=\"Programme &#039;21 | Series 1, Tranche 1 | 0,443% 5 Years Bond - Altum\" \/>\n<meta property=\"og:description\" content=\"Altum&#8211; Programme &#8217;21 | Series 1, Tranche 1 | 0,443% 5 Years Bond Programme &#8217;21 | Series 1, Tranche 1 | 0,443% 5 Years Bond Prospectus and related information ALTUM [&hellip;]\" \/>\n<meta property=\"og:url\" content=\"https:\/\/www.altum.lv\/en\/investors\/bonds\/programme-21-series-1-tranche-1-0443-5-years-bond\/\" \/>\n<meta property=\"og:site_name\" content=\"Altum\" \/>\n<meta property=\"article:publisher\" content=\"https:\/\/www.facebook.com\/AltumLV\" \/>\n<meta property=\"article:modified_time\" content=\"2022-07-29T17:12:56+00:00\" \/>\n<meta name=\"twitter:card\" content=\"summary_large_image\" \/>\n<meta name=\"twitter:site\" content=\"@altumlv\" \/>\n<meta name=\"twitter:label1\" content=\"Est. reading time\" \/>\n\t<meta name=\"twitter:data1\" content=\"3 minutes\" \/>\n<script type=\"application\/ld+json\" class=\"yoast-schema-graph\">{\"@context\":\"https:\/\/schema.org\",\"@graph\":[{\"@type\":\"WebPage\",\"@id\":\"https:\/\/www.altum.lv\/en\/investors\/bonds\/programme-21-series-1-tranche-1-0443-5-years-bond\/\",\"url\":\"https:\/\/www.altum.lv\/en\/investors\/bonds\/programme-21-series-1-tranche-1-0443-5-years-bond\/\",\"name\":\"Programme '21 | Series 1, Tranche 1 | 0,443% 5 Years Bond - Altum\",\"isPartOf\":{\"@id\":\"https:\/\/www.altum.lv\/en\/#website\"},\"datePublished\":\"2022-04-13T13:14:00+00:00\",\"dateModified\":\"2022-07-29T17:12:56+00:00\",\"breadcrumb\":{\"@id\":\"https:\/\/www.altum.lv\/en\/investors\/bonds\/programme-21-series-1-tranche-1-0443-5-years-bond\/#breadcrumb\"},\"inLanguage\":\"en-US\",\"potentialAction\":[{\"@type\":\"ReadAction\",\"target\":[\"https:\/\/www.altum.lv\/en\/investors\/bonds\/programme-21-series-1-tranche-1-0443-5-years-bond\/\"]}]},{\"@type\":\"BreadcrumbList\",\"@id\":\"https:\/\/www.altum.lv\/en\/investors\/bonds\/programme-21-series-1-tranche-1-0443-5-years-bond\/#breadcrumb\",\"itemListElement\":[{\"@type\":\"ListItem\",\"position\":1,\"name\":\"S\u0101kums\",\"item\":\"https:\/\/www.altum.lv\/en\/\"},{\"@type\":\"ListItem\",\"position\":2,\"name\":\"Investors\",\"item\":\"https:\/\/www.altum.lv\/en\/investors\/\"},{\"@type\":\"ListItem\",\"position\":3,\"name\":\"Bonds\",\"item\":\"https:\/\/www.altum.lv\/en\/investors\/bonds\/\"},{\"@type\":\"ListItem\",\"position\":4,\"name\":\"Programme &#8217;21 | Series 1, Tranche 1 | 0,443% 5 Years Bond\"}]},{\"@type\":\"WebSite\",\"@id\":\"https:\/\/www.altum.lv\/en\/#website\",\"url\":\"https:\/\/www.altum.lv\/en\/\",\"name\":\"Altum\",\"description\":\"Finan\u0161u instit\u016bcija ALTUM\",\"potentialAction\":[{\"@type\":\"SearchAction\",\"target\":{\"@type\":\"EntryPoint\",\"urlTemplate\":\"https:\/\/www.altum.lv\/en\/?s={search_term_string}\"},\"query-input\":\"required name=search_term_string\"}],\"inLanguage\":\"en-US\"}]}<\/script>\n<!-- \/ Yoast SEO plugin. -->","yoast_head_json":{"title":"Programme '21 | Series 1, Tranche 1 | 0,443% 5 Years Bond - Altum","robots":{"index":"index","follow":"follow","max-snippet":"max-snippet:-1","max-image-preview":"max-image-preview:large","max-video-preview":"max-video-preview:-1"},"canonical":"https:\/\/www.altum.lv\/en\/investors\/bonds\/programme-21-series-1-tranche-1-0443-5-years-bond\/","og_locale":"en_US","og_type":"article","og_title":"Programme '21 | Series 1, Tranche 1 | 0,443% 5 Years Bond - Altum","og_description":"Altum&#8211; Programme &#8217;21 | Series 1, Tranche 1 | 0,443% 5 Years Bond Programme &#8217;21 | Series 1, Tranche 1 | 0,443% 5 Years Bond Prospectus and related information ALTUM [&hellip;]","og_url":"https:\/\/www.altum.lv\/en\/investors\/bonds\/programme-21-series-1-tranche-1-0443-5-years-bond\/","og_site_name":"Altum","article_publisher":"https:\/\/www.facebook.com\/AltumLV","article_modified_time":"2022-07-29T17:12:56+00:00","twitter_card":"summary_large_image","twitter_site":"@altumlv","twitter_misc":{"Est. reading time":"3 minutes"},"schema":{"@context":"https:\/\/schema.org","@graph":[{"@type":"WebPage","@id":"https:\/\/www.altum.lv\/en\/investors\/bonds\/programme-21-series-1-tranche-1-0443-5-years-bond\/","url":"https:\/\/www.altum.lv\/en\/investors\/bonds\/programme-21-series-1-tranche-1-0443-5-years-bond\/","name":"Programme '21 | Series 1, Tranche 1 | 0,443% 5 Years Bond - Altum","isPartOf":{"@id":"https:\/\/www.altum.lv\/en\/#website"},"datePublished":"2022-04-13T13:14:00+00:00","dateModified":"2022-07-29T17:12:56+00:00","breadcrumb":{"@id":"https:\/\/www.altum.lv\/en\/investors\/bonds\/programme-21-series-1-tranche-1-0443-5-years-bond\/#breadcrumb"},"inLanguage":"en-US","potentialAction":[{"@type":"ReadAction","target":["https:\/\/www.altum.lv\/en\/investors\/bonds\/programme-21-series-1-tranche-1-0443-5-years-bond\/"]}]},{"@type":"BreadcrumbList","@id":"https:\/\/www.altum.lv\/en\/investors\/bonds\/programme-21-series-1-tranche-1-0443-5-years-bond\/#breadcrumb","itemListElement":[{"@type":"ListItem","position":1,"name":"S\u0101kums","item":"https:\/\/www.altum.lv\/en\/"},{"@type":"ListItem","position":2,"name":"Investors","item":"https:\/\/www.altum.lv\/en\/investors\/"},{"@type":"ListItem","position":3,"name":"Bonds","item":"https:\/\/www.altum.lv\/en\/investors\/bonds\/"},{"@type":"ListItem","position":4,"name":"Programme &#8217;21 | Series 1, Tranche 1 | 0,443% 5 Years Bond"}]},{"@type":"WebSite","@id":"https:\/\/www.altum.lv\/en\/#website","url":"https:\/\/www.altum.lv\/en\/","name":"Altum","description":"Finan\u0161u instit\u016bcija ALTUM","potentialAction":[{"@type":"SearchAction","target":{"@type":"EntryPoint","urlTemplate":"https:\/\/www.altum.lv\/en\/?s={search_term_string}"},"query-input":"required name=search_term_string"}],"inLanguage":"en-US"}]}},"_links":{"self":[{"href":"https:\/\/www.altum.lv\/en\/wp-json\/wp\/v2\/pages\/5517"}],"collection":[{"href":"https:\/\/www.altum.lv\/en\/wp-json\/wp\/v2\/pages"}],"about":[{"href":"https:\/\/www.altum.lv\/en\/wp-json\/wp\/v2\/types\/page"}],"author":[{"embeddable":true,"href":"https:\/\/www.altum.lv\/en\/wp-json\/wp\/v2\/users\/1"}],"replies":[{"embeddable":true,"href":"https:\/\/www.altum.lv\/en\/wp-json\/wp\/v2\/comments?post=5517"}],"version-history":[{"count":55,"href":"https:\/\/www.altum.lv\/en\/wp-json\/wp\/v2\/pages\/5517\/revisions"}],"predecessor-version":[{"id":21028,"href":"https:\/\/www.altum.lv\/en\/wp-json\/wp\/v2\/pages\/5517\/revisions\/21028"}],"up":[{"embeddable":true,"href":"https:\/\/www.altum.lv\/en\/wp-json\/wp\/v2\/pages\/10898"}],"wp:attachment":[{"href":"https:\/\/www.altum.lv\/en\/wp-json\/wp\/v2\/media?parent=5517"}],"curies":[{"name":"wp","href":"https:\/\/api.w.org\/{rel}","templated":true}]}}