{"id":5552,"date":"2022-04-20T13:27:23","date_gmt":"2022-04-20T11:27:23","guid":{"rendered":"https:\/\/www.altum.lv\/prospectus-and-related-information\/"},"modified":"2022-07-17T21:27:03","modified_gmt":"2022-07-17T19:27:03","slug":"prospectus-and-related-information","status":"publish","type":"page","link":"https:\/\/www.altum.lv\/en\/investors\/bonds\/programme-19-series-2-tranche-3-1-3-7-years-bond\/prospectus-and-related-information\/","title":{"rendered":"Prospectus and related information"},"content":{"rendered":"\t\t<div data-elementor-type=\"wp-page\" data-elementor-id=\"5552\" class=\"elementor elementor-5552 elementor-1474\">\n\t\t\t\t\t\t<section class=\"elementor-section elementor-top-section altum__default elementor-element elementor-element-672b14f elementor-section-full_width elementor-section-height-default elementor-section-height-default\" data-id=\"672b14f\" data-element_type=\"section\" data-e-type=\"section\">\n\t\t\t\t\t\t<div class=\"elementor-container elementor-column-gap-default\">\n\t\t\t\t\t<div class=\"elementor-column elementor-col-100 elementor-top-column elementor-element elementor-element-e05f095\" data-id=\"e05f095\" data-element_type=\"column\" data-e-type=\"column\">\n\t\t\t<div class=\"elementor-widget-wrap elementor-element-populated\">\n\t\t\t\t\t\t<div class=\"elementor-element elementor-element-92f6aa0 elementor-widget elementor-widget-altum-tab-header-links\" data-id=\"92f6aa0\" data-element_type=\"widget\" data-e-type=\"widget\" data-widget_type=\"altum-tab-header-links.default\">\n\t\t\t\t<div class=\"elementor-widget-container\">\n\t\t\t\t\t\n            <section class=\"topBanner topBanner-topicFamily topBanner-pb-0\"  style=\"background: #E7F0F3; margin-bottom: 35px\">\n                <div class=\"container\">\n\t\t\t\t<div class=\"topBanner__breadcrumbs\"><a href=\"https:\/\/www.altum.lv\" class=\"topBannerBreadcrumb__link\">Altum<\/a><span class=\"topBannerBreadcrumb__indent\">-<\/span><\/div>\n\n                    <div class=\"topBanner__content\">\n                        <div class=\"topBanner__left\">\n                            <h1 class=\"topBanner__title\">\n                                Prospectus and related information\n                            <\/h1>\n                           \n                        <\/div>\n                        <div class=\"topBanner__right\">\n                            <div class=\"topBanner__menuWrap\">\n                               \n                <a href=\"\/en\/programme-19-series-2-tranche-3-1-3-7-years-bond\/\"  class=\"topBanner__menu-link\">Programme 19' | Series 2, Tranche 3 | 1.3% 7 Years Bond<\/a>\n            \n                <a href=\"\/en\/investors\/bonds\/programme-19-series-2-tranche-3-1-3-7-years-bond\/prospectus-and-related-information\/\"  class=\"topBanner__menu-link\">Prospectus and related information<\/a>\n            \n                            <\/div>\n                        <\/div>\n                    <\/div>\n                    <div class=\"mobileScroll\">\n                        <div class=\"famWithChildTop__btnWrap famWithChildTop__topBanner\">\n                            \n                        <\/div>\n                    <\/div>\n                <\/div>\n            <\/section>\n\t\t\n            <section>\n                <div class=\"container\">\n                    <div class=\"famWithChild__bottom\">\n                        <div class=\"container\">\n                            <div class=\"altum__headerTab-content\"><\/div>\n                        <\/div>\n                    <\/div>\n                <\/div>\n            <\/section>\n        \t\t\t\t<\/div>\n\t\t\t\t<\/div>\n\t\t\t\t\t<\/div>\n\t\t<\/div>\n\t\t\t\t\t<\/div>\n\t\t<\/section>\n\t\t\t\t<section class=\"elementor-section elementor-top-section altum__default elementor-element elementor-element-1b064e9 elementor-section-boxed elementor-section-height-default elementor-section-height-default\" data-id=\"1b064e9\" data-element_type=\"section\" data-e-type=\"section\">\n\t\t\t\t\t\t<div class=\"elementor-container elementor-column-gap-default\">\n\t\t\t\t\t<div class=\"elementor-column elementor-col-100 elementor-top-column elementor-element elementor-element-5a652a8\" data-id=\"5a652a8\" data-element_type=\"column\" data-e-type=\"column\">\n\t\t\t<div class=\"elementor-widget-wrap elementor-element-populated\">\n\t\t\t\t\t\t<div class=\"elementor-element elementor-element-5e09fbe elementor-widget elementor-widget-text-editor\" data-id=\"5e09fbe\" data-element_type=\"widget\" data-e-type=\"widget\" data-widget_type=\"text-editor.default\">\n\t\t\t\t<div class=\"elementor-widget-container\">\n\t\t\t\t\t\t\t\t\t<h2>Updated final terms<\/h2>\n<p>\u00a0<\/p>\n<p><span style=\"color: #878788; font-size: 12px;\"><em>NOT TO BE RELEASED, PUBLISHED OR DISTRIBUTED IN WHOLE OR IN PART IN OR INTO OR TO ANY PERSON LOCATED IN OR RESIDENT IN SUCH COUNTRIES OR JURISDICTIONS IN WHICH IT WOULD BE UNLAWFUL OR REQUIRE MEASURES OTHER THAN THOSE REQUIRED UNDER LATVIAN LAWS, INCLUDING THE UNITED STATES, AUSTRALIA, JAPAN, CANADA, HONG KONG, SOUTH AFRICA, SINGAPORE<\/em><\/span><\/p>\n<p>\u00a0<\/p>\n<p>Words and expressions defined in the Base Prospectus\u00a0of Second Programme for the Issuance of Notes in the Amount of EUR 70,000,000 of\u00a0AS \u201cAtt\u012bst\u012bbas finan\u0161u instit\u016bcija\u00a0Altum\u201d (hereinafter \u2013 \u201cAltum\u201d)\u00a0dated 9 May 2019 (the \u201eBase Prospectus\u201c)\u00a0have the same meanings in this announcement.Altum in accordance with Clause 6.4. of Section \u201ePlacement of Notes\u201c of the Base Prospectus hereby announces that placement of EUR 20,000,000 Notes, that are issued in accordance with the Final Terms dated 7 April 2020\u00a0in addition to EUR 10,000,000 1.3% Notes and EUR 15,000,000 1.3% Notes due 7 March 2025 (ISIN code:\u00a0LV0000880037) issued, respectively, on 7 March 2018 and 5 June 2019 in accordance with the General Terms and Conditions set forth in the Base Prospectus of the First Programme for the Issuance of Notes of Altum dated 30 August 2017, is completed. The following characteristics have been set to the Notes within the placement:<\/p>\n<p>\u00a0<\/p>\n<p>Updated final terms are attached hereto.<\/p>\n<p>\u00a0<\/p>\n<p><span style=\"color: #878788; font-size: 12px;\"><em> Disclaimer<\/em><\/span><\/p>\n<p><span style=\"color: #878788; font-size: 12px;\"><em>Neither this announcement nor any copy of it, in whole or part, may be taken or transmitted, directly or indirectly, into the United States, Australia, Japan, Canada, Hong Kong, South Africa, Singapore or any other jurisdiction where to do so would be unlawful. This announcement does not constitute or form part of any offer or invitation to sell, or any solicitation of any offer to purchase or subscribe, any securities to any person in any jurisdiction, nor shall it (or any part of it) or the fact of its distribution, form the basis of, or be relied on in connection with, any contract therefore. The offer and the distribution of this announcement and other information in connection with the offer in certain jurisdictions may be restricted by law and persons into whose possession any document or other information referred to herein comes should inform themselves about and observe any such restriction. Any failure to comply with these restrictions may constitute a violation of the securities laws of any such jurisdiction. This announcement is not an offer for sale of, or a solicitation to purchase or subscribe for, any securities in the United States. The securities have not been, and will not be, registered under the US Securities Act of 1933, as amended, and the securities may not be offered or sold in the United States absent registration or an exemption from registration under the Securities Act of 1933, as amended. The Issuer has not registered and does not intend to register any portion of any offering in the United States or to conduct a public offering of any securities in the United States. This announcement is addressed to and directed at persons in member states of the European Economic Area who are &#8221;qualified investors&#8221; within the meaning of the Regulation (EU) 2017\/1129. Any investment activity (including, but not limited to, any invitation, offer or agreement to subscribe, purchase or otherwise acquire securities) to which this announcement relates will only be available to, and will only be engaged with, persons who fall within the manufacturer target market.<\/em><\/span><\/p>\t\t\t\t\t\t\t\t<\/div>\n\t\t\t\t<\/div>\n\t\t\t\t\t<\/div>\n\t\t<\/div>\n\t\t\t\t\t<\/div>\n\t\t<\/section>\n\t\t\t\t<section class=\"elementor-section elementor-top-section altum__default elementor-element elementor-element-a6282fa elementor-section-boxed elementor-section-height-default elementor-section-height-default\" data-id=\"a6282fa\" data-element_type=\"section\" data-e-type=\"section\">\n\t\t\t\t\t\t<div class=\"elementor-container elementor-column-gap-default\">\n\t\t\t\t\t<div class=\"elementor-column elementor-col-100 elementor-top-column elementor-element elementor-element-71221f2\" data-id=\"71221f2\" data-element_type=\"column\" data-e-type=\"column\">\n\t\t\t<div class=\"elementor-widget-wrap elementor-element-populated\">\n\t\t\t\t\t\t<div class=\"elementor-element elementor-element-42b2432 elementor-widget elementor-widget-altum-single-document\" data-id=\"42b2432\" data-element_type=\"widget\" data-e-type=\"widget\" data-widget_type=\"altum-single-document.default\">\n\t\t\t\t<div class=\"elementor-widget-container\">\n\t\t\t\t\t\n\t\t\t\t<div class=\"altum__singleDocument\">\n\t\t\t\t\t<a href=\"https:\/\/www.altum.lv\/wp-content\/uploads\/2022\/06\/altum_updated_ft_2_series_3_tranche_20200409_signed.pdf\" target=\"_blank\" class=\"dokumentiPdf__link\">\n\t\t\t\t\t\t<div class=\"dokumentiPdf__icon\">\n\t\t\t\t\t\t\tPDF\n\t\t\t\t\t\t<\/div>\n\t\t\t\t\t\t<p class=\"dokumentiPdf__p\">Updated final terms<\/p>\n\t\t\t\t\t\t<div class=\"dokumentiPdf__iconWrap\">\n\t\t\t\t\t\t\t<svg width=\"20\" height=\"23\" fill=\"none\" xmlns=\"http:\/\/www.w3.org\/2000\/svg\"><path d=\"M10 1v16M1 22h18M6 13.5l4 4 4-4\" stroke=\"#000\" stroke-width=\"2\" stroke-linecap=\"round\" stroke-linejoin=\"round\"\/><\/svg>\n\t\t\t\t\t\t<\/div>\n\t\t\t\t\t<\/a>\n\t\t\t\t<\/div>\n\t\t\t\t\t\t\t<\/div>\n\t\t\t\t<\/div>\n\t\t\t\t<div class=\"elementor-element elementor-element-a97c813 elementor-widget elementor-widget-altum-single-document\" data-id=\"a97c813\" data-element_type=\"widget\" data-e-type=\"widget\" data-widget_type=\"altum-single-document.default\">\n\t\t\t\t<div class=\"elementor-widget-container\">\n\t\t\t\t\t\n\t\t\t\t<div class=\"altum__singleDocument\">\n\t\t\t\t\t<a href=\"https:\/\/www.altum.lv\/wp-content\/uploads\/2022\/05\/doc_altum_base_prospectus_fin_6f5a4.pdf\" target=\"_blank\" class=\"dokumentiPdf__link\">\n\t\t\t\t\t\t<div class=\"dokumentiPdf__icon\">\n\t\t\t\t\t\t\tPDF\n\t\t\t\t\t\t<\/div>\n\t\t\t\t\t\t<p class=\"dokumentiPdf__p\">Base prospectus<\/p>\n\t\t\t\t\t\t<div class=\"dokumentiPdf__iconWrap\">\n\t\t\t\t\t\t\t<svg width=\"20\" height=\"23\" fill=\"none\" xmlns=\"http:\/\/www.w3.org\/2000\/svg\"><path d=\"M10 1v16M1 22h18M6 13.5l4 4 4-4\" stroke=\"#000\" stroke-width=\"2\" stroke-linecap=\"round\" stroke-linejoin=\"round\"\/><\/svg>\n\t\t\t\t\t\t<\/div>\n\t\t\t\t\t<\/a>\n\t\t\t\t<\/div>\n\t\t\t\t\t\t\t<\/div>\n\t\t\t\t<\/div>\n\t\t\t\t\t<\/div>\n\t\t<\/div>\n\t\t\t\t\t<\/div>\n\t\t<\/section>\n\t\t\t\t<\/div>\n\t\t","protected":false},"excerpt":{"rendered":"<p>Altum&#8211; Prospectus and related information Programme 19&#8242; | Series 2, Tranche 3 | 1.3% 7 Years Bond Prospectus and related information Updated final terms \u00a0 NOT TO BE RELEASED, PUBLISHED [&hellip;]<\/p>\n","protected":false},"author":1,"featured_media":0,"parent":5554,"menu_order":0,"comment_status":"closed","ping_status":"closed","template":"","meta":{"_acf_changed":false,"inline_featured_image":false,"footnotes":""},"class_list":["post-5552","page","type-page","status-publish","hentry"],"acf":[],"yoast_head":"<!-- This site is optimized with the Yoast SEO plugin v22.3 - https:\/\/yoast.com\/wordpress\/plugins\/seo\/ -->\n<title>Prospectus and related information - Altum<\/title>\n<meta name=\"robots\" content=\"index, follow, max-snippet:-1, max-image-preview:large, max-video-preview:-1\" \/>\n<link rel=\"canonical\" href=\"https:\/\/www.altum.lv\/en\/investors\/bonds\/programme-19-series-2-tranche-3-1-3-7-years-bond\/prospectus-and-related-information\/\" \/>\n<meta property=\"og:locale\" content=\"en_US\" \/>\n<meta property=\"og:type\" content=\"article\" \/>\n<meta property=\"og:title\" content=\"Prospectus and related information - Altum\" \/>\n<meta property=\"og:description\" content=\"Altum&#8211; Prospectus and related information Programme 19&#8242; | Series 2, Tranche 3 | 1.3% 7 Years Bond Prospectus and related information Updated final terms \u00a0 NOT TO BE RELEASED, PUBLISHED [&hellip;]\" \/>\n<meta property=\"og:url\" content=\"https:\/\/www.altum.lv\/en\/investors\/bonds\/programme-19-series-2-tranche-3-1-3-7-years-bond\/prospectus-and-related-information\/\" \/>\n<meta property=\"og:site_name\" content=\"Altum\" \/>\n<meta property=\"article:publisher\" content=\"https:\/\/www.facebook.com\/AltumLV\" \/>\n<meta property=\"article:modified_time\" content=\"2022-07-17T19:27:03+00:00\" \/>\n<meta name=\"twitter:card\" content=\"summary_large_image\" \/>\n<meta name=\"twitter:site\" content=\"@altumlv\" \/>\n<meta name=\"twitter:label1\" content=\"Est. reading time\" \/>\n\t<meta name=\"twitter:data1\" content=\"3 minutes\" \/>\n<script type=\"application\/ld+json\" class=\"yoast-schema-graph\">{\"@context\":\"https:\/\/schema.org\",\"@graph\":[{\"@type\":\"WebPage\",\"@id\":\"https:\/\/www.altum.lv\/en\/investors\/bonds\/programme-19-series-2-tranche-3-1-3-7-years-bond\/prospectus-and-related-information\/\",\"url\":\"https:\/\/www.altum.lv\/en\/investors\/bonds\/programme-19-series-2-tranche-3-1-3-7-years-bond\/prospectus-and-related-information\/\",\"name\":\"Prospectus and related information - Altum\",\"isPartOf\":{\"@id\":\"https:\/\/www.altum.lv\/en\/#website\"},\"datePublished\":\"2022-04-20T11:27:23+00:00\",\"dateModified\":\"2022-07-17T19:27:03+00:00\",\"breadcrumb\":{\"@id\":\"https:\/\/www.altum.lv\/en\/investors\/bonds\/programme-19-series-2-tranche-3-1-3-7-years-bond\/prospectus-and-related-information\/#breadcrumb\"},\"inLanguage\":\"en-US\",\"potentialAction\":[{\"@type\":\"ReadAction\",\"target\":[\"https:\/\/www.altum.lv\/en\/investors\/bonds\/programme-19-series-2-tranche-3-1-3-7-years-bond\/prospectus-and-related-information\/\"]}]},{\"@type\":\"BreadcrumbList\",\"@id\":\"https:\/\/www.altum.lv\/en\/investors\/bonds\/programme-19-series-2-tranche-3-1-3-7-years-bond\/prospectus-and-related-information\/#breadcrumb\",\"itemListElement\":[{\"@type\":\"ListItem\",\"position\":1,\"name\":\"S\u0101kums\",\"item\":\"https:\/\/www.altum.lv\/en\/\"},{\"@type\":\"ListItem\",\"position\":2,\"name\":\"Investors\",\"item\":\"https:\/\/www.altum.lv\/en\/investors\/\"},{\"@type\":\"ListItem\",\"position\":3,\"name\":\"Bonds\",\"item\":\"https:\/\/www.altum.lv\/en\/investors\/bonds\/\"},{\"@type\":\"ListItem\",\"position\":4,\"name\":\"Programme 19&#8242; | Series 2, Tranche 3 | 1.3% 7 Years Bond\",\"item\":\"https:\/\/www.altum.lv\/en\/investors\/bonds\/programme-19-series-2-tranche-3-1-3-7-years-bond\/\"},{\"@type\":\"ListItem\",\"position\":5,\"name\":\"Prospectus and related information\"}]},{\"@type\":\"WebSite\",\"@id\":\"https:\/\/www.altum.lv\/en\/#website\",\"url\":\"https:\/\/www.altum.lv\/en\/\",\"name\":\"Altum\",\"description\":\"Finan\u0161u instit\u016bcija ALTUM\",\"potentialAction\":[{\"@type\":\"SearchAction\",\"target\":{\"@type\":\"EntryPoint\",\"urlTemplate\":\"https:\/\/www.altum.lv\/en\/?s={search_term_string}\"},\"query-input\":\"required name=search_term_string\"}],\"inLanguage\":\"en-US\"}]}<\/script>\n<!-- \/ Yoast SEO plugin. -->","yoast_head_json":{"title":"Prospectus and related information - Altum","robots":{"index":"index","follow":"follow","max-snippet":"max-snippet:-1","max-image-preview":"max-image-preview:large","max-video-preview":"max-video-preview:-1"},"canonical":"https:\/\/www.altum.lv\/en\/investors\/bonds\/programme-19-series-2-tranche-3-1-3-7-years-bond\/prospectus-and-related-information\/","og_locale":"en_US","og_type":"article","og_title":"Prospectus and related information - Altum","og_description":"Altum&#8211; Prospectus and related information Programme 19&#8242; | Series 2, Tranche 3 | 1.3% 7 Years Bond Prospectus and related information Updated final terms \u00a0 NOT TO BE RELEASED, PUBLISHED [&hellip;]","og_url":"https:\/\/www.altum.lv\/en\/investors\/bonds\/programme-19-series-2-tranche-3-1-3-7-years-bond\/prospectus-and-related-information\/","og_site_name":"Altum","article_publisher":"https:\/\/www.facebook.com\/AltumLV","article_modified_time":"2022-07-17T19:27:03+00:00","twitter_card":"summary_large_image","twitter_site":"@altumlv","twitter_misc":{"Est. reading time":"3 minutes"},"schema":{"@context":"https:\/\/schema.org","@graph":[{"@type":"WebPage","@id":"https:\/\/www.altum.lv\/en\/investors\/bonds\/programme-19-series-2-tranche-3-1-3-7-years-bond\/prospectus-and-related-information\/","url":"https:\/\/www.altum.lv\/en\/investors\/bonds\/programme-19-series-2-tranche-3-1-3-7-years-bond\/prospectus-and-related-information\/","name":"Prospectus and related information - Altum","isPartOf":{"@id":"https:\/\/www.altum.lv\/en\/#website"},"datePublished":"2022-04-20T11:27:23+00:00","dateModified":"2022-07-17T19:27:03+00:00","breadcrumb":{"@id":"https:\/\/www.altum.lv\/en\/investors\/bonds\/programme-19-series-2-tranche-3-1-3-7-years-bond\/prospectus-and-related-information\/#breadcrumb"},"inLanguage":"en-US","potentialAction":[{"@type":"ReadAction","target":["https:\/\/www.altum.lv\/en\/investors\/bonds\/programme-19-series-2-tranche-3-1-3-7-years-bond\/prospectus-and-related-information\/"]}]},{"@type":"BreadcrumbList","@id":"https:\/\/www.altum.lv\/en\/investors\/bonds\/programme-19-series-2-tranche-3-1-3-7-years-bond\/prospectus-and-related-information\/#breadcrumb","itemListElement":[{"@type":"ListItem","position":1,"name":"S\u0101kums","item":"https:\/\/www.altum.lv\/en\/"},{"@type":"ListItem","position":2,"name":"Investors","item":"https:\/\/www.altum.lv\/en\/investors\/"},{"@type":"ListItem","position":3,"name":"Bonds","item":"https:\/\/www.altum.lv\/en\/investors\/bonds\/"},{"@type":"ListItem","position":4,"name":"Programme 19&#8242; | Series 2, Tranche 3 | 1.3% 7 Years Bond","item":"https:\/\/www.altum.lv\/en\/investors\/bonds\/programme-19-series-2-tranche-3-1-3-7-years-bond\/"},{"@type":"ListItem","position":5,"name":"Prospectus and related information"}]},{"@type":"WebSite","@id":"https:\/\/www.altum.lv\/en\/#website","url":"https:\/\/www.altum.lv\/en\/","name":"Altum","description":"Finan\u0161u instit\u016bcija ALTUM","potentialAction":[{"@type":"SearchAction","target":{"@type":"EntryPoint","urlTemplate":"https:\/\/www.altum.lv\/en\/?s={search_term_string}"},"query-input":"required name=search_term_string"}],"inLanguage":"en-US"}]}},"_links":{"self":[{"href":"https:\/\/www.altum.lv\/en\/wp-json\/wp\/v2\/pages\/5552"}],"collection":[{"href":"https:\/\/www.altum.lv\/en\/wp-json\/wp\/v2\/pages"}],"about":[{"href":"https:\/\/www.altum.lv\/en\/wp-json\/wp\/v2\/types\/page"}],"author":[{"embeddable":true,"href":"https:\/\/www.altum.lv\/en\/wp-json\/wp\/v2\/users\/1"}],"replies":[{"embeddable":true,"href":"https:\/\/www.altum.lv\/en\/wp-json\/wp\/v2\/comments?post=5552"}],"version-history":[{"count":23,"href":"https:\/\/www.altum.lv\/en\/wp-json\/wp\/v2\/pages\/5552\/revisions"}],"predecessor-version":[{"id":19524,"href":"https:\/\/www.altum.lv\/en\/wp-json\/wp\/v2\/pages\/5552\/revisions\/19524"}],"up":[{"embeddable":true,"href":"https:\/\/www.altum.lv\/en\/wp-json\/wp\/v2\/pages\/5554"}],"wp:attachment":[{"href":"https:\/\/www.altum.lv\/en\/wp-json\/wp\/v2\/media?parent=5552"}],"curies":[{"name":"wp","href":"https:\/\/api.w.org\/{rel}","templated":true}]}}