{"id":5576,"date":"2022-04-20T14:40:02","date_gmt":"2022-04-20T12:40:02","guid":{"rendered":"https:\/\/www.altum.lv\/programme-19-series-2-tranche-2-1-3-7-years-bond\/"},"modified":"2022-07-29T19:17:55","modified_gmt":"2022-07-29T17:17:55","slug":"programme-19-series-2-tranche-2-1-3-7-years-bond","status":"publish","type":"page","link":"https:\/\/www.altum.lv\/en\/investors\/bonds\/programme-19-series-2-tranche-2-1-3-7-years-bond\/","title":{"rendered":"Programme 19&#8242; | Series 2, Tranche 2 | 1.3% 7 Years Bond"},"content":{"rendered":"\t\t<div data-elementor-type=\"wp-page\" data-elementor-id=\"5576\" class=\"elementor elementor-5576 elementor-1529\">\n\t\t\t\t\t\t<section class=\"elementor-section elementor-top-section altum__default elementor-element elementor-element-9032fc9 elementor-section-full_width elementor-section-height-default elementor-section-height-default\" data-id=\"9032fc9\" data-element_type=\"section\" data-e-type=\"section\">\n\t\t\t\t\t\t<div class=\"elementor-container elementor-column-gap-default\">\n\t\t\t\t\t<div class=\"elementor-column elementor-col-100 elementor-top-column elementor-element elementor-element-fb6c8bb\" data-id=\"fb6c8bb\" data-element_type=\"column\" data-e-type=\"column\">\n\t\t\t<div class=\"elementor-widget-wrap elementor-element-populated\">\n\t\t\t\t\t\t<div class=\"elementor-element elementor-element-db58786 elementor-widget elementor-widget-altum-tab-header-links\" data-id=\"db58786\" data-element_type=\"widget\" data-e-type=\"widget\" data-widget_type=\"altum-tab-header-links.default\">\n\t\t\t\t<div class=\"elementor-widget-container\">\n\t\t\t\t\t\n            <section class=\"topBanner topBanner-topicFamily topBanner-pb-0\"  style=\"background: #E7F0F3; margin-bottom: 35px\">\n                <div class=\"container\">\n\t\t\t\t<div class=\"topBanner__breadcrumbs\"><a href=\"https:\/\/www.altum.lv\" class=\"topBannerBreadcrumb__link\">Altum<\/a><span class=\"topBannerBreadcrumb__indent\">-<\/span><\/div>\n\n                    <div class=\"topBanner__content\">\n                        <div class=\"topBanner__left\">\n                            <h1 class=\"topBanner__title\">\n                                Programme 19' | Series 2, Tranche 2 | 1.3% 7 Years Bond\n                            <\/h1>\n                           \n                        <\/div>\n                        <div class=\"topBanner__right\">\n                            <div class=\"topBanner__menuWrap\">\n                               \n                <a href=\"\/en\/investors\/bonds\/programme-19-series-2-tranche-2-1-3-7-years-bond\/\"  class=\"topBanner__menu-link\">Programme 19' | Series 2, Tranche 2 | 1.3% 7 Years Bond<\/a>\n            \n                <a href=\"\/en\/investors\/bonds\/programme-19-series-2-tranche-2-1-3-7-years-bond\/prospectus-and-related-information\/\"  class=\"topBanner__menu-link\">Prospectus and related information<\/a>\n            \n                            <\/div>\n                        <\/div>\n                    <\/div>\n                    <div class=\"mobileScroll\">\n                        <div class=\"famWithChildTop__btnWrap famWithChildTop__topBanner\">\n                            \n                        <\/div>\n                    <\/div>\n                <\/div>\n            <\/section>\n\t\t\n            <section>\n                <div class=\"container\">\n                    <div class=\"famWithChild__bottom\">\n                        <div class=\"container\">\n                            <div class=\"altum__headerTab-content\"><\/div>\n                        <\/div>\n                    <\/div>\n                <\/div>\n            <\/section>\n        \t\t\t\t<\/div>\n\t\t\t\t<\/div>\n\t\t\t\t\t<\/div>\n\t\t<\/div>\n\t\t\t\t\t<\/div>\n\t\t<\/section>\n\t\t\t\t<section class=\"elementor-section elementor-top-section altum__default elementor-element elementor-element-8f8e502 elementor-section-boxed elementor-section-height-default elementor-section-height-default\" data-id=\"8f8e502\" data-element_type=\"section\" data-e-type=\"section\">\n\t\t\t\t\t\t<div class=\"elementor-container elementor-column-gap-default\">\n\t\t\t\t\t<div class=\"elementor-column elementor-col-100 elementor-top-column elementor-element elementor-element-70c97b2\" data-id=\"70c97b2\" data-element_type=\"column\" data-e-type=\"column\">\n\t\t\t<div class=\"elementor-widget-wrap elementor-element-populated\">\n\t\t\t\t\t\t<div class=\"elementor-element elementor-element-88ae8ff elementor-widget elementor-widget-text-editor\" data-id=\"88ae8ff\" data-element_type=\"widget\" data-e-type=\"widget\" data-widget_type=\"text-editor.default\">\n\t\t\t\t<div class=\"elementor-widget-container\">\n\t\t\t\t\t\t\t\t\t<h2>Series 2 |\u00a01.3% 7 YEARS BOND<\/h2>\n<p>\u00a0<\/p>\n<h2 class=\"block-title\">SECURITY INFORMATION<\/h2>\n<p>\u00a0<\/p>\t\t\t\t\t\t\t\t<\/div>\n\t\t\t\t<\/div>\n\t\t\t\t\t<\/div>\n\t\t<\/div>\n\t\t\t\t\t<\/div>\n\t\t<\/section>\n\t\t\t\t<section class=\"elementor-section elementor-top-section altum__default elementor-element elementor-element-337f16b elementor-section-boxed elementor-section-height-default elementor-section-height-default\" data-id=\"337f16b\" data-element_type=\"section\" data-e-type=\"section\">\n\t\t\t\t\t\t<div class=\"elementor-container elementor-column-gap-default\">\n\t\t\t\t\t<div class=\"elementor-column elementor-col-100 elementor-top-column elementor-element elementor-element-8620885\" data-id=\"8620885\" data-element_type=\"column\" data-e-type=\"column\">\n\t\t\t<div class=\"elementor-widget-wrap elementor-element-populated\">\n\t\t\t\t\t\t<div class=\"elementor-element elementor-element-7a1bc6c elementor-widget elementor-widget-shortcode\" data-id=\"7a1bc6c\" data-element_type=\"widget\" data-e-type=\"widget\" data-widget_type=\"shortcode.default\">\n\t\t\t\t<div class=\"elementor-widget-container\">\n\t\t\t\t\t\t\t<div class=\"elementor-shortcode\">\n<table id=\"tablepress-42\" class=\"tablepress tablepress-id-42\">\n<thead>\n<tr class=\"row-1\">\n\t<td class=\"column-1\"><\/td><td class=\"column-2\"><\/td>\n<\/tr>\n<\/thead>\n<tbody class=\"row-striping row-hover\">\n<tr class=\"row-2\">\n\t<td class=\"column-1\">ISIN<\/td><td class=\"column-2\">LV0000880037<\/td>\n<\/tr>\n<tr class=\"row-3\">\n\t<td class=\"column-1\">Ticker<\/td><td class=\"column-2\">ALTM013025A<\/td>\n<\/tr>\n<tr class=\"row-4\">\n\t<td class=\"column-1\">List\/segment<\/td><td class=\"column-2\">Baltic Bond List<\/td>\n<\/tr>\n<tr class=\"row-5\">\n\t<td class=\"column-1\">Number of listed securities<\/td><td class=\"column-2\">45,000<\/td>\n<\/tr>\n<tr class=\"row-6\">\n\t<td class=\"column-1\">Nominal<\/td><td class=\"column-2\">1,000 EUR<\/td>\n<\/tr>\n<tr class=\"row-7\">\n\t<td class=\"column-1\">Issue value<\/td><td class=\"column-2\">45,000,000 EUR<\/td>\n<\/tr>\n<tr class=\"row-8\">\n\t<td class=\"column-1\">Listing date<\/td><td class=\"column-2\">15.03.2018<\/td>\n<\/tr>\n<tr class=\"row-9\">\n\t<td class=\"column-1\">Maturity date<\/td><td class=\"column-2\">07.03.2025<\/td>\n<\/tr>\n<tr class=\"row-10\">\n\t<td class=\"column-1\">Coupon rate (%)<\/td><td class=\"column-2\">1.3<\/td>\n<\/tr>\n<tr class=\"row-11\">\n\t<td class=\"column-1\">Next coupon payment date<\/td><td class=\"column-2\">07.03.2023<\/td>\n<\/tr>\n<\/tbody>\n<\/table>\n<\/div>\n\t\t\t\t\t\t<\/div>\n\t\t\t\t<\/div>\n\t\t\t\t\t<\/div>\n\t\t<\/div>\n\t\t\t\t\t<\/div>\n\t\t<\/section>\n\t\t\t\t<section class=\"elementor-section elementor-top-section altum__default elementor-element elementor-element-5a1f522 elementor-section-boxed elementor-section-height-default elementor-section-height-default\" data-id=\"5a1f522\" data-element_type=\"section\" data-e-type=\"section\">\n\t\t\t\t\t\t<div class=\"elementor-container elementor-column-gap-default\">\n\t\t\t\t\t<div class=\"elementor-column elementor-col-100 elementor-top-column elementor-element elementor-element-4b37419\" data-id=\"4b37419\" data-element_type=\"column\" data-e-type=\"column\">\n\t\t\t<div class=\"elementor-widget-wrap elementor-element-populated\">\n\t\t\t\t\t\t<div class=\"elementor-element elementor-element-20333e8 elementor-widget elementor-widget-text-editor\" data-id=\"20333e8\" data-element_type=\"widget\" data-e-type=\"widget\" data-widget_type=\"text-editor.default\">\n\t\t\t\t<div class=\"elementor-widget-container\">\n\t\t\t\t\t\t\t\t\t<p>\u00a0<\/p>\n<p>\u00a0<\/p>\n<p><a href=\"https:\/\/cns.omxgroup.com\/cdsPublic\/viewDisclosure.action?disclosureId=828123&amp;messageId=1041217\" target=\"_blank\" rel=\"noopener\">15.03.2018<\/a> &#8211; Initial listing 10 000 000 EUR<br \/><a href=\"https:\/\/cns.omxgroup.com\/cdsPublic\/viewDisclosure.action?disclosureId=892468&amp;messageId=1123511\" target=\"_blank\" rel=\"noopener\">05.06.2019<\/a> &#8211; Additional listing 15 000 000 EUR<br \/><a href=\"https:\/\/cns.omxgroup.com\/cdsPublic\/viewDisclosure.action?disclosureId=934152&amp;messageId=1176803\" target=\"_blank\" rel=\"noopener\">15.04.2020<\/a> &#8211; Additional listing 20 000 000 EUR<\/p>\n<p>\u00a0<\/p>\n<p>\u00a0<\/p>\n<h2 class=\"richtext__main\">ALTUM issues Notes in the amount of EUR 15 million with a yield of maturity of 0.95%<\/h2>\n<p>\u00a0<\/p>\n<h3 class=\"richtext__main\">Development Finance Institution ALTUM, rated Baa1 by Moody&#8217;s Investors Service, has issued Notes in the amount EUR 15 million with a yield of maturity of 0.95%. The transaction attracted a great deal of interest from investors in Latvia, Lithuania and Estonia and the Notes were oversubscribed by 13 times.<\/h3>\n<p>\u00a0<\/p>\n<p>On 29 May, ALTUM issued Notes in the total value of EUR 15 million \u2013 the first issue of Notes in a EUR 70 million bond issue programme &#8211; with a yield of maturity of 0.95%. The Notes were issued in addition to a EUR 10 million Notes issue on 7 March 2018 with a maturity date of 7 March 2025 and a fixed annual interest rate (coupon) of 1.3%, which are listed on the Nasdaq Riga stock exchange. The transaction attracted a great deal of interest from investors in Latvia, Lithuania and Estonia and the Notes were oversubscribed by 13 times. The Notes were allocated to 20 investors in the Baltics: 5 banks (18%) and 15 asset managers and insurance companies (82%).<\/p>\n<p>\u00a0<\/p>\n<p>Proceeds from the Notes will be used for ALTUM funding purposes of sustainable business projects that are vital for the national economy within agriculture.<em><br \/><\/em><\/p>\n<p>\u00a0<\/p>\n<h3>Reinis B\u0113rzi\u0146\u0161, Chairman of ALTUM Board:<\/h3>\n<p>\u00a0<\/p>\n<p>\u201cWe are pleased with investors&#8217; major interest in the Notes issue, which attests to the correctness of the fundraising strategy chosen by ALTUM and at the same time allows us to issue Notes on good financial terms. We will use proceeds from this Notes issue to expand operations of the ALTUM-run Land Fund to further strengthen the fund\u2019s rapid growth in recent years. In less than four years, the Land Fund portfolio has reached its first 10,000 hectares, with the volume of transactions increasing every year. With the new bonds issue programme of EUR 70 million the total funding attracted by ALTUM on capital markets will reach EUR 100 million. In general, the fund raising in capital markets ensures diversified funding sources, helps to be sustainable and self-sufficient in attraction of the funding at the same time promoting the development of the Baltic capital market.\u201d<\/p>\n<p>\u00a0<\/p>\n<p class=\"richtext__main\">AB SEB Bankas acted as the Arranger of the transaction.<\/p>\n<div class=\"richtext__main\">\n<p>As of 5 June 2019 the Notes are consolidated and form a single series with EUR 10,000,000 Notes issued on 7 March 2018.<\/p>\n<\/div>\n<p>\u00a0<\/p>\n<p>\u00a0<\/p>\n<p class=\"richtext__main\"><span style=\"font-size: 14px;\">DISCLAIMER<\/span><\/p>\n<p>\u00a0<\/p>\n<p class=\"richtext__main\"><span style=\"font-size: 14px;\">Neither this announcement nor any copy of it, in whole or part, may be taken or transmitted, directly or indirectly, into the United States, Australia, Japan, Canada, Hong Kong, South Africa, Singapore or any other jurisdiction where to do so would be unlawful. This announcement does not constitute or form part of any offer or invitation to sell, or any solicitation of any offer to purchase or subscribe, any securities to any person in any jurisdiction, nor shall it (or any part of it) or the fact of its distribution, form the basis of, or be relied on in connection with, any contract therefore. The offer and the distribution of this announcement and other information in connection with the offer in certain jurisdictions may be restricted by law and persons into whose possession any document or other information referred to herein comes should inform themselves about and observe any such restriction. Any failure to comply with these restrictions may constitute a violation of the securities laws of any such jurisdiction. This announcement is not an offer for sale of, or a solicitation to purchase or subscribe for, any securities in the United States. The securities have not been, and will not be, registered under the US Securities Act of 1933, as amended, and the securities may not be offered or sold in the United States absent registration or an exemption from registration under the Securities Act of 1933, as amended. The Issuer has not registered and does not intend to register any portion of any offering in the United States or to conduct a public offering of any securities in the United States. This announcement is addressed to and directed at persons in member states of the European Economic Area that have implemented Directive 2003\/71\/EC, as amended (the &#8220;Prospectus Directive&#8221;) who are &#8221;qualified investors&#8221; within the meaning of Article 2(1)(e) of the Prospectus Directive. Any investment activity (including, but not limited to, any invitation, offer or agreement to subscribe, purchase or otherwise acquire securities) to which this announcement relates will only be available to, and will only be engaged with, persons who fall within the manufacturer target market.\u00a0<\/span><\/p>\t\t\t\t\t\t\t\t<\/div>\n\t\t\t\t<\/div>\n\t\t\t\t\t<\/div>\n\t\t<\/div>\n\t\t\t\t\t<\/div>\n\t\t<\/section>\n\t\t\t\t<section class=\"elementor-section elementor-top-section altum__default elementor-element elementor-element-2584cee elementor-section-boxed elementor-section-height-default elementor-section-height-default\" data-id=\"2584cee\" data-element_type=\"section\" data-e-type=\"section\">\n\t\t\t\t\t\t<div class=\"elementor-container elementor-column-gap-default\">\n\t\t\t\t\t<div class=\"elementor-column elementor-col-100 elementor-top-column elementor-element elementor-element-61510f7\" data-id=\"61510f7\" data-element_type=\"column\" data-e-type=\"column\">\n\t\t\t<div class=\"elementor-widget-wrap elementor-element-populated\">\n\t\t\t\t\t\t<div class=\"elementor-element elementor-element-301a6c2 elementor-widget elementor-widget-altum-employees\" data-id=\"301a6c2\" data-element_type=\"widget\" data-e-type=\"widget\" data-widget_type=\"altum-employees.default\">\n\t\t\t\t<div class=\"elementor-widget-container\">\n\t\t\t\t\t\n\t\t\t\t<section class=\"consultants consultants-bt\" style=\"margin-top: 100px; margin-bottom: 60px\">\n\t\t\t\t\t\n\t\t\t\t\t\t<div class=\"consultants__wrap\" \">\n\t\t\t\t\t\t\t<h2 class=\"consultants__h2\" tabindex=\"0\">Contacts for Investor relations<\/h2>\n\t\t\t\t\t\t\t<div class=\"consultants__content\">\n\t\t\t\t\t\t\t\t\n\t\t\t\t<div class=\"consultantsContent__elem\">\n\t\t\t\t\t\n\t\t\t\t\t<div class=\"consultantsContent__info\">\n\t\t\t\t\t\t<h4 class=\"consultantsContent__h4\" tabindex=\"0\" title=\"Laura Lapkovska\">\n\t\t\t\t\t\t\t\n\t\t\t\t\t\t\tLaura Lapkovska\n\t\t\t\t\t\t<\/h4>\n\t\t\t\t\t\t<p class=\"consultantsContent__p\" tabindex=\"0\" title=\" \"><\/p>\n\t\t\t\t\t\t<div class=\"consultantsContent__contact\">\n\t\t\t\t\t\t\t<div class=\"consultatns__phones\"><a href=\"tel:26165699\" title=\"Laura Lapkovska kontaktt\u0101lrunis\" class=\"consultantsContent__contact-link\">26165699<\/a><\/div>\n\t\t\t\t\t\t\t<a href=\"mailto:laura.lapkovska@altum.lv\" title=\"Laura Lapkovska e-pasta adrese\" class=\"consultantsContent__contact-link\">laura.lapkovska@altum.lv<\/a>\n\t\t\t\t\t\t<\/div>\n\t\t\t\t\t<\/div>\n\t\t\t\t<\/div> \n\t\t\t\t\t\t\t<\/div>\n\t\t\t\t\t\t<\/div>\n\t\t\t\t\t\n\t\t\t\t<\/section>\n\t\t\t\t\t\t\t<\/div>\n\t\t\t\t<\/div>\n\t\t\t\t\t<\/div>\n\t\t<\/div>\n\t\t\t\t\t<\/div>\n\t\t<\/section>\n\t\t\t\t<\/div>\n\t\t","protected":false},"excerpt":{"rendered":"<p>Altum&#8211; Programme 19&#8242; | Series 2, Tranche 2 | 1.3% 7 Years Bond Programme 19&#8242; | Series 2, Tranche 2 | 1.3% 7 Years Bond Prospectus and related information Series [&hellip;]<\/p>\n","protected":false},"author":1,"featured_media":0,"parent":10898,"menu_order":0,"comment_status":"closed","ping_status":"closed","template":"","meta":{"_acf_changed":false,"inline_featured_image":false,"footnotes":""},"class_list":["post-5576","page","type-page","status-publish","hentry"],"acf":[],"yoast_head":"<!-- This site is optimized with the Yoast SEO plugin v22.3 - https:\/\/yoast.com\/wordpress\/plugins\/seo\/ -->\n<title>Programme 19&#039; | Series 2, Tranche 2 | 1.3% 7 Years Bond - Altum<\/title>\n<meta name=\"robots\" content=\"index, follow, max-snippet:-1, max-image-preview:large, max-video-preview:-1\" \/>\n<link rel=\"canonical\" href=\"https:\/\/www.altum.lv\/en\/investors\/bonds\/programme-19-series-2-tranche-2-1-3-7-years-bond\/\" \/>\n<meta property=\"og:locale\" content=\"en_US\" \/>\n<meta property=\"og:type\" content=\"article\" \/>\n<meta property=\"og:title\" content=\"Programme 19&#039; | Series 2, Tranche 2 | 1.3% 7 Years Bond - Altum\" \/>\n<meta property=\"og:description\" content=\"Altum&#8211; Programme 19&#8242; | Series 2, Tranche 2 | 1.3% 7 Years Bond Programme 19&#8242; | Series 2, Tranche 2 | 1.3% 7 Years Bond Prospectus and related information Series [&hellip;]\" \/>\n<meta property=\"og:url\" content=\"https:\/\/www.altum.lv\/en\/investors\/bonds\/programme-19-series-2-tranche-2-1-3-7-years-bond\/\" \/>\n<meta property=\"og:site_name\" content=\"Altum\" \/>\n<meta property=\"article:publisher\" content=\"https:\/\/www.facebook.com\/AltumLV\" \/>\n<meta property=\"article:modified_time\" content=\"2022-07-29T17:17:55+00:00\" \/>\n<meta name=\"twitter:card\" content=\"summary_large_image\" \/>\n<meta name=\"twitter:site\" content=\"@altumlv\" \/>\n<meta name=\"twitter:label1\" content=\"Est. reading time\" \/>\n\t<meta name=\"twitter:data1\" content=\"4 minutes\" \/>\n<script type=\"application\/ld+json\" class=\"yoast-schema-graph\">{\"@context\":\"https:\/\/schema.org\",\"@graph\":[{\"@type\":\"WebPage\",\"@id\":\"https:\/\/www.altum.lv\/en\/investors\/bonds\/programme-19-series-2-tranche-2-1-3-7-years-bond\/\",\"url\":\"https:\/\/www.altum.lv\/en\/investors\/bonds\/programme-19-series-2-tranche-2-1-3-7-years-bond\/\",\"name\":\"Programme 19' | Series 2, Tranche 2 | 1.3% 7 Years Bond - Altum\",\"isPartOf\":{\"@id\":\"https:\/\/www.altum.lv\/en\/#website\"},\"datePublished\":\"2022-04-20T12:40:02+00:00\",\"dateModified\":\"2022-07-29T17:17:55+00:00\",\"breadcrumb\":{\"@id\":\"https:\/\/www.altum.lv\/en\/investors\/bonds\/programme-19-series-2-tranche-2-1-3-7-years-bond\/#breadcrumb\"},\"inLanguage\":\"en-US\",\"potentialAction\":[{\"@type\":\"ReadAction\",\"target\":[\"https:\/\/www.altum.lv\/en\/investors\/bonds\/programme-19-series-2-tranche-2-1-3-7-years-bond\/\"]}]},{\"@type\":\"BreadcrumbList\",\"@id\":\"https:\/\/www.altum.lv\/en\/investors\/bonds\/programme-19-series-2-tranche-2-1-3-7-years-bond\/#breadcrumb\",\"itemListElement\":[{\"@type\":\"ListItem\",\"position\":1,\"name\":\"S\u0101kums\",\"item\":\"https:\/\/www.altum.lv\/en\/\"},{\"@type\":\"ListItem\",\"position\":2,\"name\":\"Investors\",\"item\":\"https:\/\/www.altum.lv\/en\/investors\/\"},{\"@type\":\"ListItem\",\"position\":3,\"name\":\"Bonds\",\"item\":\"https:\/\/www.altum.lv\/en\/investors\/bonds\/\"},{\"@type\":\"ListItem\",\"position\":4,\"name\":\"Programme 19&#8242; | Series 2, Tranche 2 | 1.3% 7 Years Bond\"}]},{\"@type\":\"WebSite\",\"@id\":\"https:\/\/www.altum.lv\/en\/#website\",\"url\":\"https:\/\/www.altum.lv\/en\/\",\"name\":\"Altum\",\"description\":\"Finan\u0161u instit\u016bcija ALTUM\",\"potentialAction\":[{\"@type\":\"SearchAction\",\"target\":{\"@type\":\"EntryPoint\",\"urlTemplate\":\"https:\/\/www.altum.lv\/en\/?s={search_term_string}\"},\"query-input\":\"required name=search_term_string\"}],\"inLanguage\":\"en-US\"}]}<\/script>\n<!-- \/ Yoast SEO plugin. -->","yoast_head_json":{"title":"Programme 19' | Series 2, Tranche 2 | 1.3% 7 Years Bond - Altum","robots":{"index":"index","follow":"follow","max-snippet":"max-snippet:-1","max-image-preview":"max-image-preview:large","max-video-preview":"max-video-preview:-1"},"canonical":"https:\/\/www.altum.lv\/en\/investors\/bonds\/programme-19-series-2-tranche-2-1-3-7-years-bond\/","og_locale":"en_US","og_type":"article","og_title":"Programme 19' | Series 2, Tranche 2 | 1.3% 7 Years Bond - Altum","og_description":"Altum&#8211; Programme 19&#8242; | Series 2, Tranche 2 | 1.3% 7 Years Bond Programme 19&#8242; | Series 2, Tranche 2 | 1.3% 7 Years Bond Prospectus and related information Series [&hellip;]","og_url":"https:\/\/www.altum.lv\/en\/investors\/bonds\/programme-19-series-2-tranche-2-1-3-7-years-bond\/","og_site_name":"Altum","article_publisher":"https:\/\/www.facebook.com\/AltumLV","article_modified_time":"2022-07-29T17:17:55+00:00","twitter_card":"summary_large_image","twitter_site":"@altumlv","twitter_misc":{"Est. reading time":"4 minutes"},"schema":{"@context":"https:\/\/schema.org","@graph":[{"@type":"WebPage","@id":"https:\/\/www.altum.lv\/en\/investors\/bonds\/programme-19-series-2-tranche-2-1-3-7-years-bond\/","url":"https:\/\/www.altum.lv\/en\/investors\/bonds\/programme-19-series-2-tranche-2-1-3-7-years-bond\/","name":"Programme 19' | Series 2, Tranche 2 | 1.3% 7 Years Bond - Altum","isPartOf":{"@id":"https:\/\/www.altum.lv\/en\/#website"},"datePublished":"2022-04-20T12:40:02+00:00","dateModified":"2022-07-29T17:17:55+00:00","breadcrumb":{"@id":"https:\/\/www.altum.lv\/en\/investors\/bonds\/programme-19-series-2-tranche-2-1-3-7-years-bond\/#breadcrumb"},"inLanguage":"en-US","potentialAction":[{"@type":"ReadAction","target":["https:\/\/www.altum.lv\/en\/investors\/bonds\/programme-19-series-2-tranche-2-1-3-7-years-bond\/"]}]},{"@type":"BreadcrumbList","@id":"https:\/\/www.altum.lv\/en\/investors\/bonds\/programme-19-series-2-tranche-2-1-3-7-years-bond\/#breadcrumb","itemListElement":[{"@type":"ListItem","position":1,"name":"S\u0101kums","item":"https:\/\/www.altum.lv\/en\/"},{"@type":"ListItem","position":2,"name":"Investors","item":"https:\/\/www.altum.lv\/en\/investors\/"},{"@type":"ListItem","position":3,"name":"Bonds","item":"https:\/\/www.altum.lv\/en\/investors\/bonds\/"},{"@type":"ListItem","position":4,"name":"Programme 19&#8242; | Series 2, Tranche 2 | 1.3% 7 Years Bond"}]},{"@type":"WebSite","@id":"https:\/\/www.altum.lv\/en\/#website","url":"https:\/\/www.altum.lv\/en\/","name":"Altum","description":"Finan\u0161u instit\u016bcija ALTUM","potentialAction":[{"@type":"SearchAction","target":{"@type":"EntryPoint","urlTemplate":"https:\/\/www.altum.lv\/en\/?s={search_term_string}"},"query-input":"required name=search_term_string"}],"inLanguage":"en-US"}]}},"_links":{"self":[{"href":"https:\/\/www.altum.lv\/en\/wp-json\/wp\/v2\/pages\/5576"}],"collection":[{"href":"https:\/\/www.altum.lv\/en\/wp-json\/wp\/v2\/pages"}],"about":[{"href":"https:\/\/www.altum.lv\/en\/wp-json\/wp\/v2\/types\/page"}],"author":[{"embeddable":true,"href":"https:\/\/www.altum.lv\/en\/wp-json\/wp\/v2\/users\/1"}],"replies":[{"embeddable":true,"href":"https:\/\/www.altum.lv\/en\/wp-json\/wp\/v2\/comments?post=5576"}],"version-history":[{"count":55,"href":"https:\/\/www.altum.lv\/en\/wp-json\/wp\/v2\/pages\/5576\/revisions"}],"predecessor-version":[{"id":21055,"href":"https:\/\/www.altum.lv\/en\/wp-json\/wp\/v2\/pages\/5576\/revisions\/21055"}],"up":[{"embeddable":true,"href":"https:\/\/www.altum.lv\/en\/wp-json\/wp\/v2\/pages\/10898"}],"wp:attachment":[{"href":"https:\/\/www.altum.lv\/en\/wp-json\/wp\/v2\/media?parent=5576"}],"curies":[{"name":"wp","href":"https:\/\/api.w.org\/{rel}","templated":true}]}}