{"id":5688,"date":"2022-04-20T15:47:01","date_gmt":"2022-04-20T13:47:01","guid":{"rendered":"https:\/\/www.altum.lv\/programme-17-series-2-tranche-1-1-3-7-years-bond\/"},"modified":"2022-07-29T19:13:40","modified_gmt":"2022-07-29T17:13:40","slug":"programme-17-series-2-tranche-1-1-3-7-years-bond","status":"publish","type":"page","link":"https:\/\/www.altum.lv\/en\/investors\/bonds\/programme-17-series-2-tranche-1-1-3-7-years-bond\/","title":{"rendered":"Programme 17&#8242; | Series 2, Tranche 1 | 1.3% 7 Years Bond"},"content":{"rendered":"\t\t<div data-elementor-type=\"wp-page\" data-elementor-id=\"5688\" class=\"elementor elementor-5688 elementor-1583\">\n\t\t\t\t\t\t<section class=\"elementor-section elementor-top-section altum__default elementor-element elementor-element-1d48c89 elementor-section-full_width elementor-section-height-default elementor-section-height-default\" data-id=\"1d48c89\" data-element_type=\"section\" data-e-type=\"section\">\n\t\t\t\t\t\t<div class=\"elementor-container elementor-column-gap-default\">\n\t\t\t\t\t<div class=\"elementor-column elementor-col-100 elementor-top-column elementor-element elementor-element-b235c6c\" data-id=\"b235c6c\" data-element_type=\"column\" data-e-type=\"column\">\n\t\t\t<div class=\"elementor-widget-wrap elementor-element-populated\">\n\t\t\t\t\t\t<div class=\"elementor-element elementor-element-030eb60 elementor-widget elementor-widget-altum-tab-header-links\" data-id=\"030eb60\" data-element_type=\"widget\" data-e-type=\"widget\" data-widget_type=\"altum-tab-header-links.default\">\n\t\t\t\t<div class=\"elementor-widget-container\">\n\t\t\t\t\t\n            <section class=\"topBanner topBanner-topicFamily topBanner-pb-0\"  style=\"background: #E7F0F3; margin-bottom: 35px\">\n                <div class=\"container\">\n\t\t\t\t<div class=\"topBanner__breadcrumbs\"><a href=\"https:\/\/www.altum.lv\" class=\"topBannerBreadcrumb__link\">Altum<\/a><span class=\"topBannerBreadcrumb__indent\">-<\/span><\/div>\n\n                    <div class=\"topBanner__content\">\n                        <div class=\"topBanner__left\">\n                            <h1 class=\"topBanner__title\">\n                                Programme 17' | Series 2, Tranche 1 | 1.3% 7 Years Bond\n                            <\/h1>\n                           \n                        <\/div>\n                        <div class=\"topBanner__right\">\n                            <div class=\"topBanner__menuWrap\">\n                               \n                <a href=\"\/en\/investors\/bonds\/programme-17-series-2-tranche-1-1-3-7-years-bond\/\"  class=\"topBanner__menu-link\">Programme 17' | Series 2, Tranche 1 | 1.3% 7 Years Bond<\/a>\n            \n                <a href=\"\/en\/investors\/bonds\/programme-17-series-2-tranche-1-1-3-7-years-bond\/prospectus-and-related-information\/\"  class=\"topBanner__menu-link\">Prospectus and related information<\/a>\n            \n                            <\/div>\n                        <\/div>\n                    <\/div>\n                    <div class=\"mobileScroll\">\n                        <div class=\"famWithChildTop__btnWrap famWithChildTop__topBanner\">\n                            \n                        <\/div>\n                    <\/div>\n                <\/div>\n            <\/section>\n\t\t\n            <section>\n                <div class=\"container\">\n                    <div class=\"famWithChild__bottom\">\n                        <div class=\"container\">\n                            <div class=\"altum__headerTab-content\"><\/div>\n                        <\/div>\n                    <\/div>\n                <\/div>\n            <\/section>\n        \t\t\t\t<\/div>\n\t\t\t\t<\/div>\n\t\t\t\t\t<\/div>\n\t\t<\/div>\n\t\t\t\t\t<\/div>\n\t\t<\/section>\n\t\t\t\t<section class=\"elementor-section elementor-top-section altum__default elementor-element elementor-element-f5530ae elementor-section-boxed elementor-section-height-default elementor-section-height-default\" data-id=\"f5530ae\" data-element_type=\"section\" data-e-type=\"section\">\n\t\t\t\t\t\t<div class=\"elementor-container elementor-column-gap-default\">\n\t\t\t\t\t<div class=\"elementor-column elementor-col-100 elementor-top-column elementor-element elementor-element-f8fce2e\" data-id=\"f8fce2e\" data-element_type=\"column\" data-e-type=\"column\">\n\t\t\t<div class=\"elementor-widget-wrap elementor-element-populated\">\n\t\t\t\t\t\t<div class=\"elementor-element elementor-element-9513a63 elementor-widget elementor-widget-text-editor\" data-id=\"9513a63\" data-element_type=\"widget\" data-e-type=\"widget\" data-widget_type=\"text-editor.default\">\n\t\t\t\t<div class=\"elementor-widget-container\">\n\t\t\t\t\t\t\t\t\t<h2>Series 2 |\u00a01.3% 7 YEARS BOND<\/h2>\n<h3>\u00a0<\/h3>\n<h3 class=\"block-title\">SECURITY INFORMATION<\/h3>\n<h2>\u00a0<\/h2>\n<p>\u00a0<\/p>\t\t\t\t\t\t\t\t<\/div>\n\t\t\t\t<\/div>\n\t\t\t\t\t<\/div>\n\t\t<\/div>\n\t\t\t\t\t<\/div>\n\t\t<\/section>\n\t\t\t\t<section class=\"elementor-section elementor-top-section altum__default elementor-element elementor-element-630eabe elementor-section-boxed elementor-section-height-default elementor-section-height-default\" data-id=\"630eabe\" data-element_type=\"section\" data-e-type=\"section\">\n\t\t\t\t\t\t<div class=\"elementor-container elementor-column-gap-default\">\n\t\t\t\t\t<div class=\"elementor-column elementor-col-100 elementor-top-column elementor-element elementor-element-6fd4ea3\" data-id=\"6fd4ea3\" data-element_type=\"column\" data-e-type=\"column\">\n\t\t\t<div class=\"elementor-widget-wrap elementor-element-populated\">\n\t\t\t\t\t\t<div class=\"elementor-element elementor-element-2cf54b6 elementor-widget elementor-widget-shortcode\" data-id=\"2cf54b6\" data-element_type=\"widget\" data-e-type=\"widget\" data-widget_type=\"shortcode.default\">\n\t\t\t\t<div class=\"elementor-widget-container\">\n\t\t\t\t\t\t\t<div class=\"elementor-shortcode\">\n<table id=\"tablepress-39\" class=\"tablepress tablepress-id-39\">\n<thead>\n<tr class=\"row-1\">\n\t<td class=\"column-1\"><\/td><td class=\"column-2\"><\/td>\n<\/tr>\n<\/thead>\n<tbody class=\"row-striping row-hover\">\n<tr class=\"row-2\">\n\t<td class=\"column-1\">ISIN<\/td><td class=\"column-2\">LV0000880037<\/td>\n<\/tr>\n<tr class=\"row-3\">\n\t<td class=\"column-1\">Ticker<\/td><td class=\"column-2\">ALTM013025A<\/td>\n<\/tr>\n<tr class=\"row-4\">\n\t<td class=\"column-1\">List\/segment<\/td><td class=\"column-2\">Baltic Bond List<\/td>\n<\/tr>\n<tr class=\"row-5\">\n\t<td class=\"column-1\">Number of listed securities<\/td><td class=\"column-2\">45 000<\/td>\n<\/tr>\n<tr class=\"row-6\">\n\t<td class=\"column-1\">Nominal<\/td><td class=\"column-2\">1 000 EUR<\/td>\n<\/tr>\n<tr class=\"row-7\">\n\t<td class=\"column-1\">Issue value<\/td><td class=\"column-2\">45 000 000 EUR<\/td>\n<\/tr>\n<tr class=\"row-8\">\n\t<td class=\"column-1\">Listing date<\/td><td class=\"column-2\">15.03.2018<\/td>\n<\/tr>\n<tr class=\"row-9\">\n\t<td class=\"column-1\">Maturity date<\/td><td class=\"column-2\">07.03.2025<\/td>\n<\/tr>\n<tr class=\"row-10\">\n\t<td class=\"column-1\">Coupon rate (%)<\/td><td class=\"column-2\">1,3<\/td>\n<\/tr>\n<tr class=\"row-11\">\n\t<td class=\"column-1\">Next coupon payment date<\/td><td class=\"column-2\">07.03.2023<\/td>\n<\/tr>\n<\/tbody>\n<\/table>\n<!-- #tablepress-39 from cache --><\/div>\n\t\t\t\t\t\t<\/div>\n\t\t\t\t<\/div>\n\t\t\t\t\t<\/div>\n\t\t<\/div>\n\t\t\t\t\t<\/div>\n\t\t<\/section>\n\t\t\t\t<section class=\"elementor-section elementor-top-section altum__default elementor-element elementor-element-19d8e56 elementor-section-boxed elementor-section-height-default elementor-section-height-default\" data-id=\"19d8e56\" data-element_type=\"section\" data-e-type=\"section\">\n\t\t\t\t\t\t<div class=\"elementor-container elementor-column-gap-default\">\n\t\t\t\t\t<div class=\"elementor-column elementor-col-100 elementor-top-column elementor-element elementor-element-85d3242\" data-id=\"85d3242\" data-element_type=\"column\" data-e-type=\"column\">\n\t\t\t<div class=\"elementor-widget-wrap elementor-element-populated\">\n\t\t\t\t\t\t<div class=\"elementor-element elementor-element-6133c00 elementor-widget elementor-widget-text-editor\" data-id=\"6133c00\" data-element_type=\"widget\" data-e-type=\"widget\" data-widget_type=\"text-editor.default\">\n\t\t\t\t<div class=\"elementor-widget-container\">\n\t\t\t\t\t\t\t\t\t<p>\u00a0<\/p>\n<p>\u00a0<\/p>\n<p><a href=\"https:\/\/view.news.eu.nasdaq.com\/view?id=b189c8eba040302f28b6a02b0254a9cf5&amp;lang=lv\" target=\"_blank\" rel=\"noopener\">15.03.2018<\/a> &#8211; Initial listing 10 000 000 EUR<br \/><a href=\"https:\/\/view.news.eu.nasdaq.com\/view?id=b9cf705c2e5b75f31bbc9cf86ffdef6c1&amp;lang=lv\" target=\"_blank\" rel=\"noopener\">05.06.2019<\/a> &#8211; Additional listing 15 000 000 EUR<br \/><a href=\"https:\/\/view.news.eu.nasdaq.com\/view?id=bc4f834cc2cb017d394fc35d200c3f332&amp;lang=lv\" target=\"_blank\" rel=\"noopener\">15.04.2020<\/a> &#8211; Additional listing 20 000 000 EUR<\/p>\n<p>\u00a0<\/p>\n<h2>Latvian Development Finance Institution ALTUM issued Notes\u00a0in the amount EUR 10 million<\/h2>\n<p>\u00a0<\/p>\n<p>State-owned JSC Development Finance Institution Altum rated Baa1 by Moody\u2019s Investors Service has issued Notes in the amount EUR 10 million, and this is the second issue of Notes within the program. The transaction attracted a great deal of interest from investors in Latvia, Lithuania and Estonia, and was 6 times oversubscribed.<\/p>\n<p>\u00a0<\/p>\n<p>On 2nd March, Altum has issued bonds in the total value of EUR 10 million with a maturity date of 7 March 2025, a fixed annual interest rate (coupon) is 1.3%, a yield is 1.3805%. The Notes were oversubscribed by 6 times. The Notes were allocated to 14 investors in the Baltics: 4 banks (20%) and 10 asset managers and insurance companies (80%). The Notes will be listed on Nasdaq Riga.<\/p>\n<p><br \/>Proceeds from the Notes will be used for ALTUM financial instruments funding purposes.<\/p>\n<p>\u00a0<\/p>\n<h3>Reinis Berzins, Altum CEO:<\/h3>\n<p>\u00a0<\/p>\n<p>\u201cThis is already the second issue of Notes by ALTUM performed in relatively short time, thus declaring ourselves as an active capital market participant. The issues proves that investors have an explicitly high interest in companies with high ratings from international investor service companies, great reputation and clear vision around investment objectives. The issue will support further diversification of funding and simultaneously promote development of Baltic capital markets\u201d.<\/p>\n<p>\u00a0<\/p>\n<p>AB SEB Bankas acted as the Arranger of the transaction.<\/p>\n<p>\u00a0<\/p>\n<p>As of 5 June 2019 the Notes are consolidated and form a single series with EUR 15,000,000 Notes issued on 5 June 2019.<\/p>\n<p>\u00a0<\/p>\n<p><span style=\"font-size: 12px;\"><em>Disclaimer<\/em><\/span><\/p>\n<p><span style=\"font-size: 12px;\"><em>This communication is not an offer to sell or a solicitation of an offer to buy the Notes issued under the Programme in any jurisdiction to any person to whom it is unlawful to make such an offer or solicitation in such jurisdiction. Akciju sabiedr\u012bba &#8220;Att\u012bst\u012bbas finan\u0161u instit\u016bcija Altum&#8221; or its representatives and AB SEB bankas do not accept any legal responsibility for any such violations, whether or not a prospective purchaser of the Notes is aware of such restrictions. The Notes issued under the Programme have not been and will not be registered in accordance with the U.S. Securities Act of 1933 (the \u201cSecurities Act\u201d) or under the securities laws of any state of the United States of America and accordingly, they may not be offered, sold, resold, granted, delivered, allotted, taken up, transferred or renounced, directly or indirectly, in or into the United States of America, except pursuant to an exemption from, or in a transaction not subject to, the registration requirements of the Securities Act and any securities laws of any state of the United States of America.<\/em><\/span><\/p>\n<p>\u00a0<\/p>\t\t\t\t\t\t\t\t<\/div>\n\t\t\t\t<\/div>\n\t\t\t\t\t<\/div>\n\t\t<\/div>\n\t\t\t\t\t<\/div>\n\t\t<\/section>\n\t\t\t\t<section class=\"elementor-section elementor-top-section altum__default elementor-element elementor-element-97e2388 elementor-section-boxed elementor-section-height-default elementor-section-height-default\" data-id=\"97e2388\" data-element_type=\"section\" data-e-type=\"section\">\n\t\t\t\t\t\t<div class=\"elementor-container elementor-column-gap-default\">\n\t\t\t\t\t<div class=\"elementor-column elementor-col-100 elementor-top-column elementor-element elementor-element-a4ff2d0\" data-id=\"a4ff2d0\" data-element_type=\"column\" data-e-type=\"column\">\n\t\t\t<div class=\"elementor-widget-wrap elementor-element-populated\">\n\t\t\t\t\t\t<div class=\"elementor-element elementor-element-63cee05 elementor-widget elementor-widget-altum-employees\" data-id=\"63cee05\" data-element_type=\"widget\" data-e-type=\"widget\" data-widget_type=\"altum-employees.default\">\n\t\t\t\t<div class=\"elementor-widget-container\">\n\t\t\t\t\t\n\t\t\t\t<section class=\"consultants consultants-bt\" style=\"margin-top: 100px; margin-bottom: 60px\">\n\t\t\t\t\t\n\t\t\t\t\t\t<div class=\"consultants__wrap\" \">\n\t\t\t\t\t\t\t<h2 class=\"consultants__h2\" tabindex=\"0\"> Contacts for Investor relations<\/h2>\n\t\t\t\t\t\t\t<div class=\"consultants__content\">\n\t\t\t\t\t\t\t\t\n\t\t\t\t<div class=\"consultantsContent__elem\">\n\t\t\t\t\t\n\t\t\t\t\t<div class=\"consultantsContent__info\">\n\t\t\t\t\t\t<h4 class=\"consultantsContent__h4\" tabindex=\"0\" title=\"Laura Lapkovska\">\n\t\t\t\t\t\t\t\n\t\t\t\t\t\t\tLaura Lapkovska\n\t\t\t\t\t\t<\/h4>\n\t\t\t\t\t\t<p class=\"consultantsContent__p\" tabindex=\"0\" title=\" \"><\/p>\n\t\t\t\t\t\t<div class=\"consultantsContent__contact\">\n\t\t\t\t\t\t\t<div class=\"consultatns__phones\"><a href=\"tel:26165699\" title=\"Laura Lapkovska kontaktt\u0101lrunis\" class=\"consultantsContent__contact-link\">26165699<\/a><\/div>\n\t\t\t\t\t\t\t<a href=\"mailto:laura.lapkovska@altum.lv\" title=\"Laura Lapkovska e-pasta adrese\" class=\"consultantsContent__contact-link\">laura.lapkovska@altum.lv<\/a>\n\t\t\t\t\t\t<\/div>\n\t\t\t\t\t<\/div>\n\t\t\t\t<\/div> \n\t\t\t\t\t\t\t<\/div>\n\t\t\t\t\t\t<\/div>\n\t\t\t\t\t\n\t\t\t\t<\/section>\n\t\t\t\t\t\t\t<\/div>\n\t\t\t\t<\/div>\n\t\t\t\t\t<\/div>\n\t\t<\/div>\n\t\t\t\t\t<\/div>\n\t\t<\/section>\n\t\t\t\t<\/div>\n\t\t","protected":false},"excerpt":{"rendered":"<p>Altum&#8211; Programme 17&#8242; | Series 2, Tranche 1 | 1.3% 7 Years Bond Programme 17&#8242; | Series 2, Tranche 1 | 1.3% 7 Years Bond Prospectus and related information Series [&hellip;]<\/p>\n","protected":false},"author":1,"featured_media":0,"parent":10898,"menu_order":0,"comment_status":"closed","ping_status":"closed","template":"","meta":{"_acf_changed":false,"inline_featured_image":false,"footnotes":""},"class_list":["post-5688","page","type-page","status-publish","hentry"],"acf":[],"yoast_head":"<!-- This site is optimized with the Yoast SEO plugin v22.3 - https:\/\/yoast.com\/wordpress\/plugins\/seo\/ -->\n<title>Programme 17&#039; | Series 2, Tranche 1 | 1.3% 7 Years Bond - Altum<\/title>\n<meta name=\"robots\" content=\"index, follow, max-snippet:-1, max-image-preview:large, max-video-preview:-1\" \/>\n<link rel=\"canonical\" href=\"https:\/\/www.altum.lv\/en\/investors\/bonds\/programme-17-series-2-tranche-1-1-3-7-years-bond\/\" \/>\n<meta property=\"og:locale\" content=\"en_US\" \/>\n<meta property=\"og:type\" content=\"article\" \/>\n<meta property=\"og:title\" content=\"Programme 17&#039; | Series 2, Tranche 1 | 1.3% 7 Years Bond - Altum\" \/>\n<meta property=\"og:description\" content=\"Altum&#8211; Programme 17&#8242; | Series 2, Tranche 1 | 1.3% 7 Years Bond Programme 17&#8242; | Series 2, Tranche 1 | 1.3% 7 Years Bond Prospectus and related information Series [&hellip;]\" \/>\n<meta property=\"og:url\" content=\"https:\/\/www.altum.lv\/en\/investors\/bonds\/programme-17-series-2-tranche-1-1-3-7-years-bond\/\" \/>\n<meta property=\"og:site_name\" content=\"Altum\" \/>\n<meta property=\"article:publisher\" content=\"https:\/\/www.facebook.com\/AltumLV\" \/>\n<meta property=\"article:modified_time\" content=\"2022-07-29T17:13:40+00:00\" \/>\n<meta name=\"twitter:card\" content=\"summary_large_image\" \/>\n<meta name=\"twitter:site\" content=\"@altumlv\" \/>\n<meta name=\"twitter:label1\" content=\"Est. reading time\" \/>\n\t<meta name=\"twitter:data1\" content=\"3 minutes\" \/>\n<script type=\"application\/ld+json\" class=\"yoast-schema-graph\">{\"@context\":\"https:\/\/schema.org\",\"@graph\":[{\"@type\":\"WebPage\",\"@id\":\"https:\/\/www.altum.lv\/en\/investors\/bonds\/programme-17-series-2-tranche-1-1-3-7-years-bond\/\",\"url\":\"https:\/\/www.altum.lv\/en\/investors\/bonds\/programme-17-series-2-tranche-1-1-3-7-years-bond\/\",\"name\":\"Programme 17' | Series 2, Tranche 1 | 1.3% 7 Years Bond - Altum\",\"isPartOf\":{\"@id\":\"https:\/\/www.altum.lv\/en\/#website\"},\"datePublished\":\"2022-04-20T13:47:01+00:00\",\"dateModified\":\"2022-07-29T17:13:40+00:00\",\"breadcrumb\":{\"@id\":\"https:\/\/www.altum.lv\/en\/investors\/bonds\/programme-17-series-2-tranche-1-1-3-7-years-bond\/#breadcrumb\"},\"inLanguage\":\"en-US\",\"potentialAction\":[{\"@type\":\"ReadAction\",\"target\":[\"https:\/\/www.altum.lv\/en\/investors\/bonds\/programme-17-series-2-tranche-1-1-3-7-years-bond\/\"]}]},{\"@type\":\"BreadcrumbList\",\"@id\":\"https:\/\/www.altum.lv\/en\/investors\/bonds\/programme-17-series-2-tranche-1-1-3-7-years-bond\/#breadcrumb\",\"itemListElement\":[{\"@type\":\"ListItem\",\"position\":1,\"name\":\"S\u0101kums\",\"item\":\"https:\/\/www.altum.lv\/en\/\"},{\"@type\":\"ListItem\",\"position\":2,\"name\":\"Investors\",\"item\":\"https:\/\/www.altum.lv\/en\/investors\/\"},{\"@type\":\"ListItem\",\"position\":3,\"name\":\"Bonds\",\"item\":\"https:\/\/www.altum.lv\/en\/investors\/bonds\/\"},{\"@type\":\"ListItem\",\"position\":4,\"name\":\"Programme 17&#8242; | Series 2, Tranche 1 | 1.3% 7 Years Bond\"}]},{\"@type\":\"WebSite\",\"@id\":\"https:\/\/www.altum.lv\/en\/#website\",\"url\":\"https:\/\/www.altum.lv\/en\/\",\"name\":\"Altum\",\"description\":\"Finan\u0161u instit\u016bcija ALTUM\",\"potentialAction\":[{\"@type\":\"SearchAction\",\"target\":{\"@type\":\"EntryPoint\",\"urlTemplate\":\"https:\/\/www.altum.lv\/en\/?s={search_term_string}\"},\"query-input\":\"required name=search_term_string\"}],\"inLanguage\":\"en-US\"}]}<\/script>\n<!-- \/ Yoast SEO plugin. -->","yoast_head_json":{"title":"Programme 17' | Series 2, Tranche 1 | 1.3% 7 Years Bond - Altum","robots":{"index":"index","follow":"follow","max-snippet":"max-snippet:-1","max-image-preview":"max-image-preview:large","max-video-preview":"max-video-preview:-1"},"canonical":"https:\/\/www.altum.lv\/en\/investors\/bonds\/programme-17-series-2-tranche-1-1-3-7-years-bond\/","og_locale":"en_US","og_type":"article","og_title":"Programme 17' | Series 2, Tranche 1 | 1.3% 7 Years Bond - Altum","og_description":"Altum&#8211; Programme 17&#8242; | Series 2, Tranche 1 | 1.3% 7 Years Bond Programme 17&#8242; | Series 2, Tranche 1 | 1.3% 7 Years Bond Prospectus and related information Series [&hellip;]","og_url":"https:\/\/www.altum.lv\/en\/investors\/bonds\/programme-17-series-2-tranche-1-1-3-7-years-bond\/","og_site_name":"Altum","article_publisher":"https:\/\/www.facebook.com\/AltumLV","article_modified_time":"2022-07-29T17:13:40+00:00","twitter_card":"summary_large_image","twitter_site":"@altumlv","twitter_misc":{"Est. reading time":"3 minutes"},"schema":{"@context":"https:\/\/schema.org","@graph":[{"@type":"WebPage","@id":"https:\/\/www.altum.lv\/en\/investors\/bonds\/programme-17-series-2-tranche-1-1-3-7-years-bond\/","url":"https:\/\/www.altum.lv\/en\/investors\/bonds\/programme-17-series-2-tranche-1-1-3-7-years-bond\/","name":"Programme 17' | Series 2, Tranche 1 | 1.3% 7 Years Bond - Altum","isPartOf":{"@id":"https:\/\/www.altum.lv\/en\/#website"},"datePublished":"2022-04-20T13:47:01+00:00","dateModified":"2022-07-29T17:13:40+00:00","breadcrumb":{"@id":"https:\/\/www.altum.lv\/en\/investors\/bonds\/programme-17-series-2-tranche-1-1-3-7-years-bond\/#breadcrumb"},"inLanguage":"en-US","potentialAction":[{"@type":"ReadAction","target":["https:\/\/www.altum.lv\/en\/investors\/bonds\/programme-17-series-2-tranche-1-1-3-7-years-bond\/"]}]},{"@type":"BreadcrumbList","@id":"https:\/\/www.altum.lv\/en\/investors\/bonds\/programme-17-series-2-tranche-1-1-3-7-years-bond\/#breadcrumb","itemListElement":[{"@type":"ListItem","position":1,"name":"S\u0101kums","item":"https:\/\/www.altum.lv\/en\/"},{"@type":"ListItem","position":2,"name":"Investors","item":"https:\/\/www.altum.lv\/en\/investors\/"},{"@type":"ListItem","position":3,"name":"Bonds","item":"https:\/\/www.altum.lv\/en\/investors\/bonds\/"},{"@type":"ListItem","position":4,"name":"Programme 17&#8242; | Series 2, Tranche 1 | 1.3% 7 Years Bond"}]},{"@type":"WebSite","@id":"https:\/\/www.altum.lv\/en\/#website","url":"https:\/\/www.altum.lv\/en\/","name":"Altum","description":"Finan\u0161u instit\u016bcija ALTUM","potentialAction":[{"@type":"SearchAction","target":{"@type":"EntryPoint","urlTemplate":"https:\/\/www.altum.lv\/en\/?s={search_term_string}"},"query-input":"required name=search_term_string"}],"inLanguage":"en-US"}]}},"_links":{"self":[{"href":"https:\/\/www.altum.lv\/en\/wp-json\/wp\/v2\/pages\/5688"}],"collection":[{"href":"https:\/\/www.altum.lv\/en\/wp-json\/wp\/v2\/pages"}],"about":[{"href":"https:\/\/www.altum.lv\/en\/wp-json\/wp\/v2\/types\/page"}],"author":[{"embeddable":true,"href":"https:\/\/www.altum.lv\/en\/wp-json\/wp\/v2\/users\/1"}],"replies":[{"embeddable":true,"href":"https:\/\/www.altum.lv\/en\/wp-json\/wp\/v2\/comments?post=5688"}],"version-history":[{"count":38,"href":"https:\/\/www.altum.lv\/en\/wp-json\/wp\/v2\/pages\/5688\/revisions"}],"predecessor-version":[{"id":21031,"href":"https:\/\/www.altum.lv\/en\/wp-json\/wp\/v2\/pages\/5688\/revisions\/21031"}],"up":[{"embeddable":true,"href":"https:\/\/www.altum.lv\/en\/wp-json\/wp\/v2\/pages\/10898"}],"wp:attachment":[{"href":"https:\/\/www.altum.lv\/en\/wp-json\/wp\/v2\/media?parent=5688"}],"curies":[{"name":"wp","href":"https:\/\/api.w.org\/{rel}","templated":true}]}}