{"id":5690,"date":"2022-04-20T16:14:19","date_gmt":"2022-04-20T14:14:19","guid":{"rendered":"https:\/\/www.altum.lv\/programme-17-series-2-tranche-1-1-3-7-years-bond\/prospectus-and-related-information\/"},"modified":"2022-07-29T19:13:49","modified_gmt":"2022-07-29T17:13:49","slug":"prospectus-and-related-information","status":"publish","type":"page","link":"https:\/\/www.altum.lv\/en\/investors\/bonds\/programme-17-series-2-tranche-1-1-3-7-years-bond\/prospectus-and-related-information\/","title":{"rendered":"Prospectus and related information"},"content":{"rendered":"\t\t<div data-elementor-type=\"wp-page\" data-elementor-id=\"5690\" class=\"elementor elementor-5690 elementor-1597\">\n\t\t\t\t\t\t<section class=\"elementor-section elementor-top-section altum__default elementor-element elementor-element-18ea2af elementor-section-full_width elementor-section-height-default elementor-section-height-default\" data-id=\"18ea2af\" data-element_type=\"section\" data-e-type=\"section\">\n\t\t\t\t\t\t<div class=\"elementor-container elementor-column-gap-default\">\n\t\t\t\t\t<div class=\"elementor-column elementor-col-100 elementor-top-column elementor-element elementor-element-90083e6\" data-id=\"90083e6\" data-element_type=\"column\" data-e-type=\"column\">\n\t\t\t<div class=\"elementor-widget-wrap elementor-element-populated\">\n\t\t\t\t\t\t<div class=\"elementor-element elementor-element-4c0a365 elementor-widget elementor-widget-altum-tab-header-links\" data-id=\"4c0a365\" data-element_type=\"widget\" data-e-type=\"widget\" data-widget_type=\"altum-tab-header-links.default\">\n\t\t\t\t<div class=\"elementor-widget-container\">\n\t\t\t\t\t\n            <section class=\"topBanner topBanner-topicFamily topBanner-pb-0\"  style=\"background: #E7F0F3; margin-bottom: 35px\">\n                <div class=\"container\">\n\t\t\t\t<div class=\"topBanner__breadcrumbs\"><a href=\"https:\/\/www.altum.lv\" class=\"topBannerBreadcrumb__link\">Altum<\/a><span class=\"topBannerBreadcrumb__indent\">-<\/span><\/div>\n\n                    <div class=\"topBanner__content\">\n                        <div class=\"topBanner__left\">\n                            <h1 class=\"topBanner__title\">\n                                Prospectus and related information\n                            <\/h1>\n                           \n                        <\/div>\n                        <div class=\"topBanner__right\">\n                            <div class=\"topBanner__menuWrap\">\n                               \n                <a href=\"\/en\/programme-17-series-2-tranche-1-1-3-7-years-bond\/\"  class=\"topBanner__menu-link\">Programme 17' | Series 2, Tranche 1 | 1.3% 7 Years Bond<\/a>\n            \n                <a href=\"\/en\/investors\/bonds\/programme-17-series-2-tranche-1-1-3-7-years-bond\/prospectus-and-related-information\/\"  class=\"topBanner__menu-link\">Prospectus and related information<\/a>\n            \n                            <\/div>\n                        <\/div>\n                    <\/div>\n                    <div class=\"mobileScroll\">\n                        <div class=\"famWithChildTop__btnWrap famWithChildTop__topBanner\">\n                            \n                        <\/div>\n                    <\/div>\n                <\/div>\n            <\/section>\n\t\t\n            <section>\n                <div class=\"container\">\n                    <div class=\"famWithChild__bottom\">\n                        <div class=\"container\">\n                            <div class=\"altum__headerTab-content\"><\/div>\n                        <\/div>\n                    <\/div>\n                <\/div>\n            <\/section>\n        \t\t\t\t<\/div>\n\t\t\t\t<\/div>\n\t\t\t\t\t<\/div>\n\t\t<\/div>\n\t\t\t\t\t<\/div>\n\t\t<\/section>\n\t\t\t\t<section class=\"elementor-section elementor-top-section altum__default elementor-element elementor-element-da367e4 elementor-section-boxed elementor-section-height-default elementor-section-height-default\" data-id=\"da367e4\" data-element_type=\"section\" data-e-type=\"section\">\n\t\t\t\t\t\t<div class=\"elementor-container elementor-column-gap-default\">\n\t\t\t\t\t<div class=\"elementor-column elementor-col-100 elementor-top-column elementor-element elementor-element-4d89dbd\" data-id=\"4d89dbd\" data-element_type=\"column\" data-e-type=\"column\">\n\t\t\t<div class=\"elementor-widget-wrap elementor-element-populated\">\n\t\t\t\t\t\t<div class=\"elementor-element elementor-element-9e7bdcd elementor-widget elementor-widget-text-editor\" data-id=\"9e7bdcd\" data-element_type=\"widget\" data-e-type=\"widget\" data-widget_type=\"text-editor.default\">\n\t\t\t\t<div class=\"elementor-widget-container\">\n\t\t\t\t\t\t\t\t\t<p><span style=\"color: #878788; font-size: 12px;\"><em>THIS COMMUNICATION IS NOT DESIGNED FOR PUBLICATION OR DISTRIBUTION, DIRECTLY OR INDIRECTLY, IN OR INTO SUCH COUNTRIES OR JURISDICTIONS IN WHICH IT WOULD BE UNLAWFUL OR REQUIRE MEASURES OTHER THAN THOSE REQUIRED UNDER LATVIAN LAWS, INCLUDING THE UNITED STATES OF AMERICA, AUSTRALIA, CANADA, HONG KONG AND JAPAN.<\/em><\/span><\/p>\n<p>\u00a0<\/p>\n<p>\u00a0<\/p>\n<h3>Placement of Notes<\/h3>\n<p>\u00a0<\/p>\n<p>Words and expressions defined in the Base Prospectus of First Programme for the Issuance of Notes in the Amount of EUR 30,000,000 of ALTUM dated 30 August 2017 (the \u201eBase Prospectus\u201c) have the same meanings in this announcement.<\/p>\n<p><br \/>ALTUM in accordance with Clause 6.4. of Section \u201ePlacement of Notes\u201c of the Base Prospectus hereby announces that as a result of placement of the Notes of first tranche of second series in accordance with the Final Terms dated 28 February 2018 the following characteristics have been set to the Notes:<\/p>\n<ul>\n<li>Series Number: 2<\/li>\n<li>Tranche Number: 1<\/li>\n<li>Aggregate principal amount: EUR 10,000,000<\/li>\n<li>Number of Notes: 10,000<\/li>\n<li>Nominal amount of the Note: EUR 1,000<\/li>\n<li>Annual Interest Rate: fixed, 1.3%<\/li>\n<li>Yield to Maturity: 1.3805%<\/li>\n<li>Issue Price: EUR 994.664 per one Note<\/li>\n<li>Issue Date: 7 March 2018<\/li>\n<li>Maturity Date: 7 March 2025<\/li>\n<li>ISIN code: LV0000880037<\/li>\n<\/ul>\n<p>\u00a0<\/p>\n<p>\u00a0<\/p>\n<p>\u00a0<\/p>\n<p><span style=\"color: #878788; font-size: 12px;\"><em> Disclaimer<\/em><\/span><\/p>\n<p><span style=\"color: #878788; font-size: 12px;\"><em>This communication is not an offer to sell or a solicitation of an offer to buy the Notes issued under the Programme in any jurisdiction to any person to whom it is unlawful to make such an offer or solicitation in such jurisdiction. Akciju sabiedr\u012bba &#8220;Att\u012bst\u012bbas finan\u0161u instit\u016bcija Altum&#8221; or its representatives and AB SEB bankas do not accept any legal responsibility for any such violations, whether or not a prospective purchaser of the Notes is aware of such restrictions. The Notes issued under the Programme have not been and will not be registered in accordance with the U.S. Securities Act of 1933 (the \u201cSecurities Act\u201d) or under the securities laws of any state of the United States of America and accordingly, they may not be offered, sold, resold, granted, delivered, allotted, taken up, transferred or renounced, directly or indirectly, in or into the United States of America, except pursuant to an exemption from, or in a transaction not subject to, the registration requirements of the Securities Act and any securities laws of any state of the United States of America.<\/em><\/span><\/p>\t\t\t\t\t\t\t\t<\/div>\n\t\t\t\t<\/div>\n\t\t\t\t\t<\/div>\n\t\t<\/div>\n\t\t\t\t\t<\/div>\n\t\t<\/section>\n\t\t\t\t<section class=\"elementor-section elementor-top-section altum__default elementor-element elementor-element-8d69117 elementor-section-boxed elementor-section-height-default elementor-section-height-default\" data-id=\"8d69117\" data-element_type=\"section\" data-e-type=\"section\">\n\t\t\t\t\t\t<div class=\"elementor-container elementor-column-gap-default\">\n\t\t\t\t\t<div class=\"elementor-column elementor-col-100 elementor-top-column elementor-element elementor-element-534beb2\" data-id=\"534beb2\" data-element_type=\"column\" data-e-type=\"column\">\n\t\t\t<div class=\"elementor-widget-wrap elementor-element-populated\">\n\t\t\t\t\t\t<div class=\"elementor-element elementor-element-2eaf6de elementor-widget elementor-widget-altum-single-document\" data-id=\"2eaf6de\" data-element_type=\"widget\" data-e-type=\"widget\" data-widget_type=\"altum-single-document.default\">\n\t\t\t\t<div class=\"elementor-widget-container\">\n\t\t\t\t\t\n\t\t\t\t<div class=\"altum__singleDocument\">\n\t\t\t\t\t<a href=\"https:\/\/www.altum.lv\/wp-content\/uploads\/2022\/05\/final_terms_dated_28_february_2018_as_updated_on_2_march_2018_08b28_08705.pdf\" target=\"_blank\" class=\"dokumentiPdf__link\">\n\t\t\t\t\t\t<div class=\"dokumentiPdf__icon\">\n\t\t\t\t\t\t\tPDF\n\t\t\t\t\t\t<\/div>\n\t\t\t\t\t\t<p class=\"dokumentiPdf__p\">Updated final terms<\/p>\n\t\t\t\t\t\t<div class=\"dokumentiPdf__iconWrap\">\n\t\t\t\t\t\t\t<svg width=\"20\" height=\"23\" fill=\"none\" xmlns=\"http:\/\/www.w3.org\/2000\/svg\"><path d=\"M10 1v16M1 22h18M6 13.5l4 4 4-4\" stroke=\"#000\" stroke-width=\"2\" stroke-linecap=\"round\" stroke-linejoin=\"round\"\/><\/svg>\n\t\t\t\t\t\t<\/div>\n\t\t\t\t\t<\/a>\n\t\t\t\t<\/div>\n\t\t\t\t\t\t\t<\/div>\n\t\t\t\t<\/div>\n\t\t\t\t<div class=\"elementor-element elementor-element-3c362c8 elementor-widget elementor-widget-altum-single-document\" data-id=\"3c362c8\" data-element_type=\"widget\" data-e-type=\"widget\" data-widget_type=\"altum-single-document.default\">\n\t\t\t\t<div class=\"elementor-widget-container\">\n\t\t\t\t\t\n\t\t\t\t<div class=\"altum__singleDocument\">\n\t\t\t\t\t<a href=\"https:\/\/www.altum.lv\/wp-content\/uploads\/2022\/05\/doc_altum_base_prospectus_8fcdceng_fc567.pdf\" target=\"_blank\" class=\"dokumentiPdf__link\">\n\t\t\t\t\t\t<div class=\"dokumentiPdf__icon\">\n\t\t\t\t\t\t\tPDF\n\t\t\t\t\t\t<\/div>\n\t\t\t\t\t\t<p class=\"dokumentiPdf__p\">Prospectus<\/p>\n\t\t\t\t\t\t<div class=\"dokumentiPdf__iconWrap\">\n\t\t\t\t\t\t\t<svg width=\"20\" height=\"23\" fill=\"none\" xmlns=\"http:\/\/www.w3.org\/2000\/svg\"><path d=\"M10 1v16M1 22h18M6 13.5l4 4 4-4\" stroke=\"#000\" stroke-width=\"2\" stroke-linecap=\"round\" stroke-linejoin=\"round\"\/><\/svg>\n\t\t\t\t\t\t<\/div>\n\t\t\t\t\t<\/a>\n\t\t\t\t<\/div>\n\t\t\t\t\t\t\t<\/div>\n\t\t\t\t<\/div>\n\t\t\t\t\t<\/div>\n\t\t<\/div>\n\t\t\t\t\t<\/div>\n\t\t<\/section>\n\t\t\t\t<\/div>\n\t\t","protected":false},"excerpt":{"rendered":"<p>Altum&#8211; Prospectus and related information Programme 17&#8242; | Series 2, Tranche 1 | 1.3% 7 Years Bond Prospectus and related information THIS COMMUNICATION IS NOT DESIGNED FOR PUBLICATION OR DISTRIBUTION, [&hellip;]<\/p>\n","protected":false},"author":1,"featured_media":0,"parent":5688,"menu_order":0,"comment_status":"closed","ping_status":"closed","template":"","meta":{"_acf_changed":false,"inline_featured_image":false,"footnotes":""},"class_list":["post-5690","page","type-page","status-publish","hentry"],"acf":[],"yoast_head":"<!-- This site is optimized with the Yoast SEO plugin v22.3 - https:\/\/yoast.com\/wordpress\/plugins\/seo\/ -->\n<title>Prospectus and related information - Altum<\/title>\n<meta name=\"robots\" content=\"index, follow, max-snippet:-1, max-image-preview:large, max-video-preview:-1\" \/>\n<link rel=\"canonical\" href=\"https:\/\/www.altum.lv\/en\/investors\/bonds\/programme-17-series-2-tranche-1-1-3-7-years-bond\/prospectus-and-related-information\/\" \/>\n<meta property=\"og:locale\" content=\"en_US\" \/>\n<meta property=\"og:type\" content=\"article\" \/>\n<meta property=\"og:title\" content=\"Prospectus and related information - Altum\" \/>\n<meta property=\"og:description\" content=\"Altum&#8211; Prospectus and related information Programme 17&#8242; | Series 2, Tranche 1 | 1.3% 7 Years Bond Prospectus and related information THIS COMMUNICATION IS NOT DESIGNED FOR PUBLICATION OR DISTRIBUTION, [&hellip;]\" \/>\n<meta property=\"og:url\" content=\"https:\/\/www.altum.lv\/en\/investors\/bonds\/programme-17-series-2-tranche-1-1-3-7-years-bond\/prospectus-and-related-information\/\" \/>\n<meta property=\"og:site_name\" content=\"Altum\" \/>\n<meta property=\"article:publisher\" content=\"https:\/\/www.facebook.com\/AltumLV\" \/>\n<meta property=\"article:modified_time\" content=\"2022-07-29T17:13:49+00:00\" \/>\n<meta name=\"twitter:card\" content=\"summary_large_image\" \/>\n<meta name=\"twitter:site\" content=\"@altumlv\" \/>\n<meta name=\"twitter:label1\" content=\"Est. reading time\" \/>\n\t<meta name=\"twitter:data1\" content=\"2 minutes\" \/>\n<script type=\"application\/ld+json\" class=\"yoast-schema-graph\">{\"@context\":\"https:\/\/schema.org\",\"@graph\":[{\"@type\":\"WebPage\",\"@id\":\"https:\/\/www.altum.lv\/en\/investors\/bonds\/programme-17-series-2-tranche-1-1-3-7-years-bond\/prospectus-and-related-information\/\",\"url\":\"https:\/\/www.altum.lv\/en\/investors\/bonds\/programme-17-series-2-tranche-1-1-3-7-years-bond\/prospectus-and-related-information\/\",\"name\":\"Prospectus and related information - Altum\",\"isPartOf\":{\"@id\":\"https:\/\/www.altum.lv\/en\/#website\"},\"datePublished\":\"2022-04-20T14:14:19+00:00\",\"dateModified\":\"2022-07-29T17:13:49+00:00\",\"breadcrumb\":{\"@id\":\"https:\/\/www.altum.lv\/en\/investors\/bonds\/programme-17-series-2-tranche-1-1-3-7-years-bond\/prospectus-and-related-information\/#breadcrumb\"},\"inLanguage\":\"en-US\",\"potentialAction\":[{\"@type\":\"ReadAction\",\"target\":[\"https:\/\/www.altum.lv\/en\/investors\/bonds\/programme-17-series-2-tranche-1-1-3-7-years-bond\/prospectus-and-related-information\/\"]}]},{\"@type\":\"BreadcrumbList\",\"@id\":\"https:\/\/www.altum.lv\/en\/investors\/bonds\/programme-17-series-2-tranche-1-1-3-7-years-bond\/prospectus-and-related-information\/#breadcrumb\",\"itemListElement\":[{\"@type\":\"ListItem\",\"position\":1,\"name\":\"S\u0101kums\",\"item\":\"https:\/\/www.altum.lv\/en\/\"},{\"@type\":\"ListItem\",\"position\":2,\"name\":\"Investors\",\"item\":\"https:\/\/www.altum.lv\/en\/investors\/\"},{\"@type\":\"ListItem\",\"position\":3,\"name\":\"Bonds\",\"item\":\"https:\/\/www.altum.lv\/en\/investors\/bonds\/\"},{\"@type\":\"ListItem\",\"position\":4,\"name\":\"Programme 17&#8242; | Series 2, Tranche 1 | 1.3% 7 Years Bond\",\"item\":\"https:\/\/www.altum.lv\/en\/investors\/bonds\/programme-17-series-2-tranche-1-1-3-7-years-bond\/\"},{\"@type\":\"ListItem\",\"position\":5,\"name\":\"Prospectus and related information\"}]},{\"@type\":\"WebSite\",\"@id\":\"https:\/\/www.altum.lv\/en\/#website\",\"url\":\"https:\/\/www.altum.lv\/en\/\",\"name\":\"Altum\",\"description\":\"Finan\u0161u instit\u016bcija ALTUM\",\"potentialAction\":[{\"@type\":\"SearchAction\",\"target\":{\"@type\":\"EntryPoint\",\"urlTemplate\":\"https:\/\/www.altum.lv\/en\/?s={search_term_string}\"},\"query-input\":\"required name=search_term_string\"}],\"inLanguage\":\"en-US\"}]}<\/script>\n<!-- \/ Yoast SEO plugin. -->","yoast_head_json":{"title":"Prospectus and related information - Altum","robots":{"index":"index","follow":"follow","max-snippet":"max-snippet:-1","max-image-preview":"max-image-preview:large","max-video-preview":"max-video-preview:-1"},"canonical":"https:\/\/www.altum.lv\/en\/investors\/bonds\/programme-17-series-2-tranche-1-1-3-7-years-bond\/prospectus-and-related-information\/","og_locale":"en_US","og_type":"article","og_title":"Prospectus and related information - Altum","og_description":"Altum&#8211; Prospectus and related information Programme 17&#8242; | Series 2, Tranche 1 | 1.3% 7 Years Bond Prospectus and related information THIS COMMUNICATION IS NOT DESIGNED FOR PUBLICATION OR DISTRIBUTION, [&hellip;]","og_url":"https:\/\/www.altum.lv\/en\/investors\/bonds\/programme-17-series-2-tranche-1-1-3-7-years-bond\/prospectus-and-related-information\/","og_site_name":"Altum","article_publisher":"https:\/\/www.facebook.com\/AltumLV","article_modified_time":"2022-07-29T17:13:49+00:00","twitter_card":"summary_large_image","twitter_site":"@altumlv","twitter_misc":{"Est. reading time":"2 minutes"},"schema":{"@context":"https:\/\/schema.org","@graph":[{"@type":"WebPage","@id":"https:\/\/www.altum.lv\/en\/investors\/bonds\/programme-17-series-2-tranche-1-1-3-7-years-bond\/prospectus-and-related-information\/","url":"https:\/\/www.altum.lv\/en\/investors\/bonds\/programme-17-series-2-tranche-1-1-3-7-years-bond\/prospectus-and-related-information\/","name":"Prospectus and related information - Altum","isPartOf":{"@id":"https:\/\/www.altum.lv\/en\/#website"},"datePublished":"2022-04-20T14:14:19+00:00","dateModified":"2022-07-29T17:13:49+00:00","breadcrumb":{"@id":"https:\/\/www.altum.lv\/en\/investors\/bonds\/programme-17-series-2-tranche-1-1-3-7-years-bond\/prospectus-and-related-information\/#breadcrumb"},"inLanguage":"en-US","potentialAction":[{"@type":"ReadAction","target":["https:\/\/www.altum.lv\/en\/investors\/bonds\/programme-17-series-2-tranche-1-1-3-7-years-bond\/prospectus-and-related-information\/"]}]},{"@type":"BreadcrumbList","@id":"https:\/\/www.altum.lv\/en\/investors\/bonds\/programme-17-series-2-tranche-1-1-3-7-years-bond\/prospectus-and-related-information\/#breadcrumb","itemListElement":[{"@type":"ListItem","position":1,"name":"S\u0101kums","item":"https:\/\/www.altum.lv\/en\/"},{"@type":"ListItem","position":2,"name":"Investors","item":"https:\/\/www.altum.lv\/en\/investors\/"},{"@type":"ListItem","position":3,"name":"Bonds","item":"https:\/\/www.altum.lv\/en\/investors\/bonds\/"},{"@type":"ListItem","position":4,"name":"Programme 17&#8242; | Series 2, Tranche 1 | 1.3% 7 Years Bond","item":"https:\/\/www.altum.lv\/en\/investors\/bonds\/programme-17-series-2-tranche-1-1-3-7-years-bond\/"},{"@type":"ListItem","position":5,"name":"Prospectus and related information"}]},{"@type":"WebSite","@id":"https:\/\/www.altum.lv\/en\/#website","url":"https:\/\/www.altum.lv\/en\/","name":"Altum","description":"Finan\u0161u instit\u016bcija ALTUM","potentialAction":[{"@type":"SearchAction","target":{"@type":"EntryPoint","urlTemplate":"https:\/\/www.altum.lv\/en\/?s={search_term_string}"},"query-input":"required name=search_term_string"}],"inLanguage":"en-US"}]}},"_links":{"self":[{"href":"https:\/\/www.altum.lv\/en\/wp-json\/wp\/v2\/pages\/5690"}],"collection":[{"href":"https:\/\/www.altum.lv\/en\/wp-json\/wp\/v2\/pages"}],"about":[{"href":"https:\/\/www.altum.lv\/en\/wp-json\/wp\/v2\/types\/page"}],"author":[{"embeddable":true,"href":"https:\/\/www.altum.lv\/en\/wp-json\/wp\/v2\/users\/1"}],"replies":[{"embeddable":true,"href":"https:\/\/www.altum.lv\/en\/wp-json\/wp\/v2\/comments?post=5690"}],"version-history":[{"count":22,"href":"https:\/\/www.altum.lv\/en\/wp-json\/wp\/v2\/pages\/5690\/revisions"}],"predecessor-version":[{"id":21034,"href":"https:\/\/www.altum.lv\/en\/wp-json\/wp\/v2\/pages\/5690\/revisions\/21034"}],"up":[{"embeddable":true,"href":"https:\/\/www.altum.lv\/en\/wp-json\/wp\/v2\/pages\/5688"}],"wp:attachment":[{"href":"https:\/\/www.altum.lv\/en\/wp-json\/wp\/v2\/media?parent=5690"}],"curies":[{"name":"wp","href":"https:\/\/api.w.org\/{rel}","templated":true}]}}