{"id":5717,"date":"2022-04-21T10:34:09","date_gmt":"2022-04-21T08:34:09","guid":{"rendered":"https:\/\/www.altum.lv\/programme-17-green-bonds\/prospectus-and-related-information\/"},"modified":"2022-07-29T19:16:34","modified_gmt":"2022-07-29T17:16:34","slug":"prospectus-and-related-information","status":"publish","type":"page","link":"https:\/\/www.altum.lv\/en\/investors\/bonds\/programme-17-green-bonds\/prospectus-and-related-information\/","title":{"rendered":"Prospectus and related information"},"content":{"rendered":"\t\t<div data-elementor-type=\"wp-page\" data-elementor-id=\"5717\" class=\"elementor elementor-5717 elementor-1609\">\n\t\t\t\t\t\t<section class=\"elementor-section elementor-top-section altum__default elementor-element elementor-element-7904e79 elementor-section-full_width elementor-section-height-default elementor-section-height-default\" data-id=\"7904e79\" data-element_type=\"section\" data-e-type=\"section\">\n\t\t\t\t\t\t<div class=\"elementor-container elementor-column-gap-default\">\n\t\t\t\t\t<div class=\"elementor-column elementor-col-100 elementor-top-column elementor-element elementor-element-0776d46\" data-id=\"0776d46\" data-element_type=\"column\" data-e-type=\"column\">\n\t\t\t<div class=\"elementor-widget-wrap elementor-element-populated\">\n\t\t\t\t\t\t<div class=\"elementor-element elementor-element-d002c95 elementor-widget elementor-widget-altum-tab-header-links\" data-id=\"d002c95\" data-element_type=\"widget\" data-e-type=\"widget\" data-widget_type=\"altum-tab-header-links.default\">\n\t\t\t\t<div class=\"elementor-widget-container\">\n\t\t\t\t\t\n            <section class=\"topBanner topBanner-topicFamily topBanner-pb-0\"  style=\"background: #E7F0F3; margin-bottom: 35px\">\n                <div class=\"container\">\n\t\t\t\t<div class=\"topBanner__breadcrumbs\"><a href=\"https:\/\/www.altum.lv\" class=\"topBannerBreadcrumb__link\">Altum<\/a><span class=\"topBannerBreadcrumb__indent\">-<\/span><\/div>\n\n                    <div class=\"topBanner__content\">\n                        <div class=\"topBanner__left\">\n                            <h1 class=\"topBanner__title\">\n                                Prospectus and related information\n                            <\/h1>\n                           \n                        <\/div>\n                        <div class=\"topBanner__right\">\n                            <div class=\"topBanner__menuWrap\">\n                               \n                <a href=\"\/en\/programme-17-green-bonds\/\"  class=\"topBanner__menu-link\">Programme 17' | Green bonds<\/a>\n            \n                <a href=\"\/en\/investors\/bonds\/programme-17-green-bonds\/prospectus-and-related-information\/\"  class=\"topBanner__menu-link\">Prospectus and related information<\/a>\n            \n                <a href=\"\/en\/programme-17-green-bonds\/about-green-bonds\/\"  class=\"topBanner__menu-link\">About green bonds<\/a>\n            \n                            <\/div>\n                        <\/div>\n                    <\/div>\n                    <div class=\"mobileScroll\">\n                        <div class=\"famWithChildTop__btnWrap famWithChildTop__topBanner\">\n                            \n                        <\/div>\n                    <\/div>\n                <\/div>\n            <\/section>\n\t\t\n            <section>\n                <div class=\"container\">\n                    <div class=\"famWithChild__bottom\">\n                        <div class=\"container\">\n                            <div class=\"altum__headerTab-content\"><\/div>\n                        <\/div>\n                    <\/div>\n                <\/div>\n            <\/section>\n        \t\t\t\t<\/div>\n\t\t\t\t<\/div>\n\t\t\t\t\t<\/div>\n\t\t<\/div>\n\t\t\t\t\t<\/div>\n\t\t<\/section>\n\t\t\t\t<section class=\"elementor-section elementor-top-section altum__default elementor-element elementor-element-e1c0dfe elementor-section-boxed elementor-section-height-default elementor-section-height-default\" data-id=\"e1c0dfe\" data-element_type=\"section\" data-e-type=\"section\">\n\t\t\t\t\t\t<div class=\"elementor-container elementor-column-gap-default\">\n\t\t\t\t\t<div class=\"elementor-column elementor-col-100 elementor-top-column elementor-element elementor-element-e974af9\" data-id=\"e974af9\" data-element_type=\"column\" data-e-type=\"column\">\n\t\t\t<div class=\"elementor-widget-wrap elementor-element-populated\">\n\t\t\t\t\t\t<div class=\"elementor-element elementor-element-6a5f92c elementor-widget elementor-widget-text-editor\" data-id=\"6a5f92c\" data-element_type=\"widget\" data-e-type=\"widget\" data-widget_type=\"text-editor.default\">\n\t\t\t\t<div class=\"elementor-widget-container\">\n\t\t\t\t\t\t\t\t\t<p><span style=\"color: #878788; font-size: 12px;\"><em>By accessing, downloading, reading or otherwise making available to yourself any content of the Base Prospectus and any Final Terms you confirm that you have read, understand and agree to comply with all of the restrictions set forth below and that your country of residence and current location is not the United States of America, Australia, Canada, Hong Kong or Japan or any other jurisdiction in which distribution or publication of the Base Prospectus and any Final Terms is unlawful.<\/em><\/span><\/p>\n<p>\u00a0<\/p>\n<p><span style=\"color: #878788; font-size: 12px;\"><em>The distribution of the Base Prospectus and any Final Terms and the offering, sale and delivery of the Notes issued under the Programme in certain countries is restricted by law. Any person residing outside the Republic of Latvia and the Republic of Lithuania may receive the Base Prospectus only within the limits of applicable special provisions or restrictions. Akciju sabiedr\u012bba &#8220;Att\u012bst\u012bbas finan\u0161u instit\u016bcija Altum&#8221; (\u201cALTUM\u201d) requires persons into whose possession the Base Prospectus or any Final Terms comes to inform themselves of and observe all such restrictions. The Base Prospectus and any Final Terms may not be distributed or published in such countries or jurisdictions or otherwise in such circumstances in which it would be unlawful or require measures other than those required under the laws of the Republic of Latvia, including the United States of America, Australia, Canada, Hong Kong and Japan. Neither the Base Prospectus nor any Final Terms constitute an offer to sell or a solicitation of an offer to buy the Notes issued under the Programme in any jurisdiction to any person to whom it is unlawful to make such an offer or solicitation in such jurisdiction. ALTUM or its representatives and AB SEB bankas (the \u201cArranger of the Programme\u201d and the \u201cIssuing Agent\u201d) do not accept any legal responsibility for any such violations, whether or not a prospective purchaser of the Notes is aware of such restrictions. The Notes issued under the Programme have not been and will not be registered in accordance with the U.S. Securities Act of 1933 (the \u201cSecurities Act\u201d) or under the securities laws of any state of the United States of America and, accordingly, they may not be offered, sold, resold, granted, delivered, allotted, taken up, transferred or renounced, directly or indirectly, in or into the United States of America, except pursuant to an exemption from, or in a transaction not subject to, the registration requirements of the Securities Act and any securities laws of any state of the United States of America.<\/em><\/span><\/p>\n<p>\u00a0<\/p>\n<p><span style=\"color: #878788; font-size: 12px;\"><em>The issues of Notes under the Programme shall be governed by the laws of the Republic of Latvia. No action has been taken by ALTUM in any jurisdiction that would permit offering of the Notes issued under the Programme other than in the Republic of Latvia and the Republic of Lithuania. Unless specifically otherwise stated in the Base Prospectus, the Notes issued under the Programme may not be, directly or indirectly, offered, sold, resold, transferred or delivered in such countries or jurisdictions or otherwise in such circumstances in which it would be unlawful or require measures other than those required under Latvian laws, except for the exceptions to registration obligation allowed by the securities laws of the United States of America and its states, Australia, Canada, Hong Kong and Japan. The Base Prospectus and any Final Terms may not be delivered to any person in the above-mentioned countries. ALTUM, the Arranger of the Programme and the Issuing Agent requires persons into whose possession the Base Prospectus or any Final Terms comes to inform them of and observe all such restrictions. ALTUM, the Arranger of the Programme and the Issuing Agent do not have any legal responsibility whatsoever for such violations whether or not such restrictions were known to prospective investors. ALTUM, the Arranger of the Programme and the Issuing Agent reserves the right to, respectively, at its sole discretion reject subscription to the Notes issued under the Programme, which the ALTUM, the Arranger of the Programme and\/or the Issuing Agent believes would cause the violation or breach of any law, rule or regulation for the time being in force.<\/em><\/span><\/p>\n<p>\u00a0<\/p>\n<h3>FCMC, on 5\u00a0September\u00a02017, Registered Base Prospectus to Bonds of JSC\u00a0\u201cDevelopment Finance Institution Altum\u201d<\/h3>\n<p>\u00a0<\/p>\n<p>The Board of the Financial and Capital Market Commission (FCMC) has taken a decision to register the Base Prospectus to Bonds of JSC\u00a0\u201cDevelopment Finance Institution Altum\u201d thus deciding that JSC\u00a0\u201cDevelopment Finance Institution Altum\u201d is entitled to make the public offer of the bonds in total value of EUR\u00a030,000,000 (thirty million euro) pursuant to the relevant Base Prospectus to Bonds.<\/p>\n<p>\u00a0<\/p>\n<p><span style=\"color: #878788; font-size: 12px;\"><em>Disclaimer<\/em><\/span><br \/><span style=\"color: #878788; font-size: 12px;\"><em>THIS COMMUNICATION IS NOT DESIGNED FOR PUBLICATION OR DISTRIBUTION, DIRECTLY OR INDIRECTLY, IN OR INTO SUCH COUNTRIES OR JURISDICTIONS IN WHICH IT WOULD BE UNLAWFUL OR REQUIRE MEASURES OTHER THAN THOSE REQUIRED UNDER LATVIAN LAWS, INCLUDING THE UNITED STATES OF AMERICA, AUSTRALIA, CANADA, HONG KONG AND JAPAN.<\/em><\/span><\/p>\n<p>\u00a0<\/p>\n<h3>RE: Placement of Notes<\/h3>\n<p>\u00a0<\/p>\n<p>Words and expressions defined in the Base Prospectus of First Programme for the Issuance of Notes in the Amount of EUR 30,000,000 of ALTUM dated 30 August 2017 (<strong>the \u201eBase Prospectus\u201c<\/strong>) have the same meanings in this announcement.<\/p>\n<p>\u00a0<\/p>\n<p>ALTUM in accordance with Clause 6.4. of Section \u201ePlacement of Notes\u201c of the Base Prospectus hereby announces that as a result of placement of the Notes of first tranche of first series in accordance with the Final Terms dated 5 October 2017 the following characteristics have been set to the Notes:<\/p>\n<ul>\n<li>Series Number: 1<\/li>\n<li>Tranche Number: 1<\/li>\n<li>Aggregate principal amount: EUR 20,000,000<\/li>\n<li>Number of Notes: 20,000<\/li>\n<li>Nominal amount of the Note: EUR 1,000<\/li>\n<li>Annual Interest Rate: fixed, 1.3%<\/li>\n<li>Yield to Maturity: 1.367%<\/li>\n<li>Issue Price: EUR 995.556 per one Note<\/li>\n<li>Issue Date: 17 October 2017<\/li>\n<li>Maturity Date: 17 October 2024<\/li>\n<li>ISIN code: LV0000802353<\/li>\n<\/ul>\n<p>\u00a0<\/p>\n<p><em style=\"color: #878788; font-size: 12px;\">Disclaimer<\/em><\/p>\n<p><span style=\"color: #878788; font-size: 12px;\"><em>This communication is not an offer to sell or a solicitation of an offer to buy the Notes issued under the Programme in any jurisdiction to any person to whom it is unlawful to make such an offer or solicitation in such jurisdiction. Akciju sabiedr\u012bba &#8220;Att\u012bst\u012bbas finan\u0161u instit\u016bcija Altum&#8221; or its representatives and AB SEB bankas do not accept any legal responsibility for any such violations, whether or not a prospective purchaser of the Notes is aware of such restrictions. The Notes issued under the Programme have not been and will not be registered in accordance with the U.S. Securities Act of 1933 (the \u201cSecurities Act\u201d) or under the securities laws of any state of the United States of America and accordingly, they may not be offered, sold, resold, granted, delivered, allotted, taken up, transferred or renounced, directly or indirectly, in or into the United States of America, except pursuant to an exemption from, or in a transaction not subject to, the registration requirements of the Securities Act and any securities laws of any state of the United States of America<\/em><\/span><\/p>\t\t\t\t\t\t\t\t<\/div>\n\t\t\t\t<\/div>\n\t\t\t\t\t<\/div>\n\t\t<\/div>\n\t\t\t\t\t<\/div>\n\t\t<\/section>\n\t\t\t\t<section class=\"elementor-section elementor-top-section altum__default elementor-element elementor-element-5d0c66f elementor-section-boxed elementor-section-height-default elementor-section-height-default\" data-id=\"5d0c66f\" data-element_type=\"section\" data-e-type=\"section\">\n\t\t\t\t\t\t<div class=\"elementor-container elementor-column-gap-default\">\n\t\t\t\t\t<div class=\"elementor-column elementor-col-100 elementor-top-column elementor-element elementor-element-f3549fa\" data-id=\"f3549fa\" data-element_type=\"column\" data-e-type=\"column\">\n\t\t\t<div class=\"elementor-widget-wrap elementor-element-populated\">\n\t\t\t\t\t\t<div class=\"elementor-element elementor-element-6fc72fe elementor-widget elementor-widget-altum-single-document\" data-id=\"6fc72fe\" data-element_type=\"widget\" data-e-type=\"widget\" data-widget_type=\"altum-single-document.default\">\n\t\t\t\t<div class=\"elementor-widget-container\">\n\t\t\t\t\t\n\t\t\t\t<div class=\"altum__singleDocument\">\n\t\t\t\t\t<a href=\"https:\/\/www.altum.lv\/wp-content\/uploads\/2022\/05\/final_terms_dated_28_february_2018_as_updated_on_2_march_2018_08b28_08705.pdf\" target=\"_blank\" class=\"dokumentiPdf__link\">\n\t\t\t\t\t\t<div class=\"dokumentiPdf__icon\">\n\t\t\t\t\t\t\tPDF\n\t\t\t\t\t\t<\/div>\n\t\t\t\t\t\t<p class=\"dokumentiPdf__p\">Updated final terms<\/p>\n\t\t\t\t\t\t<div class=\"dokumentiPdf__iconWrap\">\n\t\t\t\t\t\t\t<svg width=\"20\" height=\"23\" fill=\"none\" xmlns=\"http:\/\/www.w3.org\/2000\/svg\"><path d=\"M10 1v16M1 22h18M6 13.5l4 4 4-4\" stroke=\"#000\" stroke-width=\"2\" stroke-linecap=\"round\" stroke-linejoin=\"round\"\/><\/svg>\n\t\t\t\t\t\t<\/div>\n\t\t\t\t\t<\/a>\n\t\t\t\t<\/div>\n\t\t\t\t\t\t\t<\/div>\n\t\t\t\t<\/div>\n\t\t\t\t<div class=\"elementor-element elementor-element-b8cdd49 elementor-widget elementor-widget-altum-single-document\" data-id=\"b8cdd49\" data-element_type=\"widget\" data-e-type=\"widget\" data-widget_type=\"altum-single-document.default\">\n\t\t\t\t<div class=\"elementor-widget-container\">\n\t\t\t\t\t\n\t\t\t\t<div class=\"altum__singleDocument\">\n\t\t\t\t\t<a href=\"https:\/\/www.altum.lv\/wp-content\/uploads\/2022\/05\/doc_altum_base_prospectus_8fcdceng_fc567.pdf\" target=\"_blank\" class=\"dokumentiPdf__link\">\n\t\t\t\t\t\t<div class=\"dokumentiPdf__icon\">\n\t\t\t\t\t\t\tPDF\n\t\t\t\t\t\t<\/div>\n\t\t\t\t\t\t<p class=\"dokumentiPdf__p\">Prospectus<\/p>\n\t\t\t\t\t\t<div class=\"dokumentiPdf__iconWrap\">\n\t\t\t\t\t\t\t<svg width=\"20\" height=\"23\" fill=\"none\" xmlns=\"http:\/\/www.w3.org\/2000\/svg\"><path d=\"M10 1v16M1 22h18M6 13.5l4 4 4-4\" stroke=\"#000\" stroke-width=\"2\" stroke-linecap=\"round\" stroke-linejoin=\"round\"\/><\/svg>\n\t\t\t\t\t\t<\/div>\n\t\t\t\t\t<\/a>\n\t\t\t\t<\/div>\n\t\t\t\t\t\t\t<\/div>\n\t\t\t\t<\/div>\n\t\t\t\t\t<\/div>\n\t\t<\/div>\n\t\t\t\t\t<\/div>\n\t\t<\/section>\n\t\t\t\t<\/div>\n\t\t","protected":false},"excerpt":{"rendered":"<p>Altum&#8211; Prospectus and related information Programme 17&#8242; | Green bonds Prospectus and related information About green bonds By accessing, downloading, reading or otherwise making available to yourself any content of [&hellip;]<\/p>\n","protected":false},"author":1,"featured_media":0,"parent":5715,"menu_order":0,"comment_status":"closed","ping_status":"closed","template":"","meta":{"_acf_changed":false,"inline_featured_image":false,"footnotes":""},"class_list":["post-5717","page","type-page","status-publish","hentry"],"acf":[],"yoast_head":"<!-- This site is optimized with the Yoast SEO plugin v22.3 - https:\/\/yoast.com\/wordpress\/plugins\/seo\/ -->\n<title>Prospectus and related information - Altum<\/title>\n<meta name=\"robots\" content=\"index, follow, max-snippet:-1, max-image-preview:large, max-video-preview:-1\" \/>\n<link rel=\"canonical\" href=\"https:\/\/www.altum.lv\/en\/investors\/bonds\/programme-17-green-bonds\/prospectus-and-related-information\/\" \/>\n<meta property=\"og:locale\" content=\"en_US\" \/>\n<meta property=\"og:type\" content=\"article\" \/>\n<meta property=\"og:title\" content=\"Prospectus and related information - Altum\" \/>\n<meta property=\"og:description\" content=\"Altum&#8211; Prospectus and related information Programme 17&#8242; | Green bonds Prospectus and related information About green bonds By accessing, downloading, reading or otherwise making available to yourself any content of [&hellip;]\" \/>\n<meta property=\"og:url\" content=\"https:\/\/www.altum.lv\/en\/investors\/bonds\/programme-17-green-bonds\/prospectus-and-related-information\/\" \/>\n<meta property=\"og:site_name\" content=\"Altum\" \/>\n<meta property=\"article:publisher\" content=\"https:\/\/www.facebook.com\/AltumLV\" \/>\n<meta property=\"article:modified_time\" content=\"2022-07-29T17:16:34+00:00\" \/>\n<meta name=\"twitter:card\" content=\"summary_large_image\" \/>\n<meta name=\"twitter:site\" content=\"@altumlv\" \/>\n<meta name=\"twitter:label1\" content=\"Est. reading time\" \/>\n\t<meta name=\"twitter:data1\" content=\"6 minutes\" \/>\n<script type=\"application\/ld+json\" class=\"yoast-schema-graph\">{\"@context\":\"https:\/\/schema.org\",\"@graph\":[{\"@type\":\"WebPage\",\"@id\":\"https:\/\/www.altum.lv\/en\/investors\/bonds\/programme-17-green-bonds\/prospectus-and-related-information\/\",\"url\":\"https:\/\/www.altum.lv\/en\/investors\/bonds\/programme-17-green-bonds\/prospectus-and-related-information\/\",\"name\":\"Prospectus and related information - Altum\",\"isPartOf\":{\"@id\":\"https:\/\/www.altum.lv\/en\/#website\"},\"datePublished\":\"2022-04-21T08:34:09+00:00\",\"dateModified\":\"2022-07-29T17:16:34+00:00\",\"breadcrumb\":{\"@id\":\"https:\/\/www.altum.lv\/en\/investors\/bonds\/programme-17-green-bonds\/prospectus-and-related-information\/#breadcrumb\"},\"inLanguage\":\"en-US\",\"potentialAction\":[{\"@type\":\"ReadAction\",\"target\":[\"https:\/\/www.altum.lv\/en\/investors\/bonds\/programme-17-green-bonds\/prospectus-and-related-information\/\"]}]},{\"@type\":\"BreadcrumbList\",\"@id\":\"https:\/\/www.altum.lv\/en\/investors\/bonds\/programme-17-green-bonds\/prospectus-and-related-information\/#breadcrumb\",\"itemListElement\":[{\"@type\":\"ListItem\",\"position\":1,\"name\":\"S\u0101kums\",\"item\":\"https:\/\/www.altum.lv\/en\/\"},{\"@type\":\"ListItem\",\"position\":2,\"name\":\"Investors\",\"item\":\"https:\/\/www.altum.lv\/en\/investors\/\"},{\"@type\":\"ListItem\",\"position\":3,\"name\":\"Bonds\",\"item\":\"https:\/\/www.altum.lv\/en\/investors\/bonds\/\"},{\"@type\":\"ListItem\",\"position\":4,\"name\":\"Programme 17&#8242; | Green bonds\",\"item\":\"https:\/\/www.altum.lv\/en\/investors\/bonds\/programme-17-green-bonds\/\"},{\"@type\":\"ListItem\",\"position\":5,\"name\":\"Prospectus and related information\"}]},{\"@type\":\"WebSite\",\"@id\":\"https:\/\/www.altum.lv\/en\/#website\",\"url\":\"https:\/\/www.altum.lv\/en\/\",\"name\":\"Altum\",\"description\":\"Finan\u0161u instit\u016bcija ALTUM\",\"potentialAction\":[{\"@type\":\"SearchAction\",\"target\":{\"@type\":\"EntryPoint\",\"urlTemplate\":\"https:\/\/www.altum.lv\/en\/?s={search_term_string}\"},\"query-input\":\"required name=search_term_string\"}],\"inLanguage\":\"en-US\"}]}<\/script>\n<!-- \/ Yoast SEO plugin. -->","yoast_head_json":{"title":"Prospectus and related information - Altum","robots":{"index":"index","follow":"follow","max-snippet":"max-snippet:-1","max-image-preview":"max-image-preview:large","max-video-preview":"max-video-preview:-1"},"canonical":"https:\/\/www.altum.lv\/en\/investors\/bonds\/programme-17-green-bonds\/prospectus-and-related-information\/","og_locale":"en_US","og_type":"article","og_title":"Prospectus and related information - Altum","og_description":"Altum&#8211; Prospectus and related information Programme 17&#8242; | Green bonds Prospectus and related information About green bonds By accessing, downloading, reading or otherwise making available to yourself any content of [&hellip;]","og_url":"https:\/\/www.altum.lv\/en\/investors\/bonds\/programme-17-green-bonds\/prospectus-and-related-information\/","og_site_name":"Altum","article_publisher":"https:\/\/www.facebook.com\/AltumLV","article_modified_time":"2022-07-29T17:16:34+00:00","twitter_card":"summary_large_image","twitter_site":"@altumlv","twitter_misc":{"Est. reading time":"6 minutes"},"schema":{"@context":"https:\/\/schema.org","@graph":[{"@type":"WebPage","@id":"https:\/\/www.altum.lv\/en\/investors\/bonds\/programme-17-green-bonds\/prospectus-and-related-information\/","url":"https:\/\/www.altum.lv\/en\/investors\/bonds\/programme-17-green-bonds\/prospectus-and-related-information\/","name":"Prospectus and related information - Altum","isPartOf":{"@id":"https:\/\/www.altum.lv\/en\/#website"},"datePublished":"2022-04-21T08:34:09+00:00","dateModified":"2022-07-29T17:16:34+00:00","breadcrumb":{"@id":"https:\/\/www.altum.lv\/en\/investors\/bonds\/programme-17-green-bonds\/prospectus-and-related-information\/#breadcrumb"},"inLanguage":"en-US","potentialAction":[{"@type":"ReadAction","target":["https:\/\/www.altum.lv\/en\/investors\/bonds\/programme-17-green-bonds\/prospectus-and-related-information\/"]}]},{"@type":"BreadcrumbList","@id":"https:\/\/www.altum.lv\/en\/investors\/bonds\/programme-17-green-bonds\/prospectus-and-related-information\/#breadcrumb","itemListElement":[{"@type":"ListItem","position":1,"name":"S\u0101kums","item":"https:\/\/www.altum.lv\/en\/"},{"@type":"ListItem","position":2,"name":"Investors","item":"https:\/\/www.altum.lv\/en\/investors\/"},{"@type":"ListItem","position":3,"name":"Bonds","item":"https:\/\/www.altum.lv\/en\/investors\/bonds\/"},{"@type":"ListItem","position":4,"name":"Programme 17&#8242; | Green bonds","item":"https:\/\/www.altum.lv\/en\/investors\/bonds\/programme-17-green-bonds\/"},{"@type":"ListItem","position":5,"name":"Prospectus and related information"}]},{"@type":"WebSite","@id":"https:\/\/www.altum.lv\/en\/#website","url":"https:\/\/www.altum.lv\/en\/","name":"Altum","description":"Finan\u0161u instit\u016bcija ALTUM","potentialAction":[{"@type":"SearchAction","target":{"@type":"EntryPoint","urlTemplate":"https:\/\/www.altum.lv\/en\/?s={search_term_string}"},"query-input":"required name=search_term_string"}],"inLanguage":"en-US"}]}},"_links":{"self":[{"href":"https:\/\/www.altum.lv\/en\/wp-json\/wp\/v2\/pages\/5717"}],"collection":[{"href":"https:\/\/www.altum.lv\/en\/wp-json\/wp\/v2\/pages"}],"about":[{"href":"https:\/\/www.altum.lv\/en\/wp-json\/wp\/v2\/types\/page"}],"author":[{"embeddable":true,"href":"https:\/\/www.altum.lv\/en\/wp-json\/wp\/v2\/users\/1"}],"replies":[{"embeddable":true,"href":"https:\/\/www.altum.lv\/en\/wp-json\/wp\/v2\/comments?post=5717"}],"version-history":[{"count":32,"href":"https:\/\/www.altum.lv\/en\/wp-json\/wp\/v2\/pages\/5717\/revisions"}],"predecessor-version":[{"id":21046,"href":"https:\/\/www.altum.lv\/en\/wp-json\/wp\/v2\/pages\/5717\/revisions\/21046"}],"up":[{"embeddable":true,"href":"https:\/\/www.altum.lv\/en\/wp-json\/wp\/v2\/pages\/5715"}],"wp:attachment":[{"href":"https:\/\/www.altum.lv\/en\/wp-json\/wp\/v2\/media?parent=5717"}],"curies":[{"name":"wp","href":"https:\/\/api.w.org\/{rel}","templated":true}]}}