{"id":62509,"date":"2025-10-24T12:03:12","date_gmt":"2025-10-24T10:03:12","guid":{"rendered":"https:\/\/www.altum.lv\/services\/individuals\/loan-for-purchasing-housing-in-regions\/"},"modified":"2025-12-29T11:48:53","modified_gmt":"2025-12-29T09:48:53","slug":"loan-for-purchasing-housing-in-regions","status":"publish","type":"page","link":"https:\/\/www.altum.lv\/en\/services\/individuals\/loan-for-purchasing-housing-in-regions\/","title":{"rendered":"Loan for purchasing housing in regions"},"content":{"rendered":"\t\t<div data-elementor-type=\"wp-page\" data-elementor-id=\"62509\" class=\"elementor elementor-62509 elementor-59509\">\n\t\t\t\t\t\t<section class=\"elementor-section elementor-top-section altum__default elementor-element elementor-element-aa1da70 elementor-section-full_width elementor-section-height-default elementor-section-height-default\" data-id=\"aa1da70\" data-element_type=\"section\" data-e-type=\"section\">\n\t\t\t\t\t\t<div class=\"elementor-container elementor-column-gap-default\">\n\t\t\t\t\t<div class=\"elementor-column elementor-col-100 elementor-top-column elementor-element elementor-element-b97bd96\" data-id=\"b97bd96\" data-element_type=\"column\" data-e-type=\"column\">\n\t\t\t<div class=\"elementor-widget-wrap elementor-element-populated\">\n\t\t\t\t\t\t<div class=\"elementor-element elementor-element-8b05461 elementor-widget elementor-widget-altum-large-header\" data-id=\"8b05461\" data-element_type=\"widget\" data-e-type=\"widget\" data-widget_type=\"altum-large-header.default\">\n\t\t\t\t<div class=\"elementor-widget-container\">\n\t\t\t\t\t\n            <section class=\"topBanner\" style=\"background-image: url(https:\/\/www.altum.lv\/wp-content\/uploads\/2025\/08\/ML-header-2-1.png)\">\n                <div class=\"container\">\n\t\t\t\t\t<div class=\"topBanner__breadcrumbs\"><a href=\"https:\/\/www.altum.lv\" class=\"topBannerBreadcrumb__link\">Altum<\/a><span class=\"topBannerBreadcrumb__indent\">-<\/span><\/div>\n                    <h1 class=\"topBanner__title\">Loan for purchasing housing in regions<\/h1>\n\t\t\t\t\t\n                    \n\t\t\t\t\t\n                <\/div>\n            <\/section>\n        \t\t\t\t<\/div>\n\t\t\t\t<\/div>\n\t\t\t\t\t<\/div>\n\t\t<\/div>\n\t\t\t\t\t<\/div>\n\t\t<\/section>\n\t\t\t\t<section class=\"elementor-section elementor-top-section altum__default elementor-element elementor-element-4ffc4a9 elementor-section-boxed elementor-section-height-default elementor-section-height-default\" data-id=\"4ffc4a9\" data-element_type=\"section\" data-e-type=\"section\">\n\t\t\t\t\t\t<div class=\"elementor-container elementor-column-gap-default\">\n\t\t\t\t\t<div class=\"elementor-column elementor-col-100 elementor-top-column elementor-element elementor-element-17893521\" data-id=\"17893521\" data-element_type=\"column\" data-e-type=\"column\">\n\t\t\t<div class=\"elementor-widget-wrap elementor-element-populated\">\n\t\t\t\t\t\t<div class=\"elementor-element elementor-element-677d0649 elementor-widget elementor-widget-text-editor\" data-id=\"677d0649\" data-element_type=\"widget\" data-e-type=\"widget\" data-widget_type=\"text-editor.default\">\n\t\t\t\t<div class=\"elementor-widget-container\">\n\t\t\t\t\t\t\t\t\t<p>\u00a0<\/p>\n<p>Loan for purchasing housing in the regions <span style=\"color: #00467e;\"><strong>except for the following regions:<\/strong>\u00a0<\/span>R\u012bga, M\u0101rupe, Olaine, J\u016brmala, \u0136ekava, Salaspils, Ropa\u017ei and \u0100da\u017ei<\/p>\t\t\t\t\t\t\t\t<\/div>\n\t\t\t\t<\/div>\n\t\t\t\t<div class=\"elementor-element elementor-element-8b5364c elementor-widget elementor-widget-altum-tab-block-icon-with-text\" data-id=\"8b5364c\" data-element_type=\"widget\" data-e-type=\"widget\" data-widget_type=\"altum-tab-block-icon-with-text.default\">\n\t\t\t\t<div class=\"elementor-widget-container\">\n\t\t\t\t\t<div class=\"famWithChildBottomContent__wrap\"><div class=\"famWithChildBottomContent__row\">\n                    <div class=\"famWithChildBottomContentRow__elem\">\n                        <div class=\"famWithChildBottomContentRow__elem-imgWrap\">\n                            <img decoding=\"async\" src=\"https:\/\/www.altum.lv\/wp-content\/uploads\/2025\/06\/nauda.png\" alt=\"icon\">\n                        <\/div>\n                        <p class=\"famWithChildBottomContentRow__elem-text\">\n                            loan of up to EUR 74000\n                        <\/p>\n                    <\/div>\n                \n                    <div class=\"famWithChildBottomContentRow__elem\">\n                        <div class=\"famWithChildBottomContentRow__elem-imgWrap\">\n                            <img decoding=\"async\" src=\"https:\/\/www.altum.lv\/wp-content\/uploads\/2025\/06\/procenti.png\" alt=\"icon\">\n                        <\/div>\n                        <p class=\"famWithChildBottomContentRow__elem-text\">\n                            after the first year, variable rate of 3.52% + 6 months EURIBOR\n                        <\/p>\n                    <\/div>\n                <\/div><div class=\"famWithChildBottomContent__row\">\n                    <div class=\"famWithChildBottomContentRow__elem\">\n                        <div class=\"famWithChildBottomContentRow__elem-imgWrap\">\n                            <img decoding=\"async\" src=\"https:\/\/www.altum.lv\/wp-content\/uploads\/2025\/06\/aizdevums.png\" alt=\"icon\">\n                        <\/div>\n                        <p class=\"famWithChildBottomContentRow__elem-text\">\n                            first installment - min 5%\n                        <\/p>\n                    <\/div>\n                \n                    <div class=\"famWithChildBottomContentRow__elem\">\n                        <div class=\"famWithChildBottomContentRow__elem-imgWrap\">\n                            <img decoding=\"async\" src=\"https:\/\/www.altum.lv\/wp-content\/uploads\/2025\/06\/pulkstenis.png\" alt=\"icon\">\n                        <\/div>\n                        <p class=\"famWithChildBottomContentRow__elem-text\">\n                            up to 30 years*\n                        <\/p>\n                    <\/div>\n                <\/div><div class=\"famWithChildBottomContent__row\">\n                    <div class=\"famWithChildBottomContentRow__elem\">\n                        <div class=\"famWithChildBottomContentRow__elem-imgWrap\">\n                            <img decoding=\"async\" src=\"https:\/\/www.altum.lv\/wp-content\/uploads\/2025\/06\/termins.png\" alt=\"icon\">\n                        <\/div>\n                        <p class=\"famWithChildBottomContentRow__elem-text\">\n                            grace period of up to 12 months **\n                        <\/p>\n                    <\/div>\n                \n                    <div class=\"famWithChildBottomContentRow__elem\">\n                        <div class=\"famWithChildBottomContentRow__elem-imgWrap\">\n                            <img decoding=\"async\" src=\"https:\/\/www.altum.lv\/wp-content\/uploads\/2025\/06\/nauda-ar-pieaugumu.png\" alt=\"icon\">\n                        <\/div>\n                        <p class=\"famWithChildBottomContentRow__elem-text\">\n                            possible to combine with ALTUM\u2019s grant \u2018BALSTS\u2019\n                        <\/p>\n                    <\/div>\n                <\/div><div class=\"famWithChildBottomContent__row\">\n                    <div class=\"famWithChildBottomContentRow__elem\">\n                        <div class=\"famWithChildBottomContentRow__elem-imgWrap\">\n                            <img decoding=\"async\" src=\"https:\/\/www.altum.lv\/wp-content\/uploads\/2025\/06\/dokumentu-parbaude.png\" alt=\"icon\">\n                        <\/div>\n                        <p class=\"famWithChildBottomContentRow__elem-text\">\n                            ALTUM provides real estate valuation for free\n                        <\/p>\n                    <\/div>\n                <\/div>\t\t\t\t<\/div>\n\t\t\t\t<\/div>\n\t\t\t\t<div class=\"elementor-element elementor-element-b3bebcd elementor-widget elementor-widget-text-editor\" data-id=\"b3bebcd\" data-element_type=\"widget\" data-e-type=\"widget\" data-widget_type=\"text-editor.default\">\n\t\t\t\t<div class=\"elementor-widget-container\">\n\t\t\t\t\t\t\t\t\t<p>\u00a0<\/p>\n<p><span style=\"font-size: 14px;\">* the borrower&#8217;s age may not exceed 65 years as at the maturity of the loan agreement<\/span><br \/><span style=\"font-size: 14px;\">* * the principal payments may be deferred<\/span><\/p>\n<p>\u00a0<\/p>\t\t\t\t\t\t\t\t<\/div>\n\t\t\t\t<\/div>\n\t\t\t\t<div class=\"elementor-element elementor-element-4cbc720 elementor-widget elementor-widget-text-editor\" data-id=\"4cbc720\" data-element_type=\"widget\" data-e-type=\"widget\" data-widget_type=\"text-editor.default\">\n\t\t\t\t<div class=\"elementor-widget-container\">\n\t\t\t\t\t\t\t\t\t<p style=\"text-align: left;\"><span style=\"color: #ffffff;\"><strong>\u00a0 \u00a0<\/strong><\/span><span style=\"color: #ffffff;\"><strong>\u00a0 \u00a0 \u00a0<\/strong><\/span><\/p>\n<p><span style=\"color: #ffffff;\"><strong>\u00a0 \u00a0 For applications submitted to ALTUM by 30 September 2026:<\/strong><\/span><\/p>\n<p>\u00a0<\/p>\n<p><span style=\"color: #ffffff;\">\u00a0 \u00a0 \u00a0\u2022 rate 0% +6 months EURIBOR up to 13 months from the date of signature of the loan agreement<\/span><\/p>\n<p><span style=\"color: #ffffff;\">\u00a0 \u00a0 \u00a0\u2022 no fee is charged for drawing up and issue of the loan<\/span><\/p>\n<p>\u00a0<\/p>\t\t\t\t\t\t\t\t<\/div>\n\t\t\t\t<\/div>\n\t\t\t\t<div class=\"elementor-element elementor-element-ee2514f elementor-widget elementor-widget-text-editor\" data-id=\"ee2514f\" data-element_type=\"widget\" data-e-type=\"widget\" data-widget_type=\"text-editor.default\">\n\t\t\t\t<div class=\"elementor-widget-container\">\n\t\t\t\t\t\t\t\t\t<h2 tabindex=\"0\">\u00a0<\/h2>\n<h2 class=\"consultants__h2\" tabindex=\"0\">Call:<\/h2>\n<h4 class=\"consultantsContent__h4\" tabindex=\"0\"><span style=\"color: #00b5cc;\">\u260e\u00a0 +371 67 774 010<\/span><\/h4>\t\t\t\t\t\t\t\t<\/div>\n\t\t\t\t<\/div>\n\t\t\t\t<div class=\"elementor-element elementor-element-f8e986b elementor-widget elementor-widget-altum-news-slider\" data-id=\"f8e986b\" data-element_type=\"widget\" data-e-type=\"widget\" data-widget_type=\"altum-news-slider.default\">\n\t\t\t\t<div class=\"elementor-widget-container\">\n\t\t\t\t\t\n                <section class=\"mainNews\">\n                    <div class=\"container\" style=\"width: 100%;\">\n                        <div class=\"mainNews__content mainNews__content-vortal\" style=\"border-top: 1px solid #dfdfdf;\">\n                            <h2 class=\"mainNews__h2\">News<\/h2>\n                            <div class=\"mainNews__wrap\">\n                                <div class=\"mainNews__top\">\n                                    \n                <a href=\"https:\/\/www.altum.lv\/tag\/valstsatbalsts\/\" class=\"mainNewsTop__link\" data-tag=\"#ValstsAtbalsts\" data-id=\"50\">#ValstsAtbalsts<\/a>\n            \n                <a href=\"https:\/\/www.altum.lv\/tag\/altum\/\" class=\"mainNewsTop__link\" data-tag=\"#Altum\" data-id=\"105\">#Altum<\/a>\n            \n                <a href=\"https:\/\/www.altum.lv\/tag\/eiropasregionalasattistibasfonds\/\" class=\"mainNewsTop__link\" data-tag=\"#ESfondi\" data-id=\"142\">#ESfondi<\/a>\n            \n                <a href=\"https:\/\/www.altum.lv\/tag\/atbalsts-iedzivotajiem\/\" class=\"mainNewsTop__link\" data-tag=\"#Iedz\u012bvot\u0101jiem\" data-id=\"193\">#Iedz\u012bvot\u0101jiem<\/a>\n            \n                <a href=\"https:\/\/www.altum.lv\/tag\/atbalstsmajokluiegadei\/\" class=\"mainNewsTop__link\" data-tag=\"#AtbalstsM\u0101jok\u013cuIeg\u0101dei\" data-id=\"195\">#AtbalstsM\u0101jok\u013cuIeg\u0101dei<\/a>\n            \n                                <\/div>\n                                <div class=\"mainNews__bottom\">\n                                    <div class=\"mainNews__elem mainNews__elem-active\" id=\"news-slider-1\">\n                                        <div class=\"mainNewsSwiper\" id=\"mainNewsSwiper1\">\n                                            <div class=\"swiper-wrapper\">\n                                                \n                        <div class=\"swiper-slide mainNewsSwiper__slider\">\n                            <div class=\"mainNewsSwiper__content\">\n                                <p class=\"mainNewsSwiper__date\">22. Dec, 2025<\/p>\n                                <a href=\"https:\/\/www.altum.lv\/en\/altum-working-hours-during-the-holidays\/\" class=\"mainNewsSwiper__link\">\n                                    <div class=\"mainNewsSwiperLink__imgWrap\">\n                                        <img decoding=\"async\" src=\"https:\/\/www.altum.lv\/wp-content\/uploads\/2025\/12\/sludinajums-3-300x251.png\"\n                                            class=\"mainNewsSwiperLink__img\" alt=\"Raksta bilde: ALTUM working hours during the holidays\">\n                                    <\/div>\n                                    <p class=\"mainNewsSwiperLink__text\">\n                                        ALTUM working hours during the holidays\n                                    <\/p>\n                                <\/a>\n                                <p class=\"mainNewsSwiper__info\"><\/p>\n                            <\/div>\n                        <\/div>\n                    \n                        <div class=\"swiper-slide mainNewsSwiper__slider\">\n                            <div class=\"mainNewsSwiper__content\">\n                                <p class=\"mainNewsSwiper__date\">29. Oct, 2025<\/p>\n                                <a href=\"https:\/\/www.altum.lv\/en\/altum-begins-to-lend-for-housing-in-regions\/\" class=\"mainNewsSwiper__link\">\n                                    <div class=\"mainNewsSwiperLink__imgWrap\">\n                                        <img decoding=\"async\" src=\"https:\/\/www.altum.lv\/wp-content\/uploads\/2025\/10\/DSC07911-300x212.jpg\"\n                                            class=\"mainNewsSwiperLink__img\" alt=\"Raksta bilde: ALTUM begins to lend for housing in regions\">\n                                    <\/div>\n                                    <p class=\"mainNewsSwiperLink__text\">\n                                        ALTUM begins to lend for housing in regions\n                                    <\/p>\n                                <\/a>\n                                <p class=\"mainNewsSwiper__info\"><\/p>\n                            <\/div>\n                        <\/div>\n                    \n                        <div class=\"swiper-slide mainNewsSwiper__slider\">\n                            <div class=\"mainNewsSwiper__content\">\n                                <p class=\"mainNewsSwiper__date\">26. May, 2025<\/p>\n                                <a href=\"https:\/\/www.altum.lv\/en\/altum-achieves-its-largest-bond-issuance-to-date\/\" class=\"mainNewsSwiper__link\">\n                                    <div class=\"mainNewsSwiperLink__imgWrap\">\n                                        <img decoding=\"async\" src=\"https:\/\/www.altum.lv\/wp-content\/uploads\/2025\/05\/Obligacijas-70-mil-2-300x251.jpg\"\n                                            class=\"mainNewsSwiperLink__img\" alt=\"Raksta bilde: ALTUM achieves its largest bond issuance to date\">\n                                    <\/div>\n                                    <p class=\"mainNewsSwiperLink__text\">\n                                        ALTUM achieves its largest bond issuance to date\n                                    <\/p>\n                                <\/a>\n                                <p class=\"mainNewsSwiper__info\"><\/p>\n                            <\/div>\n                        <\/div>\n                    \n                        <div class=\"swiper-slide mainNewsSwiper__slider\">\n                            <div class=\"mainNewsSwiper__content\">\n                                <p class=\"mainNewsSwiper__date\">16. May, 2022<\/p>\n                                <a href=\"https:\/\/www.altum.lv\/en\/fund-zgi-4-and-altum-invest-in-innovative-agriculture-technology-start-up-eagronom\/\" class=\"mainNewsSwiper__link\">\n                                    <div class=\"mainNewsSwiperLink__imgWrap\">\n                                        <img decoding=\"async\" src=\"https:\/\/www.altum.lv\/wp-content\/uploads\/2022\/05\/opening-4125cc11fe39-300x200.png\"\n                                            class=\"mainNewsSwiperLink__img\" alt=\"Raksta bilde: Fund ZGI-4 and ALTUM invest in innovative agriculture technology start-up eAgronom\">\n                                    <\/div>\n                                    <p class=\"mainNewsSwiperLink__text\">\n                                        Fund ZGI-4 and ALTUM invest in innovative agriculture technology start-up eAgronom\n                                    <\/p>\n                                <\/a>\n                                <p class=\"mainNewsSwiper__info\"><\/p>\n                            <\/div>\n                        <\/div>\n                    \n\n                                                <\/div>\n                                            <\/div>\n                                            <div class=\"mainNewsSwiperBtn mainNewsSwiper-next\"><span\n                                                    class=\"mainNewsSwiperBtn__span\"><\/span><\/div>\n                                            <div class=\"mainNewsSwiperBtn mainNewsSwiper-prev\"><span\n                                                    class=\"mainNewsSwiperBtn__span\"><\/span><\/div>\n                                        <\/div>\n                                    <\/div>\n                                <\/div>\n                            <\/div>\n                        <\/div>\n                    <\/div>\n                <\/section>\n            \t\t\t\t<\/div>\n\t\t\t\t<\/div>\n\t\t\t\t\t<\/div>\n\t\t<\/div>\n\t\t\t\t\t<\/div>\n\t\t<\/section>\n\t\t\t\t<\/div>\n\t\t","protected":false},"excerpt":{"rendered":"<p>Altum&#8211; Loan for purchasing housing in regions \u00a0 Loan for purchasing housing in the regions except for the following regions:\u00a0R\u012bga, M\u0101rupe, Olaine, J\u016brmala, \u0136ekava, Salaspils, Ropa\u017ei and \u0100da\u017ei loan of [&hellip;]<\/p>\n","protected":false},"author":1,"featured_media":0,"parent":10871,"menu_order":0,"comment_status":"closed","ping_status":"closed","template":"","meta":{"_acf_changed":false,"inline_featured_image":false,"footnotes":""},"class_list":["post-62509","page","type-page","status-publish","hentry"],"acf":[],"yoast_head":"<!-- This site is optimized with the Yoast SEO plugin v22.3 - https:\/\/yoast.com\/wordpress\/plugins\/seo\/ -->\n<title>Loan for purchasing housing in regions - Altum<\/title>\n<meta name=\"robots\" content=\"index, follow, max-snippet:-1, max-image-preview:large, max-video-preview:-1\" \/>\n<link rel=\"canonical\" href=\"https:\/\/www.altum.lv\/en\/services\/individuals\/loan-for-purchasing-housing-in-regions\/\" \/>\n<meta property=\"og:locale\" content=\"en_US\" \/>\n<meta property=\"og:type\" content=\"article\" \/>\n<meta property=\"og:title\" content=\"Loan for purchasing housing in regions - Altum\" \/>\n<meta property=\"og:description\" content=\"Altum&#8211; Loan for purchasing housing in regions \u00a0 Loan for purchasing housing in the regions except for the following regions:\u00a0R\u012bga, M\u0101rupe, Olaine, J\u016brmala, \u0136ekava, Salaspils, Ropa\u017ei and \u0100da\u017ei loan of [&hellip;]\" \/>\n<meta property=\"og:url\" content=\"https:\/\/www.altum.lv\/en\/services\/individuals\/loan-for-purchasing-housing-in-regions\/\" \/>\n<meta property=\"og:site_name\" content=\"Altum\" \/>\n<meta property=\"article:publisher\" content=\"https:\/\/www.facebook.com\/AltumLV\" \/>\n<meta property=\"article:modified_time\" content=\"2025-12-29T09:48:53+00:00\" \/>\n<meta property=\"og:image\" content=\"https:\/\/www.altum.lv\/wp-content\/uploads\/2025\/06\/nauda.png\" \/>\n<meta name=\"twitter:card\" content=\"summary_large_image\" \/>\n<meta name=\"twitter:site\" content=\"@altumlv\" \/>\n<meta name=\"twitter:label1\" content=\"Est. reading time\" \/>\n\t<meta name=\"twitter:data1\" content=\"3 minutes\" \/>\n<script type=\"application\/ld+json\" class=\"yoast-schema-graph\">{\"@context\":\"https:\/\/schema.org\",\"@graph\":[{\"@type\":\"WebPage\",\"@id\":\"https:\/\/www.altum.lv\/en\/services\/individuals\/loan-for-purchasing-housing-in-regions\/\",\"url\":\"https:\/\/www.altum.lv\/en\/services\/individuals\/loan-for-purchasing-housing-in-regions\/\",\"name\":\"Loan for purchasing housing in regions - Altum\",\"isPartOf\":{\"@id\":\"https:\/\/www.altum.lv\/en\/#website\"},\"primaryImageOfPage\":{\"@id\":\"https:\/\/www.altum.lv\/en\/services\/individuals\/loan-for-purchasing-housing-in-regions\/#primaryimage\"},\"image\":{\"@id\":\"https:\/\/www.altum.lv\/en\/services\/individuals\/loan-for-purchasing-housing-in-regions\/#primaryimage\"},\"thumbnailUrl\":\"https:\/\/www.altum.lv\/wp-content\/uploads\/2025\/06\/nauda.png\",\"datePublished\":\"2025-10-24T10:03:12+00:00\",\"dateModified\":\"2025-12-29T09:48:53+00:00\",\"breadcrumb\":{\"@id\":\"https:\/\/www.altum.lv\/en\/services\/individuals\/loan-for-purchasing-housing-in-regions\/#breadcrumb\"},\"inLanguage\":\"en-US\",\"potentialAction\":[{\"@type\":\"ReadAction\",\"target\":[\"https:\/\/www.altum.lv\/en\/services\/individuals\/loan-for-purchasing-housing-in-regions\/\"]}]},{\"@type\":\"ImageObject\",\"inLanguage\":\"en-US\",\"@id\":\"https:\/\/www.altum.lv\/en\/services\/individuals\/loan-for-purchasing-housing-in-regions\/#primaryimage\",\"url\":\"https:\/\/www.altum.lv\/wp-content\/uploads\/2025\/06\/nauda.png\",\"contentUrl\":\"https:\/\/www.altum.lv\/wp-content\/uploads\/2025\/06\/nauda.png\",\"width\":60,\"height\":60,\"caption\":\"summa\"},{\"@type\":\"BreadcrumbList\",\"@id\":\"https:\/\/www.altum.lv\/en\/services\/individuals\/loan-for-purchasing-housing-in-regions\/#breadcrumb\",\"itemListElement\":[{\"@type\":\"ListItem\",\"position\":1,\"name\":\"S\u0101kums\",\"item\":\"https:\/\/www.altum.lv\/en\/\"},{\"@type\":\"ListItem\",\"position\":2,\"name\":\"Services\",\"item\":\"https:\/\/www.altum.lv\/en\/services\/\"},{\"@type\":\"ListItem\",\"position\":3,\"name\":\"Individuals\",\"item\":\"https:\/\/www.altum.lv\/en\/services\/individuals\/\"},{\"@type\":\"ListItem\",\"position\":4,\"name\":\"Loan for purchasing housing in regions\"}]},{\"@type\":\"WebSite\",\"@id\":\"https:\/\/www.altum.lv\/en\/#website\",\"url\":\"https:\/\/www.altum.lv\/en\/\",\"name\":\"Altum\",\"description\":\"Finan\u0161u instit\u016bcija ALTUM\",\"potentialAction\":[{\"@type\":\"SearchAction\",\"target\":{\"@type\":\"EntryPoint\",\"urlTemplate\":\"https:\/\/www.altum.lv\/en\/?s={search_term_string}\"},\"query-input\":\"required name=search_term_string\"}],\"inLanguage\":\"en-US\"}]}<\/script>\n<!-- \/ Yoast SEO plugin. -->","yoast_head_json":{"title":"Loan for purchasing housing in regions - Altum","robots":{"index":"index","follow":"follow","max-snippet":"max-snippet:-1","max-image-preview":"max-image-preview:large","max-video-preview":"max-video-preview:-1"},"canonical":"https:\/\/www.altum.lv\/en\/services\/individuals\/loan-for-purchasing-housing-in-regions\/","og_locale":"en_US","og_type":"article","og_title":"Loan for purchasing housing in regions - Altum","og_description":"Altum&#8211; Loan for purchasing housing in regions \u00a0 Loan for purchasing housing in the regions except for the following regions:\u00a0R\u012bga, M\u0101rupe, Olaine, J\u016brmala, \u0136ekava, Salaspils, Ropa\u017ei and \u0100da\u017ei loan of [&hellip;]","og_url":"https:\/\/www.altum.lv\/en\/services\/individuals\/loan-for-purchasing-housing-in-regions\/","og_site_name":"Altum","article_publisher":"https:\/\/www.facebook.com\/AltumLV","article_modified_time":"2025-12-29T09:48:53+00:00","og_image":[{"url":"https:\/\/www.altum.lv\/wp-content\/uploads\/2025\/06\/nauda.png"}],"twitter_card":"summary_large_image","twitter_site":"@altumlv","twitter_misc":{"Est. reading time":"3 minutes"},"schema":{"@context":"https:\/\/schema.org","@graph":[{"@type":"WebPage","@id":"https:\/\/www.altum.lv\/en\/services\/individuals\/loan-for-purchasing-housing-in-regions\/","url":"https:\/\/www.altum.lv\/en\/services\/individuals\/loan-for-purchasing-housing-in-regions\/","name":"Loan for purchasing housing in regions - Altum","isPartOf":{"@id":"https:\/\/www.altum.lv\/en\/#website"},"primaryImageOfPage":{"@id":"https:\/\/www.altum.lv\/en\/services\/individuals\/loan-for-purchasing-housing-in-regions\/#primaryimage"},"image":{"@id":"https:\/\/www.altum.lv\/en\/services\/individuals\/loan-for-purchasing-housing-in-regions\/#primaryimage"},"thumbnailUrl":"https:\/\/www.altum.lv\/wp-content\/uploads\/2025\/06\/nauda.png","datePublished":"2025-10-24T10:03:12+00:00","dateModified":"2025-12-29T09:48:53+00:00","breadcrumb":{"@id":"https:\/\/www.altum.lv\/en\/services\/individuals\/loan-for-purchasing-housing-in-regions\/#breadcrumb"},"inLanguage":"en-US","potentialAction":[{"@type":"ReadAction","target":["https:\/\/www.altum.lv\/en\/services\/individuals\/loan-for-purchasing-housing-in-regions\/"]}]},{"@type":"ImageObject","inLanguage":"en-US","@id":"https:\/\/www.altum.lv\/en\/services\/individuals\/loan-for-purchasing-housing-in-regions\/#primaryimage","url":"https:\/\/www.altum.lv\/wp-content\/uploads\/2025\/06\/nauda.png","contentUrl":"https:\/\/www.altum.lv\/wp-content\/uploads\/2025\/06\/nauda.png","width":60,"height":60,"caption":"summa"},{"@type":"BreadcrumbList","@id":"https:\/\/www.altum.lv\/en\/services\/individuals\/loan-for-purchasing-housing-in-regions\/#breadcrumb","itemListElement":[{"@type":"ListItem","position":1,"name":"S\u0101kums","item":"https:\/\/www.altum.lv\/en\/"},{"@type":"ListItem","position":2,"name":"Services","item":"https:\/\/www.altum.lv\/en\/services\/"},{"@type":"ListItem","position":3,"name":"Individuals","item":"https:\/\/www.altum.lv\/en\/services\/individuals\/"},{"@type":"ListItem","position":4,"name":"Loan for purchasing housing in regions"}]},{"@type":"WebSite","@id":"https:\/\/www.altum.lv\/en\/#website","url":"https:\/\/www.altum.lv\/en\/","name":"Altum","description":"Finan\u0161u instit\u016bcija ALTUM","potentialAction":[{"@type":"SearchAction","target":{"@type":"EntryPoint","urlTemplate":"https:\/\/www.altum.lv\/en\/?s={search_term_string}"},"query-input":"required name=search_term_string"}],"inLanguage":"en-US"}]}},"_links":{"self":[{"href":"https:\/\/www.altum.lv\/en\/wp-json\/wp\/v2\/pages\/62509"}],"collection":[{"href":"https:\/\/www.altum.lv\/en\/wp-json\/wp\/v2\/pages"}],"about":[{"href":"https:\/\/www.altum.lv\/en\/wp-json\/wp\/v2\/types\/page"}],"author":[{"embeddable":true,"href":"https:\/\/www.altum.lv\/en\/wp-json\/wp\/v2\/users\/1"}],"replies":[{"embeddable":true,"href":"https:\/\/www.altum.lv\/en\/wp-json\/wp\/v2\/comments?post=62509"}],"version-history":[{"count":14,"href":"https:\/\/www.altum.lv\/en\/wp-json\/wp\/v2\/pages\/62509\/revisions"}],"predecessor-version":[{"id":62524,"href":"https:\/\/www.altum.lv\/en\/wp-json\/wp\/v2\/pages\/62509\/revisions\/62524"}],"up":[{"embeddable":true,"href":"https:\/\/www.altum.lv\/en\/wp-json\/wp\/v2\/pages\/10871"}],"wp:attachment":[{"href":"https:\/\/www.altum.lv\/en\/wp-json\/wp\/v2\/media?parent=62509"}],"curies":[{"name":"wp","href":"https:\/\/api.w.org\/{rel}","templated":true}]}}